{"id":1418,"date":"2026-04-13T10:17:00","date_gmt":"2026-04-13T10:17:00","guid":{"rendered":"https:\/\/www.southvillabath.com\/?post_type=product&#038;p=1418"},"modified":"2026-04-22T06:40:00","modified_gmt":"2026-04-22T06:40:00","slug":"wholesale-one-piece-egg-shaped-siphonic-toilet","status":"publish","type":"product","link":"https:\/\/www.southvillabath.com\/pt\/product\/wholesale-one-piece-egg-shaped-siphonic-toilet\/","title":{"rendered":"Sanita sif\u00f3nica de uma s\u00f3 pe\u00e7a em forma de ovo SH-813 - Estilo de sanita mais vendido em forma de ovo"},"content":{"rendered":"<div class=\"wp-block-columns is-layout-flex wp-container-core-columns-is-layout-9d6595d7 wp-block-columns-is-layout-flex\">\n<div class=\"wp-block-column is-layout-flow wp-block-column-is-layout-flow\">\n<h3 class=\"wp-block-heading\">Carater\u00edsticas da sanita de uma s\u00f3 pe\u00e7a<\/h3>\n\n\n\n<ul class=\"wp-block-list\">\n<li><strong>Est\u00e9tica contempor\u00e2nea: <\/strong>O perfil distintivo em forma de ovo oferece um aspeto \u00fanico e futurista que se destaca num mercado concorrido.<\/li>\n\n\n\n<li><strong>Paleta de cores diversificada para personaliza\u00e7\u00e3o do mercado:<\/strong>Para al\u00e9m do branco padr\u00e3o, tamb\u00e9m oferecemos uma gama de cores modernas, incluindo preto, cinzento, verde e azul. Esta variedade permite aos fornecedores oferecer solu\u00e7\u00f5es personalizadas para temas espec\u00edficos de decora\u00e7\u00e3o de interiores.<\/li>\n\n\n\n<li><strong>Cer\u00e2mica de qualidade superior Durabilidade e acabamento:  <\/strong>Fabricado com mat\u00e9rias-primas de alta qualidade, cada unidade possui um esmalte espesso e autolimpante. Isto garante uma superf\u00edcie duradoura e resistente a riscos, que mant\u00e9m o seu brilho mesmo em condi\u00e7\u00f5es de utiliza\u00e7\u00e3o comercial com muito tr\u00e1fego, reduzindo os custos de manuten\u00e7\u00e3o para os utilizadores finais.<\/li>\n\n\n\n<li><strong>Optimizado para aquisi\u00e7\u00f5es B2B em massa: <\/strong>Fornecemos uma log\u00edstica optimizada e solu\u00e7\u00f5es de embalagem robustas concebidas para a expedi\u00e7\u00e3o internacional. As nossas instala\u00e7\u00f5es est\u00e3o equipadas para lidar com grandes encomendas a granel com um controlo de qualidade consistente.<\/li>\n<\/ul>\n<\/div>\n\n\n\n<div class=\"wp-block-column is-layout-flow wp-block-column-is-layout-flow\">\n<figure class=\"wp-block-image size-full\"><img decoding=\"async\" width=\"1127\" height=\"1392\" src=\"https:\/\/www.southvillabath.com\/wp-content\/uploads\/2026\/04\/Whosale-One-Piece-Toilet-SH-813-2.jpg\" alt=\"\" class=\"wp-image-1420\" srcset=\"https:\/\/www.southvillabath.com\/wp-content\/uploads\/2026\/04\/Whosale-One-Piece-Toilet-SH-813-2.jpg 1127w, https:\/\/www.southvillabath.com\/wp-content\/uploads\/2026\/04\/Whosale-One-Piece-Toilet-SH-813-2-243x300.jpg 243w, https:\/\/www.southvillabath.com\/wp-content\/uploads\/2026\/04\/Whosale-One-Piece-Toilet-SH-813-2-768x949.jpg 768w, https:\/\/www.southvillabath.com\/wp-content\/uploads\/2026\/04\/Whosale-One-Piece-Toilet-SH-813-2-10x12.jpg 10w, https:\/\/www.southvillabath.com\/wp-content\/uploads\/2026\/04\/Whosale-One-Piece-Toilet-SH-813-2-600x741.jpg 600w\" sizes=\"(max-width: 1127px) 100vw, 1127px\" \/><\/figure>\n<\/div>\n<\/div>","protected":false},"excerpt":{"rendered":"<p data-pm-slice=\"0 0 []\">A sanita sif\u00f3nica de uma pe\u00e7a em forma de ovo SH-813 representa uma combina\u00e7\u00e3o perfeita de design moderno e desempenho fi\u00e1vel. A sua silhueta suave e arredondada confere um aspeto premium e minimalista \u00e0s casas de banho contempor\u00e2neas, tornando-a uma escolha de topo para projectos residenciais e hoteleiros de topo. Com fornecimento direto da f\u00e1brica e apoio OEM\/ODM, ajudamos os parceiros a responder rapidamente \u00e0s tend\u00eancias do mercado e a criar linhas de produtos rent\u00e1veis. Contacte-nos agora\uff01<\/p>\n<h2><strong><b>Sanita de uma s\u00f3 pe\u00e7a <\/b><\/strong><strong><b>Especifica\u00e7\u00e3o<\/b><\/strong><\/h2>\n<table>\n<tbody>\n<tr>\n<td><strong><b>Especifica\u00e7\u00e3o<\/b><\/strong><\/td>\n<td><strong><b>Detalhes<\/b><\/strong><\/td>\n<\/tr>\n<tr>\n<td>Modelo<\/td>\n<td>SH-813<\/td>\n<\/tr>\n<tr>\n<td>Tipo de sanita<\/td>\n<td>Sanita de uma s\u00f3 pe\u00e7a<\/td>\n<\/tr>\n<tr>\n<td>Tamanho<\/td>\n<td>680 mm x 450 mm x 648 mm<\/td>\n<\/tr>\n<tr>\n<td>Sistema de descarga<\/td>\n<td>\n<p>Jato sif\u00f3nico<\/p>\n<\/td>\n<\/tr>\n<tr>\n<td>Carater\u00edstica do assento<\/td>\n<td>Assento com fecho suave<\/td>\n<\/tr>\n<tr>\n<td>Servi\u00e7o OEM e ODM<\/td>\n<td>Log\u00f3tipo, cores, embalagem, forma do produto e carater\u00edsticas personalizadas dispon\u00edveis<\/td>\n<\/tr>\n<tr>\n<td>Tipo de drenagem<\/td>\n<td>\u00a0S-trap: 300\/400mm<\/td>\n<\/tr>\n<tr>\n<td>MOQ<\/td>\n<td>50 unidades, flex\u00edvel para discuss\u00e3o posterior<\/td>\n<\/tr>\n<\/tbody>\n<\/table>\n<p>&nbsp;<\/p><\/p>","protected":false},"featured_media":1419,"comment_status":"closed","ping_status":"closed","template":"","meta":{"_acf_changed":false},"product_brand":[],"product_cat":[17,37],"product_tag":[],"class_list":{"0":"post-1418","1":"product","2":"type-product","3":"status-publish","4":"has-post-thumbnail","6":"product_cat-wholesale-one-piece-toilets","7":"product_cat-wholesale-siphonic-one-piece-toilets","9":"first","10":"instock","11":"shipping-taxable","12":"product-type-simple"},"acf":[],"_links":{"self":[{"href":"https:\/\/www.southvillabath.com\/pt\/wp-json\/wp\/v2\/product\/1418","targetHints":{"allow":["GET"]}}],"collection":[{"href":"https:\/\/www.southvillabath.com\/pt\/wp-json\/wp\/v2\/product"}],"about":[{"href":"https:\/\/www.southvillabath.com\/pt\/wp-json\/wp\/v2\/types\/product"}],"replies":[{"embeddable":true,"href":"https:\/\/www.southvillabath.com\/pt\/wp-json\/wp\/v2\/comments?post=1418"}],"wp:featuredmedia":[{"embeddable":true,"href":"https:\/\/www.southvillabath.com\/pt\/wp-json\/wp\/v2\/media\/1419"}],"wp:attachment":[{"href":"https:\/\/www.southvillabath.com\/pt\/wp-json\/wp\/v2\/media?parent=1418"}],"wp:term":[{"taxonomy":"product_brand","embeddable":true,"href":"https:\/\/www.southvillabath.com\/pt\/wp-json\/wp\/v2\/product_brand?post=1418"},{"taxonomy":"product_cat","embeddable":true,"href":"https:\/\/www.southvillabath.com\/pt\/wp-json\/wp\/v2\/product_cat?post=1418"},{"taxonomy":"product_tag","embeddable":true,"href":"https:\/\/www.southvillabath.com\/pt\/wp-json\/wp\/v2\/product_tag?post=1418"}],"curies":[{"name":"wp","href":"https:\/\/api.w.org\/{rel}","templated":true}]}}