{"id":1413,"date":"2026-04-13T10:18:06","date_gmt":"2026-04-13T10:18:06","guid":{"rendered":"https:\/\/www.southvillabath.com\/?post_type=product&#038;p=1413"},"modified":"2026-04-22T06:39:39","modified_gmt":"2026-04-22T06:39:39","slug":"wholesale-egg-shaped-one-piece-siphonic-toilet","status":"publish","type":"product","link":"https:\/\/www.southvillabath.com\/pt\/product\/wholesale-egg-shaped-one-piece-siphonic-toilet\/","title":{"rendered":"Retalho de sanita sif\u00f3nica moderna de uma pe\u00e7a SH-808 com design inovador em forma de ovo"},"content":{"rendered":"<div class=\"wp-block-columns is-layout-flex wp-container-core-columns-is-layout-9d6595d7 wp-block-columns-is-layout-flex\">\n<div class=\"wp-block-column is-layout-flow wp-block-column-is-layout-flow\">\n<h3 class=\"wp-block-heading\">Carater\u00edsticas da sanita de uma s\u00f3 pe\u00e7a<\/h3>\n\n\n\n<ul class=\"wp-block-list\">\n<li><strong>Design inovador em forma de ovo:<\/strong> A forma arredondada \u00fanica real\u00e7a a est\u00e9tica moderna da casa de banho, ajudando os retalhistas e os promotores a oferecer produtos de destaque em mercados competitivos.<\/li>\n\n\n\n<li><strong>Sistema de lavagem sif\u00f3nico: <\/strong>Concebida para uma remo\u00e7\u00e3o eficiente de res\u00edduos e um funcionamento suave, adequada para ambientes de utiliza\u00e7\u00e3o frequente.<\/li>\n\n\n\n<li><strong>V\u00e1rias op\u00e7\u00f5es de acabamento dispon\u00edveis: <\/strong>Suporta diversas necessidades do mercado com acabamentos personaliz\u00e1veis, permitindo \u00e0s marcas alinharem-se com diferentes estilos de interiores e prefer\u00eancias dos clientes.<\/li>\n\n\n\n<li><strong>Vantagem do fornecimento direto da f\u00e1brica:<\/strong> Enquanto f\u00e1brica profissional de artigos de higiene pessoal, a nossa capacidade de produ\u00e7\u00e3o fi\u00e1vel e um controlo de qualidade rigoroso garantem um fornecimento consistente para encomendas a granel e parcerias a longo prazo.<\/li>\n<\/ul>\n<\/div>\n\n\n\n<div class=\"wp-block-column is-layout-flow wp-block-column-is-layout-flow\">\n<figure class=\"wp-block-image size-full\"><img decoding=\"async\" width=\"1127\" height=\"1392\" src=\"https:\/\/www.southvillabath.com\/wp-content\/uploads\/2026\/04\/Whosale-One-Piece-Toilet-SH-808-2.jpg\" alt=\"\" class=\"wp-image-1415\" srcset=\"https:\/\/www.southvillabath.com\/wp-content\/uploads\/2026\/04\/Whosale-One-Piece-Toilet-SH-808-2.jpg 1127w, https:\/\/www.southvillabath.com\/wp-content\/uploads\/2026\/04\/Whosale-One-Piece-Toilet-SH-808-2-243x300.jpg 243w, https:\/\/www.southvillabath.com\/wp-content\/uploads\/2026\/04\/Whosale-One-Piece-Toilet-SH-808-2-768x949.jpg 768w, https:\/\/www.southvillabath.com\/wp-content\/uploads\/2026\/04\/Whosale-One-Piece-Toilet-SH-808-2-10x12.jpg 10w, https:\/\/www.southvillabath.com\/wp-content\/uploads\/2026\/04\/Whosale-One-Piece-Toilet-SH-808-2-600x741.jpg 600w\" sizes=\"(max-width: 1127px) 100vw, 1127px\" \/><\/figure>\n<\/div>\n<\/div>\n\n\n\n<p><\/p>","protected":false},"excerpt":{"rendered":"<p>A sanita sif\u00f3nica SH-808 apresenta uma silhueta inovadora em forma de ovo, destacando-se pelas suas curvas elegantes e est\u00e9tica moderna, tornando-a ideal para projectos residenciais, hot\u00e9is e empreendimentos comerciais.<\/p>\n<p>Como fabricante profissional, oferecemos este modelo com v\u00e1rias op\u00e7\u00f5es de acabamento, permitindo aos clientes adaptar o produto a diferentes prefer\u00eancias de mercado e requisitos de marca, quer se trate de projectos de interiores de luxo ou de espa\u00e7os modernos e minimalistas.<\/p>\n<h2><strong><b>Sanita de uma s\u00f3 pe\u00e7a <\/b><\/strong><strong><b>Especifica\u00e7\u00e3o<\/b><\/strong><\/h2>\n<table>\n<tbody>\n<tr>\n<td><strong><b>Especifica\u00e7\u00e3o<\/b><\/strong><\/td>\n<td><strong><b>Detalhes<\/b><\/strong><\/td>\n<\/tr>\n<tr>\n<td>Modelo<\/td>\n<td>SH-808<\/td>\n<\/tr>\n<tr>\n<td>Tipo de sanita<\/td>\n<td>Sanita de uma s\u00f3 pe\u00e7a<\/td>\n<\/tr>\n<tr>\n<td>Tamanho<\/td>\n<td>665 mm x 465 mm x 555 mm<\/td>\n<\/tr>\n<tr>\n<td>Sistema de descarga<\/td>\n<td>\n<p>Jato sif\u00f3nico<\/p>\n<\/td>\n<\/tr>\n<tr>\n<td>Carater\u00edstica do assento<\/td>\n<td>Assento com fecho suave<\/td>\n<\/tr>\n<tr>\n<td>Servi\u00e7o OEM e ODM<\/td>\n<td>Log\u00f3tipo, cores, embalagem, forma do produto e carater\u00edsticas personalizadas dispon\u00edveis<\/td>\n<\/tr>\n<tr>\n<td>Tipo de drenagem<\/td>\n<td>\u00a0S-trap: 300\/400mm<\/td>\n<\/tr>\n<tr>\n<td>MOQ<\/td>\n<td>50 unidades, flex\u00edvel para discuss\u00e3o posterior<\/td>\n<\/tr>\n<\/tbody>\n<\/table>\n<p>&nbsp;<\/p>\n<p>\n<script src=\"chrome-extension:\/\/fpelahbljekknahkcaegamhcndkfpfnc\/iFrame.js\" type=\"text\/javascript\"><\/script><\/p>","protected":false},"featured_media":1414,"comment_status":"closed","ping_status":"closed","template":"","meta":{"_acf_changed":false},"product_brand":[],"product_cat":[17,37],"product_tag":[],"class_list":{"0":"post-1413","1":"product","2":"type-product","3":"status-publish","4":"has-post-thumbnail","6":"product_cat-wholesale-one-piece-toilets","7":"product_cat-wholesale-siphonic-one-piece-toilets","9":"first","10":"instock","11":"shipping-taxable","12":"product-type-simple"},"acf":[],"_links":{"self":[{"href":"https:\/\/www.southvillabath.com\/pt\/wp-json\/wp\/v2\/product\/1413","targetHints":{"allow":["GET"]}}],"collection":[{"href":"https:\/\/www.southvillabath.com\/pt\/wp-json\/wp\/v2\/product"}],"about":[{"href":"https:\/\/www.southvillabath.com\/pt\/wp-json\/wp\/v2\/types\/product"}],"replies":[{"embeddable":true,"href":"https:\/\/www.southvillabath.com\/pt\/wp-json\/wp\/v2\/comments?post=1413"}],"wp:featuredmedia":[{"embeddable":true,"href":"https:\/\/www.southvillabath.com\/pt\/wp-json\/wp\/v2\/media\/1414"}],"wp:attachment":[{"href":"https:\/\/www.southvillabath.com\/pt\/wp-json\/wp\/v2\/media?parent=1413"}],"wp:term":[{"taxonomy":"product_brand","embeddable":true,"href":"https:\/\/www.southvillabath.com\/pt\/wp-json\/wp\/v2\/product_brand?post=1413"},{"taxonomy":"product_cat","embeddable":true,"href":"https:\/\/www.southvillabath.com\/pt\/wp-json\/wp\/v2\/product_cat?post=1413"},{"taxonomy":"product_tag","embeddable":true,"href":"https:\/\/www.southvillabath.com\/pt\/wp-json\/wp\/v2\/product_tag?post=1413"}],"curies":[{"name":"wp","href":"https:\/\/api.w.org\/{rel}","templated":true}]}}