{"id":1408,"date":"2026-04-13T10:19:10","date_gmt":"2026-04-13T10:19:10","guid":{"rendered":"https:\/\/www.southvillabath.com\/?post_type=product&#038;p=1408"},"modified":"2026-04-22T06:39:14","modified_gmt":"2026-04-22T06:39:14","slug":"wholesale-modern-one-piece-siphonic-toilet-manufacturer","status":"publish","type":"product","link":"https:\/\/www.southvillabath.com\/pt\/product\/wholesale-modern-one-piece-siphonic-toilet-manufacturer\/","title":{"rendered":"Fabricante de sanita sif\u00f3nica moderna de uma pe\u00e7a por atacado - SH-806 Fornecimento direto da f\u00e1brica"},"content":{"rendered":"<div class=\"wp-block-columns is-layout-flex wp-container-core-columns-is-layout-9d6595d7 wp-block-columns-is-layout-flex\">\n<div class=\"wp-block-column is-layout-flow wp-block-column-is-layout-flow\">\n<h3 class=\"wp-block-heading\">Carater\u00edsticas da sanita de uma s\u00f3 pe\u00e7a<\/h3>\n\n\n\n<ul class=\"wp-block-list\">\n<li><strong>Descarga de jato sif\u00f3nico avan\u00e7ado:<\/strong> Concebido para um elevado desempenho, o sistema de jato sif\u00f3nico assegura uma descarga potente e silenciosa que elimina eficazmente os res\u00edduos, mantendo os padr\u00f5es de conserva\u00e7\u00e3o da \u00e1gua exigidos pelos mercados internacionais.<\/li>\n\n\n\n<li><strong>Vidros autolimpantes e antibacterianos:<\/strong> A superf\u00edcie de cer\u00e2mica \u00e9 acabada com um esmalte autolimpante de primeira qualidade, enquanto o al\u00e7ap\u00e3o interno \u00e9 totalmente envidra\u00e7ado com prote\u00e7\u00e3o antibacteriana para evitar entupimentos e manter a higiene ao longo dos anos de utiliza\u00e7\u00e3o.<\/li>\n\n\n\n<li><strong>Suporte \u00e0 personaliza\u00e7\u00e3o OEM e ODM: <\/strong>Op\u00e7\u00f5es flex\u00edveis de personaliza\u00e7\u00e3o, incluindo modifica\u00e7\u00f5es de marca, embalagem e design, para ajudar os clientes a criar linhas de produtos diferenciadas.<\/li>\n\n\n\n<li><strong>Fornecimento direto da f\u00e1brica a granel: <\/strong>Enquanto f\u00e1brica profissional de produtos de higiene pessoal, fornecemos apoio especializado aos compradores B2B, garantindo uma capacidade de produ\u00e7\u00e3o est\u00e1vel, pre\u00e7os competitivos e uma entrega fi\u00e1vel das encomendas por grosso.<\/li>\n<\/ul>\n<\/div>\n\n\n\n<div class=\"wp-block-column is-layout-flow wp-block-column-is-layout-flow\">\n<figure class=\"wp-block-image size-full\"><img decoding=\"async\" width=\"1127\" height=\"1392\" src=\"https:\/\/www.southvillabath.com\/wp-content\/uploads\/2026\/04\/Whosale-One-Piece-Toilet-SH-806-2.jpg\" alt=\"\" class=\"wp-image-1411\" srcset=\"https:\/\/www.southvillabath.com\/wp-content\/uploads\/2026\/04\/Whosale-One-Piece-Toilet-SH-806-2.jpg 1127w, https:\/\/www.southvillabath.com\/wp-content\/uploads\/2026\/04\/Whosale-One-Piece-Toilet-SH-806-2-243x300.jpg 243w, https:\/\/www.southvillabath.com\/wp-content\/uploads\/2026\/04\/Whosale-One-Piece-Toilet-SH-806-2-768x949.jpg 768w, https:\/\/www.southvillabath.com\/wp-content\/uploads\/2026\/04\/Whosale-One-Piece-Toilet-SH-806-2-10x12.jpg 10w, https:\/\/www.southvillabath.com\/wp-content\/uploads\/2026\/04\/Whosale-One-Piece-Toilet-SH-806-2-600x741.jpg 600w\" sizes=\"(max-width: 1127px) 100vw, 1127px\" \/><\/figure>\n<\/div>\n<\/div>","protected":false},"excerpt":{"rendered":"<p>A sanita sif\u00f3nica de uma s\u00f3 pe\u00e7a SH-806 apresenta um design elegante de uma s\u00f3 pe\u00e7a combinado com um sistema de descarga por sif\u00e3o altamente eficiente, oferecendo um apelo est\u00e9tico e uma funcionalidade fi\u00e1vel. Atrav\u00e9s do nosso modelo de fornecimento direto da f\u00e1brica, os clientes B2B podem desfrutar de capacidades de produ\u00e7\u00e3o em massa est\u00e1veis, processos de controlo de qualidade rigorosos e obter produtos mais competitivos.<\/p>\n<h2><strong><b>Sanita de uma s\u00f3 pe\u00e7a <\/b><\/strong><strong><b>Especifica\u00e7\u00e3o<\/b><\/strong><\/h2>\n<table>\n<tbody>\n<tr>\n<td><strong><b>Especifica\u00e7\u00e3o<\/b><\/strong><\/td>\n<td><strong><b>Detalhes<\/b><\/strong><\/td>\n<\/tr>\n<tr>\n<td>Modelo<\/td>\n<td>SH-806<\/td>\n<\/tr>\n<tr>\n<td>Tipo de sanita<\/td>\n<td>Sanita de uma s\u00f3 pe\u00e7a<\/td>\n<\/tr>\n<tr>\n<td>Tamanho<\/td>\n<td>670 mm x 370 mm x 670 mm<\/td>\n<\/tr>\n<tr>\n<td>Sistema de descarga<\/td>\n<td>\n<p>Jato sif\u00f3nico<\/p>\n<\/td>\n<\/tr>\n<tr>\n<td>Carater\u00edstica do assento<\/td>\n<td>Assento com fecho suave<\/td>\n<\/tr>\n<tr>\n<td>Servi\u00e7o OEM e ODM<\/td>\n<td>Log\u00f3tipo, cores, embalagem, forma do produto e carater\u00edsticas personalizadas dispon\u00edveis<\/td>\n<\/tr>\n<tr>\n<td>Tipo de drenagem<\/td>\n<td>\u00a0S-trap: 300\/400mm<\/td>\n<\/tr>\n<tr>\n<td>MOQ<\/td>\n<td>50 unidades, flex\u00edvel para discuss\u00e3o posterior<\/td>\n<\/tr>\n<\/tbody>\n<\/table>\n<p>&nbsp;<\/p><\/p>","protected":false},"featured_media":1533,"comment_status":"closed","ping_status":"closed","template":"","meta":{"_acf_changed":false},"product_brand":[],"product_cat":[17,37],"product_tag":[],"class_list":{"0":"post-1408","1":"product","2":"type-product","3":"status-publish","4":"has-post-thumbnail","6":"product_cat-wholesale-one-piece-toilets","7":"product_cat-wholesale-siphonic-one-piece-toilets","9":"first","10":"instock","11":"shipping-taxable","12":"product-type-simple"},"acf":[],"_links":{"self":[{"href":"https:\/\/www.southvillabath.com\/pt\/wp-json\/wp\/v2\/product\/1408","targetHints":{"allow":["GET"]}}],"collection":[{"href":"https:\/\/www.southvillabath.com\/pt\/wp-json\/wp\/v2\/product"}],"about":[{"href":"https:\/\/www.southvillabath.com\/pt\/wp-json\/wp\/v2\/types\/product"}],"replies":[{"embeddable":true,"href":"https:\/\/www.southvillabath.com\/pt\/wp-json\/wp\/v2\/comments?post=1408"}],"wp:featuredmedia":[{"embeddable":true,"href":"https:\/\/www.southvillabath.com\/pt\/wp-json\/wp\/v2\/media\/1533"}],"wp:attachment":[{"href":"https:\/\/www.southvillabath.com\/pt\/wp-json\/wp\/v2\/media?parent=1408"}],"wp:term":[{"taxonomy":"product_brand","embeddable":true,"href":"https:\/\/www.southvillabath.com\/pt\/wp-json\/wp\/v2\/product_brand?post=1408"},{"taxonomy":"product_cat","embeddable":true,"href":"https:\/\/www.southvillabath.com\/pt\/wp-json\/wp\/v2\/product_cat?post=1408"},{"taxonomy":"product_tag","embeddable":true,"href":"https:\/\/www.southvillabath.com\/pt\/wp-json\/wp\/v2\/product_tag?post=1408"}],"curies":[{"name":"wp","href":"https:\/\/api.w.org\/{rel}","templated":true}]}}