{"id":1403,"date":"2026-04-13T10:20:15","date_gmt":"2026-04-13T10:20:15","guid":{"rendered":"https:\/\/www.southvillabath.com\/?post_type=product&#038;p=1403"},"modified":"2026-04-22T06:38:58","modified_gmt":"2026-04-22T06:38:58","slug":"wholesale-siphonic-egg-shaped-one-piece-toilet","status":"publish","type":"product","link":"https:\/\/www.southvillabath.com\/pt\/product\/wholesale-siphonic-egg-shaped-one-piece-toilet\/","title":{"rendered":"Sanita de uma pe\u00e7a Siphonic por atacado SH-801 - Novo estilo em forma de ovo"},"content":{"rendered":"<div class=\"wp-block-columns is-layout-flex wp-container-core-columns-is-layout-9d6595d7 wp-block-columns-is-layout-flex\">\n<div class=\"wp-block-column is-layout-flow wp-block-column-is-layout-flow\">\n<h3 class=\"wp-block-heading\">Carater\u00edsticas da sanita de uma s\u00f3 pe\u00e7a<\/h3>\n\n\n\n<ul class=\"wp-block-list\">\n<li><strong>Unique Egg-Shaped Design: <\/strong>The smooth, rounded silhouette adds a modern and stylish touch, helping your product line stand out in competitive sanitary ware markets.<\/li>\n\n\n\n<li><strong>Efficient Siphonic Flushing System: <\/strong>Engineered for powerful and quiet flushing performance, ensuring effective waste removal while enhancing user comfort.<\/li>\n\n\n\n<li><strong>Custom Color Options:<\/strong> Beyond standard white, we provide bulk options in matte black, slate grey, and marble-veined glazes, allowing importers to meet specific color-trend demands in the luxury market.<\/li>\n\n\n\n<li><strong>OEM Branding Potential: <\/strong>As a professional toilet manufacturer, we provide comprehensive ODM\/OEM services, allowing you to integrate these high-design forms into your own brand catalog with customized logos and specialized packaging.<\/li>\n<\/ul>\n<\/div>\n\n\n\n<div class=\"wp-block-column is-layout-flow wp-block-column-is-layout-flow\">\n<figure class=\"wp-block-image size-full\"><img decoding=\"async\" width=\"1127\" height=\"1392\" src=\"https:\/\/www.southvillabath.com\/wp-content\/uploads\/2026\/04\/Whosale-One-Piece-Toilet-SH-801-2.jpg\" alt=\"\" class=\"wp-image-1406\" srcset=\"https:\/\/www.southvillabath.com\/wp-content\/uploads\/2026\/04\/Whosale-One-Piece-Toilet-SH-801-2.jpg 1127w, https:\/\/www.southvillabath.com\/wp-content\/uploads\/2026\/04\/Whosale-One-Piece-Toilet-SH-801-2-243x300.jpg 243w, https:\/\/www.southvillabath.com\/wp-content\/uploads\/2026\/04\/Whosale-One-Piece-Toilet-SH-801-2-768x949.jpg 768w, https:\/\/www.southvillabath.com\/wp-content\/uploads\/2026\/04\/Whosale-One-Piece-Toilet-SH-801-2-10x12.jpg 10w, https:\/\/www.southvillabath.com\/wp-content\/uploads\/2026\/04\/Whosale-One-Piece-Toilet-SH-801-2-600x741.jpg 600w\" sizes=\"(max-width: 1127px) 100vw, 1127px\" \/><\/figure>\n<\/div>\n<\/div>","protected":false},"excerpt":{"rendered":"<p>O <strong data-start=\"327\" data-end=\"363\">Sanita Sif\u00f3nica de Uma Pe\u00e7a SH-801<\/strong> destaca-se pelo seu design inovador em forma de ovo, oferecendo uma est\u00e9tica moderna e elegante que satisfaz as exig\u00eancias dos projectos de casas de banho contempor\u00e2neas. Concebido para grossistas, distribuidores e importadores globais, este modelo combina o apelo visual com um desempenho pr\u00e1tico. Contacte-nos para obter um or\u00e7amento de f\u00e1brica.<\/p>\n<h2>Especifica\u00e7\u00e3o da sanita de uma pe\u00e7a<\/h2>\n<table>\n<tbody>\n<tr>\n<td><strong><b>Especifica\u00e7\u00e3o<\/b><\/strong><\/td>\n<td><strong><b>Detalhes<\/b><\/strong><\/td>\n<\/tr>\n<tr>\n<td>Modelo<\/td>\n<td>SH-801<\/td>\n<\/tr>\n<tr>\n<td>Tipo de sanita<\/td>\n<td>Sanita de uma s\u00f3 pe\u00e7a<\/td>\n<\/tr>\n<tr>\n<td>Tamanho<\/td>\n<td>650 mm x 470 mm x 610 mm<\/td>\n<\/tr>\n<tr>\n<td>Sistema de descarga<\/td>\n<td>\n<p>Jato sif\u00f3nico<\/p>\n<\/td>\n<\/tr>\n<tr>\n<td>Carater\u00edstica do assento<\/td>\n<td>Assento com fecho suave<\/td>\n<\/tr>\n<tr>\n<td>Servi\u00e7o OEM e ODM<\/td>\n<td>Log\u00f3tipo, cores, embalagem, forma do produto e carater\u00edsticas personalizadas dispon\u00edveis<\/td>\n<\/tr>\n<tr>\n<td>Tipo de drenagem<\/td>\n<td>P-trap: 180mm \/ S-trap: 300mm<\/td>\n<\/tr>\n<tr>\n<td>MOQ<\/td>\n<td>50 unidades, flex\u00edvel para discuss\u00e3o posterior<\/td>\n<\/tr>\n<\/tbody>\n<\/table>\n<p>&nbsp;<\/p>","protected":false},"featured_media":1536,"comment_status":"closed","ping_status":"closed","template":"","meta":{"_acf_changed":false},"product_brand":[],"product_cat":[17,37],"product_tag":[],"class_list":{"0":"post-1403","1":"product","2":"type-product","3":"status-publish","4":"has-post-thumbnail","6":"product_cat-wholesale-one-piece-toilets","7":"product_cat-wholesale-siphonic-one-piece-toilets","9":"first","10":"instock","11":"shipping-taxable","12":"product-type-simple"},"acf":[],"_links":{"self":[{"href":"https:\/\/www.southvillabath.com\/pt\/wp-json\/wp\/v2\/product\/1403","targetHints":{"allow":["GET"]}}],"collection":[{"href":"https:\/\/www.southvillabath.com\/pt\/wp-json\/wp\/v2\/product"}],"about":[{"href":"https:\/\/www.southvillabath.com\/pt\/wp-json\/wp\/v2\/types\/product"}],"replies":[{"embeddable":true,"href":"https:\/\/www.southvillabath.com\/pt\/wp-json\/wp\/v2\/comments?post=1403"}],"wp:featuredmedia":[{"embeddable":true,"href":"https:\/\/www.southvillabath.com\/pt\/wp-json\/wp\/v2\/media\/1536"}],"wp:attachment":[{"href":"https:\/\/www.southvillabath.com\/pt\/wp-json\/wp\/v2\/media?parent=1403"}],"wp:term":[{"taxonomy":"product_brand","embeddable":true,"href":"https:\/\/www.southvillabath.com\/pt\/wp-json\/wp\/v2\/product_brand?post=1403"},{"taxonomy":"product_cat","embeddable":true,"href":"https:\/\/www.southvillabath.com\/pt\/wp-json\/wp\/v2\/product_cat?post=1403"},{"taxonomy":"product_tag","embeddable":true,"href":"https:\/\/www.southvillabath.com\/pt\/wp-json\/wp\/v2\/product_tag?post=1403"}],"curies":[{"name":"wp","href":"https:\/\/api.w.org\/{rel}","templated":true}]}}