{"id":1392,"date":"2026-04-13T09:45:25","date_gmt":"2026-04-13T09:45:25","guid":{"rendered":"https:\/\/www.southvillabath.com\/?post_type=product&#038;p=1392"},"modified":"2026-04-14T01:54:16","modified_gmt":"2026-04-14T01:54:16","slug":"premium-floor-standing-rimless-toilet-manufacturer","status":"publish","type":"product","link":"https:\/\/www.southvillabath.com\/pt\/product\/premium-floor-standing-rimless-toilet-manufacturer\/","title":{"rendered":"Sanita de ch\u00e3o sem aro de qualidade superior Fabricante - SH-3380 por atacado"},"content":{"rendered":"<div class=\"wp-block-columns is-layout-flex wp-container-core-columns-is-layout-9d6595d7 wp-block-columns-is-layout-flex\">\n<div class=\"wp-block-column is-layout-flow wp-block-column-is-layout-flow\">\n<h3 class=\"wp-block-heading\">Carater\u00edsticas da sanita montada no ch\u00e3o<\/h3>\n\n\n\n<ul class=\"wp-block-list\">\n<li><strong>Design higi\u00e9nico sem aros:<\/strong> A SH-3380 utiliza um sistema avan\u00e7ado de lavagem sem aro. Ao remover o aro interior, o autoclismo cobre toda a bacia de forma mais eficaz, n\u00e3o deixando pontos escondidos para os germes e tornando a manuten\u00e7\u00e3o mais f\u00e1cil para os utilizadores comerciais e residenciais.<\/li>\n\n\n\n<li><strong>Constru\u00e7\u00e3o dur\u00e1vel e de alta qualidade: <\/strong>Fabricado com materiais cer\u00e2micos de primeira qualidade, o SH-3380 foi concebido para suportar uma utiliza\u00e7\u00e3o di\u00e1ria intensa. O acabamento de alto brilho \u00e9 resistente a manchas e riscos, garantindo que o produto mant\u00e9m o seu aspeto profissional durante uma utiliza\u00e7\u00e3o prolongada em hot\u00e9is ou edif\u00edcios de escrit\u00f3rios.<\/li>\n\n\n\n<li><strong>Engenharia de P-Trap padronizada:<\/strong> Equipado com um <strong>Coletor em P de desbaste de 180 mm<\/strong>, A unidade foi concebida para uma integra\u00e7\u00e3o perfeita numa grande variedade de configura\u00e7\u00f5es de canaliza\u00e7\u00e3o. Esta normaliza\u00e7\u00e3o garante uma menor taxa de erros de instala\u00e7\u00e3o e uma maior compatibilidade com os mercados internacionais.<\/li>\n\n\n\n<li><strong>Personaliza\u00e7\u00e3o B2B (OEM\/ODM):<\/strong> Como um dedicado <strong>fornecedor<\/strong>, A nossa empresa oferece solu\u00e7\u00f5es de fabrico flex\u00edveis. Os grossistas e os propriet\u00e1rios de marcas podem tirar partido das nossas capacidades de f\u00e1brica para personalizar a marca, a embalagem e as modifica\u00e7\u00f5es de design espec\u00edficas para ajudar a diferenciar a sua marca num mercado competitivo.<\/li>\n<\/ul>\n<\/div>\n\n\n\n<div class=\"wp-block-column is-layout-flow wp-block-column-is-layout-flow\">\n<figure class=\"wp-block-image size-full\"><img decoding=\"async\" width=\"728\" height=\"924\" src=\"https:\/\/www.southvillabath.com\/wp-content\/uploads\/2026\/04\/Wholesale-Floor-Mounted-Toilet-SH-3380-2.jpg\" alt=\"\" class=\"wp-image-1397\" srcset=\"https:\/\/www.southvillabath.com\/wp-content\/uploads\/2026\/04\/Wholesale-Floor-Mounted-Toilet-SH-3380-2.jpg 728w, https:\/\/www.southvillabath.com\/wp-content\/uploads\/2026\/04\/Wholesale-Floor-Mounted-Toilet-SH-3380-2-236x300.jpg 236w, https:\/\/www.southvillabath.com\/wp-content\/uploads\/2026\/04\/Wholesale-Floor-Mounted-Toilet-SH-3380-2-9x12.jpg 9w, https:\/\/www.southvillabath.com\/wp-content\/uploads\/2026\/04\/Wholesale-Floor-Mounted-Toilet-SH-3380-2-600x762.jpg 600w\" sizes=\"(max-width: 728px) 100vw, 728px\" \/><\/figure>\n<\/div>\n<\/div>","protected":false},"excerpt":{"rendered":"<p data-pm-slice=\"0 0 []\">Eleve o seu invent\u00e1rio de acess\u00f3rios de casa de banho com a sanita SH-3380 de ch\u00e3o e sem rebordos, combinando uma est\u00e9tica limpa e minimalista com a exig\u00eancia dos consumidores actuais de padr\u00f5es de higiene mais elevados. Como fabricante l\u00edder, oferecemos este modelo aos nossos parceiros grossistas globais, ajudando-os a encontrar produtos fi\u00e1veis que combinam um design moderno com facilidade de instala\u00e7\u00e3o.<\/p>\n<h2><strong><b>Sanita de ch\u00e3o <\/b><\/strong><strong><b>Especifica\u00e7\u00e3o<\/b><\/strong><\/h2>\n<table>\n<tbody>\n<tr>\n<td><strong><b>Especifica\u00e7\u00e3o<\/b><\/strong><\/td>\n<td><strong><b>Detalhes<\/b><\/strong><\/td>\n<\/tr>\n<tr>\n<td>Modelo<\/td>\n<td>SH-3380<\/td>\n<\/tr>\n<tr>\n<td>Tipo de sanita<\/td>\n<td>Sanita de ch\u00e3o<\/td>\n<\/tr>\n<tr>\n<td>Volume de descarga<\/td>\n<td>3.0-4.5 L<\/td>\n<\/tr>\n<tr>\n<td>Sistema de descarga<\/td>\n<td>Lavagem<\/td>\n<\/tr>\n<tr>\n<td>Carater\u00edstica do assento<\/td>\n<td>Assento com fecho suave<\/td>\n<\/tr>\n<tr>\n<td>Servi\u00e7o OEM e ODM<\/td>\n<td>Log\u00f3tipo, cores, embalagem, forma do produto e carater\u00edsticas personalizadas dispon\u00edveis<\/td>\n<\/tr>\n<tr>\n<td>Tipo de drenagem<\/td>\n<td>P-trap: 180mm<\/td>\n<\/tr>\n<tr>\n<td>MOQ<\/td>\n<td>50 unidades, flex\u00edvel para discuss\u00e3o posterior<\/td>\n<\/tr>\n<\/tbody>\n<\/table>\n<p>&nbsp;<\/p>\n<p>\n<script src=\"chrome-extension:\/\/fpelahbljekknahkcaegamhcndkfpfnc\/iFrame.js\" type=\"text\/javascript\"><\/script><\/p>","protected":false},"featured_media":1396,"comment_status":"closed","ping_status":"closed","template":"","meta":{"_acf_changed":false},"product_brand":[],"product_cat":[21],"product_tag":[],"class_list":{"0":"post-1392","1":"product","2":"type-product","3":"status-publish","4":"has-post-thumbnail","6":"product_cat-wholesale-floor-mounted-toilets","8":"first","9":"instock","10":"shipping-taxable","11":"product-type-simple"},"acf":[],"_links":{"self":[{"href":"https:\/\/www.southvillabath.com\/pt\/wp-json\/wp\/v2\/product\/1392","targetHints":{"allow":["GET"]}}],"collection":[{"href":"https:\/\/www.southvillabath.com\/pt\/wp-json\/wp\/v2\/product"}],"about":[{"href":"https:\/\/www.southvillabath.com\/pt\/wp-json\/wp\/v2\/types\/product"}],"replies":[{"embeddable":true,"href":"https:\/\/www.southvillabath.com\/pt\/wp-json\/wp\/v2\/comments?post=1392"}],"wp:featuredmedia":[{"embeddable":true,"href":"https:\/\/www.southvillabath.com\/pt\/wp-json\/wp\/v2\/media\/1396"}],"wp:attachment":[{"href":"https:\/\/www.southvillabath.com\/pt\/wp-json\/wp\/v2\/media?parent=1392"}],"wp:term":[{"taxonomy":"product_brand","embeddable":true,"href":"https:\/\/www.southvillabath.com\/pt\/wp-json\/wp\/v2\/product_brand?post=1392"},{"taxonomy":"product_cat","embeddable":true,"href":"https:\/\/www.southvillabath.com\/pt\/wp-json\/wp\/v2\/product_cat?post=1392"},{"taxonomy":"product_tag","embeddable":true,"href":"https:\/\/www.southvillabath.com\/pt\/wp-json\/wp\/v2\/product_tag?post=1392"}],"curies":[{"name":"wp","href":"https:\/\/api.w.org\/{rel}","templated":true}]}}