{"id":1391,"date":"2026-04-13T09:45:35","date_gmt":"2026-04-13T09:45:35","guid":{"rendered":"https:\/\/www.southvillabath.com\/?post_type=product&#038;p=1391"},"modified":"2026-04-14T01:32:41","modified_gmt":"2026-04-14T01:32:41","slug":"back-to-wall-floor-mounted-toilet-wholesale","status":"publish","type":"product","link":"https:\/\/www.southvillabath.com\/pt\/product\/back-to-wall-floor-mounted-toilet-wholesale\/","title":{"rendered":"Sanita de ch\u00e3o de costas para a parede Wholesale, design sem aro com sistema de limpeza de alta efici\u00eancia"},"content":{"rendered":"<div class=\"wp-block-columns is-layout-flex wp-container-core-columns-is-layout-9d6595d7 wp-block-columns-is-layout-flex\">\n<div class=\"wp-block-column is-layout-flow wp-block-column-is-layout-flow\">\n<h3 class=\"wp-block-heading\">Carater\u00edsticas da sanita montada no ch\u00e3o<\/h3>\n\n\n\n<ul class=\"wp-block-list\">\n<li><strong>Design higi\u00e9nico sem aro: <\/strong>A estrutura sem rebordo melhora a limpeza ao evitar a acumula\u00e7\u00e3o de bact\u00e9rias e res\u00edduos, tornando a limpeza mais r\u00e1pida e eficiente para os utilizadores finais.<\/li>\n\n\n\n<li><strong>Otimiza\u00e7\u00e3o do espa\u00e7o de tr\u00e1s para a parede:<\/strong> O design de montagem no ch\u00e3o, de tr\u00e1s para a parede, oculta a canaliza\u00e7\u00e3o enquanto maximiza a efici\u00eancia do espa\u00e7o, ideal para casas de banho modernas e projectos de renova\u00e7\u00e3o.<\/li>\n\n\n\n<li><strong>Sistema de limpeza de alta efici\u00eancia: <\/strong>Concebida para um desempenho de descarga eficaz, garantindo uma limpeza completa do dep\u00f3sito e uma utiliza\u00e7\u00e3o di\u00e1ria fi\u00e1vel, tanto em ambientes residenciais como comerciais.<\/li>\n\n\n\n<li><strong>Fornecimento est\u00e1vel da f\u00e1brica para encomendas em massa: <\/strong>Com capacidades de fabrico em grande escala, garantimos uma qualidade consistente, pre\u00e7os competitivos e uma entrega fi\u00e1vel para aquisi\u00e7\u00f5es a granel.<\/li>\n<\/ul>\n<\/div>\n\n\n\n<div class=\"wp-block-column is-layout-flow wp-block-column-is-layout-flow\">\n<figure class=\"wp-block-image size-full\"><img decoding=\"async\" width=\"728\" height=\"924\" src=\"https:\/\/www.southvillabath.com\/wp-content\/uploads\/2026\/04\/Wholesale-Floor-Mounted-Toilet-SH-3381-2.jpg\" alt=\"\" class=\"wp-image-1394\" srcset=\"https:\/\/www.southvillabath.com\/wp-content\/uploads\/2026\/04\/Wholesale-Floor-Mounted-Toilet-SH-3381-2.jpg 728w, https:\/\/www.southvillabath.com\/wp-content\/uploads\/2026\/04\/Wholesale-Floor-Mounted-Toilet-SH-3381-2-236x300.jpg 236w, https:\/\/www.southvillabath.com\/wp-content\/uploads\/2026\/04\/Wholesale-Floor-Mounted-Toilet-SH-3381-2-9x12.jpg 9w, https:\/\/www.southvillabath.com\/wp-content\/uploads\/2026\/04\/Wholesale-Floor-Mounted-Toilet-SH-3381-2-600x762.jpg 600w\" sizes=\"(max-width: 728px) 100vw, 728px\" \/><\/figure>\n<\/div>\n<\/div>","protected":false},"excerpt":{"rendered":"<p data-pm-slice=\"0 0 []\">O <strong data-start=\"349\" data-end=\"386\">sanita de encosto \u00e0 parede montada no ch\u00e3o<\/strong> \u00e9 uma solu\u00e7\u00e3o sanit\u00e1ria pr\u00e1tica e moderna, concebida para satisfazer as necessidades dos projectos residenciais e comerciais actuais. Combinando uma estrutura eficiente em termos de espa\u00e7o com um design elegante e oculto, este modelo \u00e9 ideal para grossistas, distribuidores e importadores que procuram expandir a sua oferta de produtos de casa de banho com estilos contempor\u00e2neos e de elevada procura.<\/p>\n<h2><strong><b>Sanita de ch\u00e3o <\/b><\/strong><strong><b>Especifica\u00e7\u00e3o<\/b><\/strong><\/h2>\n<table>\n<tbody>\n<tr>\n<td><strong><b>Especifica\u00e7\u00e3o<\/b><\/strong><\/td>\n<td><strong><b>Detalhes<\/b><\/strong><\/td>\n<\/tr>\n<tr>\n<td>Modelo<\/td>\n<td>SH-3381\u00a0\u00a0<\/td>\n<\/tr>\n<tr>\n<td>Tipo de sanita<\/td>\n<td>Sanita de ch\u00e3o<\/td>\n<\/tr>\n<tr>\n<td>Volume de descarga<\/td>\n<td>3.0-4.5 L<\/td>\n<\/tr>\n<tr>\n<td>Sistema de descarga<\/td>\n<td>Lavagem sem aro<\/td>\n<\/tr>\n<tr>\n<td>Carater\u00edstica do assento<\/td>\n<td>Assento com fecho suave<\/td>\n<\/tr>\n<tr>\n<td>Servi\u00e7o OEM e ODM<\/td>\n<td>Log\u00f3tipo, cores, embalagem, forma do produto e carater\u00edsticas personalizadas dispon\u00edveis<\/td>\n<\/tr>\n<tr>\n<td>Tipo de drenagem<\/td>\n<td>P-trap: 180mm<\/td>\n<\/tr>\n<tr>\n<td>MOQ<\/td>\n<td>50 unidades, flex\u00edvel para discuss\u00e3o posterior<\/td>\n<\/tr>\n<\/tbody>\n<\/table>\n<p>&nbsp;<\/p>\n<p>\n<script src=\"chrome-extension:\/\/fpelahbljekknahkcaegamhcndkfpfnc\/iFrame.js\" type=\"text\/javascript\"><\/script><\/p>","protected":false},"featured_media":1395,"comment_status":"closed","ping_status":"closed","template":"","meta":{"_acf_changed":false},"product_brand":[],"product_cat":[21],"product_tag":[],"class_list":{"0":"post-1391","1":"product","2":"type-product","3":"status-publish","4":"has-post-thumbnail","6":"product_cat-wholesale-floor-mounted-toilets","8":"first","9":"instock","10":"shipping-taxable","11":"product-type-simple"},"acf":[],"_links":{"self":[{"href":"https:\/\/www.southvillabath.com\/pt\/wp-json\/wp\/v2\/product\/1391","targetHints":{"allow":["GET"]}}],"collection":[{"href":"https:\/\/www.southvillabath.com\/pt\/wp-json\/wp\/v2\/product"}],"about":[{"href":"https:\/\/www.southvillabath.com\/pt\/wp-json\/wp\/v2\/types\/product"}],"replies":[{"embeddable":true,"href":"https:\/\/www.southvillabath.com\/pt\/wp-json\/wp\/v2\/comments?post=1391"}],"wp:featuredmedia":[{"embeddable":true,"href":"https:\/\/www.southvillabath.com\/pt\/wp-json\/wp\/v2\/media\/1395"}],"wp:attachment":[{"href":"https:\/\/www.southvillabath.com\/pt\/wp-json\/wp\/v2\/media?parent=1391"}],"wp:term":[{"taxonomy":"product_brand","embeddable":true,"href":"https:\/\/www.southvillabath.com\/pt\/wp-json\/wp\/v2\/product_brand?post=1391"},{"taxonomy":"product_cat","embeddable":true,"href":"https:\/\/www.southvillabath.com\/pt\/wp-json\/wp\/v2\/product_cat?post=1391"},{"taxonomy":"product_tag","embeddable":true,"href":"https:\/\/www.southvillabath.com\/pt\/wp-json\/wp\/v2\/product_tag?post=1391"}],"curies":[{"name":"wp","href":"https:\/\/api.w.org\/{rel}","templated":true}]}}