{"id":1338,"date":"2026-04-08T09:20:27","date_gmt":"2026-04-08T09:20:27","guid":{"rendered":"https:\/\/www.southvillabath.com\/?post_type=product&#038;p=1338"},"modified":"2026-04-13T06:44:42","modified_gmt":"2026-04-13T06:44:42","slug":"wholesale-internationally-certified-toilet-wall-hung-toilets","status":"publish","type":"product","link":"https:\/\/www.southvillabath.com\/pt\/product\/wholesale-internationally-certified-toilet-wall-hung-toilets\/","title":{"rendered":"Sanita de parede com descarga Tornado SH-043, orif\u00edcio de descarga oculto - Certifica\u00e7\u00e3o CE, WaterMark, SASO"},"content":{"rendered":"<div class=\"wp-block-columns is-layout-flex wp-container-core-columns-is-layout-9d6595d7 wp-block-columns-is-layout-flex\">\n<div class=\"wp-block-column is-layout-flow wp-block-column-is-layout-flow\">\n<h3 class=\"wp-block-heading\">Carater\u00edsticas da sanita suspensa<\/h3>\n\n\n\n<ul class=\"wp-block-list\">\n<li><strong>F\u00e1cil acesso aos mercados globais:<\/strong> As nossas sanitas suspensas s\u00e3o certificadas com CE (Europa), WaterMark (Austr\u00e1lia), SASO (Ar\u00e1bia Saudita) e UPC (Am\u00e9rica do Norte), garantindo a total conformidade com os regulamentos regionais. Isto permite uma entrada no mercado sem problemas e reduz as barreiras de aprova\u00e7\u00e3o.<\/li>\n\n\n\n<li><strong>Aumento do valor da marca e da competitividade no mercado:<\/strong> Uma carteira de certifica\u00e7\u00f5es completa posiciona os seus produtos como sendo de qualidade superior e de confian\u00e7a, ajudando os compradores a justificar pre\u00e7os mais elevados e a melhorar a imagem da marca.<\/li>\n\n\n\n<li>Tecnologia Tornado Flushing: Todas as nossas sanitas suspensas est\u00e3o equipadas com a tecnologia Tornado Flushing, que proporciona um fluxo de \u00e1gua potente e eficiente para garantir uma limpeza completa e otimizar a utiliza\u00e7\u00e3o da \u00e1gua.<\/li>\n\n\n\n<li><strong>Suporte \u00e0 personaliza\u00e7\u00e3o OEM e ODM:<\/strong> Como fabricante de sanit\u00e1rios, oferecemos op\u00e7\u00f5es de personaliza\u00e7\u00e3o para o design, a cor, a marca e a embalagem para satisfazer os diversos requisitos do mercado e dos clientes.<\/li>\n<\/ul>\n<\/div>\n\n\n\n<div class=\"wp-block-column is-layout-flow wp-block-column-is-layout-flow\">\n<figure class=\"wp-block-image size-full\"><img decoding=\"async\" width=\"724\" height=\"931\" src=\"https:\/\/www.southvillabath.com\/wp-content\/uploads\/2026\/04\/Wholesale-Wall-hung-Toilet-SH-0431.jpg\" alt=\"\" class=\"wp-image-1340\" srcset=\"https:\/\/www.southvillabath.com\/wp-content\/uploads\/2026\/04\/Wholesale-Wall-hung-Toilet-SH-0431.jpg 724w, https:\/\/www.southvillabath.com\/wp-content\/uploads\/2026\/04\/Wholesale-Wall-hung-Toilet-SH-0431-233x300.jpg 233w, https:\/\/www.southvillabath.com\/wp-content\/uploads\/2026\/04\/Wholesale-Wall-hung-Toilet-SH-0431-9x12.jpg 9w, https:\/\/www.southvillabath.com\/wp-content\/uploads\/2026\/04\/Wholesale-Wall-hung-Toilet-SH-0431-600x772.jpg 600w\" sizes=\"(max-width: 724px) 100vw, 724px\" \/><\/figure>\n<\/div>\n<\/div>","protected":false},"excerpt":{"rendered":"<p data-pm-slice=\"0 0 []\">Venda por grosso de sanitas suspensas de alta qualidade e elevado desempenho. O modelo SH-043 possui certifica\u00e7\u00f5es CE, WaterMark e SASO, atendendo aos principais padr\u00f5es internacionais e tornando-o adequado para v\u00e1rios mercados globais. Como um fabricante profissional de sanita, mantemos uma capacidade de produ\u00e7\u00e3o est\u00e1vel e rigoroso controlo de qualidade; damos as boas-vindas a encomendas em massa e pedidos de servi\u00e7os OEM de clientes em todo o mundo.<\/p>\n<h2><strong><b>Sanita suspensa <\/b><\/strong><strong><b>Especifica\u00e7\u00e3o<\/b><\/strong><\/h2>\n<table>\n<tbody>\n<tr>\n<td><strong><b>Especifica\u00e7\u00e3o<\/b><\/strong><\/td>\n<td><strong><b>Detalhes<\/b><\/strong><\/td>\n<\/tr>\n<tr>\n<td>Modelo<\/td>\n<td>SH-043<\/td>\n<\/tr>\n<tr>\n<td>Tipo de sanita<\/td>\n<td>Sanita suspensa<\/td>\n<\/tr>\n<tr>\n<td>Tamanho<\/td>\n<td>490 mm x 365 mm x 365 mm<\/td>\n<\/tr>\n<tr>\n<td>Sistema de descarga<\/td>\n<td>Tornado de lavagem<\/td>\n<\/tr>\n<tr>\n<td>Carater\u00edstica do assento<\/td>\n<td>Assento com fecho suave<\/td>\n<\/tr>\n<tr>\n<td>Servi\u00e7o OEM e ODM<\/td>\n<td>Log\u00f3tipo, cores, embalagem, forma do produto e carater\u00edsticas personalizadas dispon\u00edveis<\/td>\n<\/tr>\n<tr>\n<td>Tipo de drenagem<\/td>\n<td>P-trap: 180mm<\/td>\n<\/tr>\n<tr>\n<td>MOQ<\/td>\n<td>50 unidades, flex\u00edvel para discuss\u00e3o posterior<\/td>\n<\/tr>\n<\/tbody>\n<\/table>\n<p>&nbsp;<\/p>\n<p>\n<script src=\"chrome-extension:\/\/fpelahbljekknahkcaegamhcndkfpfnc\/iFrame.js\" type=\"text\/javascript\"><\/script><\/p>","protected":false},"featured_media":1339,"comment_status":"closed","ping_status":"closed","template":"","meta":{"_acf_changed":false},"product_brand":[],"product_cat":[19],"product_tag":[],"class_list":{"0":"post-1338","1":"product","2":"type-product","3":"status-publish","4":"has-post-thumbnail","6":"product_cat-wholesale-wall-hung-toilets","8":"first","9":"instock","10":"shipping-taxable","11":"product-type-simple"},"acf":[],"_links":{"self":[{"href":"https:\/\/www.southvillabath.com\/pt\/wp-json\/wp\/v2\/product\/1338","targetHints":{"allow":["GET"]}}],"collection":[{"href":"https:\/\/www.southvillabath.com\/pt\/wp-json\/wp\/v2\/product"}],"about":[{"href":"https:\/\/www.southvillabath.com\/pt\/wp-json\/wp\/v2\/types\/product"}],"replies":[{"embeddable":true,"href":"https:\/\/www.southvillabath.com\/pt\/wp-json\/wp\/v2\/comments?post=1338"}],"wp:featuredmedia":[{"embeddable":true,"href":"https:\/\/www.southvillabath.com\/pt\/wp-json\/wp\/v2\/media\/1339"}],"wp:attachment":[{"href":"https:\/\/www.southvillabath.com\/pt\/wp-json\/wp\/v2\/media?parent=1338"}],"wp:term":[{"taxonomy":"product_brand","embeddable":true,"href":"https:\/\/www.southvillabath.com\/pt\/wp-json\/wp\/v2\/product_brand?post=1338"},{"taxonomy":"product_cat","embeddable":true,"href":"https:\/\/www.southvillabath.com\/pt\/wp-json\/wp\/v2\/product_cat?post=1338"},{"taxonomy":"product_tag","embeddable":true,"href":"https:\/\/www.southvillabath.com\/pt\/wp-json\/wp\/v2\/product_tag?post=1338"}],"curies":[{"name":"wp","href":"https:\/\/api.w.org\/{rel}","templated":true}]}}