{"id":1335,"date":"2026-04-13T09:45:41","date_gmt":"2026-04-13T09:45:41","guid":{"rendered":"https:\/\/www.southvillabath.com\/?post_type=product&#038;p=1335"},"modified":"2026-04-14T01:13:00","modified_gmt":"2026-04-14T01:13:00","slug":"wall-hung-toilet-wholesale-supplier","status":"publish","type":"product","link":"https:\/\/www.southvillabath.com\/pt\/product\/wall-hung-toilet-wholesale-supplier\/","title":{"rendered":"Sanita suspensa por atacado a granel SH-038 - Fornecedor profissional de sanitas suspensas"},"content":{"rendered":"<div class=\"wp-block-columns is-layout-flex wp-container-core-columns-is-layout-9d6595d7 wp-block-columns-is-layout-flex\">\n<div class=\"wp-block-column is-layout-flow wp-block-column-is-layout-flow\">\n<h3 class=\"wp-block-heading\">Carater\u00edsticas da sanita suspensa<\/h3>\n\n\n\n<ul class=\"wp-block-list\">\n<li><strong>Economia de espa\u00e7o e design contempor\u00e2neo: <\/strong>Uma vez que a sanita \u00e9 suspensa na parede, possui um sistema de dep\u00f3sito oculto (embutido na parede). Isto cria um efeito flutuante que faz com que as casas de banho pequenas pare\u00e7am significativamente maiores e mais abertas.<\/li>\n\n\n\n<li><strong>Higiene melhorada e manuten\u00e7\u00e3o f\u00e1cil: <\/strong>A instala\u00e7\u00e3o elevada permite o acesso total ao ch\u00e3o por baixo da sanita, simplificando a limpeza di\u00e1ria e eliminando \u00e1reas de p\u00f3 escondidas.<\/li>\n\n\n\n<li><strong>High-Efficiency  Rimess Flushing:<\/strong> Equipped with an advanced washdown rimless system, It efficiently removes waste with lower clogging risk, while maintaining a shorter, quieter flush cycle.<\/li>\n\n\n\n<li><strong>Engenharia fi\u00e1vel e normalizada:<\/strong>O produto tem certifica\u00e7\u00e3o CE, garantindo a conformidade com as normas europeias de seguran\u00e7a e qualidade. A sua configura\u00e7\u00e3o de P-trap de 180 mm \u00e9 amplamente compat\u00edvel com os principais sistemas de suporte de parede, permitindo uma f\u00e1cil integra\u00e7\u00e3o e instala\u00e7\u00e3o.<\/li>\n\n\n\n<li><strong>Capacidades de personaliza\u00e7\u00e3o OEM e ODM: <\/strong>Oferecemos servi\u00e7os completos de OEM e ODM, suportando designs, log\u00f3tipos, embalagens, dimens\u00f5es, sistemas de descarga e acabamentos de vidros personalizados.<\/li>\n<\/ul>\n<\/div>\n\n\n\n<div class=\"wp-block-column is-layout-flow wp-block-column-is-layout-flow\">\n<figure class=\"wp-block-image size-full\"><img decoding=\"async\" width=\"728\" height=\"924\" src=\"https:\/\/www.southvillabath.com\/wp-content\/uploads\/2026\/04\/Wholesale-Wall-hung-Toilet-SH-0381.jpg\" alt=\"\" class=\"wp-image-1324\" srcset=\"https:\/\/www.southvillabath.com\/wp-content\/uploads\/2026\/04\/Wholesale-Wall-hung-Toilet-SH-0381.jpg 728w, https:\/\/www.southvillabath.com\/wp-content\/uploads\/2026\/04\/Wholesale-Wall-hung-Toilet-SH-0381-236x300.jpg 236w, https:\/\/www.southvillabath.com\/wp-content\/uploads\/2026\/04\/Wholesale-Wall-hung-Toilet-SH-0381-9x12.jpg 9w, https:\/\/www.southvillabath.com\/wp-content\/uploads\/2026\/04\/Wholesale-Wall-hung-Toilet-SH-0381-600x762.jpg 600w\" sizes=\"(max-width: 728px) 100vw, 728px\" \/><\/figure>\n<\/div>\n<\/div>","protected":false},"excerpt":{"rendered":"<p data-pm-slice=\"0 0 []\">O <strong data-start=\"339\" data-end=\"366\">SH-038 wall-hung toilet<\/strong> is engineered for modern bathrooms that demand both performance and space efficiency. Designed with a high-efficiency tornado flushing system, this model delivers powerful water flow for thorough cleaning while maintaining a sleek and minimal appearance. It is an excellent solution for wholesalers, distributors, and importers looking to supply high-demand sanitary ware products.<\/p>\n<h2><strong><b>Sanita suspensa <\/b><\/strong><strong><b>Especifica\u00e7\u00e3o<\/b><\/strong><\/h2>\n<table>\n<tbody>\n<tr>\n<td><strong><b>Especifica\u00e7\u00e3o<\/b><\/strong><\/td>\n<td><strong><b>Detalhes<\/b><\/strong><\/td>\n<\/tr>\n<tr>\n<td>Modelo<\/td>\n<td>SH-038<\/td>\n<\/tr>\n<tr>\n<td>Tipo de sanita<\/td>\n<td>Sanita suspensa<\/td>\n<\/tr>\n<tr>\n<td>Tamanho<\/td>\n<td>535 mm x 360 mm x 360 mm<\/td>\n<\/tr>\n<tr>\n<td>Sistema de descarga<\/td>\n<td>Tornado de lavagem<\/td>\n<\/tr>\n<tr>\n<td>Carater\u00edstica do assento<\/td>\n<td>Assento com fecho suave<\/td>\n<\/tr>\n<tr>\n<td>Servi\u00e7o OEM e ODM<\/td>\n<td>Log\u00f3tipo, cores, embalagem, forma do produto e carater\u00edsticas personalizadas dispon\u00edveis<\/td>\n<\/tr>\n<tr>\n<td>Tipo de drenagem<\/td>\n<td>P-trap: 180mm<\/td>\n<\/tr>\n<tr>\n<td>MOQ<\/td>\n<td>50 unidades, flex\u00edvel para discuss\u00e3o posterior<\/td>\n<\/tr>\n<\/tbody>\n<\/table>\n<p>&nbsp;<\/p>\n<p>&nbsp;<\/p>\n<p>&nbsp;<\/p>\n<p>&nbsp;<\/p>\n<p>&nbsp;<\/p>\n<p>\n<script src=\"chrome-extension:\/\/fpelahbljekknahkcaegamhcndkfpfnc\/iFrame.js\" type=\"text\/javascript\"><\/script><\/p>","protected":false},"featured_media":1323,"comment_status":"closed","ping_status":"closed","template":"","meta":{"_acf_changed":false},"product_brand":[],"product_cat":[19],"product_tag":[],"class_list":{"0":"post-1335","1":"product","2":"type-product","3":"status-publish","4":"has-post-thumbnail","6":"product_cat-wholesale-wall-hung-toilets","8":"first","9":"instock","10":"shipping-taxable","11":"product-type-simple"},"acf":[],"_links":{"self":[{"href":"https:\/\/www.southvillabath.com\/pt\/wp-json\/wp\/v2\/product\/1335","targetHints":{"allow":["GET"]}}],"collection":[{"href":"https:\/\/www.southvillabath.com\/pt\/wp-json\/wp\/v2\/product"}],"about":[{"href":"https:\/\/www.southvillabath.com\/pt\/wp-json\/wp\/v2\/types\/product"}],"replies":[{"embeddable":true,"href":"https:\/\/www.southvillabath.com\/pt\/wp-json\/wp\/v2\/comments?post=1335"}],"wp:featuredmedia":[{"embeddable":true,"href":"https:\/\/www.southvillabath.com\/pt\/wp-json\/wp\/v2\/media\/1323"}],"wp:attachment":[{"href":"https:\/\/www.southvillabath.com\/pt\/wp-json\/wp\/v2\/media?parent=1335"}],"wp:term":[{"taxonomy":"product_brand","embeddable":true,"href":"https:\/\/www.southvillabath.com\/pt\/wp-json\/wp\/v2\/product_brand?post=1335"},{"taxonomy":"product_cat","embeddable":true,"href":"https:\/\/www.southvillabath.com\/pt\/wp-json\/wp\/v2\/product_cat?post=1335"},{"taxonomy":"product_tag","embeddable":true,"href":"https:\/\/www.southvillabath.com\/pt\/wp-json\/wp\/v2\/product_tag?post=1335"}],"curies":[{"name":"wp","href":"https:\/\/api.w.org\/{rel}","templated":true}]}}