{"id":1334,"date":"2026-04-08T09:27:23","date_gmt":"2026-04-08T09:27:23","guid":{"rendered":"https:\/\/www.southvillabath.com\/?post_type=product&#038;p=1334"},"modified":"2026-04-13T06:21:38","modified_gmt":"2026-04-13T06:21:38","slug":"wholesale-minimalist-frameless-wall-hung-ceramic-toilets","status":"publish","type":"product","link":"https:\/\/www.southvillabath.com\/pt\/product\/wholesale-minimalist-frameless-wall-hung-ceramic-toilets\/","title":{"rendered":"Sanita de cer\u00e2mica suspensa a granel Fornecimento da f\u00e1brica SH-042 - Design minimalista sem moldura"},"content":{"rendered":"<div class=\"wp-block-columns is-layout-flex wp-container-core-columns-is-layout-9d6595d7 wp-block-columns-is-layout-flex\">\n<div class=\"wp-block-column is-layout-flow wp-block-column-is-layout-flow\">\n<h3 class=\"wp-block-heading\">Carater\u00edsticas da sanita suspensa<\/h3>\n\n\n\n<ul class=\"wp-block-list\">\n<li><strong>Design minimalista sem moldura:<\/strong> A sanita suspensa por atacado apresenta um aspeto limpo e moderno que melhora eficazmente a est\u00e9tica da casa de banho, reduzindo as \u00e1reas dif\u00edceis de limpar.<\/li>\n\n\n\n<li><strong>Posicionamento de produtos premium: <\/strong>O aspeto refinado e moderno ajuda a posicionar o produto como uma oferta topo de gama, permitindo melhores estrat\u00e9gias de pre\u00e7os e margens de lucro melhoradas para os compradores B2B.<\/li>\n\n\n\n<li><strong>Constru\u00e7\u00e3o em cer\u00e2mica de alta qualidade: <\/strong>Fabricado com argila de alta densidade e um esmalte liso e n\u00e3o poroso, o SH-042 \u00e9 resistente a manchas, riscos e crescimento bacteriano.<\/li>\n\n\n\n<li><strong>Padr\u00f5es de qualidade certificados: <\/strong>Com um desbaste de P-Trap de 180 mm e certifica\u00e7\u00e3o CE, este produto foi concebido para uma f\u00e1cil integra\u00e7\u00e3o em sistemas de canaliza\u00e7\u00e3o padr\u00e3o em todo o mundo, minimizando os custos de instala\u00e7\u00e3o e garantindo a conformidade com os c\u00f3digos de constru\u00e7\u00e3o locais.<\/li>\n<\/ul>\n<\/div>\n\n\n\n<div class=\"wp-block-column is-layout-flow wp-block-column-is-layout-flow\">\n<figure class=\"wp-block-image size-full\"><img decoding=\"async\" width=\"724\" height=\"931\" src=\"https:\/\/www.southvillabath.com\/wp-content\/uploads\/2026\/04\/Wholesale-Wall-hung-Toilet-SH-0421.jpg\" alt=\"\" class=\"wp-image-1337\" srcset=\"https:\/\/www.southvillabath.com\/wp-content\/uploads\/2026\/04\/Wholesale-Wall-hung-Toilet-SH-0421.jpg 724w, https:\/\/www.southvillabath.com\/wp-content\/uploads\/2026\/04\/Wholesale-Wall-hung-Toilet-SH-0421-233x300.jpg 233w, https:\/\/www.southvillabath.com\/wp-content\/uploads\/2026\/04\/Wholesale-Wall-hung-Toilet-SH-0421-9x12.jpg 9w, https:\/\/www.southvillabath.com\/wp-content\/uploads\/2026\/04\/Wholesale-Wall-hung-Toilet-SH-0421-600x772.jpg 600w\" sizes=\"(max-width: 724px) 100vw, 724px\" \/><\/figure>\n<\/div>\n<\/div>","protected":false},"excerpt":{"rendered":"<p>A nossa f\u00e1brica fornece por atacado sanitas de cer\u00e2mica minimalistas suspensas na parede. Estas sanitas apresentam um design minimalista sem moldura, resultando numa est\u00e9tica limpa e simples que apela a um vasto mercado global. Oferecem um valor comercial real aos distribuidores, revendedores e marcas de casas de banho, facilitando a venda aos compradores B2B. Contacte-nos para obter uma cota\u00e7\u00e3o de f\u00e1brica.<\/p>\n<h2><strong><b>Sanita suspensa <\/b><\/strong><strong><b>Especifica\u00e7\u00e3o<\/b><\/strong><\/h2>\n<table>\n<tbody>\n<tr>\n<td><strong><b>Especifica\u00e7\u00e3o<\/b><\/strong><\/td>\n<td><strong><b>Detalhes<\/b><\/strong><\/td>\n<\/tr>\n<tr>\n<td>Modelo<\/td>\n<td>SH-042<\/td>\n<\/tr>\n<tr>\n<td>Tipo de sanita<\/td>\n<td>Sanita suspensa<\/td>\n<\/tr>\n<tr>\n<td>Tamanho<\/td>\n<td>490 mm x 365 mm x 365 mm<\/td>\n<\/tr>\n<tr>\n<td>Sistema de descarga<\/td>\n<td>Tornado de lavagem<\/td>\n<\/tr>\n<tr>\n<td>Carater\u00edstica do assento<\/td>\n<td>Assento com fecho suave<\/td>\n<\/tr>\n<tr>\n<td>Servi\u00e7o OEM e ODM<\/td>\n<td>Log\u00f3tipo, cores, embalagem, forma do produto e carater\u00edsticas personalizadas dispon\u00edveis<\/td>\n<\/tr>\n<tr>\n<td>Tipo de drenagem<\/td>\n<td>P-trap: 180mm<\/td>\n<\/tr>\n<tr>\n<td>MOQ<\/td>\n<td>50 unidades, flex\u00edvel para discuss\u00e3o posterior<\/td>\n<\/tr>\n<\/tbody>\n<\/table>\n<p>&nbsp;<\/p>\n<p>\n<script src=\"chrome-extension:\/\/fpelahbljekknahkcaegamhcndkfpfnc\/iFrame.js\" type=\"text\/javascript\"><\/script><\/p>","protected":false},"featured_media":1336,"comment_status":"closed","ping_status":"closed","template":"","meta":{"_acf_changed":false},"product_brand":[],"product_cat":[19],"product_tag":[],"class_list":{"0":"post-1334","1":"product","2":"type-product","3":"status-publish","4":"has-post-thumbnail","6":"product_cat-wholesale-wall-hung-toilets","8":"first","9":"instock","10":"shipping-taxable","11":"product-type-simple"},"acf":[],"_links":{"self":[{"href":"https:\/\/www.southvillabath.com\/pt\/wp-json\/wp\/v2\/product\/1334","targetHints":{"allow":["GET"]}}],"collection":[{"href":"https:\/\/www.southvillabath.com\/pt\/wp-json\/wp\/v2\/product"}],"about":[{"href":"https:\/\/www.southvillabath.com\/pt\/wp-json\/wp\/v2\/types\/product"}],"replies":[{"embeddable":true,"href":"https:\/\/www.southvillabath.com\/pt\/wp-json\/wp\/v2\/comments?post=1334"}],"wp:featuredmedia":[{"embeddable":true,"href":"https:\/\/www.southvillabath.com\/pt\/wp-json\/wp\/v2\/media\/1336"}],"wp:attachment":[{"href":"https:\/\/www.southvillabath.com\/pt\/wp-json\/wp\/v2\/media?parent=1334"}],"wp:term":[{"taxonomy":"product_brand","embeddable":true,"href":"https:\/\/www.southvillabath.com\/pt\/wp-json\/wp\/v2\/product_brand?post=1334"},{"taxonomy":"product_cat","embeddable":true,"href":"https:\/\/www.southvillabath.com\/pt\/wp-json\/wp\/v2\/product_cat?post=1334"},{"taxonomy":"product_tag","embeddable":true,"href":"https:\/\/www.southvillabath.com\/pt\/wp-json\/wp\/v2\/product_tag?post=1334"}],"curies":[{"name":"wp","href":"https:\/\/api.w.org\/{rel}","templated":true}]}}