{"id":1319,"date":"2026-04-08T23:45:26","date_gmt":"2026-04-08T23:45:26","guid":{"rendered":"https:\/\/www.southvillabath.com\/?post_type=product&#038;p=1319"},"modified":"2026-04-11T02:33:07","modified_gmt":"2026-04-11T02:33:07","slug":"factory-supply-european-style-rimless-wall-hung-toilet","status":"publish","type":"product","link":"https:\/\/www.southvillabath.com\/pt\/product\/factory-supply-european-style-rimless-wall-hung-toilet\/","title":{"rendered":"Sanita suspensa sem rebordo de estilo europeu SH-037- Fornecimento direto da f\u00e1brica, suporte OEM e ODM"},"content":{"rendered":"<div class=\"wp-block-columns is-layout-flex wp-container-core-columns-is-layout-9d6595d7 wp-block-columns-is-layout-flex\">\n<div class=\"wp-block-column is-layout-flow wp-block-column-is-layout-flow\">\n<h3 class=\"wp-block-heading\">Carater\u00edsticas da sanita suspensa<\/h3>\n\n\n\n<ul class=\"wp-block-list\">\n<li><strong>Design moderno de estilo europeu<\/strong>: Concebida com uma est\u00e9tica elegante de inspira\u00e7\u00e3o europeia, esta sanita oferece um aspeto limpo e elegante, ideal para colec\u00e7\u00f5es de casas de banho de luxo e projectos de interiores de primeira qualidade.<\/li>\n\n\n\n<li><strong>Estrutura avan\u00e7ada sem aros:<\/strong> O design sem rebordo melhora a higiene ao minimizar as \u00e1reas de limpeza ocultas, permitindo uma manuten\u00e7\u00e3o mais f\u00e1cil e uma melhor higieniza\u00e7\u00e3o na utiliza\u00e7\u00e3o di\u00e1ria.<\/li>\n\n\n\n<li><strong>Instala\u00e7\u00e3o suspensa que poupa espa\u00e7o: <\/strong>A estrutura suspensa montada na parede cria um efeito flutuante que maximiza o espa\u00e7o do ch\u00e3o e aumenta a abertura da casa de banho.<\/li>\n\n\n\n<li><strong>Adequado para aplica\u00e7\u00f5es no mercado premium:I<\/strong>ideal para hot\u00e9is, apartamentos, moradias, edif\u00edcios de escrit\u00f3rios e projectos modernos de casas de banho residenciais ou comerciais.<\/li>\n<\/ul>\n<\/div>\n\n\n\n<div class=\"wp-block-column is-layout-flow wp-block-column-is-layout-flow\">\n<figure class=\"wp-block-image size-full\"><img decoding=\"async\" width=\"724\" height=\"931\" src=\"https:\/\/www.southvillabath.com\/wp-content\/uploads\/2026\/04\/Wholesale-Wall-hung-Toilet-SH-037-1.jpg\" alt=\"\" class=\"wp-image-1321\" srcset=\"https:\/\/www.southvillabath.com\/wp-content\/uploads\/2026\/04\/Wholesale-Wall-hung-Toilet-SH-037-1.jpg 724w, https:\/\/www.southvillabath.com\/wp-content\/uploads\/2026\/04\/Wholesale-Wall-hung-Toilet-SH-037-1-233x300.jpg 233w, https:\/\/www.southvillabath.com\/wp-content\/uploads\/2026\/04\/Wholesale-Wall-hung-Toilet-SH-037-1-9x12.jpg 9w, https:\/\/www.southvillabath.com\/wp-content\/uploads\/2026\/04\/Wholesale-Wall-hung-Toilet-SH-037-1-600x772.jpg 600w\" sizes=\"(max-width: 724px) 100vw, 724px\" \/><\/figure>\n<\/div>\n<\/div>","protected":false},"excerpt":{"rendered":"<p>Oferecemos sanitas suspensas de f\u00e1brica que combinam a est\u00e9tica europeia, a funcionalidade higi\u00e9nica e a qualidade de fabrico fi\u00e1vel. Uma vantagem destacada deste modelo \u00e9 o seu design sem rebordo, que melhora a higiene e simplifica a manuten\u00e7\u00e3o, reduzindo as \u00e1reas interiores de dif\u00edcil acesso onde a sujidade e os res\u00edduos se podem acumular. Contacte-nos para um or\u00e7amento.<\/p>\n<h2><strong><b>Sanita suspensa <\/b><\/strong><strong><b>Especifica\u00e7\u00e3o<\/b><\/strong><\/h2>\n<table>\n<tbody>\n<tr>\n<td><strong><b>Especifica\u00e7\u00e3o<\/b><\/strong><\/td>\n<td><strong><b>Detalhes<\/b><\/strong><\/td>\n<\/tr>\n<tr>\n<td>Modelo<\/td>\n<td>SH-037<\/td>\n<\/tr>\n<tr>\n<td>Tipo de sanita<\/td>\n<td>Sanita suspensa<\/td>\n<\/tr>\n<tr>\n<td>Tamanho<\/td>\n<td>535 mm x 360 mm x 360 mm<\/td>\n<\/tr>\n<tr>\n<td>Sistema de descarga<\/td>\n<td>Lavagem sem aro<\/td>\n<\/tr>\n<tr>\n<td>Carater\u00edstica do assento<\/td>\n<td>Assento com fecho suave<\/td>\n<\/tr>\n<tr>\n<td>Servi\u00e7o OEM e ODM<\/td>\n<td>Log\u00f3tipo, cores, embalagem, forma do produto e carater\u00edsticas personalizadas dispon\u00edveis<\/td>\n<\/tr>\n<tr>\n<td>Tipo de drenagem<\/td>\n<td>P-trap: 180mm<\/td>\n<\/tr>\n<tr>\n<td>MOQ<\/td>\n<td>50 unidades, flex\u00edvel para discuss\u00e3o posterior<\/td>\n<\/tr>\n<\/tbody>\n<\/table>\n<p>&nbsp;<\/p>\n<p>\n<script src=\"chrome-extension:\/\/fpelahbljekknahkcaegamhcndkfpfnc\/iFrame.js\" type=\"text\/javascript\"><\/script><\/p>","protected":false},"featured_media":1320,"comment_status":"closed","ping_status":"closed","template":"","meta":{"_acf_changed":false},"product_brand":[],"product_cat":[19],"product_tag":[],"class_list":{"0":"post-1319","1":"product","2":"type-product","3":"status-publish","4":"has-post-thumbnail","6":"product_cat-wholesale-wall-hung-toilets","8":"first","9":"instock","10":"shipping-taxable","11":"product-type-simple"},"acf":[],"_links":{"self":[{"href":"https:\/\/www.southvillabath.com\/pt\/wp-json\/wp\/v2\/product\/1319","targetHints":{"allow":["GET"]}}],"collection":[{"href":"https:\/\/www.southvillabath.com\/pt\/wp-json\/wp\/v2\/product"}],"about":[{"href":"https:\/\/www.southvillabath.com\/pt\/wp-json\/wp\/v2\/types\/product"}],"replies":[{"embeddable":true,"href":"https:\/\/www.southvillabath.com\/pt\/wp-json\/wp\/v2\/comments?post=1319"}],"wp:featuredmedia":[{"embeddable":true,"href":"https:\/\/www.southvillabath.com\/pt\/wp-json\/wp\/v2\/media\/1320"}],"wp:attachment":[{"href":"https:\/\/www.southvillabath.com\/pt\/wp-json\/wp\/v2\/media?parent=1319"}],"wp:term":[{"taxonomy":"product_brand","embeddable":true,"href":"https:\/\/www.southvillabath.com\/pt\/wp-json\/wp\/v2\/product_brand?post=1319"},{"taxonomy":"product_cat","embeddable":true,"href":"https:\/\/www.southvillabath.com\/pt\/wp-json\/wp\/v2\/product_cat?post=1319"},{"taxonomy":"product_tag","embeddable":true,"href":"https:\/\/www.southvillabath.com\/pt\/wp-json\/wp\/v2\/product_tag?post=1319"}],"curies":[{"name":"wp","href":"https:\/\/api.w.org\/{rel}","templated":true}]}}