{"id":1301,"date":"2026-04-09T00:20:16","date_gmt":"2026-04-09T00:20:16","guid":{"rendered":"https:\/\/www.southvillabath.com\/?post_type=product&#038;p=1301"},"modified":"2026-04-09T07:34:14","modified_gmt":"2026-04-09T07:34:14","slug":"wholesale-egg-shaped-wall-hung-toilets","status":"publish","type":"product","link":"https:\/\/www.southvillabath.com\/pt\/product\/wholesale-egg-shaped-wall-hung-toilets\/","title":{"rendered":"Retalho de sanita suspensa em forma de ovo SH-025 - Design de curvas fluidas"},"content":{"rendered":"<div class=\"wp-block-columns is-layout-flex wp-container-core-columns-is-layout-9d6595d7 wp-block-columns-is-layout-flex\">\n<div class=\"wp-block-column is-layout-flow wp-block-column-is-layout-flow\">\n<h3 class=\"wp-block-heading\">Carater\u00edsticas da sanita suspensa<\/h3>\n\n\n\n<ul class=\"wp-block-list\">\n<li><strong>Design elegante: <\/strong>O SH-025 apresenta uma forma \u00fanica e arredondada de \u201covo\u201d. As suas linhas suaves e fluidas adequam-se perfeitamente a casas de banho modernas de alta qualidade e tornam-no ideal para um produto de qualidade superior.<\/li>\n\n\n\n<li><strong>Integra\u00e7\u00e3o est\u00e9tica perfeita:<\/strong> Concebida para um sistema de tanque oculto, a disposi\u00e7\u00e3o suspensa na parede e as fixa\u00e7\u00f5es ocultas criam um aspeto limpo e flutuante.<\/li>\n\n\n\n<li><strong>Design personalizado (OEM\/ODM) Flexibilidade: <\/strong>A nossa f\u00e1brica destaca-se por traduzir as vis\u00f5es de design em realidade. Oferecemos aos compradores a granel a possibilidade de personalizar os acabamentos ou aplicar uma marca privada.<\/li>\n<\/ul>\n<\/div>\n\n\n\n<div class=\"wp-block-column is-layout-flow wp-block-column-is-layout-flow\">\n<figure class=\"wp-block-image size-full\"><img decoding=\"async\" width=\"1536\" height=\"1194\" src=\"https:\/\/www.southvillabath.com\/wp-content\/uploads\/2026\/04\/Wholesale-Wall-hung-Toilet-SH-025-2.jpg\" alt=\"\" class=\"wp-image-1303\" srcset=\"https:\/\/www.southvillabath.com\/wp-content\/uploads\/2026\/04\/Wholesale-Wall-hung-Toilet-SH-025-2.jpg 1536w, https:\/\/www.southvillabath.com\/wp-content\/uploads\/2026\/04\/Wholesale-Wall-hung-Toilet-SH-025-2-300x233.jpg 300w, https:\/\/www.southvillabath.com\/wp-content\/uploads\/2026\/04\/Wholesale-Wall-hung-Toilet-SH-025-2-768x597.jpg 768w, https:\/\/www.southvillabath.com\/wp-content\/uploads\/2026\/04\/Wholesale-Wall-hung-Toilet-SH-025-2-15x12.jpg 15w, https:\/\/www.southvillabath.com\/wp-content\/uploads\/2026\/04\/Wholesale-Wall-hung-Toilet-SH-025-2-1200x933.jpg 1200w, https:\/\/www.southvillabath.com\/wp-content\/uploads\/2026\/04\/Wholesale-Wall-hung-Toilet-SH-025-2-600x466.jpg 600w\" sizes=\"(max-width: 1536px) 100vw, 1536px\" \/><\/figure>\n<\/div>\n<\/div>","protected":false},"excerpt":{"rendered":"<p>Sanita suspensa em forma de ovo por atacado. Esta sanita suspensa rompe com os contornos angulares tradicionais para criar uma forma fluida e org\u00e2nica que se alinha com as tend\u00eancias contempor\u00e2neas da casa de banho. O design consegue um efeito \u201cflutuante\u201d, incutindo uma sensa\u00e7\u00e3o de leveza e serenidade no espa\u00e7o da casa de banho. Estas curvas fluidas e cont\u00ednuas n\u00e3o s\u00e3o apenas um triunfo visual, mas tamb\u00e9m muito pr\u00e1ticas, uma vez que eliminam as fendas de recolha de p\u00f3 normalmente encontradas nos modelos padr\u00e3o. Contacte-nos para um or\u00e7amento de f\u00e1brica.<\/p>\n<h2><strong><b>Sanita suspensa <\/b><\/strong><strong><b>Especifica\u00e7\u00e3o<\/b><\/strong><\/h2>\n<table>\n<tbody>\n<tr>\n<td><strong><b>Especifica\u00e7\u00e3o<\/b><\/strong><\/td>\n<td><strong><b>Detalhes<\/b><\/strong><\/td>\n<\/tr>\n<tr>\n<td>Modelo<\/td>\n<td>SH-025<\/td>\n<\/tr>\n<tr>\n<td>Tipo de sanita<\/td>\n<td>Sanita suspensa<\/td>\n<\/tr>\n<tr>\n<td>Tamanho<\/td>\n<td>475 mm x 450 mm x 355 mm<\/td>\n<\/tr>\n<tr>\n<td>Sistema de descarga<\/td>\n<td>Lavagem sem aro<\/td>\n<\/tr>\n<tr>\n<td>Carater\u00edstica do assento<\/td>\n<td>Assento com fecho suave<\/td>\n<\/tr>\n<tr>\n<td>Servi\u00e7o OEM e ODM<\/td>\n<td>Log\u00f3tipo, cores, embalagem, forma do produto e carater\u00edsticas personalizadas dispon\u00edveis<\/td>\n<\/tr>\n<tr>\n<td>Tipo de drenagem<\/td>\n<td>P-trap: 180mm<\/td>\n<\/tr>\n<tr>\n<td>MOQ<\/td>\n<td>50 unidades, flex\u00edvel para discuss\u00e3o posterior<\/td>\n<\/tr>\n<\/tbody>\n<\/table>\n<p>\n<script src=\"chrome-extension:\/\/fpelahbljekknahkcaegamhcndkfpfnc\/iFrame.js\" type=\"text\/javascript\"><\/script><\/p>","protected":false},"featured_media":1302,"comment_status":"closed","ping_status":"closed","template":"","meta":{"_acf_changed":false},"product_brand":[],"product_cat":[19],"product_tag":[],"class_list":{"0":"post-1301","1":"product","2":"type-product","3":"status-publish","4":"has-post-thumbnail","6":"product_cat-wholesale-wall-hung-toilets","8":"first","9":"instock","10":"shipping-taxable","11":"product-type-simple"},"acf":[],"_links":{"self":[{"href":"https:\/\/www.southvillabath.com\/pt\/wp-json\/wp\/v2\/product\/1301","targetHints":{"allow":["GET"]}}],"collection":[{"href":"https:\/\/www.southvillabath.com\/pt\/wp-json\/wp\/v2\/product"}],"about":[{"href":"https:\/\/www.southvillabath.com\/pt\/wp-json\/wp\/v2\/types\/product"}],"replies":[{"embeddable":true,"href":"https:\/\/www.southvillabath.com\/pt\/wp-json\/wp\/v2\/comments?post=1301"}],"wp:featuredmedia":[{"embeddable":true,"href":"https:\/\/www.southvillabath.com\/pt\/wp-json\/wp\/v2\/media\/1302"}],"wp:attachment":[{"href":"https:\/\/www.southvillabath.com\/pt\/wp-json\/wp\/v2\/media?parent=1301"}],"wp:term":[{"taxonomy":"product_brand","embeddable":true,"href":"https:\/\/www.southvillabath.com\/pt\/wp-json\/wp\/v2\/product_brand?post=1301"},{"taxonomy":"product_cat","embeddable":true,"href":"https:\/\/www.southvillabath.com\/pt\/wp-json\/wp\/v2\/product_cat?post=1301"},{"taxonomy":"product_tag","embeddable":true,"href":"https:\/\/www.southvillabath.com\/pt\/wp-json\/wp\/v2\/product_tag?post=1301"}],"curies":[{"name":"wp","href":"https:\/\/api.w.org\/{rel}","templated":true}]}}