{"id":1274,"date":"2026-04-09T00:45:27","date_gmt":"2026-04-09T00:45:27","guid":{"rendered":"https:\/\/www.southvillabath.com\/?post_type=product&#038;p=1274"},"modified":"2026-04-09T03:38:31","modified_gmt":"2026-04-09T03:38:31","slug":"wholesale-modern-square-shape-wall-hung-toilet","status":"publish","type":"product","link":"https:\/\/www.southvillabath.com\/pt\/product\/wholesale-modern-square-shape-wall-hung-toilet\/","title":{"rendered":"Retalho por atacado de sanita suspensa de forma quadrada moderna SH-010- Sanita suspensa de grandes dimens\u00f5es"},"content":{"rendered":"<div class=\"wp-block-columns is-layout-flex wp-container-core-columns-is-layout-9d6595d7 wp-block-columns-is-layout-flex\">\n<div class=\"wp-block-column is-layout-flow wp-block-column-is-layout-flow\">\n<h3 class=\"wp-block-heading\">Carater\u00edsticas da sanita suspensa<\/h3>\n\n\n\n<ul class=\"wp-block-list\">\n<li><strong>Economia de espa\u00e7o e design contempor\u00e2neo: <\/strong>Uma vez que a sanita \u00e9 suspensa na parede, possui um sistema de dep\u00f3sito oculto (embutido na parede). Isto cria um efeito flutuante que faz com que as casas de banho pequenas pare\u00e7am significativamente maiores e mais abertas.<\/li>\n\n\n\n<li><strong>Higiene melhorada e manuten\u00e7\u00e3o f\u00e1cil: <\/strong>A instala\u00e7\u00e3o elevada permite o acesso total ao ch\u00e3o por baixo da sanita, simplificando a limpeza di\u00e1ria e eliminando \u00e1reas de p\u00f3 escondidas.<\/li>\n\n\n\n<li><strong>Lavagem por jato de alta efici\u00eancia:<\/strong> Equipada com um avan\u00e7ado sistema de jato de lavagem, a sanita proporciona um desempenho de descarga forte e direto. Remove eficazmente os res\u00edduos com menor risco de entupimento, mantendo um ciclo de descarga mais curto e mais silencioso.<\/li>\n\n\n\n<li><strong>Design confort\u00e1vel de tamanho grande:<\/strong> Ao contr\u00e1rio de muitos modelos compactos suspensos na parede, a SH-010 tem uma bacia maior (555 mm de profundidade), oferecendo um maior conforto de assento compar\u00e1vel ao das sanitas alongadas normais.<\/li>\n\n\n\n<li><strong>Engenharia fi\u00e1vel e normalizada:<\/strong>O produto tem certifica\u00e7\u00e3o CE, garantindo a conformidade com as normas europeias de seguran\u00e7a e qualidade. A sua configura\u00e7\u00e3o de P-trap de 180 mm \u00e9 amplamente compat\u00edvel com os principais sistemas de suporte de parede, permitindo uma f\u00e1cil integra\u00e7\u00e3o e instala\u00e7\u00e3o.<\/li>\n\n\n\n<li><strong>Capacidades de personaliza\u00e7\u00e3o OEM e ODM: <\/strong>Oferecemos servi\u00e7os completos de OEM e ODM, suportando designs, log\u00f3tipos, embalagens, dimens\u00f5es, sistemas de descarga e acabamentos de vidros personalizados.<\/li>\n<\/ul>\n<\/div>\n\n\n\n<div class=\"wp-block-column is-layout-flow wp-block-column-is-layout-flow\">\n<figure class=\"wp-block-image size-full\"><img decoding=\"async\" width=\"1214\" height=\"737\" src=\"https:\/\/www.southvillabath.com\/wp-content\/uploads\/2026\/04\/Wholesale-Wall-Hung-Toilet-SH-010-2.jpg\" alt=\"\" class=\"wp-image-1291\" srcset=\"https:\/\/www.southvillabath.com\/wp-content\/uploads\/2026\/04\/Wholesale-Wall-Hung-Toilet-SH-010-2.jpg 1214w, https:\/\/www.southvillabath.com\/wp-content\/uploads\/2026\/04\/Wholesale-Wall-Hung-Toilet-SH-010-2-300x182.jpg 300w, https:\/\/www.southvillabath.com\/wp-content\/uploads\/2026\/04\/Wholesale-Wall-Hung-Toilet-SH-010-2-768x466.jpg 768w, https:\/\/www.southvillabath.com\/wp-content\/uploads\/2026\/04\/Wholesale-Wall-Hung-Toilet-SH-010-2-18x12.jpg 18w, https:\/\/www.southvillabath.com\/wp-content\/uploads\/2026\/04\/Wholesale-Wall-Hung-Toilet-SH-010-2-1200x729.jpg 1200w, https:\/\/www.southvillabath.com\/wp-content\/uploads\/2026\/04\/Wholesale-Wall-Hung-Toilet-SH-010-2-600x364.jpg 600w\" sizes=\"(max-width: 1214px) 100vw, 1214px\" \/><\/figure>\n<\/div>\n<\/div>","protected":false},"excerpt":{"rendered":"<p data-pm-slice=\"0 0 []\">A sanita suspensa SH-010 combina um design elegante e flutuante com um eficiente sistema de descarga sem rebordo para casas de banho modernas. A sua estrutura economizadora de espa\u00e7o aumenta a abertura visual, enquanto a superf\u00edcie lisa e f\u00e1cil de limpar garante uma higiene superior.<\/p>\n<p>Como profissional <a href=\"https:\/\/www.southvillabath.com\/pt\/\" target=\"_blank\" rel=\"noopener\"><strong>fabricante de sanitas<\/strong><\/a>, A nossa empresa fornece apoio abrangente OEM e ODM a parceiros B2B em todo o mundo.<\/p>\n<h2><strong><b>Sanita suspensa <\/b><\/strong><strong><b>Especifica\u00e7\u00e3o<\/b><\/strong><\/h2>\n<table>\n<tbody>\n<tr>\n<td><strong><b>Especifica\u00e7\u00e3o<\/b><\/strong><\/td>\n<td><strong><b>Detalhes<\/b><\/strong><\/td>\n<\/tr>\n<tr>\n<td>Modelo<\/td>\n<td>SH-010<\/td>\n<\/tr>\n<tr>\n<td>Tipo de sanita<\/td>\n<td>Sanita suspensa<\/td>\n<\/tr>\n<tr>\n<td>Tamanho<\/td>\n<td>555 mm x 360 mm x 360 mm<\/td>\n<\/tr>\n<tr>\n<td>Sistema de descarga<\/td>\n<td>Lavagem sem aro<\/td>\n<\/tr>\n<tr>\n<td>Carater\u00edstica do assento<\/td>\n<td>Assento com fecho suave<\/td>\n<\/tr>\n<tr>\n<td>Servi\u00e7o OEM e ODM<\/td>\n<td>Log\u00f3tipo, cores, embalagem, forma do produto e carater\u00edsticas personalizadas dispon\u00edveis<\/td>\n<\/tr>\n<tr>\n<td>Tipo de drenagem<\/td>\n<td>P-trap:180mm<\/td>\n<\/tr>\n<tr>\n<td>MOQ<\/td>\n<td>50 unidades, flex\u00edvel para discuss\u00e3o posterior<\/td>\n<\/tr>\n<\/tbody>\n<\/table>\n<p>\n<script src=\"chrome-extension:\/\/fpelahbljekknahkcaegamhcndkfpfnc\/iFrame.js\" type=\"text\/javascript\"><\/script><\/p>","protected":false},"featured_media":1290,"comment_status":"closed","ping_status":"closed","template":"","meta":{"_acf_changed":false},"product_brand":[],"product_cat":[19],"product_tag":[],"class_list":{"0":"post-1274","1":"product","2":"type-product","3":"status-publish","4":"has-post-thumbnail","6":"product_cat-wholesale-wall-hung-toilets","8":"first","9":"instock","10":"shipping-taxable","11":"product-type-simple"},"acf":[],"_links":{"self":[{"href":"https:\/\/www.southvillabath.com\/pt\/wp-json\/wp\/v2\/product\/1274","targetHints":{"allow":["GET"]}}],"collection":[{"href":"https:\/\/www.southvillabath.com\/pt\/wp-json\/wp\/v2\/product"}],"about":[{"href":"https:\/\/www.southvillabath.com\/pt\/wp-json\/wp\/v2\/types\/product"}],"replies":[{"embeddable":true,"href":"https:\/\/www.southvillabath.com\/pt\/wp-json\/wp\/v2\/comments?post=1274"}],"wp:featuredmedia":[{"embeddable":true,"href":"https:\/\/www.southvillabath.com\/pt\/wp-json\/wp\/v2\/media\/1290"}],"wp:attachment":[{"href":"https:\/\/www.southvillabath.com\/pt\/wp-json\/wp\/v2\/media?parent=1274"}],"wp:term":[{"taxonomy":"product_brand","embeddable":true,"href":"https:\/\/www.southvillabath.com\/pt\/wp-json\/wp\/v2\/product_brand?post=1274"},{"taxonomy":"product_cat","embeddable":true,"href":"https:\/\/www.southvillabath.com\/pt\/wp-json\/wp\/v2\/product_cat?post=1274"},{"taxonomy":"product_tag","embeddable":true,"href":"https:\/\/www.southvillabath.com\/pt\/wp-json\/wp\/v2\/product_tag?post=1274"}],"curies":[{"name":"wp","href":"https:\/\/api.w.org\/{rel}","templated":true}]}}