{"id":1270,"date":"2026-04-09T00:48:05","date_gmt":"2026-04-09T00:48:05","guid":{"rendered":"https:\/\/www.southvillabath.com\/?post_type=product&#038;p=1270"},"modified":"2026-04-09T03:38:14","modified_gmt":"2026-04-09T03:38:14","slug":"wholesale-high-quality-wall-hung-toilets","status":"publish","type":"product","link":"https:\/\/www.southvillabath.com\/pt\/product\/wholesale-high-quality-wall-hung-toilets\/","title":{"rendered":"Sanita suspensa por atacado SH-009 - Fabricante de sanitas suspensas de alta qualidade"},"content":{"rendered":"<div class=\"wp-block-columns is-layout-flex wp-container-core-columns-is-layout-9d6595d7 wp-block-columns-is-layout-flex\">\n<div class=\"wp-block-column is-layout-flow wp-block-column-is-layout-flow\">\n<h3 class=\"wp-block-heading\">Carater\u00edsticas da sanita suspensa<\/h3>\n\n\n\n<ul class=\"wp-block-list\">\n<li><strong> Fabrico de alta qualidade: <\/strong>Como fabricante de sanitas, as nossas sanitas suspensas s\u00e3o produzidas sob um rigoroso sistema de gest\u00e3o da qualidade para garantir durabilidade, fiabilidade e desempenho consistente do produto em encomendas em massa.<\/li>\n\n\n\n<li><strong>Design higi\u00e9nico sem aros: <\/strong>A sanita SH-009 possui um sistema avan\u00e7ado de descarga sem rebordo, garantindo que todo o vaso sanit\u00e1rio \u00e9 cuidadosamente limpo em cada descarga. Ao eliminar os contornos tradicionais, eliminamos os esconderijos para as bact\u00e9rias.<\/li>\n\n\n\n<li><strong>Certificado de durabilidade e qualidade: <\/strong>A sanita SH-009 tem certifica\u00e7\u00e3o CE e pode suportar uma utiliza\u00e7\u00e3o di\u00e1ria exigente. A sua constru\u00e7\u00e3o robusta em cer\u00e2mica e a sua geometria aerodin\u00e2mica garantem uma durabilidade a longo prazo.<\/li>\n\n\n\n<li><strong>Aplica\u00e7\u00e3o vers\u00e1til<\/strong>: Adequado para uma vasta gama de ambientes, incluindo edif\u00edcios residenciais, projectos de hotelaria e empreendimentos comerciais.<\/li>\n\n\n\n<li><strong>Fornecimento fi\u00e1vel da f\u00e1brica: <\/strong>Enquanto fabricante direto, oferecemos uma capacidade de produ\u00e7\u00e3o est\u00e1vel, pre\u00e7os competitivos e uma entrega fi\u00e1vel para encomendas por grosso e a granel.<\/li>\n<\/ul>\n<\/div>\n\n\n\n<div class=\"wp-block-column is-layout-flow wp-block-column-is-layout-flow\">\n<figure class=\"wp-block-image size-full\"><img decoding=\"async\" width=\"1211\" height=\"798\" src=\"https:\/\/www.southvillabath.com\/wp-content\/uploads\/2026\/04\/Wholesale-Wall-hung-Toilet-SH-009-2.jpg\" alt=\"\" class=\"wp-image-1285\" srcset=\"https:\/\/www.southvillabath.com\/wp-content\/uploads\/2026\/04\/Wholesale-Wall-hung-Toilet-SH-009-2.jpg 1211w, https:\/\/www.southvillabath.com\/wp-content\/uploads\/2026\/04\/Wholesale-Wall-hung-Toilet-SH-009-2-300x198.jpg 300w, https:\/\/www.southvillabath.com\/wp-content\/uploads\/2026\/04\/Wholesale-Wall-hung-Toilet-SH-009-2-768x506.jpg 768w, https:\/\/www.southvillabath.com\/wp-content\/uploads\/2026\/04\/Wholesale-Wall-hung-Toilet-SH-009-2-18x12.jpg 18w, https:\/\/www.southvillabath.com\/wp-content\/uploads\/2026\/04\/Wholesale-Wall-hung-Toilet-SH-009-2-1200x791.jpg 1200w, https:\/\/www.southvillabath.com\/wp-content\/uploads\/2026\/04\/Wholesale-Wall-hung-Toilet-SH-009-2-600x395.jpg 600w\" sizes=\"(max-width: 1211px) 100vw, 1211px\" \/><\/figure>\n<\/div>\n<\/div>","protected":false},"excerpt":{"rendered":"<p data-pm-slice=\"0 0 []\">Sanita de parede por atacado SH-009: Concebida para satisfazer a procura crescente nos mercados residencial e comercial de solu\u00e7\u00f5es de casa de banho modernas e economizadoras de espa\u00e7o. Como um produto especializado <a href=\"https:\/\/www.southvillabath.com\/pt\/\" target=\"_blank\" rel=\"noopener\"><strong>fabricante de sanitas<\/strong><\/a>, A SH-009 \u00e9 fabricada sob rigorosos padr\u00f5es de controlo de qualidade, dando \u00eanfase \u00e0 durabilidade e ao desempenho fi\u00e1vel. Ideal para distribuidores e importadores. Por favor, contacte-nos para obter cota\u00e7\u00f5es de pre\u00e7os a granel.<\/p>\n<h2><strong><b>Sanita suspensa <\/b><\/strong><strong><b>Especifica\u00e7\u00e3o<\/b><\/strong><\/h2>\n<table>\n<tbody>\n<tr>\n<td><strong><b>Especifica\u00e7\u00e3o<\/b><\/strong><\/td>\n<td><strong><b>Detalhes<\/b><\/strong><\/td>\n<\/tr>\n<tr>\n<td>Modelo<\/td>\n<td>SH-009<\/td>\n<\/tr>\n<tr>\n<td>Tipo de sanita<\/td>\n<td>Sanita suspensa<\/td>\n<\/tr>\n<tr>\n<td>Tamanho<\/td>\n<td>535 mm x 360 mm x 360 mm<\/td>\n<\/tr>\n<tr>\n<td>Sistema de descarga<\/td>\n<td>Lavagem sem aro<\/td>\n<\/tr>\n<tr>\n<td>Carater\u00edstica do assento<\/td>\n<td>Assento com fecho suave<\/td>\n<\/tr>\n<tr>\n<td>Servi\u00e7o OEM e ODM<\/td>\n<td>Log\u00f3tipo, cores, embalagem, forma do produto e carater\u00edsticas personalizadas dispon\u00edveis<\/td>\n<\/tr>\n<tr>\n<td>Tipo de drenagem<\/td>\n<td>P-trap:180mm<\/td>\n<\/tr>\n<tr>\n<td>MOQ<\/td>\n<td>50 unidades, flex\u00edvel para discuss\u00e3o posterior<\/td>\n<\/tr>\n<\/tbody>\n<\/table>\n<p>&nbsp;<\/p>\n<p>\n<script src=\"chrome-extension:\/\/fpelahbljekknahkcaegamhcndkfpfnc\/iFrame.js\" type=\"text\/javascript\"><\/script><\/p>","protected":false},"featured_media":1284,"comment_status":"closed","ping_status":"closed","template":"","meta":{"_acf_changed":false},"product_brand":[],"product_cat":[19],"product_tag":[],"class_list":{"0":"post-1270","1":"product","2":"type-product","3":"status-publish","4":"has-post-thumbnail","6":"product_cat-wholesale-wall-hung-toilets","8":"first","9":"instock","10":"shipping-taxable","11":"product-type-simple"},"acf":[],"_links":{"self":[{"href":"https:\/\/www.southvillabath.com\/pt\/wp-json\/wp\/v2\/product\/1270","targetHints":{"allow":["GET"]}}],"collection":[{"href":"https:\/\/www.southvillabath.com\/pt\/wp-json\/wp\/v2\/product"}],"about":[{"href":"https:\/\/www.southvillabath.com\/pt\/wp-json\/wp\/v2\/types\/product"}],"replies":[{"embeddable":true,"href":"https:\/\/www.southvillabath.com\/pt\/wp-json\/wp\/v2\/comments?post=1270"}],"wp:featuredmedia":[{"embeddable":true,"href":"https:\/\/www.southvillabath.com\/pt\/wp-json\/wp\/v2\/media\/1284"}],"wp:attachment":[{"href":"https:\/\/www.southvillabath.com\/pt\/wp-json\/wp\/v2\/media?parent=1270"}],"wp:term":[{"taxonomy":"product_brand","embeddable":true,"href":"https:\/\/www.southvillabath.com\/pt\/wp-json\/wp\/v2\/product_brand?post=1270"},{"taxonomy":"product_cat","embeddable":true,"href":"https:\/\/www.southvillabath.com\/pt\/wp-json\/wp\/v2\/product_cat?post=1270"},{"taxonomy":"product_tag","embeddable":true,"href":"https:\/\/www.southvillabath.com\/pt\/wp-json\/wp\/v2\/product_tag?post=1270"}],"curies":[{"name":"wp","href":"https:\/\/api.w.org\/{rel}","templated":true}]}}