{"id":1266,"date":"2026-04-09T00:59:23","date_gmt":"2026-04-09T00:59:23","guid":{"rendered":"https:\/\/www.southvillabath.com\/?post_type=product&#038;p=1266"},"modified":"2026-04-09T03:36:02","modified_gmt":"2026-04-09T03:36:02","slug":"wholesale-wall-hung-toilets-for-multiple-applications","status":"publish","type":"product","link":"https:\/\/www.southvillabath.com\/pt\/product\/wholesale-wall-hung-toilets-for-multiple-applications\/","title":{"rendered":"Fornecimento de f\u00e1brica Sanita suspensa na parede para lavagem SH-002 - Adequada para uma vasta gama de cen\u00e1rios de aplica\u00e7\u00e3o e projectos"},"content":{"rendered":"<div class=\"wp-block-columns is-layout-flex wp-container-core-columns-is-layout-9d6595d7 wp-block-columns-is-layout-flex\">\n<div class=\"wp-block-column is-layout-flow wp-block-column-is-layout-flow\">\n<h3 class=\"wp-block-heading\">Carater\u00edsticas da sanita suspensa<\/h3>\n\n\n\n<ul class=\"wp-block-list\">\n<li><strong>Adaptabilidade vers\u00e1til do projeto<\/strong>: A sanita suspensa SH-002 \u00e9 adequada para uma grande variedade de cen\u00e1rios e projectos, desde apartamentos altos a hot\u00e9is Four Seasons, oferecendo comodidade para poupar espa\u00e7o e limpeza f\u00e1cil.<\/li>\n\n\n\n<li><strong>Efici\u00eancia de espa\u00e7o maximizada: <\/strong>A configura\u00e7\u00e3o suspensa na parede \u00e9 ideal para renova\u00e7\u00f5es de pequenas dimens\u00f5es e microapartamentos. Levantar a unidade do ch\u00e3o cria uma sensa\u00e7\u00e3o de abertura e simplifica a manuten\u00e7\u00e3o da casa de banho para os gestores de instala\u00e7\u00f5es em ambientes comerciais.<\/li>\n\n\n\n<li><strong>Fiabilidade B2B a granel:<\/strong> Proporcionamos um fornecimento consistente e de grande volume a importadores e distribuidores. A nossa f\u00e1brica garante que todas as unidades cumprem as rigorosas normas CE, oferecendo a integridade estrutural necess\u00e1ria para uma utiliza\u00e7\u00e3o a longo prazo em ambientes hoteleiros e de retalho de elevado tr\u00e1fego.<\/li>\n<\/ul>\n<\/div>\n\n\n\n<div class=\"wp-block-column is-layout-flow wp-block-column-is-layout-flow\">\n<figure class=\"wp-block-image size-full\"><img decoding=\"async\" width=\"1211\" height=\"750\" src=\"https:\/\/www.southvillabath.com\/wp-content\/uploads\/2026\/04\/Wholesale-Wall-hung-Toilet-SH-002-2.jpg\" alt=\"\" class=\"wp-image-1269\" srcset=\"https:\/\/www.southvillabath.com\/wp-content\/uploads\/2026\/04\/Wholesale-Wall-hung-Toilet-SH-002-2.jpg 1211w, https:\/\/www.southvillabath.com\/wp-content\/uploads\/2026\/04\/Wholesale-Wall-hung-Toilet-SH-002-2-300x186.jpg 300w, https:\/\/www.southvillabath.com\/wp-content\/uploads\/2026\/04\/Wholesale-Wall-hung-Toilet-SH-002-2-768x476.jpg 768w, https:\/\/www.southvillabath.com\/wp-content\/uploads\/2026\/04\/Wholesale-Wall-hung-Toilet-SH-002-2-18x12.jpg 18w, https:\/\/www.southvillabath.com\/wp-content\/uploads\/2026\/04\/Wholesale-Wall-hung-Toilet-SH-002-2-1200x743.jpg 1200w, https:\/\/www.southvillabath.com\/wp-content\/uploads\/2026\/04\/Wholesale-Wall-hung-Toilet-SH-002-2-600x372.jpg 600w\" sizes=\"(max-width: 1211px) 100vw, 1211px\" \/><\/figure>\n<\/div>\n<\/div>","protected":false},"excerpt":{"rendered":"<p>Sanitas suspensas com lavagem por atacado - Diretamente da F\u00e1brica. A sanita suspensa SH-002 sem rebordo \u00e9 ideal para empreendimentos residenciais urbanos de alta densidade. Tem um desempenho igualmente bom no sector da hotelaria; o seu design \u201cflutuante\u201d facilita a limpeza r\u00e1pida do ch\u00e3o, enquanto a sanita sem rebordo garante padr\u00f5es de higiene superiores nos quartos de hotel. Contacte-nos para um or\u00e7amento.<\/p>\n<h2><strong><b>Sanita suspensa <\/b><\/strong><strong><b>Especifica\u00e7\u00e3o<\/b><\/strong><\/h2>\n<table>\n<tbody>\n<tr>\n<td><strong><b>Especifica\u00e7\u00e3o<\/b><\/strong><\/td>\n<td><strong><b>Detalhes<\/b><\/strong><\/td>\n<\/tr>\n<tr>\n<td>Modelo<\/td>\n<td>SH-002<\/td>\n<\/tr>\n<tr>\n<td>Tipo de sanita<\/td>\n<td>Sanita suspensa<\/td>\n<\/tr>\n<tr>\n<td>Tamanho<\/td>\n<td>490 mm x 360 mm x 360 mm<\/td>\n<\/tr>\n<tr>\n<td>Sistema de descarga<\/td>\n<td>Lavagem sem aro<\/td>\n<\/tr>\n<tr>\n<td>Carater\u00edstica do assento<\/td>\n<td>Assento com fecho suave<\/td>\n<\/tr>\n<tr>\n<td>Servi\u00e7o OEM e ODM<\/td>\n<td>Log\u00f3tipo, cores, embalagem, forma do produto e carater\u00edsticas personalizadas dispon\u00edveis<\/td>\n<\/tr>\n<tr>\n<td>Tipo de drenagem<\/td>\n<td>P-trap: 180mm<\/td>\n<\/tr>\n<tr>\n<td>MOQ<\/td>\n<td>50 unidades, flex\u00edvel para discuss\u00e3o posterior<\/td>\n<\/tr>\n<\/tbody>\n<\/table>\n<p>\n<script src=\"chrome-extension:\/\/fpelahbljekknahkcaegamhcndkfpfnc\/iFrame.js\" type=\"text\/javascript\"><\/script><\/p>","protected":false},"featured_media":1267,"comment_status":"closed","ping_status":"closed","template":"","meta":{"_acf_changed":false},"product_brand":[],"product_cat":[19],"product_tag":[],"class_list":{"0":"post-1266","1":"product","2":"type-product","3":"status-publish","4":"has-post-thumbnail","6":"product_cat-wholesale-wall-hung-toilets","8":"first","9":"instock","10":"shipping-taxable","11":"product-type-simple"},"acf":[],"_links":{"self":[{"href":"https:\/\/www.southvillabath.com\/pt\/wp-json\/wp\/v2\/product\/1266","targetHints":{"allow":["GET"]}}],"collection":[{"href":"https:\/\/www.southvillabath.com\/pt\/wp-json\/wp\/v2\/product"}],"about":[{"href":"https:\/\/www.southvillabath.com\/pt\/wp-json\/wp\/v2\/types\/product"}],"replies":[{"embeddable":true,"href":"https:\/\/www.southvillabath.com\/pt\/wp-json\/wp\/v2\/comments?post=1266"}],"wp:featuredmedia":[{"embeddable":true,"href":"https:\/\/www.southvillabath.com\/pt\/wp-json\/wp\/v2\/media\/1267"}],"wp:attachment":[{"href":"https:\/\/www.southvillabath.com\/pt\/wp-json\/wp\/v2\/media?parent=1266"}],"wp:term":[{"taxonomy":"product_brand","embeddable":true,"href":"https:\/\/www.southvillabath.com\/pt\/wp-json\/wp\/v2\/product_brand?post=1266"},{"taxonomy":"product_cat","embeddable":true,"href":"https:\/\/www.southvillabath.com\/pt\/wp-json\/wp\/v2\/product_cat?post=1266"},{"taxonomy":"product_tag","embeddable":true,"href":"https:\/\/www.southvillabath.com\/pt\/wp-json\/wp\/v2\/product_tag?post=1266"}],"curies":[{"name":"wp","href":"https:\/\/api.w.org\/{rel}","templated":true}]}}