{"id":1261,"date":"2026-04-12T09:06:26","date_gmt":"2026-04-12T09:06:26","guid":{"rendered":"https:\/\/www.southvillabath.com\/?post_type=product&#038;p=1261"},"modified":"2026-04-21T09:31:56","modified_gmt":"2026-04-21T09:31:56","slug":"wholesale-high-value-high-performance-toilet-factory","status":"publish","type":"product","link":"https:\/\/www.southvillabath.com\/pt\/product\/wholesale-high-value-high-performance-toilet-factory\/","title":{"rendered":"Sanita de duas pe\u00e7as por atacado SH-5102 - Alto desempenho, alta rela\u00e7\u00e3o custo-efic\u00e1cia, f\u00e1cil de promover"},"content":{"rendered":"<div class=\"wp-block-columns is-layout-flex wp-container-core-columns-is-layout-9d6595d7 wp-block-columns-is-layout-flex\">\n<div class=\"wp-block-column is-layout-flow wp-block-column-is-layout-flow\">\n<h3 class=\"wp-block-heading\">Carater\u00edsticas da sanita de duas pe\u00e7as<\/h3>\n\n\n\n<ul class=\"wp-block-list\">\n<li><strong>Custo-efic\u00e1cia l\u00edder de mercado:<\/strong> Atrav\u00e9s de processos de fabrico optimizados, oferecemos a SH-5102, uma sanita sem rebordo de gama m\u00e9dia a alta, concebida para proporcionar o melhor valor da ind\u00fastria. Como uma f\u00e1brica de sanitas de duas pe\u00e7as, oferecemos pre\u00e7os competitivos de f\u00e1brica.<\/li>\n\n\n\n<li><strong>Descarga sem aro de alto desempenho:<\/strong> Equipado com um sistema de lavagem avan\u00e7ado, este modelo proporciona uma descarga potente, silenciosa e eficiente em termos de \u00e1gua.<\/li>\n\n\n\n<li><strong>Est\u00e9tica f\u00e1cil de promover:<\/strong> Com o seu design minimalista, a SH-5102 \u00e9 intrinsecamente atractiva e alinha-se com as actuais tend\u00eancias de design de interiores. O seu design de duas pe\u00e7as oferece um pre\u00e7o mais competitivo em compara\u00e7\u00e3o com as sanitas de uma pe\u00e7a e simplifica a manuten\u00e7\u00e3o.<\/li>\n\n\n\n<li><strong>Higiene total com vidros antibacterianos: <\/strong>A sanita possui vidro antibacteriano autolimpante em todas as superf\u00edcies interiores e exteriores. Esta carater\u00edstica de baixa manuten\u00e7\u00e3o \u00e9 um fator chave para os nossos clientes B2B que servem hot\u00e9is, hospitais e apartamentos de luxo.<\/li>\n\n\n\n<li><strong>Conformidade global pronta a enviar: <\/strong>Com as marcas WaterMark e CE, esta unidade est\u00e1 pr\u00e9-aprovada para os principais mercados internacionais.<\/li>\n<\/ul>\n<\/div>\n\n\n\n<div class=\"wp-block-column is-layout-flow wp-block-column-is-layout-flow\">\n<figure class=\"wp-block-image size-full\"><img decoding=\"async\" width=\"728\" height=\"924\" src=\"https:\/\/www.southvillabath.com\/wp-content\/uploads\/2026\/04\/wholesale-two-piece-toilet-SH-5102-2.jpg\" alt=\"\" class=\"wp-image-1263\" srcset=\"https:\/\/www.southvillabath.com\/wp-content\/uploads\/2026\/04\/wholesale-two-piece-toilet-SH-5102-2.jpg 728w, https:\/\/www.southvillabath.com\/wp-content\/uploads\/2026\/04\/wholesale-two-piece-toilet-SH-5102-2-236x300.jpg 236w, https:\/\/www.southvillabath.com\/wp-content\/uploads\/2026\/04\/wholesale-two-piece-toilet-SH-5102-2-9x12.jpg 9w, https:\/\/www.southvillabath.com\/wp-content\/uploads\/2026\/04\/wholesale-two-piece-toilet-SH-5102-2-600x762.jpg 600w\" sizes=\"(max-width: 728px) 100vw, 728px\" \/><\/figure>\n<\/div>\n<\/div>","protected":false},"excerpt":{"rendered":"<p>A sanita sem rebordo de duas pe\u00e7as SH-5102 foi especificamente concebida para os mercados grossista e retalhista de casas de banho altamente competitivos. Este produto atinge um equil\u00edbrio \u00f3timo entre um elevado desempenho e um valor excecional. Como profissional <a href=\"https:\/\/www.southvillabath.com\/pt\/categoria-produto\/wholesale-two-piece-toilets\/\" target=\"_blank\" rel=\"noopener\"><strong>fabricante de sanita de duas pe\u00e7as por atacado<\/strong><\/a>, A nossa empresa, que \u00e9 uma empresa de vendas por grosso, permite que os compradores a granel ofere\u00e7am pre\u00e7os de retalho competitivos, mantendo ao mesmo tempo margens de lucro saud\u00e1veis.<\/p>\n<h2><strong><b>Sanita de duas pe\u00e7as <\/b><\/strong><strong><b>Especifica\u00e7\u00e3o<\/b><\/strong><\/h2>\n<table>\n<tbody>\n<tr>\n<td><strong><b>Especifica\u00e7\u00e3o<\/b><\/strong><\/td>\n<td><strong><b>Detalhes<\/b><\/strong><\/td>\n<\/tr>\n<tr>\n<td>Modelo<\/td>\n<td>SH-5102<\/td>\n<\/tr>\n<tr>\n<td>Tipo de sanita<\/td>\n<td>Sanita de duas pe\u00e7as<\/td>\n<\/tr>\n<tr>\n<td>Tamanho<\/td>\n<td>620 mm x 365 mm x 830 mm<\/td>\n<\/tr>\n<tr>\n<td>Sistema de descarga<\/td>\n<td>\n<p>Lavagem sem aro<\/p>\n<\/td>\n<\/tr>\n<tr>\n<td>Carater\u00edstica do assento<\/td>\n<td>Assento com fecho suave<\/td>\n<\/tr>\n<tr>\n<td>Servi\u00e7o OEM e ODM<\/td>\n<td>Log\u00f3tipo, cores, embalagem, forma do produto e carater\u00edsticas personalizadas dispon\u00edveis<\/td>\n<\/tr>\n<tr>\n<td>Tipo de drenagem<\/td>\n<td>P-trap: 180mm; S-trap: 100\/250mm<\/td>\n<\/tr>\n<tr>\n<td>MOQ<\/td>\n<td>50 unidades, flex\u00edvel para discuss\u00e3o posterior<\/td>\n<\/tr>\n<\/tbody>\n<\/table>\n<p>&nbsp;<\/p>\n<p>\n<script src=\"chrome-extension:\/\/fpelahbljekknahkcaegamhcndkfpfnc\/iFrame.js\" type=\"text\/javascript\"><\/script><\/p>","protected":false},"featured_media":1262,"comment_status":"closed","ping_status":"closed","template":"","meta":{"_acf_changed":false},"product_brand":[],"product_cat":[18],"product_tag":[],"class_list":{"0":"post-1261","1":"product","2":"type-product","3":"status-publish","4":"has-post-thumbnail","6":"product_cat-wholesale-two-piece-toilets","8":"first","9":"instock","10":"shipping-taxable","11":"product-type-simple"},"acf":[],"_links":{"self":[{"href":"https:\/\/www.southvillabath.com\/pt\/wp-json\/wp\/v2\/product\/1261","targetHints":{"allow":["GET"]}}],"collection":[{"href":"https:\/\/www.southvillabath.com\/pt\/wp-json\/wp\/v2\/product"}],"about":[{"href":"https:\/\/www.southvillabath.com\/pt\/wp-json\/wp\/v2\/types\/product"}],"replies":[{"embeddable":true,"href":"https:\/\/www.southvillabath.com\/pt\/wp-json\/wp\/v2\/comments?post=1261"}],"wp:featuredmedia":[{"embeddable":true,"href":"https:\/\/www.southvillabath.com\/pt\/wp-json\/wp\/v2\/media\/1262"}],"wp:attachment":[{"href":"https:\/\/www.southvillabath.com\/pt\/wp-json\/wp\/v2\/media?parent=1261"}],"wp:term":[{"taxonomy":"product_brand","embeddable":true,"href":"https:\/\/www.southvillabath.com\/pt\/wp-json\/wp\/v2\/product_brand?post=1261"},{"taxonomy":"product_cat","embeddable":true,"href":"https:\/\/www.southvillabath.com\/pt\/wp-json\/wp\/v2\/product_cat?post=1261"},{"taxonomy":"product_tag","embeddable":true,"href":"https:\/\/www.southvillabath.com\/pt\/wp-json\/wp\/v2\/product_tag?post=1261"}],"curies":[{"name":"wp","href":"https:\/\/api.w.org\/{rel}","templated":true}]}}