{"id":1258,"date":"2026-04-12T09:07:40","date_gmt":"2026-04-12T09:07:40","guid":{"rendered":"https:\/\/www.southvillabath.com\/?post_type=product&#038;p=1258"},"modified":"2026-04-21T09:33:15","modified_gmt":"2026-04-21T09:33:15","slug":"factory-wholesale-best-selling-two-piece-toilets","status":"publish","type":"product","link":"https:\/\/www.southvillabath.com\/pt\/product\/factory-wholesale-best-selling-two-piece-toilets\/","title":{"rendered":"Sanita de duas pe\u00e7as de forma redonda SH-5101 - Sanita de venda quente"},"content":{"rendered":"<div class=\"wp-block-columns is-layout-flex wp-container-core-columns-is-layout-9d6595d7 wp-block-columns-is-layout-flex\">\n<div class=\"wp-block-column is-layout-flow wp-block-column-is-layout-flow\">\n<h3 class=\"wp-block-heading\">Carater\u00edsticas da sanita de duas pe\u00e7as<\/h3>\n\n\n\n<ul class=\"wp-block-list\">\n<li><strong>Um best-seller comprovado pelo mercado: <\/strong>O SH-5101 \u00e9 o nosso modelo com maior procura a n\u00edvel mundial, oferecendo aos grossistas uma op\u00e7\u00e3o de invent\u00e1rio de baixo risco e elevado retorno com um historial comprovado de vendas r\u00e1pidas nos canais de retalho e de projeto.<\/li>\n\n\n\n<li><strong>Tecnologia de alta efici\u00eancia sem aro:<\/strong> O design sem rebordo \u00e9 o principal fator de popularidade do SH-5101, oferecendo uma descarga de 360 graus que alcan\u00e7a cada cent\u00edmetro da sanita. Isto elimina a acumula\u00e7\u00e3o de bact\u00e9rias e reduz a necessidade de produtos de limpeza qu\u00edmicos agressivos.<\/li>\n\n\n\n<li><strong>Vidros Premium Antibacterianos: <\/strong>Cada unidade \u00e9 acabada com um esmalte autolimpante especializado e tubagem interna com revestimento antibacteriano. Isto evita a ader\u00eancia de res\u00edduos e garante que a sanita se mant\u00e9m higi\u00e9nica e sem odores, mesmo em ambientes p\u00fablicos ou comerciais de utiliza\u00e7\u00e3o intensiva.<\/li>\n\n\n\n<li><strong>Produ\u00e7\u00e3o de f\u00e1brica escal\u00e1vel e OEM: <\/strong>Como fabricante de sanit\u00e1rios, mantemos uma elevada capacidade de produ\u00e7\u00e3o para o SH-5101, garantindo um fornecimento est\u00e1vel para encomendas a granel.<\/li>\n<\/ul>\n<\/div>\n\n\n\n<div class=\"wp-block-column is-layout-flow wp-block-column-is-layout-flow\">\n<figure class=\"wp-block-image size-full\"><img decoding=\"async\" width=\"728\" height=\"924\" src=\"https:\/\/www.southvillabath.com\/wp-content\/uploads\/2026\/04\/wholesale-two-piece-toilet-SH-5101-2.jpg\" alt=\"\" class=\"wp-image-1260\" srcset=\"https:\/\/www.southvillabath.com\/wp-content\/uploads\/2026\/04\/wholesale-two-piece-toilet-SH-5101-2.jpg 728w, https:\/\/www.southvillabath.com\/wp-content\/uploads\/2026\/04\/wholesale-two-piece-toilet-SH-5101-2-236x300.jpg 236w, https:\/\/www.southvillabath.com\/wp-content\/uploads\/2026\/04\/wholesale-two-piece-toilet-SH-5101-2-9x12.jpg 9w, https:\/\/www.southvillabath.com\/wp-content\/uploads\/2026\/04\/wholesale-two-piece-toilet-SH-5101-2-600x762.jpg 600w\" sizes=\"(max-width: 728px) 100vw, 728px\" \/><\/figure>\n<\/div>\n<\/div>","protected":false},"excerpt":{"rendered":"<p>Sanita de duas pe\u00e7as por atacado. Como uma das nossas s\u00e9ries mais vendidas, a sanita de lavagem SH-5101 continua a estabelecer novos recordes para o volume de exporta\u00e7\u00e3o global. Gra\u00e7as \u00e0 sua excecional tecnologia Rimless de topo de gama, ao design do al\u00e7ap\u00e3o interno revestido a vidro e \u00e0s carater\u00edsticas de poupan\u00e7a de \u00e1gua, este produto ganhou grande popularidade entre os compradores B2B de todo o mundo. O SH-5101 \u00e9 a escolha ideal para importadores e grossistas a n\u00edvel global, e tamb\u00e9m atrai empreiteiros de renova\u00e7\u00e3o e promotores imobili\u00e1rios de grande escala. Se tiver alguma necessidade de projeto, n\u00e3o hesite em contactar-nos.<\/p>\n<h2><strong><b>Sanita de duas pe\u00e7as <\/b><\/strong><strong><b>Especifica\u00e7\u00e3o<\/b><\/strong><\/h2>\n<table>\n<tbody>\n<tr>\n<td><strong><b>Especifica\u00e7\u00e3o<\/b><\/strong><\/td>\n<td><strong><b>Detalhes<\/b><\/strong><\/td>\n<\/tr>\n<tr>\n<td>Modelo<\/td>\n<td>SH-5101<\/td>\n<\/tr>\n<tr>\n<td>Tipo de sanita<\/td>\n<td>Sanita de duas pe\u00e7as<\/td>\n<\/tr>\n<tr>\n<td>Tamanho<\/td>\n<td>620 mm x 365 mm x 830 mm<\/td>\n<\/tr>\n<tr>\n<td>Sistema de descarga<\/td>\n<td>\n<p>Lavagem sem aro<\/p>\n<\/td>\n<\/tr>\n<tr>\n<td>Carater\u00edstica do assento<\/td>\n<td>Assento com fecho suave<\/td>\n<\/tr>\n<tr>\n<td>Servi\u00e7o OEM e ODM<\/td>\n<td>Log\u00f3tipo, cores, embalagem, forma do produto e carater\u00edsticas personalizadas dispon\u00edveis<\/td>\n<\/tr>\n<tr>\n<td>Tipo de drenagem<\/td>\n<td>P-trap: 180mm \/ S-trap: 100\/250mm<\/td>\n<\/tr>\n<tr>\n<td>MOQ<\/td>\n<td>50 unidades, flex\u00edvel para discuss\u00e3o posterior<\/td>\n<\/tr>\n<\/tbody>\n<\/table>\n<p>&nbsp;<\/p>\n<p>&nbsp;<\/p>\n<p>\n<script src=\"chrome-extension:\/\/fpelahbljekknahkcaegamhcndkfpfnc\/iFrame.js\" type=\"text\/javascript\"><\/script><\/p>","protected":false},"featured_media":1259,"comment_status":"closed","ping_status":"closed","template":"","meta":{"_acf_changed":false},"product_brand":[],"product_cat":[18],"product_tag":[],"class_list":{"0":"post-1258","1":"product","2":"type-product","3":"status-publish","4":"has-post-thumbnail","6":"product_cat-wholesale-two-piece-toilets","8":"first","9":"instock","10":"shipping-taxable","11":"product-type-simple"},"acf":[],"_links":{"self":[{"href":"https:\/\/www.southvillabath.com\/pt\/wp-json\/wp\/v2\/product\/1258","targetHints":{"allow":["GET"]}}],"collection":[{"href":"https:\/\/www.southvillabath.com\/pt\/wp-json\/wp\/v2\/product"}],"about":[{"href":"https:\/\/www.southvillabath.com\/pt\/wp-json\/wp\/v2\/types\/product"}],"replies":[{"embeddable":true,"href":"https:\/\/www.southvillabath.com\/pt\/wp-json\/wp\/v2\/comments?post=1258"}],"wp:featuredmedia":[{"embeddable":true,"href":"https:\/\/www.southvillabath.com\/pt\/wp-json\/wp\/v2\/media\/1259"}],"wp:attachment":[{"href":"https:\/\/www.southvillabath.com\/pt\/wp-json\/wp\/v2\/media?parent=1258"}],"wp:term":[{"taxonomy":"product_brand","embeddable":true,"href":"https:\/\/www.southvillabath.com\/pt\/wp-json\/wp\/v2\/product_brand?post=1258"},{"taxonomy":"product_cat","embeddable":true,"href":"https:\/\/www.southvillabath.com\/pt\/wp-json\/wp\/v2\/product_cat?post=1258"},{"taxonomy":"product_tag","embeddable":true,"href":"https:\/\/www.southvillabath.com\/pt\/wp-json\/wp\/v2\/product_tag?post=1258"}],"curies":[{"name":"wp","href":"https:\/\/api.w.org\/{rel}","templated":true}]}}