{"id":1216,"date":"2026-04-13T10:24:54","date_gmt":"2026-04-13T10:24:54","guid":{"rendered":"https:\/\/www.southvillabath.com\/?post_type=product&#038;p=1216"},"modified":"2026-04-22T06:36:18","modified_gmt":"2026-04-22T06:36:18","slug":"one-piece-rimless-washdown-toilet-manufacturer","status":"publish","type":"product","link":"https:\/\/www.southvillabath.com\/pt\/product\/one-piece-rimless-washdown-toilet-manufacturer\/","title":{"rendered":"Retrete moderna de uma pe\u00e7a sem rebordo para lavagem - Fabricante de retretes a granel"},"content":{"rendered":"<div class=\"wp-block-columns is-layout-flex wp-container-core-columns-is-layout-9d6595d7 wp-block-columns-is-layout-flex\">\n<div class=\"wp-block-column is-layout-flow wp-block-column-is-layout-flow\">\n<h3 class=\"wp-block-heading\">Sanita de uma pe\u00e7a para lavagem Carater\u00edsticas<\/h3>\n\n\n\n<ul class=\"wp-block-list\">\n<li><strong>Sistema de lavagem eficiente: <\/strong>Designed for direct and effective flushing, the washdown system ensures reliable waste removal while maintaining water efficiency and consistent performance.<\/li>\n\n\n\n<li><strong>One-Piece Modern Construction: <\/strong>The integrated one-piece design enhances durability and reduces installation complexity, while offering a sleek, contemporary look for modern bathrooms.<\/li>\n\n\n\n<li><strong>Design higi\u00e9nico sem aro: <\/strong>The rimless bowl structure minimizes bacteria buildup and makes daily cleaning easier, improving overall hygiene standards for residential and commercial use.<\/li>\n\n\n\n<li><strong>Ideal for Bulk Supply Projects: <\/strong>Our wholesale toilet is designed for wholesalers, retailers, and project contractors, optimized for large-scale sourcing and international distribution.<\/li>\n<\/ul>\n<\/div>\n\n\n\n<div class=\"wp-block-column is-layout-flow wp-block-column-is-layout-flow\">\n<figure class=\"wp-block-image size-full\"><img decoding=\"async\" width=\"748\" height=\"929\" src=\"https:\/\/www.southvillabath.com\/wp-content\/uploads\/2026\/03\/Wholesale-one-piece-toilet-SH-6615-dimension.jpg\" alt=\"\" class=\"wp-image-1218\" srcset=\"https:\/\/www.southvillabath.com\/wp-content\/uploads\/2026\/03\/Wholesale-one-piece-toilet-SH-6615-dimension.jpg 748w, https:\/\/www.southvillabath.com\/wp-content\/uploads\/2026\/03\/Wholesale-one-piece-toilet-SH-6615-dimension-242x300.jpg 242w, https:\/\/www.southvillabath.com\/wp-content\/uploads\/2026\/03\/Wholesale-one-piece-toilet-SH-6615-dimension-10x12.jpg 10w, https:\/\/www.southvillabath.com\/wp-content\/uploads\/2026\/03\/Wholesale-one-piece-toilet-SH-6615-dimension-600x745.jpg 600w\" sizes=\"(max-width: 748px) 100vw, 748px\" \/><\/figure>\n<\/div>\n<\/div>","protected":false},"excerpt":{"rendered":"<p>A SH-6615 \u00e9 uma sanita de lavagem de pe\u00e7a \u00fanica de gama m\u00e9dia a alta, concebida para satisfazer os elevados padr\u00f5es dos grossistas, promotores e importadores profissionais internacionais. O seu design sem moldura elimina os cantos ocultos onde a sujidade e as bact\u00e9rias se acumulam frequentemente, resultando numa limpeza mais eficaz e numa melhor higiene.<\/p>\n<p>Como um fabricante profissional de sanita, oferecemos uma capacidade de produ\u00e7\u00e3o est\u00e1vel e um controlo de qualidade rigoroso durante todo o processo. As compras a granel s\u00e3o bem-vindas.<\/p>\n<h2><strong><b>Sanita de uma s\u00f3 pe\u00e7a <\/b><\/strong><strong><b>Especifica\u00e7\u00e3o<\/b><\/strong><\/h2>\n<table>\n<tbody>\n<tr>\n<td><strong><b>Especifica\u00e7\u00e3o<\/b><\/strong><\/td>\n<td><strong><b>Detalhes<\/b><\/strong><\/td>\n<\/tr>\n<tr>\n<td>Modelo<\/td>\n<td>SH-6615<\/td>\n<\/tr>\n<tr>\n<td>Tipo de sanita<\/td>\n<td>Sanita de uma s\u00f3 pe\u00e7a<\/td>\n<\/tr>\n<tr>\n<td>Tamanho<\/td>\n<td>700 mm x 375 mm x 760 mm<\/td>\n<\/tr>\n<tr>\n<td>Sistema de descarga<\/td>\n<td>Lavagem sem aro<\/td>\n<\/tr>\n<tr>\n<td>Carater\u00edstica do assento<\/td>\n<td>Assento com fecho suave<\/td>\n<\/tr>\n<tr>\n<td>Servi\u00e7o OEM e ODM<\/td>\n<td>Log\u00f3tipo, cores, embalagem, forma do produto e carater\u00edsticas personalizadas dispon\u00edveis<\/td>\n<\/tr>\n<tr>\n<td>Tipo de drenagem<\/td>\n<td>P-trap: 180mm \/ S-trap: 250mm<\/td>\n<\/tr>\n<tr>\n<td>MOQ<\/td>\n<td>50 unidades, flex\u00edvel para discuss\u00e3o posterior<\/td>\n<\/tr>\n<\/tbody>\n<\/table>\n<p>&nbsp;<\/p>\n<p>&nbsp;<\/p>\n<p>\n<script src=\"chrome-extension:\/\/fpelahbljekknahkcaegamhcndkfpfnc\/iFrame.js\" type=\"text\/javascript\"><\/script><\/p>","protected":false},"featured_media":1217,"comment_status":"closed","ping_status":"closed","template":"","meta":{"_acf_changed":false},"product_brand":[],"product_cat":[17,36],"product_tag":[],"class_list":{"0":"post-1216","1":"product","2":"type-product","3":"status-publish","4":"has-post-thumbnail","6":"product_cat-wholesale-one-piece-toilets","7":"product_cat-wholesale-washdown-one-piece-toilets","9":"first","10":"instock","11":"shipping-taxable","12":"product-type-simple"},"acf":[],"_links":{"self":[{"href":"https:\/\/www.southvillabath.com\/pt\/wp-json\/wp\/v2\/product\/1216","targetHints":{"allow":["GET"]}}],"collection":[{"href":"https:\/\/www.southvillabath.com\/pt\/wp-json\/wp\/v2\/product"}],"about":[{"href":"https:\/\/www.southvillabath.com\/pt\/wp-json\/wp\/v2\/types\/product"}],"replies":[{"embeddable":true,"href":"https:\/\/www.southvillabath.com\/pt\/wp-json\/wp\/v2\/comments?post=1216"}],"wp:featuredmedia":[{"embeddable":true,"href":"https:\/\/www.southvillabath.com\/pt\/wp-json\/wp\/v2\/media\/1217"}],"wp:attachment":[{"href":"https:\/\/www.southvillabath.com\/pt\/wp-json\/wp\/v2\/media?parent=1216"}],"wp:term":[{"taxonomy":"product_brand","embeddable":true,"href":"https:\/\/www.southvillabath.com\/pt\/wp-json\/wp\/v2\/product_brand?post=1216"},{"taxonomy":"product_cat","embeddable":true,"href":"https:\/\/www.southvillabath.com\/pt\/wp-json\/wp\/v2\/product_cat?post=1216"},{"taxonomy":"product_tag","embeddable":true,"href":"https:\/\/www.southvillabath.com\/pt\/wp-json\/wp\/v2\/product_tag?post=1216"}],"curies":[{"name":"wp","href":"https:\/\/api.w.org\/{rel}","templated":true}]}}