{"id":1211,"date":"2026-04-13T09:45:45","date_gmt":"2026-04-13T09:45:45","guid":{"rendered":"https:\/\/www.southvillabath.com\/?post_type=product&#038;p=1211"},"modified":"2026-04-14T01:07:20","modified_gmt":"2026-04-14T01:07:20","slug":"wholesale-one-piece-toilet-supplier-with-quality-assurance","status":"publish","type":"product","link":"https:\/\/www.southvillabath.com\/pt\/product\/wholesale-one-piece-toilet-supplier-with-quality-assurance\/","title":{"rendered":"Fornecedor grossista de sanita de uma pe\u00e7a sem aro - Apoio \u00e0 capacidade de produ\u00e7\u00e3o em grande escala e garantia de alta qualidade - SH-6107"},"content":{"rendered":"<div class=\"wp-block-columns is-layout-flex wp-container-core-columns-is-layout-9d6595d7 wp-block-columns-is-layout-flex\">\n<div class=\"wp-block-column is-layout-flow wp-block-column-is-layout-flow\">\n<h3 class=\"wp-block-heading\"><\/h3>\n\n\n\n<h3 class=\"wp-block-heading\">Washdown One-piece Toilet Features<\/h3>\n\n\n\n<ul class=\"wp-block-list\">\n<li><strong>One-Piece Modern Construction: <\/strong>The seamless one-piece design enhances durability, reduces leakage risks, and provides a sleek, contemporary look suitable for modern bathrooms.<\/li>\n\n\n\n<li><strong>Design higi\u00e9nico sem aro: <\/strong>The rimless structure eliminates hard-to-clean edges, improving sanitation and making routine cleaning faster and more efficient for end users.<\/li>\n\n\n\n<li><strong>Large-Scale Production Capacity: <\/strong>Our efficient production lines ensure stable capacity and rapid turnaround, supporting large-volume orders and global distribution needs.<\/li>\n\n\n\n<li><strong>Solu\u00e7\u00f5es flex\u00edveis de OEM e ODM: <\/strong>As a professional factory, we support flexible OEM and ODM solutions, offering a wide range of customization options, including logo application, packaging design, and product detailing.<\/li>\n<\/ul>\n<\/div>\n\n\n\n<div class=\"wp-block-column is-layout-flow wp-block-column-is-layout-flow\">\n<figure class=\"wp-block-image size-full\"><img decoding=\"async\" width=\"724\" height=\"931\" src=\"https:\/\/www.southvillabath.com\/wp-content\/uploads\/2026\/03\/Wholesale-one-piece-toilet-SH-6107-dimension.jpg\" alt=\"\" class=\"wp-image-1213\" srcset=\"https:\/\/www.southvillabath.com\/wp-content\/uploads\/2026\/03\/Wholesale-one-piece-toilet-SH-6107-dimension.jpg 724w, https:\/\/www.southvillabath.com\/wp-content\/uploads\/2026\/03\/Wholesale-one-piece-toilet-SH-6107-dimension-233x300.jpg 233w, https:\/\/www.southvillabath.com\/wp-content\/uploads\/2026\/03\/Wholesale-one-piece-toilet-SH-6107-dimension-9x12.jpg 9w, https:\/\/www.southvillabath.com\/wp-content\/uploads\/2026\/03\/Wholesale-one-piece-toilet-SH-6107-dimension-600x772.jpg 600w\" sizes=\"(max-width: 724px) 100vw, 724px\" \/><\/figure>\n<\/div>\n<\/div>","protected":false},"excerpt":{"rendered":"<p>As a professional toilet supplier from China, our modern one-piece edgeless bidet toilets are designed to meet the ever-changing demands of the international hygiene products market. The edgeless design enhances cleanliness by eliminating the traditional inner rim, allowing water to more effectively rinse the entire surface of the bowl.<\/p>\n<p>As a direct-selling manufacturer, we offer flexible OEM and ODM services, along with reliable production and logistics support to help wholesalers, distributors, and importers build stable supply chains.<\/p>\n<h2><strong><b>Sanita de uma s\u00f3 pe\u00e7a <\/b><\/strong><strong><b>Especifica\u00e7\u00e3o<\/b><\/strong><\/h2>\n<table style=\"height: 244px;\" width=\"656\">\n<tbody>\n<tr>\n<td><strong><b>Especifica\u00e7\u00e3o<\/b><\/strong><\/td>\n<td><strong><b>Detalhes<\/b><\/strong><\/td>\n<\/tr>\n<tr>\n<td>Modelo<\/td>\n<td>SH-6107<\/td>\n<\/tr>\n<tr>\n<td>Tipo de sanita<\/td>\n<td>Sanita de uma s\u00f3 pe\u00e7a<\/td>\n<\/tr>\n<tr>\n<td>Tamanho<\/td>\n<td>670mm x 400mm x 730mm<\/td>\n<\/tr>\n<tr>\n<td>Sistema de descarga<\/td>\n<td>Lavagem sem aro<\/td>\n<\/tr>\n<tr>\n<td>Carater\u00edstica do assento<\/td>\n<td>Assento com fecho suave<\/td>\n<\/tr>\n<tr>\n<td>Servi\u00e7o OEM e ODM<\/td>\n<td>Log\u00f3tipo, cores, embalagem, forma do produto e carater\u00edsticas personalizadas dispon\u00edveis<\/td>\n<\/tr>\n<tr>\n<td>Tipo de drenagem<\/td>\n<td>P-trap: 180mm \/ S-trap: 250mm<\/td>\n<\/tr>\n<tr>\n<td>MOQ<\/td>\n<td>50 unidades, flex\u00edvel para discuss\u00e3o posterior<\/td>\n<\/tr>\n<\/tbody>\n<\/table>\n<p>&nbsp;<\/p>\n<p>\n<script src=\"chrome-extension:\/\/fpelahbljekknahkcaegamhcndkfpfnc\/iFrame.js\" type=\"text\/javascript\"><\/script><\/p>","protected":false},"featured_media":1212,"comment_status":"closed","ping_status":"closed","template":"","meta":{"_acf_changed":false},"product_brand":[],"product_cat":[17],"product_tag":[],"class_list":{"0":"post-1211","1":"product","2":"type-product","3":"status-publish","4":"has-post-thumbnail","6":"product_cat-wholesale-one-piece-toilets","8":"first","9":"instock","10":"shipping-taxable","11":"product-type-simple"},"acf":[],"_links":{"self":[{"href":"https:\/\/www.southvillabath.com\/pt\/wp-json\/wp\/v2\/product\/1211","targetHints":{"allow":["GET"]}}],"collection":[{"href":"https:\/\/www.southvillabath.com\/pt\/wp-json\/wp\/v2\/product"}],"about":[{"href":"https:\/\/www.southvillabath.com\/pt\/wp-json\/wp\/v2\/types\/product"}],"replies":[{"embeddable":true,"href":"https:\/\/www.southvillabath.com\/pt\/wp-json\/wp\/v2\/comments?post=1211"}],"wp:featuredmedia":[{"embeddable":true,"href":"https:\/\/www.southvillabath.com\/pt\/wp-json\/wp\/v2\/media\/1212"}],"wp:attachment":[{"href":"https:\/\/www.southvillabath.com\/pt\/wp-json\/wp\/v2\/media?parent=1211"}],"wp:term":[{"taxonomy":"product_brand","embeddable":true,"href":"https:\/\/www.southvillabath.com\/pt\/wp-json\/wp\/v2\/product_brand?post=1211"},{"taxonomy":"product_cat","embeddable":true,"href":"https:\/\/www.southvillabath.com\/pt\/wp-json\/wp\/v2\/product_cat?post=1211"},{"taxonomy":"product_tag","embeddable":true,"href":"https:\/\/www.southvillabath.com\/pt\/wp-json\/wp\/v2\/product_tag?post=1211"}],"curies":[{"name":"wp","href":"https:\/\/api.w.org\/{rel}","templated":true}]}}