{"id":1199,"date":"2026-04-13T10:22:49","date_gmt":"2026-04-13T10:22:49","guid":{"rendered":"https:\/\/www.southvillabath.com\/?post_type=product&#038;p=1199"},"modified":"2026-04-22T06:38:08","modified_gmt":"2026-04-22T06:38:08","slug":"bulk-rimless-washdown-one-piece-toilet-manufacturer","status":"publish","type":"product","link":"https:\/\/www.southvillabath.com\/pt\/product\/bulk-rimless-washdown-one-piece-toilet-manufacturer\/","title":{"rendered":"Sanita moderna de uma pe\u00e7a sem rebordo para lavagem a granel - Fabricante direto por atacado"},"content":{"rendered":"<div class=\"wp-block-columns is-layout-flex wp-container-core-columns-is-layout-9d6595d7 wp-block-columns-is-layout-flex\">\n<div class=\"wp-block-column is-layout-flow wp-block-column-is-layout-flow\">\n<h3 class=\"wp-block-heading\">Carater\u00edsticas<\/h3>\n\n\n\n<ul class=\"wp-block-list\">\n<li><strong>Sistema de lavagem higi\u00e9nico sem aro:<\/strong> O SH-6617 apresenta um design moderno de ta\u00e7a sem rebordo que facilita um fluxo de \u00e1gua mais eficiente e potente.<\/li>\n\n\n\n<li><strong>Compatibilidade de instala\u00e7\u00e3o dupla:<\/strong> Compreendendo as diversas necessidades dos importadores globais, este modelo foi concebido para ser vers\u00e1til, com um coletor P de 180 mm e um coletor S de 250 mm. Esta dupla compatibilidade garante a conformidade com as especifica\u00e7\u00f5es t\u00e9cnicas de v\u00e1rios c\u00f3digos de constru\u00e7\u00e3o regionais.<\/li>\n\n\n\n<li><strong>Solu\u00e7\u00f5es flex\u00edveis de OEM e ODM: <\/strong>As op\u00e7\u00f5es de personaliza\u00e7\u00e3o incluem a aplica\u00e7\u00e3o do log\u00f3tipo, o design da embalagem e o detalhe do produto, ajudando as empresas a adaptarem-se \u00e0s diversas exig\u00eancias do mercado.<\/li>\n\n\n\n<li><strong>Optimizado para distribui\u00e7\u00e3o a granel: <\/strong>Concebidas para o fornecimento a granel, as nossas casas de banho grossistas satisfazem as necessidades dos importadores e dos compradores de projectos que procuram produtos fi\u00e1veis com disponibilidade escal\u00e1vel.<\/li>\n<\/ul>\n<\/div>\n\n\n\n<div class=\"wp-block-column is-layout-flow wp-block-column-is-layout-flow\">\n<figure class=\"wp-block-image size-full\"><img decoding=\"async\" width=\"728\" height=\"924\" src=\"https:\/\/www.southvillabath.com\/wp-content\/uploads\/2026\/03\/Wholesale-one-piece-toilet-SH-6617-dimension.jpg\" alt=\"\" class=\"wp-image-1221\" srcset=\"https:\/\/www.southvillabath.com\/wp-content\/uploads\/2026\/03\/Wholesale-one-piece-toilet-SH-6617-dimension.jpg 728w, https:\/\/www.southvillabath.com\/wp-content\/uploads\/2026\/03\/Wholesale-one-piece-toilet-SH-6617-dimension-236x300.jpg 236w, https:\/\/www.southvillabath.com\/wp-content\/uploads\/2026\/03\/Wholesale-one-piece-toilet-SH-6617-dimension-9x12.jpg 9w, https:\/\/www.southvillabath.com\/wp-content\/uploads\/2026\/03\/Wholesale-one-piece-toilet-SH-6617-dimension-600x762.jpg 600w\" sizes=\"(max-width: 728px) 100vw, 728px\" \/><\/figure>\n<\/div>\n<\/div>","protected":false},"excerpt":{"rendered":"<p>Sanita de uma s\u00f3 pe\u00e7a sem rebordo para lavagem por atacado. Com um design elegante, a sua estrutura interna apresenta tubos de vidro antibacterianos, reduzindo significativamente o risco de entupimentos e odores.<\/p>\n<p>Como fabricante de venda direta, oferecemos pre\u00e7os competitivos e controlo total sobre a qualidade da produ\u00e7\u00e3o. Aceitamos OEM e ODM. Quer necessite de uma marca espec\u00edfica ou de uma embalagem personalizada para o seu mercado local, fornecemos servi\u00e7os de fabrico de qualidade superior. Contacte-nos hoje.<\/p>\n<h2><strong><b>Sanita de uma s\u00f3 pe\u00e7a <\/b><\/strong><strong><b>Especifica\u00e7\u00e3o<\/b><\/strong><\/h2>\n<table>\n<tbody>\n<tr>\n<td><strong><b>Especifica\u00e7\u00e3o<\/b><\/strong><\/td>\n<td><strong><b>Detalhes<\/b><\/strong><\/td>\n<\/tr>\n<tr>\n<td>Modelo<\/td>\n<td>SH-6617<\/td>\n<\/tr>\n<tr>\n<td>Tipo de sanita<\/td>\n<td>Sanita de uma s\u00f3 pe\u00e7a<\/td>\n<\/tr>\n<tr>\n<td>Tamanho<\/td>\n<td>665 mm x 365 mm x 750 mm<\/td>\n<\/tr>\n<tr>\n<td>Sistema de descarga<\/td>\n<td>Lavagem sem aro<\/td>\n<\/tr>\n<tr>\n<td>Carater\u00edstica do assento<\/td>\n<td>Assento com fecho suave<\/td>\n<\/tr>\n<tr>\n<td>Servi\u00e7o OEM e ODM<\/td>\n<td>Log\u00f3tipo, cores, embalagem, forma do produto e carater\u00edsticas personalizadas dispon\u00edveis<\/td>\n<\/tr>\n<tr>\n<td>Tipo de drenagem<\/td>\n<td>P-trap: 180mm \/ S-trap: 250mm<\/td>\n<\/tr>\n<tr>\n<td>MOQ<\/td>\n<td>50 unidades, flex\u00edvel para discuss\u00e3o posterior<\/td>\n<\/tr>\n<\/tbody>\n<\/table>\n<p>&nbsp;<\/p>\n<p>\n<script src=\"chrome-extension:\/\/fpelahbljekknahkcaegamhcndkfpfnc\/iFrame.js\" type=\"text\/javascript\"><\/script><\/p>","protected":false},"featured_media":1220,"comment_status":"closed","ping_status":"closed","template":"","meta":{"_acf_changed":false},"product_brand":[],"product_cat":[17,36],"product_tag":[],"class_list":{"0":"post-1199","1":"product","2":"type-product","3":"status-publish","4":"has-post-thumbnail","6":"product_cat-wholesale-one-piece-toilets","7":"product_cat-wholesale-washdown-one-piece-toilets","9":"first","10":"instock","11":"shipping-taxable","12":"product-type-simple"},"acf":[],"_links":{"self":[{"href":"https:\/\/www.southvillabath.com\/pt\/wp-json\/wp\/v2\/product\/1199","targetHints":{"allow":["GET"]}}],"collection":[{"href":"https:\/\/www.southvillabath.com\/pt\/wp-json\/wp\/v2\/product"}],"about":[{"href":"https:\/\/www.southvillabath.com\/pt\/wp-json\/wp\/v2\/types\/product"}],"replies":[{"embeddable":true,"href":"https:\/\/www.southvillabath.com\/pt\/wp-json\/wp\/v2\/comments?post=1199"}],"wp:featuredmedia":[{"embeddable":true,"href":"https:\/\/www.southvillabath.com\/pt\/wp-json\/wp\/v2\/media\/1220"}],"wp:attachment":[{"href":"https:\/\/www.southvillabath.com\/pt\/wp-json\/wp\/v2\/media?parent=1199"}],"wp:term":[{"taxonomy":"product_brand","embeddable":true,"href":"https:\/\/www.southvillabath.com\/pt\/wp-json\/wp\/v2\/product_brand?post=1199"},{"taxonomy":"product_cat","embeddable":true,"href":"https:\/\/www.southvillabath.com\/pt\/wp-json\/wp\/v2\/product_cat?post=1199"},{"taxonomy":"product_tag","embeddable":true,"href":"https:\/\/www.southvillabath.com\/pt\/wp-json\/wp\/v2\/product_tag?post=1199"}],"curies":[{"name":"wp","href":"https:\/\/api.w.org\/{rel}","templated":true}]}}