{"id":1198,"date":"2026-04-13T10:23:20","date_gmt":"2026-04-13T10:23:20","guid":{"rendered":"https:\/\/www.southvillabath.com\/?post_type=product&#038;p=1198"},"modified":"2026-04-22T06:37:56","modified_gmt":"2026-04-22T06:37:56","slug":"bulk-washdown-one-piece-toilet","status":"publish","type":"product","link":"https:\/\/www.southvillabath.com\/pt\/product\/bulk-washdown-one-piece-toilet\/","title":{"rendered":"Sanita de uma pe\u00e7a para lavagem por atacado SH-6616 Design de lavagem de alta efici\u00eancia com vidros autolimpantes"},"content":{"rendered":"<div class=\"wp-block-columns is-layout-flex wp-container-core-columns-is-layout-9d6595d7 wp-block-columns-is-layout-flex\">\n<div class=\"wp-block-column is-layout-flow wp-block-column-is-layout-flow\">\n<h3 class=\"wp-block-heading\">Carater\u00edsticas da sanita de uma s\u00f3 pe\u00e7a<\/h3>\n\n\n\n<ul class=\"wp-block-list\">\n<li><strong>Tecnologia avan\u00e7ada de higiene sem aros:<\/strong> A SH-6616 utiliza um sistema de lavagem sem rebordo que garante uma descarga potente e sem salpicos. Ao remover o rebordo, a sanita \u00e9 significativamente mais f\u00e1cil de limpar.<\/li>\n\n\n\n<li><strong>Versatilidade de instala\u00e7\u00e3o de sif\u00e3o duplo:<\/strong> Concebido para o mercado internacional, este modelo apresenta op\u00e7\u00f5es de desbaste flex\u00edveis. Acomoda tanto um coletor P a 180 mm como um coletor S a 250 mm, permitindo que os importadores a granel satisfa\u00e7am diversos requisitos de canaliza\u00e7\u00e3o em diferentes regi\u00f5es com uma \u00fanica linha de produtos.<\/li>\n\n\n\n<li><strong>Vidros autolimpantes antibacterianos:<\/strong> Cada unidade \u00e9 acabada com um esmalte autolimpante especializado e um tubo interno com tratamento antibacteriano.<\/li>\n\n\n\n<li><strong>Solu\u00e7\u00f5es OEM\/ODM escal\u00e1veis:<\/strong> Como fornecedor dedicado, oferecemos servi\u00e7os de personaliza\u00e7\u00e3o abrangentes, desde a rotulagem privada a requisitos de embalagem espec\u00edficos para o com\u00e9rcio eletr\u00f3nico ou o retalho tradicional.<\/li>\n<\/ul>\n<\/div>\n\n\n\n<div class=\"wp-block-column is-layout-flow wp-block-column-is-layout-flow\">\n<figure class=\"wp-block-image size-full\"><img decoding=\"async\" width=\"737\" height=\"867\" src=\"https:\/\/www.southvillabath.com\/wp-content\/uploads\/2026\/03\/Wholesale-one-piece-toilet-SH-6616-dimension.jpg\" alt=\"\" class=\"wp-image-1210\" srcset=\"https:\/\/www.southvillabath.com\/wp-content\/uploads\/2026\/03\/Wholesale-one-piece-toilet-SH-6616-dimension.jpg 737w, https:\/\/www.southvillabath.com\/wp-content\/uploads\/2026\/03\/Wholesale-one-piece-toilet-SH-6616-dimension-255x300.jpg 255w, https:\/\/www.southvillabath.com\/wp-content\/uploads\/2026\/03\/Wholesale-one-piece-toilet-SH-6616-dimension-10x12.jpg 10w, https:\/\/www.southvillabath.com\/wp-content\/uploads\/2026\/03\/Wholesale-one-piece-toilet-SH-6616-dimension-600x706.jpg 600w\" sizes=\"(max-width: 737px) 100vw, 737px\" \/><\/figure>\n<\/div>\n<\/div>","protected":false},"excerpt":{"rendered":"<p>Sanita de uma s\u00f3 pe\u00e7a para venda por grosso. A SH-6616 apresenta um design sofisticado sem rebordo, que elimina o rebordo interior tradicional onde as bact\u00e9rias e o calc\u00e1rio se acumulam normalmente. Esta tecnologia \u201cWashdown Rimless\u201d, associada ao nosso vidro autolimpante patenteado, garante uma descarga de alta velocidade que cobre cada cent\u00edmetro da sanita, mantendo a efici\u00eancia da \u00e1gua.<\/p>\n<h2><strong><b>Sanita de uma s\u00f3 pe\u00e7a <\/b><\/strong><strong><b>Especifica\u00e7\u00e3o<\/b><\/strong><\/h2>\n<table>\n<tbody>\n<tr>\n<td><strong><b>Especifica\u00e7\u00e3o<\/b><\/strong><\/td>\n<td><strong><b>Detalhes<\/b><\/strong><\/td>\n<\/tr>\n<tr>\n<td>Modelo<\/td>\n<td>SH-6616<\/td>\n<\/tr>\n<tr>\n<td>Tipo de sanita<\/td>\n<td>Sanita de uma s\u00f3 pe\u00e7a<\/td>\n<\/tr>\n<tr>\n<td>Tamanho<\/td>\n<td>690 mm x 375 mm x 785 mm<\/td>\n<\/tr>\n<tr>\n<td>Sistema de descarga<\/td>\n<td>\n<p>Lavagem sem aro<\/p>\n<\/td>\n<\/tr>\n<tr>\n<td>Carater\u00edstica do assento<\/td>\n<td>Assento com fecho suave<\/td>\n<\/tr>\n<tr>\n<td>Servi\u00e7o OEM e ODM<\/td>\n<td>Log\u00f3tipo, cores, embalagem, forma do produto e carater\u00edsticas personalizadas dispon\u00edveis<\/td>\n<\/tr>\n<tr>\n<td>Tipo de drenagem<\/td>\n<td>Coletor P:180mm \/ Coletor S: 250mm<\/td>\n<\/tr>\n<tr>\n<td>MOQ<\/td>\n<td>50 unidades, flex\u00edvel para discuss\u00e3o posterior<\/td>\n<\/tr>\n<\/tbody>\n<\/table>\n<p>&nbsp;<\/p>\n<p>\n<script src=\"chrome-extension:\/\/fpelahbljekknahkcaegamhcndkfpfnc\/iFrame.js\" type=\"text\/javascript\"><\/script><\/p>","protected":false},"featured_media":1209,"comment_status":"closed","ping_status":"closed","template":"","meta":{"_acf_changed":false},"product_brand":[],"product_cat":[17,36],"product_tag":[],"class_list":{"0":"post-1198","1":"product","2":"type-product","3":"status-publish","4":"has-post-thumbnail","6":"product_cat-wholesale-one-piece-toilets","7":"product_cat-wholesale-washdown-one-piece-toilets","9":"first","10":"instock","11":"shipping-taxable","12":"product-type-simple"},"acf":[],"_links":{"self":[{"href":"https:\/\/www.southvillabath.com\/pt\/wp-json\/wp\/v2\/product\/1198","targetHints":{"allow":["GET"]}}],"collection":[{"href":"https:\/\/www.southvillabath.com\/pt\/wp-json\/wp\/v2\/product"}],"about":[{"href":"https:\/\/www.southvillabath.com\/pt\/wp-json\/wp\/v2\/types\/product"}],"replies":[{"embeddable":true,"href":"https:\/\/www.southvillabath.com\/pt\/wp-json\/wp\/v2\/comments?post=1198"}],"wp:featuredmedia":[{"embeddable":true,"href":"https:\/\/www.southvillabath.com\/pt\/wp-json\/wp\/v2\/media\/1209"}],"wp:attachment":[{"href":"https:\/\/www.southvillabath.com\/pt\/wp-json\/wp\/v2\/media?parent=1198"}],"wp:term":[{"taxonomy":"product_brand","embeddable":true,"href":"https:\/\/www.southvillabath.com\/pt\/wp-json\/wp\/v2\/product_brand?post=1198"},{"taxonomy":"product_cat","embeddable":true,"href":"https:\/\/www.southvillabath.com\/pt\/wp-json\/wp\/v2\/product_cat?post=1198"},{"taxonomy":"product_tag","embeddable":true,"href":"https:\/\/www.southvillabath.com\/pt\/wp-json\/wp\/v2\/product_tag?post=1198"}],"curies":[{"name":"wp","href":"https:\/\/api.w.org\/{rel}","templated":true}]}}