{"id":1188,"date":"2026-04-13T10:21:58","date_gmt":"2026-04-13T10:21:58","guid":{"rendered":"https:\/\/www.southvillabath.com\/?post_type=product&#038;p=1188"},"modified":"2026-04-22T06:38:15","modified_gmt":"2026-04-22T06:38:15","slug":"wholesale-rimless-washdown-one-piece-toilet","status":"publish","type":"product","link":"https:\/\/www.southvillabath.com\/pt\/product\/wholesale-rimless-washdown-one-piece-toilet\/","title":{"rendered":"Retalho de sanita de uma pe\u00e7a sem rebordo SH-6618 - S\u00e9rie mais vendida"},"content":{"rendered":"<div class=\"wp-block-columns is-layout-flex wp-container-core-columns-is-layout-9d6595d7 wp-block-columns-is-layout-flex\">\n<div class=\"wp-block-column is-layout-flow wp-block-column-is-layout-flow\">\n<h3 class=\"wp-block-heading\">Washdown One-piece Toilet Features<\/h3>\n\n\n\n<ul class=\"wp-block-list\">\n<li><strong>Rimless washdown flushing system:<\/strong> A modern open-rim design that improves water flow coverage inside the bowl, ensuring more efficient cleaning and higher hygiene standards with every flush.<\/li>\n\n\n\n<li><strong>Self-clean glazing surface:<\/strong> The specially treated ceramic glaze reduces waste adhesion on the bowl surface, making daily cleaning easier and helping maintain a polished appearance over time.<\/li>\n\n\n\n<li><strong>Antibacterial glazed piping: <\/strong>Internal trapway glazing helps inhibit bacterial growth and odor formation, supporting improved sanitation performance in long-term usage environments.<\/li>\n\n\n\n<li><strong>Modern one-piece construction: <\/strong>Seamless tank-and-bowl integration creates a clean, contemporary look while simplifying installation and reducing potential leakage points.<\/li>\n\n\n\n<li><strong>OEM\/ODM customization support:<\/strong> Our Factory provides flexible customization options including logo branding, packaging design, and product adjustments for different market needs.<\/li>\n<\/ul>\n<\/div>\n\n\n\n<div class=\"wp-block-column is-layout-flow wp-block-column-is-layout-flow\">\n<figure class=\"wp-block-image size-full\"><img decoding=\"async\" width=\"726\" height=\"888\" src=\"https:\/\/www.southvillabath.com\/wp-content\/uploads\/2026\/03\/Wholesale-one-piece-toilet-SH-6618-dimension.jpg\" alt=\"\" class=\"wp-image-1223\" srcset=\"https:\/\/www.southvillabath.com\/wp-content\/uploads\/2026\/03\/Wholesale-one-piece-toilet-SH-6618-dimension.jpg 726w, https:\/\/www.southvillabath.com\/wp-content\/uploads\/2026\/03\/Wholesale-one-piece-toilet-SH-6618-dimension-245x300.jpg 245w, https:\/\/www.southvillabath.com\/wp-content\/uploads\/2026\/03\/Wholesale-one-piece-toilet-SH-6618-dimension-10x12.jpg 10w, https:\/\/www.southvillabath.com\/wp-content\/uploads\/2026\/03\/Wholesale-one-piece-toilet-SH-6618-dimension-600x734.jpg 600w\" sizes=\"(max-width: 726px) 100vw, 726px\" \/><\/figure>\n<\/div>\n<\/div>","protected":false},"excerpt":{"rendered":"<p>Wholesale rimless washdown one piece toilet.The SH-6618 features a design that eliminates traditional edges, thereby removing the hidden areas where bacteria and limescale typically accumulate; this ensures a more hygienic environment and minimizes maintenance costs.<\/p>\n<h2><strong><b>Sanita de uma s\u00f3 pe\u00e7a <\/b><\/strong><strong><b>Especifica\u00e7\u00e3o<\/b><\/strong><\/h2>\n<table>\n<tbody>\n<tr>\n<td><strong><b>Especifica\u00e7\u00e3o<\/b><\/strong><\/td>\n<td><strong><b>Detalhes<\/b><\/strong><\/td>\n<\/tr>\n<tr>\n<td>Modelo<\/td>\n<td>SH-6618<\/td>\n<\/tr>\n<tr>\n<td>Tipo de sanita<\/td>\n<td>Sanita de uma s\u00f3 pe\u00e7a<\/td>\n<\/tr>\n<tr>\n<td>Tamanho<\/td>\n<td>675mm x 370mm x 750mm<\/td>\n<\/tr>\n<tr>\n<td>Sistema de descarga<\/td>\n<td>Lavagem sem aro<\/td>\n<\/tr>\n<tr>\n<td>Carater\u00edstica do assento<\/td>\n<td>Assento com fecho suave<\/td>\n<\/tr>\n<tr>\n<td>Servi\u00e7o OEM e ODM<\/td>\n<td>Log\u00f3tipo, cores, embalagem, forma do produto e carater\u00edsticas personalizadas dispon\u00edveis<\/td>\n<\/tr>\n<tr>\n<td>Tipo de drenagem<\/td>\n<td>Coletor P:180mm \/ Coletor S: 250mm<\/td>\n<\/tr>\n<tr>\n<td>MOQ<\/td>\n<td>50 unidades, flex\u00edvel para discuss\u00e3o posterior<\/td>\n<\/tr>\n<\/tbody>\n<\/table>\n<p>&nbsp;<\/p>\n<p>\n<script src=\"chrome-extension:\/\/fpelahbljekknahkcaegamhcndkfpfnc\/iFrame.js\" type=\"text\/javascript\"><\/script><\/p>","protected":false},"featured_media":1222,"comment_status":"closed","ping_status":"closed","template":"","meta":{"_acf_changed":false},"product_brand":[],"product_cat":[17,36],"product_tag":[],"class_list":{"0":"post-1188","1":"product","2":"type-product","3":"status-publish","4":"has-post-thumbnail","6":"product_cat-wholesale-one-piece-toilets","7":"product_cat-wholesale-washdown-one-piece-toilets","9":"first","10":"instock","11":"shipping-taxable","12":"product-type-simple"},"acf":[],"_links":{"self":[{"href":"https:\/\/www.southvillabath.com\/pt\/wp-json\/wp\/v2\/product\/1188","targetHints":{"allow":["GET"]}}],"collection":[{"href":"https:\/\/www.southvillabath.com\/pt\/wp-json\/wp\/v2\/product"}],"about":[{"href":"https:\/\/www.southvillabath.com\/pt\/wp-json\/wp\/v2\/types\/product"}],"replies":[{"embeddable":true,"href":"https:\/\/www.southvillabath.com\/pt\/wp-json\/wp\/v2\/comments?post=1188"}],"wp:featuredmedia":[{"embeddable":true,"href":"https:\/\/www.southvillabath.com\/pt\/wp-json\/wp\/v2\/media\/1222"}],"wp:attachment":[{"href":"https:\/\/www.southvillabath.com\/pt\/wp-json\/wp\/v2\/media?parent=1188"}],"wp:term":[{"taxonomy":"product_brand","embeddable":true,"href":"https:\/\/www.southvillabath.com\/pt\/wp-json\/wp\/v2\/product_brand?post=1188"},{"taxonomy":"product_cat","embeddable":true,"href":"https:\/\/www.southvillabath.com\/pt\/wp-json\/wp\/v2\/product_cat?post=1188"},{"taxonomy":"product_tag","embeddable":true,"href":"https:\/\/www.southvillabath.com\/pt\/wp-json\/wp\/v2\/product_tag?post=1188"}],"curies":[{"name":"wp","href":"https:\/\/api.w.org\/{rel}","templated":true}]}}