{"id":1181,"date":"2026-04-13T10:29:55","date_gmt":"2026-04-13T10:29:55","guid":{"rendered":"https:\/\/www.southvillabath.com\/?post_type=product&#038;p=1181"},"modified":"2026-04-22T06:31:32","modified_gmt":"2026-04-22T06:31:32","slug":"wholesale-one-piece-toilets-for-your-brand","status":"publish","type":"product","link":"https:\/\/www.southvillabath.com\/pt\/product\/wholesale-one-piece-toilets-for-your-brand\/","title":{"rendered":"Sanita de uma pe\u00e7a por atacado SH-276 - Design moderno e arrojado em forma de diamante"},"content":{"rendered":"<div class=\"wp-block-columns is-layout-flex wp-container-core-columns-is-layout-9d6595d7 wp-block-columns-is-layout-flex\">\n<div class=\"wp-block-column is-layout-flow wp-block-column-is-layout-flow\">\n<h3 class=\"wp-block-heading\">Carater\u00edsticas da sanita de uma s\u00f3 pe\u00e7a<\/h3>\n\n\n\n<ul class=\"wp-block-list\">\n<li><strong>Design Premium Posicionamento: <\/strong>A apar\u00eancia \u00fanica e moderna desta sanita aumenta o valor percebido do produto, ajudando os retalhistas, distribuidores e marcas a expandir-se para o mercado de gama m\u00e9dia-alta.<\/li>\n\n\n\n<li><strong>Aumentar a vantagem e a rentabilidade: <\/strong>A nossa sanita em forma de diamante proporciona uma diferencia\u00e7\u00e3o clara e imediata. Esta singularidade ajuda os grossistas, distribuidores e retalhistas a evitar compara\u00e7\u00f5es diretas de pre\u00e7os, concentrando-se em melhorar o valor do design em vez de competir diretamente.<\/li>\n\n\n\n<li><strong>Ideal para projectos comerciais de alto n\u00edvel:<\/strong> O seu design elegante torna-o adequado para hot\u00e9is boutique, resorts de luxo e espa\u00e7os comerciais de topo de gama.<\/li>\n\n\n\n<li><strong>Constru\u00e7\u00e3o de uma s\u00f3 pe\u00e7a que poupa espa\u00e7o: <\/strong>O design integrado do dep\u00f3sito e da ta\u00e7a n\u00e3o s\u00f3 apresenta um aspeto elegante, como tamb\u00e9m elimina as fendas onde a sujidade e as bact\u00e9rias se acumulam frequentemente, facilitando a limpeza.<\/li>\n\n\n\n<li><strong>Sistema de lavagem eficiente: <\/strong>Equipada com um sistema fi\u00e1vel de descarga por lavagem, a sanita proporciona um fluxo de \u00e1gua potente e direto para uma remo\u00e7\u00e3o eficaz dos res\u00edduos.<\/li>\n<\/ul>\n<\/div>\n\n\n\n<div class=\"wp-block-column is-layout-flow wp-block-column-is-layout-flow\">\n<figure class=\"wp-block-image size-full\"><img decoding=\"async\" width=\"1139\" height=\"823\" src=\"https:\/\/www.southvillabath.com\/wp-content\/uploads\/2026\/03\/Wholesale-one-piece-toilet-SH-276-dimension-1.jpg\" alt=\"\" class=\"wp-image-1180\" srcset=\"https:\/\/www.southvillabath.com\/wp-content\/uploads\/2026\/03\/Wholesale-one-piece-toilet-SH-276-dimension-1.jpg 1139w, https:\/\/www.southvillabath.com\/wp-content\/uploads\/2026\/03\/Wholesale-one-piece-toilet-SH-276-dimension-1-300x217.jpg 300w, https:\/\/www.southvillabath.com\/wp-content\/uploads\/2026\/03\/Wholesale-one-piece-toilet-SH-276-dimension-1-768x555.jpg 768w, https:\/\/www.southvillabath.com\/wp-content\/uploads\/2026\/03\/Wholesale-one-piece-toilet-SH-276-dimension-1-18x12.jpg 18w, https:\/\/www.southvillabath.com\/wp-content\/uploads\/2026\/03\/Wholesale-one-piece-toilet-SH-276-dimension-1-600x434.jpg 600w\" sizes=\"(max-width: 1139px) 100vw, 1139px\" \/><\/figure>\n<\/div>\n<\/div>","protected":false},"excerpt":{"rendered":"<p>Estas sanitas por atacado apresentam um design geom\u00e9trico arrojado em forma de diamante, rompendo com as formas arredondadas tradicionais para melhorar a imagem de marca da sua sanita e atrair clientes que valorizam a singularidade e o estilo. No mercado altamente competitivo das casas de banho, o design inovador \u00e9 um fator diferenciador fundamental. O SH-276 oferece-lhe uma linha de produtos \u00fanica para melhorar as margens de lucro.<\/p>\n<p>Como<a href=\"https:\/\/www.southvillabath.com\/pt\/\" target=\"_blank\" rel=\"noopener\"><strong> fabricante de sanitas<\/strong><\/a>, Se a nossa empresa \u00e9 uma marca global, convidamos marcas globais, retalhistas e distribuidores a contactar-nos para obter cota\u00e7\u00f5es de f\u00e1brica.<\/p>\n<h2><strong><b>Sanita de uma s\u00f3 pe\u00e7a <\/b><\/strong><strong><b>Especifica\u00e7\u00e3o<\/b><\/strong><\/h2>\n<table>\n<tbody>\n<tr>\n<td><strong><b>Especifica\u00e7\u00e3o<\/b><\/strong><\/td>\n<td><strong><b>Detalhes<\/b><\/strong><\/td>\n<\/tr>\n<tr>\n<td>Modelo<\/td>\n<td>SH-276<\/td>\n<\/tr>\n<tr>\n<td>Tipo de sanita<\/td>\n<td>Sanita de duas pe\u00e7as<\/td>\n<\/tr>\n<tr>\n<td>Tamanho<\/td>\n<td>700 mm x 370 mm x 835 mm<\/td>\n<\/tr>\n<tr>\n<td>Sistema de descarga<\/td>\n<td>Jato de lavagem<\/td>\n<\/tr>\n<tr>\n<td>Carater\u00edstica do assento<\/td>\n<td>Assento com fecho suave<\/td>\n<\/tr>\n<tr>\n<td>Servi\u00e7o OEM e ODM<\/td>\n<td>Log\u00f3tipo, cores, embalagem, forma do produto e carater\u00edsticas personalizadas dispon\u00edveis<\/td>\n<\/tr>\n<tr>\n<td>Tipo de drenagem<\/td>\n<td>\nSif\u00e3o\/Sif\u00e3o: 300\/400mm<br \/>\nLavagem\/Purgat\u00f3rio: 180mm<br \/>\nLavagem\/Sif\u00e3o: 250mm\n<\/td>\n<\/tr>\n<tr>\n<td>MOQ<\/td>\n<td>50 unidades, flex\u00edvel para discuss\u00e3o posterior<\/td>\n<\/tr>\n<\/tbody>\n<\/table>\n<p>&nbsp;<\/p>\n<p>&nbsp;<\/p>\n<p>&nbsp;<\/p>","protected":false},"featured_media":1178,"comment_status":"closed","ping_status":"closed","template":"","meta":{"_acf_changed":true},"product_brand":[],"product_cat":[17,36],"product_tag":[],"class_list":{"0":"post-1181","1":"product","2":"type-product","3":"status-publish","4":"has-post-thumbnail","6":"product_cat-wholesale-one-piece-toilets","7":"product_cat-wholesale-washdown-one-piece-toilets","9":"first","10":"instock","11":"shipping-taxable","12":"product-type-simple"},"acf":[],"_links":{"self":[{"href":"https:\/\/www.southvillabath.com\/pt\/wp-json\/wp\/v2\/product\/1181","targetHints":{"allow":["GET"]}}],"collection":[{"href":"https:\/\/www.southvillabath.com\/pt\/wp-json\/wp\/v2\/product"}],"about":[{"href":"https:\/\/www.southvillabath.com\/pt\/wp-json\/wp\/v2\/types\/product"}],"replies":[{"embeddable":true,"href":"https:\/\/www.southvillabath.com\/pt\/wp-json\/wp\/v2\/comments?post=1181"}],"wp:featuredmedia":[{"embeddable":true,"href":"https:\/\/www.southvillabath.com\/pt\/wp-json\/wp\/v2\/media\/1178"}],"wp:attachment":[{"href":"https:\/\/www.southvillabath.com\/pt\/wp-json\/wp\/v2\/media?parent=1181"}],"wp:term":[{"taxonomy":"product_brand","embeddable":true,"href":"https:\/\/www.southvillabath.com\/pt\/wp-json\/wp\/v2\/product_brand?post=1181"},{"taxonomy":"product_cat","embeddable":true,"href":"https:\/\/www.southvillabath.com\/pt\/wp-json\/wp\/v2\/product_cat?post=1181"},{"taxonomy":"product_tag","embeddable":true,"href":"https:\/\/www.southvillabath.com\/pt\/wp-json\/wp\/v2\/product_tag?post=1181"}],"curies":[{"name":"wp","href":"https:\/\/api.w.org\/{rel}","templated":true}]}}