{"id":1159,"date":"2026-04-13T11:46:14","date_gmt":"2026-04-13T11:46:14","guid":{"rendered":"https:\/\/www.southvillabath.com\/?post_type=product&#038;p=1159"},"modified":"2026-04-22T06:28:32","modified_gmt":"2026-04-22T06:28:32","slug":"wholesale-modern-washdown-one-piece-toilet","status":"publish","type":"product","link":"https:\/\/www.southvillabath.com\/pt\/product\/wholesale-modern-washdown-one-piece-toilet\/","title":{"rendered":"Retrete moderna de uma pe\u00e7a por atacado SH-285 - F\u00e1brica de sanitas profissionais na China"},"content":{"rendered":"<div class=\"wp-block-columns is-layout-flex wp-container-core-columns-is-layout-9d6595d7 wp-block-columns-is-layout-flex\">\n<div class=\"wp-block-column is-layout-flow wp-block-column-is-layout-flow\">\n<h3 class=\"wp-block-heading\">Sanita moderna de uma pe\u00e7a para lavagem Carater\u00edsticas<\/h3>\n\n\n\n<ul class=\"wp-block-list\">\n<li><strong>Moderno e est\u00e9tico: <\/strong>Design moderno de uma s\u00f3 pe\u00e7a que melhora a est\u00e9tica da casa de banho, proporcionando uma estrutura sem costuras, reduzindo as juntas e melhorando a limpeza visual geral para espa\u00e7os contempor\u00e2neos.<\/li>\n\n\n\n<li><strong>Superf\u00edcie lisa<\/strong>: Constru\u00e7\u00e3o de superf\u00edcie cer\u00e2mica lisa que \u00e9 f\u00e1cil de limpar e manter, tornando-a adequada para cen\u00e1rios de utiliza\u00e7\u00e3o com muito tr\u00e1fego, como hot\u00e9is e instala\u00e7\u00f5es p\u00fablicas.<\/li>\n\n\n\n<li><strong>Personaliza\u00e7\u00e3o B2B e suporte OEM:<\/strong> Enquanto fornecedor experiente, oferecemos op\u00e7\u00f5es de personaliza\u00e7\u00e3o alargadas. Desde marcas e log\u00f3tipos personalizados a requisitos de embalagem espec\u00edficos para venda a retalho ou expedi\u00e7\u00e3o com base em projectos, a nossa linha de produ\u00e7\u00e3o est\u00e1 equipada para dar resposta \u00e0s suas necessidades comerciais espec\u00edficas.<\/li>\n<\/ul>\n<\/div>\n\n\n\n<div class=\"wp-block-column is-layout-flow wp-block-column-is-layout-flow\">\n<figure class=\"wp-block-image size-full\"><img decoding=\"async\" width=\"1167\" height=\"803\" src=\"https:\/\/www.southvillabath.com\/wp-content\/uploads\/2026\/03\/Wholesale-one-piece-toilet-SH-285-dimension.jpg\" alt=\"\" class=\"wp-image-1173\" srcset=\"https:\/\/www.southvillabath.com\/wp-content\/uploads\/2026\/03\/Wholesale-one-piece-toilet-SH-285-dimension.jpg 1167w, https:\/\/www.southvillabath.com\/wp-content\/uploads\/2026\/03\/Wholesale-one-piece-toilet-SH-285-dimension-300x206.jpg 300w, https:\/\/www.southvillabath.com\/wp-content\/uploads\/2026\/03\/Wholesale-one-piece-toilet-SH-285-dimension-768x528.jpg 768w, https:\/\/www.southvillabath.com\/wp-content\/uploads\/2026\/03\/Wholesale-one-piece-toilet-SH-285-dimension-18x12.jpg 18w, https:\/\/www.southvillabath.com\/wp-content\/uploads\/2026\/03\/Wholesale-one-piece-toilet-SH-285-dimension-600x413.jpg 600w\" sizes=\"(max-width: 1167px) 100vw, 1167px\" \/><\/figure>\n<\/div>\n<\/div>","protected":false},"excerpt":{"rendered":"<p>A sanita SH-285 apresenta um design aerodin\u00e2mico de uma s\u00f3 pe\u00e7a que incorpora uma est\u00e9tica moderna, integrando-se perfeitamente nos espa\u00e7os de banho contempor\u00e2neos - incluindo os de hot\u00e9is, apartamentos, edif\u00edcios de escrit\u00f3rios, centros comerciais e empreendimentos residenciais. Contacte-nos para obter um or\u00e7amento de f\u00e1brica.<\/p>\n<h2><strong><b>\u00a0Sanita de uma s\u00f3 pe\u00e7a <\/b><\/strong><strong><b>Especifica\u00e7\u00e3o<\/b><\/strong><\/h2>\n<table>\n<tbody>\n<tr>\n<td><strong><b>Especifica\u00e7\u00e3o<\/b><\/strong><\/td>\n<td><strong><b>Detalhes<\/b><\/strong><\/td>\n<\/tr>\n<tr>\n<td>Modelo<\/td>\n<td>SH-285<\/td>\n<\/tr>\n<tr>\n<td>Tipo de sanita<\/td>\n<td>Sanita de uma s\u00f3 pe\u00e7a<\/td>\n<\/tr>\n<tr>\n<td>Tamanho<\/td>\n<td>690 mm x 390 mm x 740 mm<\/td>\n<\/tr>\n<tr>\n<td>Sistema de descarga<\/td>\n<td>Lavagem<\/td>\n<\/tr>\n<tr>\n<td>Carater\u00edstica do assento<\/td>\n<td>Assento com fecho suave<\/td>\n<\/tr>\n<tr>\n<td>Tipo de drenagem<\/td>\n<td>Coletor P:180mm \/ Coletor S: 250mm<\/td>\n<\/tr>\n<tr>\n<td>Servi\u00e7o OEM e ODM<\/td>\n<td>Log\u00f3tipo, cores, embalagem, forma do produto e carater\u00edsticas personalizadas dispon\u00edveis<\/td>\n<\/tr>\n<tr>\n<td>MOQ<\/td>\n<td>50 unidades, flex\u00edvel para discuss\u00e3o posterior<\/td>\n<\/tr>\n<\/tbody>\n<\/table>\n<p>&nbsp;<\/p>","protected":false},"featured_media":1174,"comment_status":"closed","ping_status":"closed","template":"","meta":{"_acf_changed":true},"product_brand":[],"product_cat":[17,36],"product_tag":[],"class_list":{"0":"post-1159","1":"product","2":"type-product","3":"status-publish","4":"has-post-thumbnail","6":"product_cat-wholesale-one-piece-toilets","7":"product_cat-wholesale-washdown-one-piece-toilets","9":"first","10":"instock","11":"shipping-taxable","12":"product-type-simple"},"acf":[],"_links":{"self":[{"href":"https:\/\/www.southvillabath.com\/pt\/wp-json\/wp\/v2\/product\/1159","targetHints":{"allow":["GET"]}}],"collection":[{"href":"https:\/\/www.southvillabath.com\/pt\/wp-json\/wp\/v2\/product"}],"about":[{"href":"https:\/\/www.southvillabath.com\/pt\/wp-json\/wp\/v2\/types\/product"}],"replies":[{"embeddable":true,"href":"https:\/\/www.southvillabath.com\/pt\/wp-json\/wp\/v2\/comments?post=1159"}],"wp:featuredmedia":[{"embeddable":true,"href":"https:\/\/www.southvillabath.com\/pt\/wp-json\/wp\/v2\/media\/1174"}],"wp:attachment":[{"href":"https:\/\/www.southvillabath.com\/pt\/wp-json\/wp\/v2\/media?parent=1159"}],"wp:term":[{"taxonomy":"product_brand","embeddable":true,"href":"https:\/\/www.southvillabath.com\/pt\/wp-json\/wp\/v2\/product_brand?post=1159"},{"taxonomy":"product_cat","embeddable":true,"href":"https:\/\/www.southvillabath.com\/pt\/wp-json\/wp\/v2\/product_cat?post=1159"},{"taxonomy":"product_tag","embeddable":true,"href":"https:\/\/www.southvillabath.com\/pt\/wp-json\/wp\/v2\/product_tag?post=1159"}],"curies":[{"name":"wp","href":"https:\/\/api.w.org\/{rel}","templated":true}]}}