{"id":1121,"date":"2026-04-13T10:53:31","date_gmt":"2026-04-13T10:53:31","guid":{"rendered":"https:\/\/www.southvillabath.com\/?post_type=product&#038;p=1121"},"modified":"2026-04-22T06:27:51","modified_gmt":"2026-04-22T06:27:51","slug":"wholesale-premium-toilet-oem-odm-available","status":"publish","type":"product","link":"https:\/\/www.southvillabath.com\/pt\/product\/wholesale-premium-toilet-oem-odm-available\/","title":{"rendered":"F\u00e1brica de sanita de pe\u00e7a \u00fanica SH-295 - Suporte OEM e ODM"},"content":{"rendered":"<div class=\"wp-block-columns is-layout-flex wp-container-core-columns-is-layout-9d6595d7 wp-block-columns-is-layout-flex\">\n<div class=\"wp-block-column is-layout-flow wp-block-column-is-layout-flow\">\n<h3 class=\"wp-block-heading\">Carater\u00edsticas da sanita de uma s\u00f3 pe\u00e7a<\/h3>\n\n\n\n<ul class=\"wp-block-list\">\n<li><strong>Conserva\u00e7\u00e3o da \u00e1gua: <\/strong>Sendo uma sanita com um excelente desempenho em termos de poupan\u00e7a de \u00e1gua, a SH-295 maximiza o poder de limpeza com menos \u00e1gua, cumprindo as modernas normas de sustentabilidade.<\/li>\n\n\n\n<li>Design de uma s\u00f3 pe\u00e7a sem costuras: O dep\u00f3sito e a bacia integrados eliminam o espa\u00e7o existente nos modelos de duas pe\u00e7as, proporcionando uma silhueta elegante e cont\u00ednua que se adapta perfeitamente aos interiores de casas de banho contempor\u00e2neas.<\/li>\n\n\n\n<li><strong>Alta qualidade que gera confian\u00e7a a longo prazo: <\/strong>Fabricadas com materiais cer\u00e2micos de primeira qualidade e um rigoroso controlo de qualidade, as nossas sanitas por grosso garantem um desempenho e uma durabilidade consistentes.<\/li>\n\n\n\n<li><strong>Solu\u00e7\u00f5es de personaliza\u00e7\u00e3o de ponta a ponta:<\/strong> Como fabricante profissional de sanitas, oferecemos um processo de personaliza\u00e7\u00e3o completo, desde o desenvolvimento do conceito at\u00e9 \u00e0 produ\u00e7\u00e3o final.<\/li>\n<\/ul>\n<\/div>\n\n\n\n<div class=\"wp-block-column is-layout-flow wp-block-column-is-layout-flow\">\n<figure class=\"wp-block-image size-full\"><img decoding=\"async\" width=\"1130\" height=\"809\" src=\"https:\/\/www.southvillabath.com\/wp-content\/uploads\/2026\/03\/Wholesale-one-piece-toilet-SH-295-dimension-1.jpg\" alt=\"\" class=\"wp-image-1177\" srcset=\"https:\/\/www.southvillabath.com\/wp-content\/uploads\/2026\/03\/Wholesale-one-piece-toilet-SH-295-dimension-1.jpg 1130w, https:\/\/www.southvillabath.com\/wp-content\/uploads\/2026\/03\/Wholesale-one-piece-toilet-SH-295-dimension-1-300x215.jpg 300w, https:\/\/www.southvillabath.com\/wp-content\/uploads\/2026\/03\/Wholesale-one-piece-toilet-SH-295-dimension-1-768x550.jpg 768w, https:\/\/www.southvillabath.com\/wp-content\/uploads\/2026\/03\/Wholesale-one-piece-toilet-SH-295-dimension-1-18x12.jpg 18w, https:\/\/www.southvillabath.com\/wp-content\/uploads\/2026\/03\/Wholesale-one-piece-toilet-SH-295-dimension-1-600x430.jpg 600w\" sizes=\"(max-width: 1130px) 100vw, 1130px\" \/><\/figure>\n<\/div>\n<\/div>","protected":false},"excerpt":{"rendered":"<p>As nossas sanitas por atacado s\u00e3o feitas de cer\u00e2mica de primeira qualidade e fabricadas sob um rigoroso sistema de controlo de qualidade, garantindo uma durabilidade excecional, funcionalidade e uma est\u00e9tica moderna.<\/p>\n<p>Para al\u00e9m da qualidade superior dos produtos, oferecemos um suporte abrangente de OEM e ODM para ajudar os nossos parceiros a criar linhas de produtos competitivas. Desde o design personalizado, integra\u00e7\u00e3o de log\u00f3tipos e desenvolvimento de cores at\u00e9 \u00e0s solu\u00e7\u00f5es de embalagem e branding, a nossa equipa experiente fornece apoio de ponta a ponta ao longo de todo o processo.<\/p>\n<h2><strong><b>Sanita de uma s\u00f3 pe\u00e7a <\/b><\/strong><strong><b>Especifica\u00e7\u00e3o<\/b><\/strong><\/h2>\n<table>\n<tbody>\n<tr>\n<td><strong><b>Especifica\u00e7\u00e3o<\/b><\/strong><\/td>\n<td><strong><b>Detalhes<\/b><\/strong><\/td>\n<\/tr>\n<tr>\n<td>Modelo<\/td>\n<td>SH-295<\/td>\n<\/tr>\n<tr>\n<td>Tipo de sanita<\/td>\n<td>Sanita de uma s\u00f3 pe\u00e7a<\/td>\n<\/tr>\n<tr>\n<td>Tamanho<\/td>\n<td>685 mm x 355 mm x 775 mm<\/td>\n<\/tr>\n<tr>\n<td>Sistema de descarga<\/td>\n<td>Jato de lavagem<\/td>\n<\/tr>\n<tr>\n<td>Carater\u00edstica do assento<\/td>\n<td>Assento com fecho suave<\/td>\n<\/tr>\n<tr>\n<td>Servi\u00e7o OEM e ODM<\/td>\n<td>Log\u00f3tipo, cores, embalagem, forma do produto e carater\u00edsticas personalizadas dispon\u00edveis<\/td>\n<\/tr>\n<tr>\n<td>Tipo de drenagem<\/td>\n<td>Sif\u00e3o\/Sif\u00e3o: 300\/400mm<br \/>\nLavagem\/Purgat\u00f3rio: 180mm<br \/>\nLavagem\/Sif\u00e3o: 250mm<\/td>\n<\/tr>\n<tr>\n<td>MOQ<\/td>\n<td>50 unidades, flex\u00edvel para discuss\u00e3o posterior<\/td>\n<\/tr>\n<\/tbody>\n<\/table>\n<p>&nbsp;<\/p>\n<p>&nbsp;<\/p><\/p>","protected":false},"featured_media":1176,"comment_status":"closed","ping_status":"closed","template":"","meta":{"_acf_changed":true},"product_brand":[],"product_cat":[17,36],"product_tag":[],"class_list":{"0":"post-1121","1":"product","2":"type-product","3":"status-publish","4":"has-post-thumbnail","6":"product_cat-wholesale-one-piece-toilets","7":"product_cat-wholesale-washdown-one-piece-toilets","9":"first","10":"instock","11":"shipping-taxable","12":"product-type-simple"},"acf":[],"_links":{"self":[{"href":"https:\/\/www.southvillabath.com\/pt\/wp-json\/wp\/v2\/product\/1121","targetHints":{"allow":["GET"]}}],"collection":[{"href":"https:\/\/www.southvillabath.com\/pt\/wp-json\/wp\/v2\/product"}],"about":[{"href":"https:\/\/www.southvillabath.com\/pt\/wp-json\/wp\/v2\/types\/product"}],"replies":[{"embeddable":true,"href":"https:\/\/www.southvillabath.com\/pt\/wp-json\/wp\/v2\/comments?post=1121"}],"wp:featuredmedia":[{"embeddable":true,"href":"https:\/\/www.southvillabath.com\/pt\/wp-json\/wp\/v2\/media\/1176"}],"wp:attachment":[{"href":"https:\/\/www.southvillabath.com\/pt\/wp-json\/wp\/v2\/media?parent=1121"}],"wp:term":[{"taxonomy":"product_brand","embeddable":true,"href":"https:\/\/www.southvillabath.com\/pt\/wp-json\/wp\/v2\/product_brand?post=1121"},{"taxonomy":"product_cat","embeddable":true,"href":"https:\/\/www.southvillabath.com\/pt\/wp-json\/wp\/v2\/product_cat?post=1121"},{"taxonomy":"product_tag","embeddable":true,"href":"https:\/\/www.southvillabath.com\/pt\/wp-json\/wp\/v2\/product_tag?post=1121"}],"curies":[{"name":"wp","href":"https:\/\/api.w.org\/{rel}","templated":true}]}}