{"id":1099,"date":"2026-04-10T02:21:08","date_gmt":"2026-04-10T02:21:08","guid":{"rendered":"https:\/\/www.southvillabath.com\/?post_type=product&#038;p=1099"},"modified":"2026-04-21T09:34:46","modified_gmt":"2026-04-21T09:34:46","slug":"oem-and-odm-toilet-factory-supply","status":"publish","type":"product","link":"https:\/\/www.southvillabath.com\/pt\/product\/oem-and-odm-toilet-factory-supply\/","title":{"rendered":"Fornecimento de f\u00e1brica de sanita de duas pe\u00e7as OEM e ODM: SH-5117 - Suporte t\u00e9cnico e servi\u00e7o p\u00f3s-venda robusto"},"content":{"rendered":"<div class=\"wp-block-columns is-layout-flex wp-container-core-columns-is-layout-9d6595d7 wp-block-columns-is-layout-flex\">\n<div class=\"wp-block-column is-layout-flow wp-block-column-is-layout-flow\">\n<h3 class=\"wp-block-heading\">Carater\u00edsticas da sanita de duas pe\u00e7as<\/h3>\n\n\n\n<ul class=\"wp-block-list\">\n<li><strong>High-Quality: <\/strong>Our toilets are crafted using premium materials and precise manufacturing standards, ensuring reliable performance and stable functionality. This instills confidence in both B2B buyers and end-users regarding safety and long-term value.<\/li>\n\n\n\n<li><strong>Custom Toilet Design &amp; Brand Support:<\/strong> SH-5117 supports full OEM and ODM services, allowing businesses to customize toilet design, colors, logos, and features to match their brand identity and meet market-specific needs.<\/li>\n\n\n\n<li><strong>Garantia global: <\/strong>We offer a 5-year warranty on the ceramic body and a 2-year warranty on accessories, including the flushing mechanism and seat, ensuring long-term reliability.<\/li>\n\n\n\n<li><strong>Sistema de apoio completo: <\/strong>We provide spare parts and direct technical assistance to help you or your end customers resolve issues efficiently, minimizing operational disruption.<\/li>\n<\/ul>\n<\/div>\n\n\n\n<div class=\"wp-block-column is-layout-flow wp-block-column-is-layout-flow\">\n<figure class=\"wp-block-image size-full\"><img decoding=\"async\" width=\"807\" height=\"1575\" src=\"https:\/\/www.southvillabath.com\/wp-content\/uploads\/2026\/03\/toilet-factory-supply-sh-5117-dimensiont.webp\" alt=\"toilet factory supply sh-5117 dimensiont\" class=\"wp-image-1101\" srcset=\"https:\/\/www.southvillabath.com\/wp-content\/uploads\/2026\/03\/toilet-factory-supply-sh-5117-dimensiont.webp 807w, https:\/\/www.southvillabath.com\/wp-content\/uploads\/2026\/03\/toilet-factory-supply-sh-5117-dimensiont-154x300.webp 154w, https:\/\/www.southvillabath.com\/wp-content\/uploads\/2026\/03\/toilet-factory-supply-sh-5117-dimensiont-768x1499.webp 768w, https:\/\/www.southvillabath.com\/wp-content\/uploads\/2026\/03\/toilet-factory-supply-sh-5117-dimensiont-6x12.webp 6w, https:\/\/www.southvillabath.com\/wp-content\/uploads\/2026\/03\/toilet-factory-supply-sh-5117-dimensiont-600x1171.webp 600w\" sizes=\"(max-width: 807px) 100vw, 807px\" \/><\/figure>\n<\/div>\n<\/div>","protected":false},"excerpt":{"rendered":"<p data-pm-slice=\"0 0 []\">Wholesale high-quality toilets. Our toilet factory offers comprehensive after-sales service, including warranties, spare parts, and expert technical support. B2B buyers enjoy quick problem resolution, minimal project disruption, and long-term reliability. Contact us for a factory price.<\/p>\n<h2><strong><b>Sanita de duas pe\u00e7as <\/b><\/strong><strong><b>Especifica\u00e7\u00e3o<\/b><\/strong><\/h2>\n<table>\n<tbody>\n<tr>\n<td><strong><b>Especifica\u00e7\u00e3o<\/b><\/strong><\/td>\n<td><strong><b>Detalhes<\/b><\/strong><\/td>\n<\/tr>\n<tr>\n<td>Modelo<\/td>\n<td>SH-5117<\/td>\n<\/tr>\n<tr>\n<td>Tipo de sanita<\/td>\n<td>Sanita de duas pe\u00e7as<\/td>\n<\/tr>\n<tr>\n<td>Tamanho<\/td>\n<td>650 mm x 340 mm x 770 mm<\/td>\n<\/tr>\n<tr>\n<td>Sistema de descarga<\/td>\n<td>Lavagem sem aro<\/td>\n<\/tr>\n<tr>\n<td>Carater\u00edstica do assento<\/td>\n<td>Assento com fecho suave<\/td>\n<\/tr>\n<tr>\n<td>Servi\u00e7o OEM e ODM<\/td>\n<td>Log\u00f3tipo, cores, embalagem, forma do produto e carater\u00edsticas personalizadas dispon\u00edveis<\/td>\n<\/tr>\n<tr>\n<td>Tipo de drenagem<\/td>\n<td>P-trap: 180mm \/ S-trap: 250mm<\/td>\n<\/tr>\n<tr>\n<td>MOQ<\/td>\n<td>50 unidades, flex\u00edvel para discuss\u00e3o posterior<\/td>\n<\/tr>\n<\/tbody>\n<\/table>\n<p>&nbsp;<\/p><\/p>","protected":false},"featured_media":1100,"comment_status":"closed","ping_status":"closed","template":"","meta":{"_acf_changed":false},"product_brand":[],"product_cat":[18],"product_tag":[],"class_list":{"0":"post-1099","1":"product","2":"type-product","3":"status-publish","4":"has-post-thumbnail","6":"product_cat-wholesale-two-piece-toilets","8":"first","9":"instock","10":"shipping-taxable","11":"product-type-simple"},"acf":[],"_links":{"self":[{"href":"https:\/\/www.southvillabath.com\/pt\/wp-json\/wp\/v2\/product\/1099","targetHints":{"allow":["GET"]}}],"collection":[{"href":"https:\/\/www.southvillabath.com\/pt\/wp-json\/wp\/v2\/product"}],"about":[{"href":"https:\/\/www.southvillabath.com\/pt\/wp-json\/wp\/v2\/types\/product"}],"replies":[{"embeddable":true,"href":"https:\/\/www.southvillabath.com\/pt\/wp-json\/wp\/v2\/comments?post=1099"}],"wp:featuredmedia":[{"embeddable":true,"href":"https:\/\/www.southvillabath.com\/pt\/wp-json\/wp\/v2\/media\/1100"}],"wp:attachment":[{"href":"https:\/\/www.southvillabath.com\/pt\/wp-json\/wp\/v2\/media?parent=1099"}],"wp:term":[{"taxonomy":"product_brand","embeddable":true,"href":"https:\/\/www.southvillabath.com\/pt\/wp-json\/wp\/v2\/product_brand?post=1099"},{"taxonomy":"product_cat","embeddable":true,"href":"https:\/\/www.southvillabath.com\/pt\/wp-json\/wp\/v2\/product_cat?post=1099"},{"taxonomy":"product_tag","embeddable":true,"href":"https:\/\/www.southvillabath.com\/pt\/wp-json\/wp\/v2\/product_tag?post=1099"}],"curies":[{"name":"wp","href":"https:\/\/api.w.org\/{rel}","templated":true}]}}