{"id":1096,"date":"2026-03-24T01:40:40","date_gmt":"2026-03-24T01:40:40","guid":{"rendered":"https:\/\/www.southvillabath.com\/?post_type=product&#038;p=1096"},"modified":"2026-04-06T07:30:59","modified_gmt":"2026-04-06T07:30:59","slug":"b2b-customizable-highly-competitive-toilets","status":"publish","type":"product","link":"https:\/\/www.southvillabath.com\/pt\/product\/b2b-customizable-highly-competitive-toilets\/","title":{"rendered":"Fornecimento de f\u00e1brica de sanita de duas pe\u00e7as de marca personaliz\u00e1vel: SH-5116 - Superf\u00edcie antimicrobiana, design de descarga dupla, descarga eficiente"},"content":{"rendered":"<div class=\"wp-block-columns is-layout-flex wp-container-core-columns-is-layout-9d6595d7 wp-block-columns-is-layout-flex\">\n<div class=\"wp-block-column is-layout-flow wp-block-column-is-layout-flow\">\n<h3 class=\"wp-block-heading\">Carater\u00edsticas da sanita de duas pe\u00e7as<\/h3>\n\n\n\n<ul class=\"wp-block-list\">\n<li><strong>Superf\u00edcie antimicrobiana: <\/strong>O SH-5116 possui uma ta\u00e7a vidrada auto-limpante e tubos internos com revestimento antimicrobiano. Isto evita a acumula\u00e7\u00e3o de res\u00edduos e reduz o crescimento de bact\u00e9rias.<\/li>\n\n\n\n<li><strong>Design economizador de \u00e1gua com dupla descarga:<\/strong> O mecanismo de descarga dupla permite aos utilizadores escolher entre uma descarga total ou parcial, optimizando eficazmente a utiliza\u00e7\u00e3o da \u00e1gua.<\/li>\n\n\n\n<li><strong>Qualidade e conformidade fi\u00e1veis: <\/strong>Certificado pela CE e fabricado para cumprir as normas globais de seguran\u00e7a, sa\u00fade e ambiente.<\/li>\n\n\n\n<li><strong>Vantagem diferenciada:<\/strong> A SH-5116 destaca-se no mercado com uma combina\u00e7\u00e3o de descarga ultra-silenciosa, tecnologia antimicrobiana e um potente sistema Tornado Washdown. A descarga ultra-silenciosa aumenta o conforto do utilizador em hot\u00e9is, escrit\u00f3rios e espa\u00e7os com muito movimento.<\/li>\n<\/ul>\n<\/div>\n\n\n\n<div class=\"wp-block-column is-layout-flow wp-block-column-is-layout-flow\">\n<figure class=\"wp-block-image size-full\"><img decoding=\"async\" width=\"1097\" height=\"1371\" src=\"https:\/\/www.southvillabath.com\/wp-content\/uploads\/2026\/03\/factory-supply-two-piece-toilet-dimension.webp\" alt=\"dimens\u00e3o da sanita de duas pe\u00e7as fornecida pela f\u00e1brica\" class=\"wp-image-1097\" srcset=\"https:\/\/www.southvillabath.com\/wp-content\/uploads\/2026\/03\/factory-supply-two-piece-toilet-dimension.webp 1097w, https:\/\/www.southvillabath.com\/wp-content\/uploads\/2026\/03\/factory-supply-two-piece-toilet-dimension-240x300.webp 240w, https:\/\/www.southvillabath.com\/wp-content\/uploads\/2026\/03\/factory-supply-two-piece-toilet-dimension-768x960.webp 768w, https:\/\/www.southvillabath.com\/wp-content\/uploads\/2026\/03\/factory-supply-two-piece-toilet-dimension-10x12.webp 10w, https:\/\/www.southvillabath.com\/wp-content\/uploads\/2026\/03\/factory-supply-two-piece-toilet-dimension-600x750.webp 600w\" sizes=\"(max-width: 1097px) 100vw, 1097px\" \/><\/figure>\n<\/div>\n<\/div>\n\n\n\n<p><\/p>","protected":false},"excerpt":{"rendered":"<p>A sanita SH-5116 oferece uma descarga ultra-silenciosa, higiene antimicrobiana e um potente sistema Tornado Washdown. O seu design avan\u00e7ado garante uma limpeza superior, conforto e remo\u00e7\u00e3o eficiente de res\u00edduos. Como profissional <a href=\"https:\/\/www.southvillabath.com\/pt\/\" target=\"_blank\" rel=\"noopener\"><strong>fabricante de sanitas<\/strong><\/a>, A nossa empresa dedica-se \u00e0 cria\u00e7\u00e3o de sanit\u00e1rios diferenciados e de elevado desempenho para parceiros globais.<\/p>\n<h2><strong><b>Sanita de duas pe\u00e7as <\/b><\/strong><strong><b>Especifica\u00e7\u00e3o<\/b><\/strong><\/h2>\n<table>\n<tbody>\n<tr>\n<td><strong><b>Especifica\u00e7\u00e3o<\/b><\/strong><\/td>\n<td><strong><b>Detalhes<\/b><\/strong><\/td>\n<\/tr>\n<tr>\n<td>Modelo<\/td>\n<td>SH-5116<\/td>\n<\/tr>\n<tr>\n<td>Tipo de sanita<\/td>\n<td>Sanita de duas pe\u00e7as<\/td>\n<\/tr>\n<tr>\n<td>Tamanho<\/td>\n<td>650 mm x 370 mm x 795 mm<\/td>\n<\/tr>\n<tr>\n<td>Sistema de descarga<\/td>\n<td>Jato de lavagem<\/td>\n<\/tr>\n<tr>\n<td>Carater\u00edstica do assento<\/td>\n<td>Assento com fecho suave<\/td>\n<\/tr>\n<tr>\n<td>Servi\u00e7o OEM e ODM<\/td>\n<td>Log\u00f3tipo, cores, embalagem, forma do produto e carater\u00edsticas personalizadas dispon\u00edveis<\/td>\n<\/tr>\n<tr>\n<td>Tipo de drenagem<\/td>\n<td>P-trap: 180mm \/ S-trap: 250mm<\/td>\n<\/tr>\n<tr>\n<td>MOQ<\/td>\n<td>50 unidades, flex\u00edvel para discuss\u00e3o posterior<\/td>\n<\/tr>\n<\/tbody>\n<\/table>\n<p>&nbsp;<\/p>","protected":false},"featured_media":1098,"comment_status":"closed","ping_status":"closed","template":"","meta":{"_acf_changed":true},"product_brand":[],"product_cat":[18],"product_tag":[],"class_list":{"0":"post-1096","1":"product","2":"type-product","3":"status-publish","4":"has-post-thumbnail","6":"product_cat-wholesale-two-piece-toilets","8":"first","9":"instock","10":"shipping-taxable","11":"product-type-simple"},"acf":[],"_links":{"self":[{"href":"https:\/\/www.southvillabath.com\/pt\/wp-json\/wp\/v2\/product\/1096","targetHints":{"allow":["GET"]}}],"collection":[{"href":"https:\/\/www.southvillabath.com\/pt\/wp-json\/wp\/v2\/product"}],"about":[{"href":"https:\/\/www.southvillabath.com\/pt\/wp-json\/wp\/v2\/types\/product"}],"replies":[{"embeddable":true,"href":"https:\/\/www.southvillabath.com\/pt\/wp-json\/wp\/v2\/comments?post=1096"}],"wp:featuredmedia":[{"embeddable":true,"href":"https:\/\/www.southvillabath.com\/pt\/wp-json\/wp\/v2\/media\/1098"}],"wp:attachment":[{"href":"https:\/\/www.southvillabath.com\/pt\/wp-json\/wp\/v2\/media?parent=1096"}],"wp:term":[{"taxonomy":"product_brand","embeddable":true,"href":"https:\/\/www.southvillabath.com\/pt\/wp-json\/wp\/v2\/product_brand?post=1096"},{"taxonomy":"product_cat","embeddable":true,"href":"https:\/\/www.southvillabath.com\/pt\/wp-json\/wp\/v2\/product_cat?post=1096"},{"taxonomy":"product_tag","embeddable":true,"href":"https:\/\/www.southvillabath.com\/pt\/wp-json\/wp\/v2\/product_tag?post=1096"}],"curies":[{"name":"wp","href":"https:\/\/api.w.org\/{rel}","templated":true}]}}