{"id":1090,"date":"2026-04-04T00:55:33","date_gmt":"2026-04-04T00:55:33","guid":{"rendered":"https:\/\/www.southvillabath.com\/?post_type=product&#038;p=1090"},"modified":"2026-04-21T09:48:04","modified_gmt":"2026-04-21T09:48:04","slug":"factory-supply-washdown-two-piece-toilet","status":"publish","type":"product","link":"https:\/\/www.southvillabath.com\/pt\/product\/factory-supply-washdown-two-piece-toilet\/","title":{"rendered":"Sanita de duas pe\u00e7as para lavagem de f\u00e1brica SH-5114 - Ergon\u00f3mica e confort\u00e1vel"},"content":{"rendered":"<div class=\"wp-block-columns is-layout-flex wp-container-core-columns-is-layout-9d6595d7 wp-block-columns-is-layout-flex\">\n<div class=\"wp-block-column is-layout-flow wp-block-column-is-layout-flow\">\n<h3 class=\"wp-block-heading\">Carater\u00edsticas da sanita de duas pe\u00e7as<\/h3>\n\n\n\n<ul class=\"wp-block-list\">\n<li><strong>Melhoria da satisfa\u00e7\u00e3o do utilizador:<\/strong> A altura confort\u00e1vel do assento e o design ergon\u00f3mico proporcionam uma experi\u00eancia relaxante aos h\u00f3spedes.<\/li>\n\n\n\n<li><strong>Imagem de marca mais forte:<\/strong> A nossa sanita de elevado conforto reflecte a aten\u00e7\u00e3o aos detalhes e \u00e0 experi\u00eancia do utilizador, melhorando a imagem de marca premium e fi\u00e1vel da sua empresa atrav\u00e9s da personaliza\u00e7\u00e3o da marca.<\/li>\n\n\n\n<li><strong>Descarga potente e eficiente: <\/strong>Equipado com um sistema Washdown Jet, proporciona uma descarga forte e direta que remove eficazmente os res\u00edduos enquanto conserva a \u00e1gua, equilibrando o desempenho com a efici\u00eancia.<\/li>\n\n\n\n<li><strong>Garantia de qualidade fi\u00e1vel: <\/strong>Com certifica\u00e7\u00e3o CE, esta sanita cumpre as rigorosas normas europeias de seguran\u00e7a, sa\u00fade e ambiente, dando aos compradores confian\u00e7a na durabilidade e no desempenho.<\/li>\n<\/ul>\n<\/div>\n\n\n\n<div class=\"wp-block-column is-layout-flow wp-block-column-is-layout-flow\">\n<figure class=\"wp-block-image size-full\"><img decoding=\"async\" width=\"1079\" height=\"1437\" src=\"https:\/\/www.southvillabath.com\/wp-content\/uploads\/2026\/03\/factory-supply-washdown-two-piece-toilet-dimension.webp\" alt=\"dimens\u00e3o da sanita de duas pe\u00e7as lav\u00e1vel fornecida pela f\u00e1brica\" class=\"wp-image-1091\" srcset=\"https:\/\/www.southvillabath.com\/wp-content\/uploads\/2026\/03\/factory-supply-washdown-two-piece-toilet-dimension.webp 1079w, https:\/\/www.southvillabath.com\/wp-content\/uploads\/2026\/03\/factory-supply-washdown-two-piece-toilet-dimension-225x300.webp 225w, https:\/\/www.southvillabath.com\/wp-content\/uploads\/2026\/03\/factory-supply-washdown-two-piece-toilet-dimension-768x1023.webp 768w, https:\/\/www.southvillabath.com\/wp-content\/uploads\/2026\/03\/factory-supply-washdown-two-piece-toilet-dimension-9x12.webp 9w, https:\/\/www.southvillabath.com\/wp-content\/uploads\/2026\/03\/factory-supply-washdown-two-piece-toilet-dimension-600x799.webp 600w\" sizes=\"(max-width: 1079px) 100vw, 1079px\" \/><\/figure>\n<\/div>\n<\/div>","protected":false},"excerpt":{"rendered":"<p>A sanita SH-5114 combina conforto ergon\u00f3mico com higiene superior, proporcionando uma experi\u00eancia relaxante a todos os utilizadores. A altura e os contornos do assento cuidadosamente concebidos adaptam-se \u00e0 postura natural do utilizador, garantindo um conforto sem esfor\u00e7o. Perfeita para compras B2B e personaliza\u00e7\u00e3o, ajuda a elevar a sua marca de sanitas com uma imagem profissional e premium.<\/p>\n<h2><strong><b>Sanita de duas pe\u00e7as <\/b><\/strong><strong><b>Especifica\u00e7\u00e3o<\/b><\/strong><\/h2>\n<table>\n<tbody>\n<tr>\n<td><strong><b>Especifica\u00e7\u00e3o<\/b><\/strong><\/td>\n<td><strong><b>Detalhes<\/b><\/strong><\/td>\n<\/tr>\n<tr>\n<td>Modelo<\/td>\n<td>SH-5114<\/td>\n<\/tr>\n<tr>\n<td>Tipo de sanita<\/td>\n<td>Sanita de duas pe\u00e7as<\/td>\n<\/tr>\n<tr>\n<td>Tamanho<\/td>\n<td>690 mm x 390 mm x 810 mm<\/td>\n<\/tr>\n<tr>\n<td>Sistema de descarga<\/td>\n<td>Jato de lavagem<\/td>\n<\/tr>\n<tr>\n<td>Carater\u00edstica do assento<\/td>\n<td>Assento com fecho suave<\/td>\n<\/tr>\n<tr>\n<td>Servi\u00e7o OEM e ODM<\/td>\n<td>Log\u00f3tipo, cores, embalagem, forma do produto e carater\u00edsticas personalizadas dispon\u00edveis<\/td>\n<\/tr>\n<tr>\n<td>Tipo de drenagem<\/td>\n<td>P-trap: 180mm \/ S-trap: 250mm<\/td>\n<\/tr>\n<tr>\n<td>MOQ<\/td>\n<td>50 unidades, flex\u00edvel para discuss\u00e3o posterior<\/td>\n<\/tr>\n<\/tbody>\n<\/table>\n<p>&nbsp;<\/p>","protected":false},"featured_media":1092,"comment_status":"closed","ping_status":"closed","template":"","meta":{"_acf_changed":true},"product_brand":[],"product_cat":[18],"product_tag":[],"class_list":{"0":"post-1090","1":"product","2":"type-product","3":"status-publish","4":"has-post-thumbnail","6":"product_cat-wholesale-two-piece-toilets","8":"first","9":"instock","10":"shipping-taxable","11":"product-type-simple"},"acf":[],"_links":{"self":[{"href":"https:\/\/www.southvillabath.com\/pt\/wp-json\/wp\/v2\/product\/1090","targetHints":{"allow":["GET"]}}],"collection":[{"href":"https:\/\/www.southvillabath.com\/pt\/wp-json\/wp\/v2\/product"}],"about":[{"href":"https:\/\/www.southvillabath.com\/pt\/wp-json\/wp\/v2\/types\/product"}],"replies":[{"embeddable":true,"href":"https:\/\/www.southvillabath.com\/pt\/wp-json\/wp\/v2\/comments?post=1090"}],"wp:featuredmedia":[{"embeddable":true,"href":"https:\/\/www.southvillabath.com\/pt\/wp-json\/wp\/v2\/media\/1092"}],"wp:attachment":[{"href":"https:\/\/www.southvillabath.com\/pt\/wp-json\/wp\/v2\/media?parent=1090"}],"wp:term":[{"taxonomy":"product_brand","embeddable":true,"href":"https:\/\/www.southvillabath.com\/pt\/wp-json\/wp\/v2\/product_brand?post=1090"},{"taxonomy":"product_cat","embeddable":true,"href":"https:\/\/www.southvillabath.com\/pt\/wp-json\/wp\/v2\/product_cat?post=1090"},{"taxonomy":"product_tag","embeddable":true,"href":"https:\/\/www.southvillabath.com\/pt\/wp-json\/wp\/v2\/product_tag?post=1090"}],"curies":[{"name":"wp","href":"https:\/\/api.w.org\/{rel}","templated":true}]}}