{"id":1078,"date":"2026-04-07T08:06:15","date_gmt":"2026-04-07T08:06:15","guid":{"rendered":"https:\/\/www.southvillabath.com\/?post_type=product&#038;p=1078"},"modified":"2026-04-21T09:35:42","modified_gmt":"2026-04-21T09:35:42","slug":"wholesale-two-piece-toilet-for-b2b-bulk-purchasing","status":"publish","type":"product","link":"https:\/\/www.southvillabath.com\/pt\/product\/wholesale-two-piece-toilet-for-b2b-bulk-purchasing\/","title":{"rendered":"Sanita de duas pe\u00e7as para lavagem por atacado SH-5110 - Design cl\u00e1ssico, pre\u00e7o de f\u00e1brica - Ideal para compras a granel B2B"},"content":{"rendered":"<div class=\"wp-block-columns is-layout-flex wp-container-core-columns-is-layout-9d6595d7 wp-block-columns-is-layout-flex\">\n<div class=\"wp-block-column is-layout-flow wp-block-column-is-layout-flow\">\n<h3 class=\"wp-block-heading\">Sanita de duas pe\u00e7as para lavagem Carater\u00edsticas<\/h3>\n\n\n\n<ul class=\"wp-block-list\">\n<li><strong>Design moderno: <\/strong>O SH-5110 apresenta uma est\u00e9tica minimalista, adequada para casas de banho de luxo e hot\u00e9is boutique, ajudando os retalhistas a apresentar op\u00e7\u00f5es de estilo premium aos utilizadores finais.<\/li>\n\n\n\n<li><strong>Design inovador: <\/strong>O SH-5110 combina uma bacia sem rebordo com um sistema de descarga tornado, proporcionando uma limpeza potente e eficiente. Para os compradores B2B, \u00e9 uma carater\u00edstica premium que ajuda a destacar-se em mercados competitivos.<\/li>\n\n\n\n<li><strong>Instala\u00e7\u00e3o Global-Fit:<\/strong> A sanita suporta configura\u00e7\u00f5es de P-trap e S-trap, oferecendo a m\u00e1xima flexibilidade para os mercados internacionais. As certifica\u00e7\u00f5es CE e WaterMark garantem a conformidade com as normas globais.<\/li>\n\n\n\n<li><strong>Oportunidades para grossistas e marcas: <\/strong>Fornecemos sanitas diretamente da nossa f\u00e1brica e oferecemos op\u00e7\u00f5es OEM\/marca pr\u00f3pria, permitindo que os distribuidores e retalhistas personalizem eficientemente as suas marcas e expandam o seu invent\u00e1rio.<\/li>\n<\/ul>\n<\/div>\n\n\n\n<div class=\"wp-block-column is-layout-flow wp-block-column-is-layout-flow\">\n<figure class=\"wp-block-image size-full\"><img decoding=\"async\" width=\"1103\" height=\"1404\" src=\"https:\/\/www.southvillabath.com\/wp-content\/uploads\/2026\/03\/wholesale-washdown-two-piece-toilet-sh-5110-dimension.webp\" alt=\"sanita de duas pe\u00e7as para lavagem por atacado sh-5110 dimens\u00e3o\" class=\"wp-image-1079\" srcset=\"https:\/\/www.southvillabath.com\/wp-content\/uploads\/2026\/03\/wholesale-washdown-two-piece-toilet-sh-5110-dimension.webp 1103w, https:\/\/www.southvillabath.com\/wp-content\/uploads\/2026\/03\/wholesale-washdown-two-piece-toilet-sh-5110-dimension-236x300.webp 236w, https:\/\/www.southvillabath.com\/wp-content\/uploads\/2026\/03\/wholesale-washdown-two-piece-toilet-sh-5110-dimension-768x978.webp 768w, https:\/\/www.southvillabath.com\/wp-content\/uploads\/2026\/03\/wholesale-washdown-two-piece-toilet-sh-5110-dimension-9x12.webp 9w, https:\/\/www.southvillabath.com\/wp-content\/uploads\/2026\/03\/wholesale-washdown-two-piece-toilet-sh-5110-dimension-600x764.webp 600w\" sizes=\"(max-width: 1103px) 100vw, 1103px\" \/><\/figure>\n<\/div>\n<\/div>","protected":false},"excerpt":{"rendered":"<p>A sanita de duas pe\u00e7as com lavagem por atacado foi concebida para casas de banho modernas e projectos comerciais de alta qualidade. Totalmente certificada pela CE e WaterMark, cumpre as normas de qualidade globais. Para compradores B2B, oferecemos fornecimento a granel, op\u00e7\u00f5es OEM\/etiqueta privada e personaliza\u00e7\u00e3o flex\u00edvel, permitindo que distribuidores, hot\u00e9is e promotores imobili\u00e1rios forne\u00e7am produtos premium e diferenciados em mercados competitivos.<\/p>\n<h2><strong><b>Sanita de duas pe\u00e7as <\/b><\/strong><strong><b>Especifica\u00e7\u00e3o<\/b><\/strong><\/h2>\n<table>\n<tbody>\n<tr>\n<td><strong><b>Especifica\u00e7\u00e3o<\/b><\/strong><\/td>\n<td><strong><b>Detalhes<\/b><\/strong><\/td>\n<\/tr>\n<tr>\n<td>Modelo<\/td>\n<td>SH-5110<\/td>\n<\/tr>\n<tr>\n<td>Tipo de sanita<\/td>\n<td>Sanita de duas pe\u00e7as<\/td>\n<\/tr>\n<tr>\n<td>Tamanho<\/td>\n<td>620 mm x 360 mm x 800 mm<\/td>\n<\/tr>\n<tr>\n<td>Sistema de descarga<\/td>\n<td>Lavagem sem aro<\/td>\n<\/tr>\n<tr>\n<td>Carater\u00edstica do assento<\/td>\n<td>Assento com fecho suave<\/td>\n<\/tr>\n<tr>\n<td>Servi\u00e7o OEM e ODM<\/td>\n<td>Log\u00f3tipo, cores, embalagem, forma do produto e carater\u00edsticas personalizadas dispon\u00edveis<\/td>\n<\/tr>\n<tr>\n<td>Tipo de drenagem<\/td>\n<td>P-trap: 180mm; S-trap: 100 \/ 250mm<\/td>\n<\/tr>\n<tr>\n<td>MOQ<\/td>\n<td>50 unidades, flex\u00edvel para discuss\u00e3o posterior<\/td>\n<\/tr>\n<\/tbody>\n<\/table>\n<p>&nbsp;<\/p>\n<p>&nbsp;<\/p>","protected":false},"featured_media":1080,"comment_status":"closed","ping_status":"closed","template":"","meta":{"_acf_changed":true},"product_brand":[],"product_cat":[18],"product_tag":[],"class_list":{"0":"post-1078","1":"product","2":"type-product","3":"status-publish","4":"has-post-thumbnail","6":"product_cat-wholesale-two-piece-toilets","8":"first","9":"instock","10":"shipping-taxable","11":"product-type-simple"},"acf":[],"_links":{"self":[{"href":"https:\/\/www.southvillabath.com\/pt\/wp-json\/wp\/v2\/product\/1078","targetHints":{"allow":["GET"]}}],"collection":[{"href":"https:\/\/www.southvillabath.com\/pt\/wp-json\/wp\/v2\/product"}],"about":[{"href":"https:\/\/www.southvillabath.com\/pt\/wp-json\/wp\/v2\/types\/product"}],"replies":[{"embeddable":true,"href":"https:\/\/www.southvillabath.com\/pt\/wp-json\/wp\/v2\/comments?post=1078"}],"wp:featuredmedia":[{"embeddable":true,"href":"https:\/\/www.southvillabath.com\/pt\/wp-json\/wp\/v2\/media\/1080"}],"wp:attachment":[{"href":"https:\/\/www.southvillabath.com\/pt\/wp-json\/wp\/v2\/media?parent=1078"}],"wp:term":[{"taxonomy":"product_brand","embeddable":true,"href":"https:\/\/www.southvillabath.com\/pt\/wp-json\/wp\/v2\/product_brand?post=1078"},{"taxonomy":"product_cat","embeddable":true,"href":"https:\/\/www.southvillabath.com\/pt\/wp-json\/wp\/v2\/product_cat?post=1078"},{"taxonomy":"product_tag","embeddable":true,"href":"https:\/\/www.southvillabath.com\/pt\/wp-json\/wp\/v2\/product_tag?post=1078"}],"curies":[{"name":"wp","href":"https:\/\/api.w.org\/{rel}","templated":true}]}}