{"id":1060,"date":"2026-03-22T07:28:27","date_gmt":"2026-03-22T07:28:27","guid":{"rendered":"https:\/\/www.southvillabath.com\/?post_type=product&#038;p=1060"},"modified":"2026-04-22T06:46:09","modified_gmt":"2026-04-22T06:46:09","slug":"supply-high-performance-commercial-toilets","status":"publish","type":"product","link":"https:\/\/www.southvillabath.com\/pt\/product\/supply-high-performance-commercial-toilets\/","title":{"rendered":"Sanita de uma pe\u00e7a para lavagem por atacado SH-9009 - Desempenho de n\u00edvel profissional, adequado para aplica\u00e7\u00f5es comerciais"},"content":{"rendered":"<div class=\"wp-block-columns is-layout-flex wp-container-core-columns-is-layout-9d6595d7 wp-block-columns-is-layout-flex\">\n<div class=\"wp-block-column is-layout-flow wp-block-column-is-layout-flow\">\n<h3 class=\"wp-block-heading\">Sanita de uma pe\u00e7a para lavagem Carater\u00edsticas<\/h3>\n\n\n\n<ul class=\"wp-block-list\">\n<li><strong>Design quadrado cl\u00e1ssico e minimalista: <\/strong>Apresentando uma silhueta geom\u00e9trica quadrada com linhas simples e modernas, este design atinge um equil\u00edbrio perfeito entre o apelo est\u00e9tico e a sofistica\u00e7\u00e3o profissional, complementando sem esfor\u00e7o uma vasta gama de estilos de interiores comerciais.<\/li>\n\n\n\n<li><strong>Prote\u00e7\u00e3o antibacteriana do esmalte: <\/strong>Melhorada com um poderoso esmalte antibacteriano, a superf\u00edcie resiste \u00e0 absor\u00e7\u00e3o de odores e manchas, assegurando a manuten\u00e7\u00e3o de um aspeto profissional de alto brilho a longo prazo em ambientes comerciais.<\/li>\n\n\n\n<li><strong>Altura de conforto ergon\u00f3mico: <\/strong>Concebida com uma altura ergonomicamente confort\u00e1vel, esta lumin\u00e1ria cumpre as normas de \u201cDesign Universal\u201d, proporcionando um n\u00edvel de assento acess\u00edvel e confort\u00e1vel adequado a um vasto espetro de utilizadores.<\/li>\n\n\n\n<li><strong>Compatibilidade vers\u00e1til com canaliza\u00e7\u00f5es:<\/strong> Compat\u00edvel com os sistemas de drenagem S-trap e P-trap, esta unidade adapta-se a diversos requisitos arquitect\u00f3nicos e de canaliza\u00e7\u00e3o, facilitando a r\u00e1pida instala\u00e7\u00e3o e substitui\u00e7\u00e3o para satisfazer as necessidades de projectos comerciais em todo o mundo.<\/li>\n<\/ul>\n<\/div>\n\n\n\n<div class=\"wp-block-column is-layout-flow wp-block-column-is-layout-flow\">\n<figure class=\"wp-block-image size-full\"><img decoding=\"async\" width=\"1166\" height=\"822\" src=\"https:\/\/www.southvillabath.com\/wp-content\/uploads\/2026\/03\/wholesale-washdown-one-piece-toilet-sh-9009-dimension.webp\" alt=\"sanita de uma pe\u00e7a lav\u00e1vel por atacado sh-9009 dimens\u00e3o\" class=\"wp-image-1061\" srcset=\"https:\/\/www.southvillabath.com\/wp-content\/uploads\/2026\/03\/wholesale-washdown-one-piece-toilet-sh-9009-dimension.webp 1166w, https:\/\/www.southvillabath.com\/wp-content\/uploads\/2026\/03\/wholesale-washdown-one-piece-toilet-sh-9009-dimension-300x211.webp 300w, https:\/\/www.southvillabath.com\/wp-content\/uploads\/2026\/03\/wholesale-washdown-one-piece-toilet-sh-9009-dimension-768x541.webp 768w, https:\/\/www.southvillabath.com\/wp-content\/uploads\/2026\/03\/wholesale-washdown-one-piece-toilet-sh-9009-dimension-18x12.webp 18w, https:\/\/www.southvillabath.com\/wp-content\/uploads\/2026\/03\/wholesale-washdown-one-piece-toilet-sh-9009-dimension-600x423.webp 600w\" sizes=\"(max-width: 1166px) 100vw, 1166px\" \/><\/figure>\n<\/div>\n<\/div>","protected":false},"excerpt":{"rendered":"<p>Sanitas de alto desempenho por atacado: Concebidas especificamente para ambientes comerciais, estas unidades apresentam um esmalte antimicrobiano e resistente a odores; uma estrutura moldada de uma s\u00f3 pe\u00e7a e f\u00e1cil de limpar; e um sistema de descarga por lavagem altamente eficiente que minimiza o entupimento e reduz os custos de manuten\u00e7\u00e3o. O design minimalista e quadrado complementa a est\u00e9tica dos espa\u00e7os comerciais modernos. Ideais para utiliza\u00e7\u00e3o em hot\u00e9is, restaurantes e locais p\u00fablicos, estas sanitas oferecem efici\u00eancia e fiabilidade.<\/p>\n<p>Como<strong> fabricante de sanitas<\/strong>, A nossa empresa est\u00e1 preparada para responder \u00e0s diversas exig\u00eancias de v\u00e1rios projectos comerciais e sectores de mercado, fornecendo solu\u00e7\u00f5es fi\u00e1veis e eficazes. Convidamo-lo a contactar-nos.<\/p>\n<h2><strong><b>Sanita de uma s\u00f3 pe\u00e7a <\/b><\/strong><strong><b>Especifica\u00e7\u00e3o<\/b><\/strong><\/h2>\n<table>\n<tbody>\n<tr>\n<td><strong><b>Especifica\u00e7\u00e3o<\/b><\/strong><\/td>\n<td><strong><b>Detalhes<\/b><\/strong><\/td>\n<\/tr>\n<tr>\n<td>Modelo<\/td>\n<td>SH-9009<\/td>\n<\/tr>\n<tr>\n<td>Tipo de sanita<\/td>\n<td>Sanita de uma pe\u00e7a<\/td>\n<\/tr>\n<tr>\n<td>Tamanho<\/td>\n<td>720 mm x 390 mm x 850 mm<\/td>\n<\/tr>\n<tr>\n<td>Sistema de descarga<\/td>\n<td>Jato de lavagem<\/td>\n<\/tr>\n<tr>\n<td>Carater\u00edstica do assento<\/td>\n<td>Assento com fecho suave<\/td>\n<\/tr>\n<tr>\n<td>Servi\u00e7o OEM e ODM<\/td>\n<td>Log\u00f3tipo, cores, embalagem, forma do produto e carater\u00edsticas personalizadas dispon\u00edveis<\/td>\n<\/tr>\n<tr>\n<td>MOQ<\/td>\n<td>50 unidades, flex\u00edvel para discuss\u00e3o posterior<\/td>\n<\/tr>\n<\/tbody>\n<\/table>\n<p>&nbsp;<\/p>\n<\/p><\/p>","protected":false},"featured_media":1062,"comment_status":"closed","ping_status":"closed","template":"","meta":{"_acf_changed":true},"product_brand":[],"product_cat":[17,36],"product_tag":[],"class_list":{"0":"post-1060","1":"product","2":"type-product","3":"status-publish","4":"has-post-thumbnail","6":"product_cat-wholesale-one-piece-toilets","7":"product_cat-wholesale-washdown-one-piece-toilets","9":"first","10":"instock","11":"shipping-taxable","12":"product-type-simple"},"acf":[],"_links":{"self":[{"href":"https:\/\/www.southvillabath.com\/pt\/wp-json\/wp\/v2\/product\/1060","targetHints":{"allow":["GET"]}}],"collection":[{"href":"https:\/\/www.southvillabath.com\/pt\/wp-json\/wp\/v2\/product"}],"about":[{"href":"https:\/\/www.southvillabath.com\/pt\/wp-json\/wp\/v2\/types\/product"}],"replies":[{"embeddable":true,"href":"https:\/\/www.southvillabath.com\/pt\/wp-json\/wp\/v2\/comments?post=1060"}],"wp:featuredmedia":[{"embeddable":true,"href":"https:\/\/www.southvillabath.com\/pt\/wp-json\/wp\/v2\/media\/1062"}],"wp:attachment":[{"href":"https:\/\/www.southvillabath.com\/pt\/wp-json\/wp\/v2\/media?parent=1060"}],"wp:term":[{"taxonomy":"product_brand","embeddable":true,"href":"https:\/\/www.southvillabath.com\/pt\/wp-json\/wp\/v2\/product_brand?post=1060"},{"taxonomy":"product_cat","embeddable":true,"href":"https:\/\/www.southvillabath.com\/pt\/wp-json\/wp\/v2\/product_cat?post=1060"},{"taxonomy":"product_tag","embeddable":true,"href":"https:\/\/www.southvillabath.com\/pt\/wp-json\/wp\/v2\/product_tag?post=1060"}],"curies":[{"name":"wp","href":"https:\/\/api.w.org\/{rel}","templated":true}]}}