{"id":1051,"date":"2026-04-13T10:27:13","date_gmt":"2026-04-13T10:27:13","guid":{"rendered":"https:\/\/www.southvillabath.com\/?post_type=product&#038;p=1051"},"modified":"2026-04-22T06:32:54","modified_gmt":"2026-04-22T06:32:54","slug":"factory-supply-classic-one-piece-toilets","status":"publish","type":"product","link":"https:\/\/www.southvillabath.com\/pt\/product\/factory-supply-classic-one-piece-toilets\/","title":{"rendered":"Fornecimento do fabricante de sanita de uma pe\u00e7a: SH-8808 - Estilo cl\u00e1ssico, desempenho potente, f\u00e1cil de vender"},"content":{"rendered":"<div class=\"wp-block-columns is-layout-flex wp-container-core-columns-is-layout-9d6595d7 wp-block-columns-is-layout-flex\">\n<div class=\"wp-block-column is-layout-flow wp-block-column-is-layout-flow\">\n<h3 class=\"wp-block-heading\">Washdown One-piece Toilet Features<\/h3>\n\n\n\n<ul class=\"wp-block-list\">\n<li><strong>Hygiene-First Engineering: <\/strong>Rimless bowl design allows water to flow fully around the surface, eliminating hidden corners where bacteria, mold, or limescale can accumulate.<\/li>\n\n\n\n<li><strong>Comfort Height Compliance:<\/strong> Standard 400mm seat height delivers ergonomic use for a broad range of users.<\/li>\n\n\n\n<li><strong>Integrated Visual Balance: <\/strong>Harmoniously proportioned tank and bowl create a unified, sculptural appearance that elevates the overall bathroom aesthetic.<\/li>\n\n\n\n<li><strong>Easy to Sell: <\/strong>Its classic design makes it highly marketable for both residential and commercial projects, helping distributors and retailers achieve faster turnover.<\/li>\n\n\n\n<li><strong>Extensive International Experience: <\/strong>With years of experience serving the global market, we possess a deep understanding of the technical and compliance requirements across various regions, enabling us to provide global buyers with professional and suitable wholesale toilets.<\/li>\n<\/ul>\n<\/div>\n\n\n\n<div class=\"wp-block-column is-layout-flow wp-block-column-is-layout-flow\">\n<figure class=\"wp-block-image size-full\"><img decoding=\"async\" width=\"1135\" height=\"810\" src=\"https:\/\/www.southvillabath.com\/wp-content\/uploads\/2026\/03\/wholesale-washdown-one-piece-toilet-sh-8808-dimension.webp\" alt=\"wholesale washdown one-piece toilet sh-8808 dimension\" class=\"wp-image-1053\" srcset=\"https:\/\/www.southvillabath.com\/wp-content\/uploads\/2026\/03\/wholesale-washdown-one-piece-toilet-sh-8808-dimension.webp 1135w, https:\/\/www.southvillabath.com\/wp-content\/uploads\/2026\/03\/wholesale-washdown-one-piece-toilet-sh-8808-dimension-300x214.webp 300w, https:\/\/www.southvillabath.com\/wp-content\/uploads\/2026\/03\/wholesale-washdown-one-piece-toilet-sh-8808-dimension-768x548.webp 768w, https:\/\/www.southvillabath.com\/wp-content\/uploads\/2026\/03\/wholesale-washdown-one-piece-toilet-sh-8808-dimension-18x12.webp 18w, https:\/\/www.southvillabath.com\/wp-content\/uploads\/2026\/03\/wholesale-washdown-one-piece-toilet-sh-8808-dimension-600x428.webp 600w\" sizes=\"(max-width: 1135px) 100vw, 1135px\" \/><\/figure>\n<\/div>\n<\/div>\n\n\n\n<p><\/p>","protected":false},"excerpt":{"rendered":"<p>Featuring classic, elegant styling and high-performance flushing, this one-piece toilet is widely popular with end users. Its universally appealing design makes it easy for distributors and retailers to promote and sell. As a<a href=\"https:\/\/www.southvillabath.com\/pt\/\" target=\"_blank\" rel=\"noopener\"><strong> fabricante de sanitas<\/strong><\/a>, we provide wholesale supplies and competitive quotes to B2B buyers worldwide.<\/p>\n<h2><strong><b>Sanita de duas pe\u00e7as <\/b><\/strong><strong><b>Especifica\u00e7\u00e3o<\/b><\/strong><\/h2>\n<table>\n<tbody>\n<tr>\n<td><strong><b>Especifica\u00e7\u00e3o<\/b><\/strong><\/td>\n<td><strong><b>Detalhes<\/b><\/strong><\/td>\n<\/tr>\n<tr>\n<td>Modelo<\/td>\n<td>SH-8808<\/td>\n<\/tr>\n<tr>\n<td>Tipo de sanita<\/td>\n<td>Sanita de uma pe\u00e7a<\/td>\n<\/tr>\n<tr>\n<td>Tamanho<\/td>\n<td>680mm x 375mm x 805mm<\/td>\n<\/tr>\n<tr>\n<td>Sistema de descarga<\/td>\n<td>Lavagem sem aro<\/td>\n<\/tr>\n<tr>\n<td>Carater\u00edstica do assento<\/td>\n<td>Assento com fecho suave<\/td>\n<\/tr>\n<tr>\n<td>Servi\u00e7o OEM e ODM<\/td>\n<td>Log\u00f3tipo, cores, embalagem, forma do produto e carater\u00edsticas personalizadas dispon\u00edveis<\/td>\n<\/tr>\n<tr>\n<td>MOQ<\/td>\n<td>50 unidades, flex\u00edvel para discuss\u00e3o posterior<\/td>\n<\/tr>\n<\/tbody>\n<\/table>\n<p>&nbsp;<\/p><\/p>","protected":false},"featured_media":1052,"comment_status":"closed","ping_status":"closed","template":"","meta":{"_acf_changed":false},"product_brand":[],"product_cat":[17,36],"product_tag":[],"class_list":{"0":"post-1051","1":"product","2":"type-product","3":"status-publish","4":"has-post-thumbnail","6":"product_cat-wholesale-one-piece-toilets","7":"product_cat-wholesale-washdown-one-piece-toilets","9":"first","10":"instock","11":"shipping-taxable","12":"product-type-simple"},"acf":[],"_links":{"self":[{"href":"https:\/\/www.southvillabath.com\/pt\/wp-json\/wp\/v2\/product\/1051","targetHints":{"allow":["GET"]}}],"collection":[{"href":"https:\/\/www.southvillabath.com\/pt\/wp-json\/wp\/v2\/product"}],"about":[{"href":"https:\/\/www.southvillabath.com\/pt\/wp-json\/wp\/v2\/types\/product"}],"replies":[{"embeddable":true,"href":"https:\/\/www.southvillabath.com\/pt\/wp-json\/wp\/v2\/comments?post=1051"}],"wp:featuredmedia":[{"embeddable":true,"href":"https:\/\/www.southvillabath.com\/pt\/wp-json\/wp\/v2\/media\/1052"}],"wp:attachment":[{"href":"https:\/\/www.southvillabath.com\/pt\/wp-json\/wp\/v2\/media?parent=1051"}],"wp:term":[{"taxonomy":"product_brand","embeddable":true,"href":"https:\/\/www.southvillabath.com\/pt\/wp-json\/wp\/v2\/product_brand?post=1051"},{"taxonomy":"product_cat","embeddable":true,"href":"https:\/\/www.southvillabath.com\/pt\/wp-json\/wp\/v2\/product_cat?post=1051"},{"taxonomy":"product_tag","embeddable":true,"href":"https:\/\/www.southvillabath.com\/pt\/wp-json\/wp\/v2\/product_tag?post=1051"}],"curies":[{"name":"wp","href":"https:\/\/api.w.org\/{rel}","templated":true}]}}