{"id":1048,"date":"2026-04-13T10:26:57","date_gmt":"2026-04-13T10:26:57","guid":{"rendered":"https:\/\/www.southvillabath.com\/?post_type=product&#038;p=1048"},"modified":"2026-04-22T06:33:17","modified_gmt":"2026-04-22T06:33:17","slug":"wholesale-rimless-one-piece-toilets-in-bulk","status":"publish","type":"product","link":"https:\/\/www.southvillabath.com\/pt\/product\/wholesale-rimless-one-piece-toilets-in-bulk\/","title":{"rendered":"Sanita de uma pe\u00e7a para lavagem por atacado SH-8809 - Tecnologia sem aro, mais higi\u00e9nica e sem salpicos"},"content":{"rendered":"<div class=\"wp-block-columns is-layout-flex wp-container-core-columns-is-layout-9d6595d7 wp-block-columns-is-layout-flex\">\n<div class=\"wp-block-column is-layout-flow wp-block-column-is-layout-flow\">\n<h3 class=\"wp-block-heading\">Sanita de uma pe\u00e7a para lavagem Carater\u00edsticas<\/h3>\n\n\n\n<ul class=\"wp-block-list\">\n<li><strong>Limpeza 360\u00b0 a toda a volta<\/strong>: A sanita sem rebordo permite que a \u00e1gua circule por toda a superf\u00edcie, garantindo uma descarga potente e sem salpicos, ao mesmo tempo que remove as bact\u00e9rias e o calc\u00e1rio de forma mais eficaz do que as sanitas tradicionais.<\/li>\n\n\n\n<li><strong>Manuten\u00e7\u00e3o sem esfor\u00e7o: <\/strong>Sem sali\u00eancias ocultas, a limpeza \u00e9 reduzida a uma simples passagem de pano, reduzindo os custos de m\u00e3o de obra para as propriedades comerciais e poupando tempo para os utilizadores residenciais.<\/li>\n\n\n\n<li><strong>Design cl\u00e1ssico: <\/strong>Combina curvas cl\u00e1ssicas com um estilo moderno.<\/li>\n\n\n\n<li><strong>Design pronto para uso comercial:<\/strong> Ideal para hot\u00e9is, restaurantes e projectos residenciais de topo de gama onde a apar\u00eancia, a higiene e a durabilidade s\u00e3o fundamentais.<\/li>\n\n\n\n<li><strong>Venda por atacado e OEM:<\/strong> Como <strong><a href=\"https:\/\/www.southvillabath.com\/pt\/\" target=\"_blank\" rel=\"noreferrer noopener\">fabricante de sanitas<\/a><\/strong>, A nossa f\u00e1brica fornece diretamente aos compradores B2B globais, apoiando a marca, a embalagem, a personaliza\u00e7\u00e3o, os distribuidores e os projectos de grande escala.<\/li>\n<\/ul>\n<\/div>\n\n\n\n<div class=\"wp-block-column is-layout-flow wp-block-column-is-layout-flow\">\n<figure class=\"wp-block-image size-full\"><img decoding=\"async\" width=\"1150\" height=\"811\" src=\"https:\/\/www.southvillabath.com\/wp-content\/uploads\/2026\/03\/wholesale-washdown-one-piece-toilet-sh-8809-dimension.webp\" alt=\"sanita de uma pe\u00e7a com lavagem por atacado sh-8809 dimens\u00e3o\" class=\"wp-image-1049\" srcset=\"https:\/\/www.southvillabath.com\/wp-content\/uploads\/2026\/03\/wholesale-washdown-one-piece-toilet-sh-8809-dimension.webp 1150w, https:\/\/www.southvillabath.com\/wp-content\/uploads\/2026\/03\/wholesale-washdown-one-piece-toilet-sh-8809-dimension-300x212.webp 300w, https:\/\/www.southvillabath.com\/wp-content\/uploads\/2026\/03\/wholesale-washdown-one-piece-toilet-sh-8809-dimension-768x542.webp 768w, https:\/\/www.southvillabath.com\/wp-content\/uploads\/2026\/03\/wholesale-washdown-one-piece-toilet-sh-8809-dimension-18x12.webp 18w, https:\/\/www.southvillabath.com\/wp-content\/uploads\/2026\/03\/wholesale-washdown-one-piece-toilet-sh-8809-dimension-600x423.webp 600w\" sizes=\"(max-width: 1150px) 100vw, 1150px\" \/><\/figure>\n<\/div>\n<\/div>","protected":false},"excerpt":{"rendered":"<p>Combinando curvas cl\u00e1ssicas com um estilo moderno, esta sanita apresenta um design sem rebordo para uma descarga eficiente e uma limpeza sem esfor\u00e7o. A nossa f\u00e1brica fornece diretamente aos compradores B2B globais, apoiando a personaliza\u00e7\u00e3o da marca, a embalagem e o distribuidor em grande escala ou solu\u00e7\u00f5es de projeto.<\/p>\n<h2><strong><b>Sanita de uma s\u00f3 pe\u00e7a <\/b><\/strong><strong><b>Especifica\u00e7\u00e3o<\/b><\/strong><\/h2>\n<table>\n<tbody>\n<tr>\n<td><strong><b>Especifica\u00e7\u00e3o<\/b><\/strong><\/td>\n<td><strong><b>Detalhes<\/b><\/strong><\/td>\n<\/tr>\n<tr>\n<td>Modelo<\/td>\n<td>SH-8809<\/td>\n<\/tr>\n<tr>\n<td>Tipo de sanita<\/td>\n<td>Sanita de uma pe\u00e7a<\/td>\n<\/tr>\n<tr>\n<td>Tamanho<\/td>\n<td>680 mm x 370 mm x 800 mm<\/td>\n<\/tr>\n<tr>\n<td>Sistema de descarga<\/td>\n<td>Lavagem sem aro<\/td>\n<\/tr>\n<tr>\n<td>Carater\u00edstica do assento<\/td>\n<td>Assento com fecho suave<\/td>\n<\/tr>\n<tr>\n<td>Servi\u00e7o OEM e ODM<\/td>\n<td>Log\u00f3tipo, cores, embalagem, forma do produto e carater\u00edsticas personalizadas dispon\u00edveis<\/td>\n<\/tr>\n<tr>\n<td>MOQ<\/td>\n<td>50 unidades, flex\u00edvel para discuss\u00e3o posterior<\/td>\n<\/tr>\n<\/tbody>\n<\/table>\n<p>&nbsp;<\/p><\/p>","protected":false},"featured_media":1050,"comment_status":"closed","ping_status":"closed","template":"","meta":{"_acf_changed":true},"product_brand":[],"product_cat":[17,36],"product_tag":[],"class_list":{"0":"post-1048","1":"product","2":"type-product","3":"status-publish","4":"has-post-thumbnail","6":"product_cat-wholesale-one-piece-toilets","7":"product_cat-wholesale-washdown-one-piece-toilets","9":"first","10":"instock","11":"shipping-taxable","12":"product-type-simple"},"acf":[],"_links":{"self":[{"href":"https:\/\/www.southvillabath.com\/pt\/wp-json\/wp\/v2\/product\/1048","targetHints":{"allow":["GET"]}}],"collection":[{"href":"https:\/\/www.southvillabath.com\/pt\/wp-json\/wp\/v2\/product"}],"about":[{"href":"https:\/\/www.southvillabath.com\/pt\/wp-json\/wp\/v2\/types\/product"}],"replies":[{"embeddable":true,"href":"https:\/\/www.southvillabath.com\/pt\/wp-json\/wp\/v2\/comments?post=1048"}],"wp:featuredmedia":[{"embeddable":true,"href":"https:\/\/www.southvillabath.com\/pt\/wp-json\/wp\/v2\/media\/1050"}],"wp:attachment":[{"href":"https:\/\/www.southvillabath.com\/pt\/wp-json\/wp\/v2\/media?parent=1048"}],"wp:term":[{"taxonomy":"product_brand","embeddable":true,"href":"https:\/\/www.southvillabath.com\/pt\/wp-json\/wp\/v2\/product_brand?post=1048"},{"taxonomy":"product_cat","embeddable":true,"href":"https:\/\/www.southvillabath.com\/pt\/wp-json\/wp\/v2\/product_cat?post=1048"},{"taxonomy":"product_tag","embeddable":true,"href":"https:\/\/www.southvillabath.com\/pt\/wp-json\/wp\/v2\/product_tag?post=1048"}],"curies":[{"name":"wp","href":"https:\/\/api.w.org\/{rel}","templated":true}]}}