{"id":1037,"date":"2026-04-13T10:25:13","date_gmt":"2026-04-13T10:25:13","guid":{"rendered":"https:\/\/www.southvillabath.com\/?post_type=product&#038;p=1037"},"modified":"2026-04-22T06:33:47","modified_gmt":"2026-04-22T06:33:47","slug":"wholesale-ce-certified-one-piece-toilet","status":"publish","type":"product","link":"https:\/\/www.southvillabath.com\/pt\/product\/wholesale-ce-certified-one-piece-toilet\/","title":{"rendered":"Sanita de uma pe\u00e7a com certifica\u00e7\u00e3o CE por atacado SH-8604 - Fornecimento direto da f\u00e1brica na China"},"content":{"rendered":"<div class=\"wp-block-columns is-layout-flex wp-container-core-columns-is-layout-9d6595d7 wp-block-columns-is-layout-flex\">\n<div class=\"wp-block-column is-layout-flow wp-block-column-is-layout-flow\">\n<h3 class=\"wp-block-heading\">Carater\u00edsticas<\/h3>\n\n\n\n<ul class=\"wp-block-list\">\n<li><strong>Est\u00e9tica minimalista: <\/strong>A sanita SH-8604 apresenta um design elegante da bacia em forma de D com curvas suaves, apresentando uma est\u00e9tica elegante, ideal para espa\u00e7os de banho residenciais e comerciais de alta qualidade.<\/li>\n\n\n\n<li><strong>F\u00e1cil instala\u00e7\u00e3o e manuten\u00e7\u00e3o: <\/strong>A base cuidadosamente concebida inclui portas de instala\u00e7\u00e3o acess\u00edveis, permitindo uma configura\u00e7\u00e3o mais r\u00e1pida e c\u00f3moda.<\/li>\n\n\n\n<li><strong>Compatibilidade de drenagem dupla: <\/strong>Concebido para adaptabilidade internacional, este modelo suporta configura\u00e7\u00f5es S-trap (250 mm) e P-trap (180 mm). Esta flexibilidade torna-o adequado para uma vasta gama de normas de canaliza\u00e7\u00e3o em regi\u00f5es como a Europa, o Sudeste Asi\u00e1tico e a Am\u00e9rica do Sul.<\/li>\n\n\n\n<li><strong>Lavagem potente e eficiente da \u00e1gua de lavagem: <\/strong>Esta sanita de uma pe\u00e7a para venda por grosso est\u00e1 equipada com um sistema de lavagem de alto desempenho, proporcionando um fluxo de \u00e1gua potente e direto para uma remo\u00e7\u00e3o r\u00e1pida e eficaz dos res\u00edduos.<\/li>\n\n\n\n<li><strong>Fornecimento fi\u00e1vel para projectos B2B: <\/strong>Como um fabricante profissional com forte capacidade de produ\u00e7\u00e3o e rigoroso controlo de qualidade, as nossas sanitas s\u00e3o uma escolha fi\u00e1vel para grossistas, distribuidores e projectos de constru\u00e7\u00e3o em grande escala, garantindo uma qualidade est\u00e1vel e entrega atempada.<\/li>\n<\/ul>\n<\/div>\n\n\n\n<div class=\"wp-block-column is-layout-flow wp-block-column-is-layout-flow\">\n<figure class=\"wp-block-image size-full\"><img decoding=\"async\" width=\"1133\" height=\"853\" src=\"https:\/\/www.southvillabath.com\/wp-content\/uploads\/2026\/03\/wholesale-ce-certified-washdown-one-piece-toilet-2.webp\" alt=\"sanita de uma pe\u00e7a com certifica\u00e7\u00e3o ce por atacado (2)\" class=\"wp-image-1039\" srcset=\"https:\/\/www.southvillabath.com\/wp-content\/uploads\/2026\/03\/wholesale-ce-certified-washdown-one-piece-toilet-2.webp 1133w, https:\/\/www.southvillabath.com\/wp-content\/uploads\/2026\/03\/wholesale-ce-certified-washdown-one-piece-toilet-2-300x226.webp 300w, https:\/\/www.southvillabath.com\/wp-content\/uploads\/2026\/03\/wholesale-ce-certified-washdown-one-piece-toilet-2-768x578.webp 768w, https:\/\/www.southvillabath.com\/wp-content\/uploads\/2026\/03\/wholesale-ce-certified-washdown-one-piece-toilet-2-16x12.webp 16w, https:\/\/www.southvillabath.com\/wp-content\/uploads\/2026\/03\/wholesale-ce-certified-washdown-one-piece-toilet-2-600x452.webp 600w\" sizes=\"(max-width: 1133px) 100vw, 1133px\" \/><\/figure>\n<\/div>\n<\/div>","protected":false},"excerpt":{"rendered":"<p>A sanita de uma pe\u00e7a com certifica\u00e7\u00e3o CE e WaterMark apresenta um excelente desempenho de descarga e conserva\u00e7\u00e3o de \u00e1gua. Uma bacia elegante e moderna em forma de D e um tanque alto criam um perfil elegante e eficiente em termos de espa\u00e7o. A South Villa oferece pre\u00e7os grossistas diretos da f\u00e1brica e fornecimento a granel a personalizadores de marcas, grossistas, retalhistas e projectos residenciais.<\/p>\n<h2><strong><b>Sanita de uma pe\u00e7a <\/b><\/strong><strong><b>Especifica\u00e7\u00e3o<\/b><\/strong><\/h2>\n<table>\n<tbody>\n<tr>\n<td><strong><b>Especifica\u00e7\u00e3o<\/b><\/strong><\/td>\n<td><strong><b>Detalhes<\/b><\/strong><\/td>\n<\/tr>\n<tr>\n<td>Modelo<\/td>\n<td>SH-8604<\/td>\n<\/tr>\n<tr>\n<td>Tipo de sanita<\/td>\n<td>Sanita de uma pe\u00e7a<\/td>\n<\/tr>\n<tr>\n<td>Tamanho<\/td>\n<td>700 mm x 380 mm x 805 mm<\/td>\n<\/tr>\n<tr>\n<td>Sistema de descarga<\/td>\n<td>Jato de lavagem<\/td>\n<\/tr>\n<tr>\n<td>Carater\u00edstica do assento<\/td>\n<td>Assento com fecho suave<\/td>\n<\/tr>\n<tr>\n<td>Servi\u00e7o OEM e ODM<\/td>\n<td>Log\u00f3tipo, cores, embalagem, forma do produto e carater\u00edsticas personalizadas dispon\u00edveis<\/td>\n<\/tr>\n<tr>\n<td>Tipo de drenagem<\/td>\n<td>P-trap: 180mm \/ S-trap: 250mm<\/td>\n<\/tr>\n<tr>\n<td>MOQ<\/td>\n<td>50 unidades, flex\u00edvel para discuss\u00e3o posterior<\/td>\n<\/tr>\n<\/tbody>\n<\/table>\n<p>&nbsp;<\/p><\/p>","protected":false},"featured_media":1038,"comment_status":"closed","ping_status":"closed","template":"","meta":{"_acf_changed":true},"product_brand":[],"product_cat":[17,36],"product_tag":[],"class_list":{"0":"post-1037","1":"product","2":"type-product","3":"status-publish","4":"has-post-thumbnail","6":"product_cat-wholesale-one-piece-toilets","7":"product_cat-wholesale-washdown-one-piece-toilets","9":"first","10":"instock","11":"shipping-taxable","12":"product-type-simple"},"acf":[],"_links":{"self":[{"href":"https:\/\/www.southvillabath.com\/pt\/wp-json\/wp\/v2\/product\/1037","targetHints":{"allow":["GET"]}}],"collection":[{"href":"https:\/\/www.southvillabath.com\/pt\/wp-json\/wp\/v2\/product"}],"about":[{"href":"https:\/\/www.southvillabath.com\/pt\/wp-json\/wp\/v2\/types\/product"}],"replies":[{"embeddable":true,"href":"https:\/\/www.southvillabath.com\/pt\/wp-json\/wp\/v2\/comments?post=1037"}],"wp:featuredmedia":[{"embeddable":true,"href":"https:\/\/www.southvillabath.com\/pt\/wp-json\/wp\/v2\/media\/1038"}],"wp:attachment":[{"href":"https:\/\/www.southvillabath.com\/pt\/wp-json\/wp\/v2\/media?parent=1037"}],"wp:term":[{"taxonomy":"product_brand","embeddable":true,"href":"https:\/\/www.southvillabath.com\/pt\/wp-json\/wp\/v2\/product_brand?post=1037"},{"taxonomy":"product_cat","embeddable":true,"href":"https:\/\/www.southvillabath.com\/pt\/wp-json\/wp\/v2\/product_cat?post=1037"},{"taxonomy":"product_tag","embeddable":true,"href":"https:\/\/www.southvillabath.com\/pt\/wp-json\/wp\/v2\/product_tag?post=1037"}],"curies":[{"name":"wp","href":"https:\/\/api.w.org\/{rel}","templated":true}]}}