{"id":987,"date":"2026-03-19T01:26:18","date_gmt":"2026-03-19T01:26:18","guid":{"rendered":"https:\/\/www.southvillabath.com\/?post_type=product&#038;p=987"},"modified":"2026-04-13T09:46:03","modified_gmt":"2026-04-13T09:46:03","slug":"wholesale-two-piece-toilet-manufacturer-rimless-hygienic-oem-odm-bathroom-solutions-copy","status":"publish","type":"product","link":"https:\/\/www.southvillabath.com\/fr\/product\/wholesale-two-piece-toilet-manufacturer-rimless-hygienic-oem-odm-bathroom-solutions-copy\/","title":{"rendered":"Wholesale Round Shape Two-Piece Toilet SH-5202"},"content":{"rendered":"<div class=\"wp-block-columns is-layout-flex wp-container-core-columns-is-layout-9d6595d7 wp-block-columns-is-layout-flex\">\n<div class=\"wp-block-column is-layout-flow wp-block-column-is-layout-flow\">\n<h3 class=\"wp-block-heading\">Caract\u00e9ristiques des toilettes deux pi\u00e8ces<\/h3>\n\n\n\n<ul class=\"wp-block-list\">\n<li><strong>Surface enti\u00e8rement vitr\u00e9e \u00e0 360\u00b0 :<\/strong>&nbsp;Toute la surface int\u00e9rieure et ext\u00e9rieure est enti\u00e8rement \u00e9maill\u00e9e, ce qui lui conf\u00e8re une grande plan\u00e9it\u00e9, une texture lisse et une finition d'un blanc pur qui r\u00e9siste aux taches et facilite le nettoyage.<\/li>\n\n\n\n<li><strong>Un ramassage efficace des d\u00e9chets :<\/strong>&nbsp;Ces toilettes sont con\u00e7ues avec des capacit\u00e9s de chasse d'eau puissantes, qui permettent d'\u00e9vacuer efficacement les serviettes, 100 boules de PP ou m\u00eame 12 rouleaux de papier toilette.<\/li>\n\n\n\n<li><strong>Conception hygi\u00e9nique sans rebord :<\/strong>&nbsp;Pas de coins cach\u00e9s, ce qui r\u00e9duit l'accumulation de bact\u00e9ries et facilite le nettoyage.<\/li>\n\n\n\n<li><strong>Si\u00e8ge \u00e0 fermeture douce et silencieuse :<\/strong>&nbsp;The seat closes slowly and quietly, without disturbing your family\u2019s rest.<\/li>\n\n\n\n<li><strong>Services OEM et ODM personnalis\u00e9s :<\/strong>&nbsp;En tant que fabricant de toilettes, nous prenons en charge la personnalisation des logos, des couleurs, de l'emballage, de la conception des produits, des modifications du syst\u00e8me de chasse d'eau, etc., afin d'aider les marques et les projets des clients \u00e0 se diff\u00e9rencier sur le march\u00e9.<\/li>\n<\/ul>\n<\/div>\n\n\n\n<div class=\"wp-block-column is-layout-flow wp-block-column-is-layout-flow\">\n<figure class=\"wp-block-image size-full\"><img decoding=\"async\" width=\"728\" height=\"924\" src=\"https:\/\/www.southvillabath.com\/wp-content\/uploads\/2026\/03\/Wholesale-Two-piece-Toilet-SH-5202-1.jpg\" alt=\"\" class=\"wp-image-1297\" srcset=\"https:\/\/www.southvillabath.com\/wp-content\/uploads\/2026\/03\/Wholesale-Two-piece-Toilet-SH-5202-1.jpg 728w, https:\/\/www.southvillabath.com\/wp-content\/uploads\/2026\/03\/Wholesale-Two-piece-Toilet-SH-5202-1-236x300.jpg 236w, https:\/\/www.southvillabath.com\/wp-content\/uploads\/2026\/03\/Wholesale-Two-piece-Toilet-SH-5202-1-9x12.jpg 9w, https:\/\/www.southvillabath.com\/wp-content\/uploads\/2026\/03\/Wholesale-Two-piece-Toilet-SH-5202-1-600x762.jpg 600w\" sizes=\"(max-width: 728px) 100vw, 728px\" \/><\/figure>\n<\/div>\n<\/div>\n\n\n\n<p><\/p>","protected":false},"excerpt":{"rendered":"<p>Avec un style classique et \u00e9l\u00e9gant et une chasse d'eau tr\u00e8s performante, ces toilettes monoblocs sont tr\u00e8s appr\u00e9ci\u00e9es des utilisateurs finaux. Son design universellement attrayant facilite la promotion et la vente par les distributeurs et les d\u00e9taillants. En tant que<a href=\"https:\/\/www.southvillabath.com\/fr\/\" target=\"_blank\" rel=\"noopener\"><strong>\u00a0fabricant de toilettes<\/strong><\/a>, Nous fournissons des fournitures en gros et des devis comp\u00e9titifs aux acheteurs B2B dans le monde entier.<\/p>\n<h2><strong><b>Toilettes en deux parties <\/b><\/strong><strong><b>Sp\u00e9cifications<\/b><\/strong><\/h2>\n<table>\n<tbody>\n<tr>\n<td><strong><b>Sp\u00e9cifications<\/b><\/strong><\/td>\n<td><strong><b>D\u00e9tails<\/b><\/strong><\/td>\n<\/tr>\n<tr>\n<td>Mod\u00e8le<\/td>\n<td>SH-5202<\/td>\n<\/tr>\n<tr>\n<td>Type de toilettes<\/td>\n<td>Toilettes en deux parties<\/td>\n<\/tr>\n<tr>\n<td>Taille<\/td>\n<td>620mm x 365mm x 820mm<\/td>\n<\/tr>\n<tr>\n<td>Syst\u00e8me de rin\u00e7age<\/td>\n<td>Tornade de lavage<\/td>\n<\/tr>\n<tr>\n<td>Caract\u00e9ristiques du si\u00e8ge<\/td>\n<td>Si\u00e8ge \u00e0 fermeture souple<\/td>\n<\/tr>\n<tr>\n<td>Service OEM et ODM<\/td>\n<td>Possibilit\u00e9 de personnaliser le logo, les couleurs, l'emballage, la forme du produit et les caract\u00e9ristiques.<\/td>\n<\/tr>\n<tr>\n<td>MOQ<\/td>\n<td>50 pi\u00e8ces, flexible pour une discussion ult\u00e9rieure<\/td>\n<\/tr>\n<\/tbody>\n<\/table>\n<p>&nbsp;<\/p>\n<p>&nbsp;<\/p>\n<p>\n<script src=\"chrome-extension:\/\/fpelahbljekknahkcaegamhcndkfpfnc\/iFrame.js\" type=\"text\/javascript\"><\/script><\/p>","protected":false},"featured_media":1296,"comment_status":"closed","ping_status":"closed","template":"","meta":{"_acf_changed":false},"product_brand":[],"product_cat":[17],"product_tag":[],"class_list":{"0":"post-987","1":"product","2":"type-product","3":"status-publish","4":"has-post-thumbnail","6":"product_cat-wholesale-one-piece-toilets","8":"first","9":"instock","10":"shipping-taxable","11":"product-type-simple"},"acf":[],"_links":{"self":[{"href":"https:\/\/www.southvillabath.com\/fr\/wp-json\/wp\/v2\/product\/987","targetHints":{"allow":["GET"]}}],"collection":[{"href":"https:\/\/www.southvillabath.com\/fr\/wp-json\/wp\/v2\/product"}],"about":[{"href":"https:\/\/www.southvillabath.com\/fr\/wp-json\/wp\/v2\/types\/product"}],"replies":[{"embeddable":true,"href":"https:\/\/www.southvillabath.com\/fr\/wp-json\/wp\/v2\/comments?post=987"}],"wp:featuredmedia":[{"embeddable":true,"href":"https:\/\/www.southvillabath.com\/fr\/wp-json\/wp\/v2\/media\/1296"}],"wp:attachment":[{"href":"https:\/\/www.southvillabath.com\/fr\/wp-json\/wp\/v2\/media?parent=987"}],"wp:term":[{"taxonomy":"product_brand","embeddable":true,"href":"https:\/\/www.southvillabath.com\/fr\/wp-json\/wp\/v2\/product_brand?post=987"},{"taxonomy":"product_cat","embeddable":true,"href":"https:\/\/www.southvillabath.com\/fr\/wp-json\/wp\/v2\/product_cat?post=987"},{"taxonomy":"product_tag","embeddable":true,"href":"https:\/\/www.southvillabath.com\/fr\/wp-json\/wp\/v2\/product_tag?post=987"}],"curies":[{"name":"wp","href":"https:\/\/api.w.org\/{rel}","templated":true}]}}