{"id":957,"date":"2026-04-09T00:56:26","date_gmt":"2026-04-09T00:56:26","guid":{"rendered":"https:\/\/www.southvillabath.com\/?post_type=product&#038;p=957"},"modified":"2026-04-09T03:36:50","modified_gmt":"2026-04-09T03:36:50","slug":"ce-certification-wall-mounted-toilets-wholesale","status":"publish","type":"product","link":"https:\/\/www.southvillabath.com\/fr\/product\/ce-certification-wall-mounted-toilets-wholesale\/","title":{"rendered":"Wholesale Modern &amp; Elegant Wall-Mounted Toilet SH-004 - Certification CE et grande taille"},"content":{"rendered":"<div class=\"wp-block-columns is-layout-flex wp-container-core-columns-is-layout-9d6595d7 wp-block-columns-is-layout-flex\">\n<div class=\"wp-block-column is-layout-flow wp-block-column-is-layout-flow\">\n<h3 class=\"wp-block-heading\">Toilettes suspendues Caract\u00e9ristiques<\/h3>\n\n\n\n<ul class=\"wp-block-list\">\n<li><strong>Optimisation de l'utilisation de l'espace :<\/strong> Gr\u00e2ce \u00e0 leur structure murale, ces toilettes lib\u00e8rent un espace pr\u00e9cieux au sol. Le r\u00e9servoir de chasse dissimul\u00e9 am\u00e9liore l'ouverture visuelle, ce qui le rend id\u00e9al pour les appartements, les h\u00f4tels et les petites salles de bains commerciales.<\/li>\n\n\n\n<li><strong>Esth\u00e9tique \u00e9pur\u00e9e et minimaliste :<\/strong> Le corps \u00e9l\u00e9gant, enti\u00e8rement en jupe, offre un aspect moderne et homog\u00e8ne qui s'aligne sur les tendances contemporaines en mati\u00e8re de salle de bains. Il s'int\u00e8gre facilement dans les int\u00e9rieurs r\u00e9sidentiels et commerciaux haut de gamme.<\/li>\n\n\n\n<li><strong>Rin\u00e7age efficace par jet d'eau : <\/strong>\u00c9quip\u00e9es d'un syst\u00e8me de jet de lavage, les toilettes fournissent une puissance de rin\u00e7age puissante et directe. Cela garantit une \u00e9vacuation rapide des d\u00e9chets et r\u00e9duit le risque de colmatage.<\/li>\n\n\n\n<li><strong>Conception confortable \u201cgrande taille\u201d : <\/strong>La conception de la cuvette \u00e9largie am\u00e9liore le confort de l'utilisateur par rapport aux mod\u00e8les compacts. Elle offre une exp\u00e9rience d'assise plus ergonomique, r\u00e9pondant aux attentes des utilisateurs r\u00e9sidentiels et h\u00f4teliers.<\/li>\n\n\n\n<li><strong>Assurance qualit\u00e9 certifi\u00e9e :<\/strong> Ces toilettes ont obtenu la certification CE, ce qui en fait un choix fiable pour le march\u00e9 mondial et les achats \u00e0 grande \u00e9chelle.<\/li>\n<\/ul>\n<\/div>\n\n\n\n<div class=\"wp-block-column is-layout-flow wp-block-column-is-layout-flow\">\n<figure class=\"wp-block-image size-full\"><img decoding=\"async\" width=\"1211\" height=\"750\" src=\"https:\/\/www.southvillabath.com\/wp-content\/uploads\/2026\/03\/wholesale-wall-hung-toilets-2.webp\" alt=\"toilettes murales en gros (2)\" class=\"wp-image-986\" srcset=\"https:\/\/www.southvillabath.com\/wp-content\/uploads\/2026\/03\/wholesale-wall-hung-toilets-2.webp 1211w, https:\/\/www.southvillabath.com\/wp-content\/uploads\/2026\/03\/wholesale-wall-hung-toilets-2-300x186.webp 300w, https:\/\/www.southvillabath.com\/wp-content\/uploads\/2026\/03\/wholesale-wall-hung-toilets-2-768x476.webp 768w, https:\/\/www.southvillabath.com\/wp-content\/uploads\/2026\/03\/wholesale-wall-hung-toilets-2-18x12.webp 18w, https:\/\/www.southvillabath.com\/wp-content\/uploads\/2026\/03\/wholesale-wall-hung-toilets-2-1200x743.webp 1200w, https:\/\/www.southvillabath.com\/wp-content\/uploads\/2026\/03\/wholesale-wall-hung-toilets-2-600x372.webp 600w\" sizes=\"(max-width: 1211px) 100vw, 1211px\" \/><\/figure>\n<\/div>\n<\/div>","protected":false},"excerpt":{"rendered":"<p>Les toilettes murales Wholesale maximisent l'espace sans compromettre le style. Son design minimaliste s'int\u00e8gre parfaitement dans les appartements modernes, les h\u00f4tels de charme et les petites salles de bains commerciales, tandis que le syst\u00e8me de lavage efficace garantit une hygi\u00e8ne sup\u00e9rieure et un nettoyage facile.<\/p>\n<h2><strong><b>Toilettes suspendues <\/b><\/strong><strong><b>Sp\u00e9cifications<\/b><\/strong><\/h2>\n<table>\n<tbody>\n<tr>\n<td><strong><b>Sp\u00e9cifications<\/b><\/strong><\/td>\n<td><strong><b>D\u00e9tails<\/b><\/strong><\/td>\n<\/tr>\n<tr>\n<td>Mod\u00e8le<\/td>\n<td>SH-004<\/td>\n<\/tr>\n<tr>\n<td>Type de toilettes<\/td>\n<td>Toilettes suspendues<\/td>\n<\/tr>\n<tr>\n<td>Taille<\/td>\n<td>570mm x 350mm x 340mm<\/td>\n<\/tr>\n<tr>\n<td>Syst\u00e8me de rin\u00e7age<\/td>\n<td>Jet de lavage<\/td>\n<\/tr>\n<tr>\n<td>Caract\u00e9ristiques du si\u00e8ge<\/td>\n<td>Si\u00e8ge \u00e0 fermeture souple<\/td>\n<\/tr>\n<tr>\n<td>Service OEM et ODM<\/td>\n<td>Possibilit\u00e9 de personnaliser le logo, les couleurs, l'emballage, la forme du produit et les caract\u00e9ristiques.<\/td>\n<\/tr>\n<tr>\n<tr>\n<td>Type de drainage<\/td>\n<td>Siphon en P : 180 mm<\/td>\n<\/tr>\n<td>MOQ<\/td>\n<td>50 pi\u00e8ces, flexible pour une discussion ult\u00e9rieure<\/td>\n<\/tr>\n<\/tbody>\n<\/table>\n<p>&nbsp;<\/p>\n<\/p><\/p>","protected":false},"featured_media":985,"comment_status":"closed","ping_status":"closed","template":"","meta":{"_acf_changed":true},"product_brand":[],"product_cat":[19],"product_tag":[],"class_list":{"0":"post-957","1":"product","2":"type-product","3":"status-publish","4":"has-post-thumbnail","6":"product_cat-wholesale-wall-hung-toilets","8":"first","9":"instock","10":"shipping-taxable","11":"product-type-simple"},"acf":[],"_links":{"self":[{"href":"https:\/\/www.southvillabath.com\/fr\/wp-json\/wp\/v2\/product\/957","targetHints":{"allow":["GET"]}}],"collection":[{"href":"https:\/\/www.southvillabath.com\/fr\/wp-json\/wp\/v2\/product"}],"about":[{"href":"https:\/\/www.southvillabath.com\/fr\/wp-json\/wp\/v2\/types\/product"}],"replies":[{"embeddable":true,"href":"https:\/\/www.southvillabath.com\/fr\/wp-json\/wp\/v2\/comments?post=957"}],"wp:featuredmedia":[{"embeddable":true,"href":"https:\/\/www.southvillabath.com\/fr\/wp-json\/wp\/v2\/media\/985"}],"wp:attachment":[{"href":"https:\/\/www.southvillabath.com\/fr\/wp-json\/wp\/v2\/media?parent=957"}],"wp:term":[{"taxonomy":"product_brand","embeddable":true,"href":"https:\/\/www.southvillabath.com\/fr\/wp-json\/wp\/v2\/product_brand?post=957"},{"taxonomy":"product_cat","embeddable":true,"href":"https:\/\/www.southvillabath.com\/fr\/wp-json\/wp\/v2\/product_cat?post=957"},{"taxonomy":"product_tag","embeddable":true,"href":"https:\/\/www.southvillabath.com\/fr\/wp-json\/wp\/v2\/product_tag?post=957"}],"curies":[{"name":"wp","href":"https:\/\/api.w.org\/{rel}","templated":true}]}}