{"id":771,"date":"2026-03-10T10:02:36","date_gmt":"2026-03-10T10:02:36","guid":{"rendered":"https:\/\/shangcai.tongdeceramic.com\/?post_type=product&#038;p=771"},"modified":"2026-03-10T23:52:05","modified_gmt":"2026-03-10T23:52:05","slug":"bulk-wall-hung-basin-factory-and-supplier","status":"publish","type":"product","link":"https:\/\/www.southvillabath.com\/fr\/product\/bulk-wall-hung-basin-factory-and-supplier\/","title":{"rendered":"Bulk Wall Hung Basin Factory and Supplier, High Quality, Factory Direct Pricing, Brand Customization Support"},"content":{"rendered":"<div class=\"wp-block-columns is-layout-flex wp-container-core-columns-is-layout-9d6595d7 wp-block-columns-is-layout-flex\">\n<div class=\"wp-block-column is-layout-flow wp-block-column-is-layout-flow\">\n<h3 class=\"wp-block-heading\">Caract\u00e9ristiques du bassin suspendu<\/h3>\n\n\n\n<ul class=\"wp-block-list\">\n<li><strong>Conception peu encombrante et polyvalente :<\/strong> L'installation murale lib\u00e8re de l'espace au sol, ce qui rend les lavabos parfaits pour les h\u00f4tels, les projets commerciaux, les appartements et les salles de bains r\u00e9sidentielles modernes.<\/li>\n\n\n\n<li><strong>Installation et entretien faciles : <\/strong>L\u00e9gers, ergonomiques et faciles \u00e0 monter, les bassins r\u00e9duisent les co\u00fbts de main-d'\u0153uvre et simplifient la mise en \u0153uvre de projets \u00e0 grande \u00e9chelle.<\/li>\n\n\n\n<li><strong>Construction de haute qualit\u00e9 : <\/strong>Fabriqu\u00e9e en c\u00e9ramique \u00e9maill\u00e9e de premi\u00e8re qualit\u00e9, chaque vasque est durable, r\u00e9sistante aux rayures et facile \u00e0 entretenir. La cuisson \u00e0 haute temp\u00e9rature garantit une faible absorption d'eau, des performances durables et une finition de qualit\u00e9.<\/li>\n\n\n\n<li><strong>Approvisionnement direct de l'usine : <\/strong>En tant que fabricant de bassins, nous fournissons des bassins directement \u00e0 partir de notre usine, ce qui \u00e9limine les interm\u00e9diaires et garantit des prix comp\u00e9titifs pour les commandes en gros.<\/li>\n\n\n\n<li><strong>Soutien \u00e0 la conception et \u00e0 l'image de marque personnalis\u00e9e : <\/strong>Nous proposons des options de personnalisation de la marque, notamment la gravure du logo, des solutions d'emballage et des variations de couleur, afin d'aider les entreprises \u00e0 cr\u00e9er une gamme de produits unique pour leurs clients.<\/li>\n<\/ul>\n<\/div>\n\n\n\n<div class=\"wp-block-column is-layout-flow wp-block-column-is-layout-flow\">\n<figure class=\"wp-block-image size-full\"><img decoding=\"async\" width=\"734\" height=\"859\" src=\"https:\/\/www.southvillabath.com\/wp-content\/uploads\/2026\/03\/wall-hung-basin-details.webp\" alt=\"d\u00e9tails du bassin suspendu\" class=\"wp-image-783\" srcset=\"https:\/\/www.southvillabath.com\/wp-content\/uploads\/2026\/03\/wall-hung-basin-details.webp 734w, https:\/\/www.southvillabath.com\/wp-content\/uploads\/2026\/03\/wall-hung-basin-details-256x300.webp 256w, https:\/\/www.southvillabath.com\/wp-content\/uploads\/2026\/03\/wall-hung-basin-details-600x702.webp 600w\" sizes=\"(max-width: 734px) 100vw, 734px\" \/><\/figure>\n<\/div>\n<\/div>\n\n\n\n<p><\/p>","protected":false},"excerpt":{"rendered":"<p>Nos lavabos muraux en c\u00e9ramique de haute qualit\u00e9 allient durabilit\u00e9, design moderne et facilit\u00e9 d'installation, tout en offrant la possibilit\u00e9 de personnaliser les logos, les emballages ou les couleurs. Ils sont parfaits pour les commandes en gros, les h\u00f4tels, les appartements et les projets commerciaux. N'h\u00e9sitez pas \u00e0 nous contacter !<\/p>\n<h2><strong><b>Sp\u00e9cification de la vasque suspendue<\/b><\/strong><\/h2>\n<table>\n<tbody>\n<tr>\n<td><strong><b>Sp\u00e9cifications<\/b><\/strong><\/td>\n<td><strong><b>D\u00e9tails<\/b><\/strong><\/td>\n<\/tr>\n<tr>\n<td>Mod\u00e8le<\/td>\n<td>SH-115<\/td>\n<\/tr>\n<tr>\n<td>Type de produit<\/td>\n<td>Cuvette murale<\/td>\n<\/tr>\n<tr>\n<td>Style<\/td>\n<td>Moderne<\/td>\n<\/tr>\n<tr>\n<td>Fonctionnalit\u00e9<\/td>\n<td>Lisse<\/td>\n<\/tr>\n<tr>\n<td>Application<\/td>\n<td>Salle de bains<\/td>\n<\/tr>\n<tr>\n<td>Service OEM et ODM<\/td>\n<td>Possibilit\u00e9 de personnaliser le logo, les couleurs, l'emballage, la forme du produit et les caract\u00e9ristiques.<\/td>\n<\/tr>\n<tr>\n<td>MOQ<\/td>\n<td>50 pi\u00e8ces, flexible pour une discussion ult\u00e9rieure<\/td>\n<\/tr>\n<\/tbody>\n<\/table>\n<p>&nbsp;<\/p>\n<p><script src=\"chrome-extension:\/\/fpelahbljekknahkcaegamhcndkfpfnc\/iFrame.js\" type=\"text\/javascript\"><\/script><\/p>\n<p>\n<script src=\"chrome-extension:\/\/fpelahbljekknahkcaegamhcndkfpfnc\/iFrame.js\" type=\"text\/javascript\"><\/script><\/p>","protected":false},"featured_media":778,"comment_status":"closed","ping_status":"closed","template":"","meta":{"_acf_changed":true},"product_brand":[],"product_cat":[23],"product_tag":[],"class_list":{"0":"post-771","1":"product","2":"type-product","3":"status-publish","4":"has-post-thumbnail","6":"product_cat-wholesale-washbasins","8":"first","9":"instock","10":"shipping-taxable","11":"product-type-simple"},"acf":[],"_links":{"self":[{"href":"https:\/\/www.southvillabath.com\/fr\/wp-json\/wp\/v2\/product\/771","targetHints":{"allow":["GET"]}}],"collection":[{"href":"https:\/\/www.southvillabath.com\/fr\/wp-json\/wp\/v2\/product"}],"about":[{"href":"https:\/\/www.southvillabath.com\/fr\/wp-json\/wp\/v2\/types\/product"}],"replies":[{"embeddable":true,"href":"https:\/\/www.southvillabath.com\/fr\/wp-json\/wp\/v2\/comments?post=771"}],"wp:featuredmedia":[{"embeddable":true,"href":"https:\/\/www.southvillabath.com\/fr\/wp-json\/wp\/v2\/media\/778"}],"wp:attachment":[{"href":"https:\/\/www.southvillabath.com\/fr\/wp-json\/wp\/v2\/media?parent=771"}],"wp:term":[{"taxonomy":"product_brand","embeddable":true,"href":"https:\/\/www.southvillabath.com\/fr\/wp-json\/wp\/v2\/product_brand?post=771"},{"taxonomy":"product_cat","embeddable":true,"href":"https:\/\/www.southvillabath.com\/fr\/wp-json\/wp\/v2\/product_cat?post=771"},{"taxonomy":"product_tag","embeddable":true,"href":"https:\/\/www.southvillabath.com\/fr\/wp-json\/wp\/v2\/product_tag?post=771"}],"curies":[{"name":"wp","href":"https:\/\/api.w.org\/{rel}","templated":true}]}}