{"id":716,"date":"2026-03-11T01:53:40","date_gmt":"2026-03-11T01:53:40","guid":{"rendered":"https:\/\/shangcai.tongdeceramic.com\/?post_type=product&#038;p=716"},"modified":"2026-03-21T10:02:44","modified_gmt":"2026-03-21T10:02:44","slug":"bulk-smart-toilets-from-china","status":"publish","type":"product","link":"https:\/\/www.southvillabath.com\/fr\/product\/bulk-smart-toilets-from-china\/","title":{"rendered":"Bulk Chinese Smart Toilet Supply SH-V9, Washdown Smart Toilet Manufacturer Supply"},"content":{"rendered":"<div class=\"wp-block-columns is-layout-flex wp-container-core-columns-is-layout-9d6595d7 wp-block-columns-is-layout-flex\">\n<div class=\"wp-block-column is-layout-flow wp-block-column-is-layout-flow\">\n<h3 class=\"wp-block-heading\"> Caract\u00e9ristiques des toilettes intelligentes<\/h3>\n\n\n\n<ul class=\"wp-block-list\">\n<li><strong>Si\u00e8ge chauffant \u00e0 temp\u00e9rature constante :<\/strong> Le si\u00e8ge chauffant intelligent maintient une temp\u00e9rature constante pour offrir un confort tout au long de l'ann\u00e9e. Il \u00e9limine l'inconfort des si\u00e8ges froids en hiver et contribue \u00e0 maintenir une exp\u00e9rience d'assise agr\u00e9able en toute saison.<\/li>\n<\/ul>\n\n\n\n<ul class=\"wp-block-list\">\n<li><strong>Syst\u00e8me d'\u00e9clairage ambiant RVB : <\/strong>Une approche int\u00e9gr\u00e9e <strong>Syst\u00e8me d'\u00e9clairage RGB en couleurs<\/strong> cr\u00e9e un \u00e9clairage ambiant personnalisable autour des toilettes, que les jeunes affectionnent. L'\u00e9clairage am\u00e9liore l'utilisation nocturne tout en ajoutant une atmosph\u00e8re d\u00e9corative moderne \u00e0 l'espace de la salle de bains.<\/li>\n<\/ul>\n\n\n\n<ul class=\"wp-block-list\">\n<li><strong>Trois styles sont disponibles : <\/strong>Nous proposons trois styles pour r\u00e9pondre aux pr\u00e9f\u00e9rences des diff\u00e9rents utilisateurs.<\/li>\n<\/ul>\n\n\n\n<ul class=\"wp-block-list\">\n<li><strong>Conception esth\u00e9tique moderne et int\u00e9gr\u00e9e : <\/strong>Les lignes douces des toilettes et les composants structurels dissimul\u00e9s cr\u00e9ent une apparence propre et rationalis\u00e9e. Les tuyaux et les r\u00e9servoirs dissimul\u00e9s conservent un aspect minimaliste qui s'harmonise avec les styles d'int\u00e9rieur contemporains.<\/li>\n<\/ul>\n<\/div>\n\n\n\n<div class=\"wp-block-column is-layout-flow wp-block-column-is-layout-flow\">\n<figure class=\"wp-block-image size-full\"><img decoding=\"async\" width=\"750\" height=\"750\" src=\"https:\/\/www.southvillabath.com\/wp-content\/uploads\/2026\/03\/bulk-Chinese-smart-toilet-supply-1.webp\" alt=\"approvisionnement en vrac de toilettes intelligentes chinoises 1\" class=\"wp-image-717\" srcset=\"https:\/\/www.southvillabath.com\/wp-content\/uploads\/2026\/03\/bulk-Chinese-smart-toilet-supply-1.webp 750w, https:\/\/www.southvillabath.com\/wp-content\/uploads\/2026\/03\/bulk-Chinese-smart-toilet-supply-1-300x300.webp 300w, https:\/\/www.southvillabath.com\/wp-content\/uploads\/2026\/03\/bulk-Chinese-smart-toilet-supply-1-150x150.webp 150w, https:\/\/www.southvillabath.com\/wp-content\/uploads\/2026\/03\/bulk-Chinese-smart-toilet-supply-1-600x600.webp 600w, https:\/\/www.southvillabath.com\/wp-content\/uploads\/2026\/03\/bulk-Chinese-smart-toilet-supply-1-100x100.webp 100w\" sizes=\"(max-width: 750px) 100vw, 750px\" \/><\/figure>\n<\/div>\n<\/div>\n\n\n\n<p><\/p>","protected":false},"excerpt":{"rendered":"<p>Toilettes intelligentes chinoises en vrac. Nos toilettes intelligentes en gros combinent une esth\u00e9tique minimaliste avec des fonctions de confort avanc\u00e9es. Disponibles en trois couleurs \u00e9l\u00e9gantes et \u00e9quip\u00e9es d'un si\u00e8ge chauffant et d'un \u00e9clairage d'ambiance RVB, elles am\u00e9liorent \u00e0 la fois la fonctionnalit\u00e9 et l'harmonie visuelle dans les salles de bains contemporaines.<\/p>\n<p>En tant que l'un des principaux <strong>fabricants de toilettes intelligentes<\/strong> en Chine, South Villa fournit des services de toilettes intelligentes en gros et des solutions de toilettes intelligentes personnalis\u00e9es dans le monde entier. Contactez nous d\u00e8s maintenant !<\/p>\n<h2><strong><b>Toilettes intelligentes <\/b><\/strong><strong><b>Sp\u00e9cifications<\/b><\/strong><\/h2>\n<table>\n<tbody>\n<tr>\n<td><strong><b>Sp\u00e9cifications<\/b><\/strong><\/td>\n<td><strong><b>D\u00e9tails<\/b><\/strong><\/td>\n<\/tr>\n<tr>\n<td>Mod\u00e8le<\/td>\n<td>SH-V9<\/td>\n<\/tr>\n<tr>\n<td>Type de toilettes<\/td>\n<td>Toilettes intelligentes<\/td>\n<\/tr>\n<tr>\n<td>Volume de rin\u00e7age<\/td>\n<td>3.0-4.5L<\/td>\n<\/tr>\n<tr>\n<td>Syst\u00e8me de rin\u00e7age<\/td>\n<td>Lavage<\/td>\n<\/tr>\n<tr>\n<td>Caract\u00e9ristiques du si\u00e8ge<\/td>\n<td>Rond, si\u00e8ge \u00e0 fermeture douce<\/td>\n<\/tr>\n<tr>\n<td>Service OEM et ODM<\/td>\n<td>Possibilit\u00e9 de personnaliser le logo, les couleurs, l'emballage, la forme du produit et les caract\u00e9ristiques.<\/td>\n<\/tr>\n<tr>\n<td>MOQ<\/td>\n<td>50 pi\u00e8ces, flexible pour une discussion ult\u00e9rieure<\/td>\n<\/tr>\n<\/tbody>\n<\/table>\n<p>&nbsp;<\/p>\n<p><script src=\"chrome-extension:\/\/fpelahbljekknahkcaegamhcndkfpfnc\/iFrame.js\" type=\"text\/javascript\"><\/script><\/p>\n<p>\n<script src=\"chrome-extension:\/\/fpelahbljekknahkcaegamhcndkfpfnc\/iFrame.js\" type=\"text\/javascript\"><\/script><\/p>","protected":false},"featured_media":718,"comment_status":"closed","ping_status":"closed","template":"","meta":{"_acf_changed":false},"product_brand":[],"product_cat":[20],"product_tag":[],"class_list":{"0":"post-716","1":"product","2":"type-product","3":"status-publish","4":"has-post-thumbnail","6":"product_cat-wholesale-smart-toilets","8":"first","9":"instock","10":"shipping-taxable","11":"product-type-simple"},"acf":[],"_links":{"self":[{"href":"https:\/\/www.southvillabath.com\/fr\/wp-json\/wp\/v2\/product\/716","targetHints":{"allow":["GET"]}}],"collection":[{"href":"https:\/\/www.southvillabath.com\/fr\/wp-json\/wp\/v2\/product"}],"about":[{"href":"https:\/\/www.southvillabath.com\/fr\/wp-json\/wp\/v2\/types\/product"}],"replies":[{"embeddable":true,"href":"https:\/\/www.southvillabath.com\/fr\/wp-json\/wp\/v2\/comments?post=716"}],"wp:featuredmedia":[{"embeddable":true,"href":"https:\/\/www.southvillabath.com\/fr\/wp-json\/wp\/v2\/media\/718"}],"wp:attachment":[{"href":"https:\/\/www.southvillabath.com\/fr\/wp-json\/wp\/v2\/media?parent=716"}],"wp:term":[{"taxonomy":"product_brand","embeddable":true,"href":"https:\/\/www.southvillabath.com\/fr\/wp-json\/wp\/v2\/product_brand?post=716"},{"taxonomy":"product_cat","embeddable":true,"href":"https:\/\/www.southvillabath.com\/fr\/wp-json\/wp\/v2\/product_cat?post=716"},{"taxonomy":"product_tag","embeddable":true,"href":"https:\/\/www.southvillabath.com\/fr\/wp-json\/wp\/v2\/product_tag?post=716"}],"curies":[{"name":"wp","href":"https:\/\/api.w.org\/{rel}","templated":true}]}}