{"id":705,"date":"2026-03-10T07:17:43","date_gmt":"2026-03-10T07:17:43","guid":{"rendered":"https:\/\/shangcai.tongdeceramic.com\/?post_type=product&#038;p=705"},"modified":"2026-03-10T07:50:14","modified_gmt":"2026-03-10T07:50:14","slug":"wholesale-ceramic-bathroom-set","status":"publish","type":"product","link":"https:\/\/www.southvillabath.com\/fr\/product\/wholesale-ceramic-bathroom-set\/","title":{"rendered":"Wholesale Bathroom Set, Toilets and Washbasins Come in Various Styles and Can Be Freely Combined (Ensemble de salle de bain en gros, toilettes et lavabos sont disponibles dans diff\u00e9rents styles et peuvent \u00eatre combin\u00e9s librement)"},"content":{"rendered":"<div class=\"wp-block-columns is-layout-flex wp-container-core-columns-is-layout-9d6595d7 wp-block-columns-is-layout-flex\">\n<div class=\"wp-block-column is-layout-flow wp-block-column-is-layout-flow\">\n<h3 class=\"wp-block-heading\">Caract\u00e9ristiques de l'ensemble de salle de bains<\/h3>\n\n\n\n<ul class=\"wp-block-list\">\n<li><strong>Combinaisons de styles flexibles :<\/strong> Nos toilettes et lavabos sont disponibles dans une grande vari\u00e9t\u00e9 de styles et de mod\u00e8les, ce qui permet des combinaisons flexibles pour s'adapter aux diff\u00e9rents styles de salles de bains et aux besoins des projets.<\/li>\n\n\n\n<li><strong>Syst\u00e8me de rin\u00e7age efficace et puissant : <\/strong>Les toilettes sont \u00e9quip\u00e9es d'une structure de chasse d'eau optimis\u00e9e qui assure une \u00e9vacuation puissante et fiable des d\u00e9chets tout en maintenant une faible consommation d'eau, ce qui permet d'\u00e9quilibrer les performances et l'utilisation rationnelle de l'eau.<\/li>\n\n\n\n<li><strong>Une qualit\u00e9 fiable pour les grands projets : <\/strong>Chaque produit est soumis \u00e0 des contr\u00f4les de qualit\u00e9 rigoureux afin de garantir des performances stables et une qualit\u00e9 constante. Cet ensemble est donc id\u00e9al pour les h\u00f4tels, les appartements, les projets immobiliers et les achats \u00e0 grande \u00e9chelle.<\/li>\n\n\n\n<li><strong>Contr\u00f4le strict de la qualit\u00e9 :<\/strong> Avant d'\u00eatre exp\u00e9di\u00e9es, toutes les toilettes sont soumises \u00e0 de multiples inspections, notamment l'inspection de l'\u00e9mail, l'essai de chasse d'eau, l'essai de fuite d'eau et des contr\u00f4les de qualit\u00e9 structurels.<\/li>\n<\/ul>\n<\/div>\n\n\n\n<div class=\"wp-block-column is-layout-flow wp-block-column-is-layout-flow\">\n<figure class=\"wp-block-image size-full\"><img decoding=\"async\" width=\"781\" height=\"781\" src=\"https:\/\/www.southvillabath.com\/wp-content\/uploads\/2026\/03\/bathroom-set-1.webp\" alt=\"ensemble de salle de bain (1)\" class=\"wp-image-706\" srcset=\"https:\/\/www.southvillabath.com\/wp-content\/uploads\/2026\/03\/bathroom-set-1.webp 781w, https:\/\/www.southvillabath.com\/wp-content\/uploads\/2026\/03\/bathroom-set-1-300x300.webp 300w, https:\/\/www.southvillabath.com\/wp-content\/uploads\/2026\/03\/bathroom-set-1-150x150.webp 150w, https:\/\/www.southvillabath.com\/wp-content\/uploads\/2026\/03\/bathroom-set-1-768x768.webp 768w, https:\/\/www.southvillabath.com\/wp-content\/uploads\/2026\/03\/bathroom-set-1-600x600.webp 600w, https:\/\/www.southvillabath.com\/wp-content\/uploads\/2026\/03\/bathroom-set-1-100x100.webp 100w\" sizes=\"(max-width: 781px) 100vw, 781px\" \/><\/figure>\n<\/div>\n<\/div>","protected":false},"excerpt":{"rendered":"<p>Cet ensemble de salle de bains en gros comprend des toilettes et un lavabo assortis, con\u00e7us pour cr\u00e9er une solution de salle de bains compl\u00e8te et coordonn\u00e9e. Les toilettes et le lavabo sont fabriqu\u00e9s en c\u00e9ramique de haute qualit\u00e9 avec une surface lisse, offrant une durabilit\u00e9 sup\u00e9rieure, une r\u00e9sistance aux taches et une finition blanche durable.<\/p>\n<p>En tant que fabricant, nous proposons une grande vari\u00e9t\u00e9 de styles et de tailles de toilettes et de lavabos, ce qui permet des combinaisons flexibles pour r\u00e9pondre aux diff\u00e9rents am\u00e9nagements de la salle de bains.<\/p>\n<h2><strong><b>Ensemble de salle de bains <\/b><\/strong><strong><b>Sp\u00e9cifications<\/b><\/strong><\/h2>\n<table>\n<tbody>\n<tr>\n<td><strong><b>Sp\u00e9cifications<\/b><\/strong><\/td>\n<td><strong><b>D\u00e9tails<\/b><\/strong><\/td>\n<\/tr>\n<tr>\n<td>Mod\u00e8le<\/td>\n<td>Toilettes : SH-285BL \/ SH-295BL Lavabos : SH-B199BL\/SH-8802BL<br \/>\/SH-P128BL<\/td>\n<\/tr>\n<tr>\n<td>Type de toilettes<\/td>\n<td>Ensemble de salle de bains<\/td>\n<\/tr>\n<tr>\n<td>Volume de rin\u00e7age<\/td>\n<td>3.0-4.5L<\/td>\n<\/tr>\n<tr>\n<td>Syst\u00e8me de rin\u00e7age<\/td>\n<td>Lavage<\/td>\n<\/tr>\n<tr>\n<td>Caract\u00e9ristiques du si\u00e8ge<\/td>\n<td>Si\u00e8ge \u00e0 fermeture souple<\/td>\n<\/tr>\n<tr>\n<td>Service OEM et ODM<\/td>\n<td>Possibilit\u00e9 de personnaliser le logo, les couleurs, l'emballage, la forme du produit et les caract\u00e9ristiques.<\/td>\n<\/tr>\n<tr>\n<td>MOQ<\/td>\n<td>50 pi\u00e8ces, flexible pour une discussion ult\u00e9rieure<\/td>\n<\/tr>\n<\/tbody>\n<\/table>\n<p>&nbsp;<\/p>","protected":false},"featured_media":710,"comment_status":"closed","ping_status":"closed","template":"","meta":{"_acf_changed":true},"product_brand":[],"product_cat":[22],"product_tag":[],"class_list":{"0":"post-705","1":"product","2":"type-product","3":"status-publish","4":"has-post-thumbnail","6":"product_cat-wholesale-bathroom-sets","8":"first","9":"instock","10":"shipping-taxable","11":"product-type-simple"},"acf":[],"_links":{"self":[{"href":"https:\/\/www.southvillabath.com\/fr\/wp-json\/wp\/v2\/product\/705","targetHints":{"allow":["GET"]}}],"collection":[{"href":"https:\/\/www.southvillabath.com\/fr\/wp-json\/wp\/v2\/product"}],"about":[{"href":"https:\/\/www.southvillabath.com\/fr\/wp-json\/wp\/v2\/types\/product"}],"replies":[{"embeddable":true,"href":"https:\/\/www.southvillabath.com\/fr\/wp-json\/wp\/v2\/comments?post=705"}],"wp:featuredmedia":[{"embeddable":true,"href":"https:\/\/www.southvillabath.com\/fr\/wp-json\/wp\/v2\/media\/710"}],"wp:attachment":[{"href":"https:\/\/www.southvillabath.com\/fr\/wp-json\/wp\/v2\/media?parent=705"}],"wp:term":[{"taxonomy":"product_brand","embeddable":true,"href":"https:\/\/www.southvillabath.com\/fr\/wp-json\/wp\/v2\/product_brand?post=705"},{"taxonomy":"product_cat","embeddable":true,"href":"https:\/\/www.southvillabath.com\/fr\/wp-json\/wp\/v2\/product_cat?post=705"},{"taxonomy":"product_tag","embeddable":true,"href":"https:\/\/www.southvillabath.com\/fr\/wp-json\/wp\/v2\/product_tag?post=705"}],"curies":[{"name":"wp","href":"https:\/\/api.w.org\/{rel}","templated":true}]}}