{"id":698,"date":"2026-03-11T01:38:19","date_gmt":"2026-03-11T01:38:19","guid":{"rendered":"https:\/\/shangcai.tongdeceramic.com\/?post_type=product&#038;p=698"},"modified":"2026-03-21T10:03:47","modified_gmt":"2026-03-21T10:03:47","slug":"smart-toilet-wholesale","status":"publish","type":"product","link":"https:\/\/www.southvillabath.com\/fr\/product\/smart-toilet-wholesale\/","title":{"rendered":"Toilettes intelligentes chinoises SH-681 Wholesale Supply - Washdown Smart Toilet Factory-Direct"},"content":{"rendered":"<div class=\"wp-block-columns is-layout-flex wp-container-core-columns-is-layout-9d6595d7 wp-block-columns-is-layout-flex\">\n<div class=\"wp-block-column is-layout-flow wp-block-column-is-layout-flow\">\n<h3 class=\"wp-block-heading\"> Caract\u00e9ristiques des toilettes intelligentes\u00a0 \u00a0<\/h3>\n\n\n\n<ul class=\"wp-block-list\">\n<li><strong>Syst\u00e8me de lavage intelligent multimode : <\/strong>Les toilettes offrent plusieurs modes de lavage, notamment le lavage arri\u00e8re, le lavage f\u00e9minin, etc. Ces fonctions de nettoyage r\u00e9glables offrent une hygi\u00e8ne personnalis\u00e9e et une exp\u00e9rience de lavage confortable pour les diff\u00e9rents besoins de l'utilisateur.<\/li>\n<\/ul>\n\n\n\n<ul class=\"wp-block-list\">\n<li><strong>S\u00e9chage instantan\u00e9 \u00e0 l'eau chaude et \u00e0 l'air chaud : <\/strong>Un syst\u00e8me de chauffage instantan\u00e9 fournit de l'eau chaude en continu pendant le lavage, sans qu'il soit n\u00e9cessaire d'utiliser un r\u00e9servoir de stockage. Apr\u00e8s le nettoyage, une fonction de s\u00e9chage doux \u00e0 l'air chaud r\u00e9duit le besoin de papier hygi\u00e9nique et am\u00e9liore le confort g\u00e9n\u00e9ral.<\/li>\n<\/ul>\n\n\n\n<ul class=\"wp-block-list\">\n<li><strong>Buse hygi\u00e9nique autonettoyante : <\/strong>La buse de pulv\u00e9risation se nettoie automatiquement avant et apr\u00e8s chaque utilisation pour maintenir des conditions hygi\u00e9niques. Ainsi, chaque cycle de lavage reste hygi\u00e9nique et s\u00fbr pour les utilisateurs.<\/li>\n<\/ul>\n\n\n\n<ul class=\"wp-block-list\">\n<li><strong>Conception compacte et peu encombrante pour l'accrochage mural : <\/strong>La structure murale cr\u00e9e un effet visuel flottant tout en lib\u00e9rant de l'espace au sol. Gr\u00e2ce \u00e0 sa taille compacte, il convient aux salles de bains modernes, en particulier lorsque l'optimisation de l'espace est importante.<\/li>\n<\/ul>\n<\/div>\n\n\n\n<div class=\"wp-block-column is-layout-flow wp-block-column-is-layout-flow\">\n<figure class=\"wp-block-image size-full\"><img decoding=\"async\" width=\"750\" height=\"750\" src=\"https:\/\/www.southvillabath.com\/wp-content\/uploads\/2026\/03\/Chinese-smart-toilet-wholesale-6.webp\" alt=\"Toilettes intelligentes chinoises en gros 6\" class=\"wp-image-700\" srcset=\"https:\/\/www.southvillabath.com\/wp-content\/uploads\/2026\/03\/Chinese-smart-toilet-wholesale-6.webp 750w, https:\/\/www.southvillabath.com\/wp-content\/uploads\/2026\/03\/Chinese-smart-toilet-wholesale-6-300x300.webp 300w, https:\/\/www.southvillabath.com\/wp-content\/uploads\/2026\/03\/Chinese-smart-toilet-wholesale-6-150x150.webp 150w, https:\/\/www.southvillabath.com\/wp-content\/uploads\/2026\/03\/Chinese-smart-toilet-wholesale-6-600x600.webp 600w, https:\/\/www.southvillabath.com\/wp-content\/uploads\/2026\/03\/Chinese-smart-toilet-wholesale-6-100x100.webp 100w\" sizes=\"(max-width: 750px) 100vw, 750px\" \/><\/figure>\n<\/div>\n<\/div>","protected":false},"excerpt":{"rendered":"<p>Nous proposons des toilettes intelligentes en gros de Chine \u00e0 des prix d'usine. Elles sont con\u00e7ues pour offrir un maximum d'hygi\u00e8ne, de confort et un fonctionnement intelligent. Elles sont dot\u00e9es d'un syst\u00e8me de d\u00e9tection laser des pieds, d'un syst\u00e8me de protection contre la mousse \u00e0 360\u00b0, d'un lavage instantan\u00e9 \u00e0 l'eau chaude et d'une technologie de rin\u00e7age sans pression d'eau. Il s'agit d'une exp\u00e9rience de salle de bains haut de gamme, enti\u00e8rement automatis\u00e9e<\/p>\n<p>En tant que l'un des principaux fabricants de toilettes intelligentes en Chine, South Villa fournit des services de toilettes intelligentes en gros et des solutions de toilettes intelligentes personnalis\u00e9es dans le monde entier. Contactez nous d\u00e8s maintenant !<\/p>\n<h2><strong><b>Toilettes intelligentes <\/b><\/strong><strong><b>Sp\u00e9cifications<\/b><\/strong><\/h2>\n<table>\n<tbody>\n<tr>\n<td><strong><b>Sp\u00e9cifications<\/b><\/strong><\/td>\n<td><strong><b>D\u00e9tails<\/b><\/strong><\/td>\n<\/tr>\n<tr>\n<td>Mod\u00e8le<\/td>\n<td>SH-681<\/td>\n<\/tr>\n<tr>\n<td>Type de toilettes<\/td>\n<td>Toilettes intelligentes<\/td>\n<\/tr>\n<tr>\n<td>Volume de rin\u00e7age<\/td>\n<td>3.0-4.5L<\/td>\n<\/tr>\n<tr>\n<td>Syst\u00e8me de rin\u00e7age<\/td>\n<td>Lavage<\/td>\n<\/tr>\n<tr>\n<td>Caract\u00e9ristiques du si\u00e8ge<\/td>\n<td>Rond, si\u00e8ge \u00e0 fermeture douce<\/td>\n<\/tr>\n<tr>\n<td>Service OEM et ODM<\/td>\n<td>Possibilit\u00e9 de personnaliser le logo, les couleurs, l'emballage, la forme du produit et les caract\u00e9ristiques.<\/td>\n<\/tr>\n<tr>\n<td>MOQ<\/td>\n<td>50 pi\u00e8ces, flexible pour une discussion ult\u00e9rieure<\/td>\n<\/tr>\n<\/tbody>\n<\/table>\n<p>&nbsp;<\/p>\n<p><script src=\"chrome-extension:\/\/fpelahbljekknahkcaegamhcndkfpfnc\/iFrame.js\" type=\"text\/javascript\"><\/script><\/p>\n<p>\n<script src=\"chrome-extension:\/\/fpelahbljekknahkcaegamhcndkfpfnc\/iFrame.js\" type=\"text\/javascript\"><\/script><\/p>","protected":false},"featured_media":704,"comment_status":"closed","ping_status":"closed","template":"","meta":{"_acf_changed":true},"product_brand":[],"product_cat":[20],"product_tag":[],"class_list":{"0":"post-698","1":"product","2":"type-product","3":"status-publish","4":"has-post-thumbnail","6":"product_cat-wholesale-smart-toilets","8":"first","9":"instock","10":"shipping-taxable","11":"product-type-simple"},"acf":[],"_links":{"self":[{"href":"https:\/\/www.southvillabath.com\/fr\/wp-json\/wp\/v2\/product\/698","targetHints":{"allow":["GET"]}}],"collection":[{"href":"https:\/\/www.southvillabath.com\/fr\/wp-json\/wp\/v2\/product"}],"about":[{"href":"https:\/\/www.southvillabath.com\/fr\/wp-json\/wp\/v2\/types\/product"}],"replies":[{"embeddable":true,"href":"https:\/\/www.southvillabath.com\/fr\/wp-json\/wp\/v2\/comments?post=698"}],"wp:featuredmedia":[{"embeddable":true,"href":"https:\/\/www.southvillabath.com\/fr\/wp-json\/wp\/v2\/media\/704"}],"wp:attachment":[{"href":"https:\/\/www.southvillabath.com\/fr\/wp-json\/wp\/v2\/media?parent=698"}],"wp:term":[{"taxonomy":"product_brand","embeddable":true,"href":"https:\/\/www.southvillabath.com\/fr\/wp-json\/wp\/v2\/product_brand?post=698"},{"taxonomy":"product_cat","embeddable":true,"href":"https:\/\/www.southvillabath.com\/fr\/wp-json\/wp\/v2\/product_cat?post=698"},{"taxonomy":"product_tag","embeddable":true,"href":"https:\/\/www.southvillabath.com\/fr\/wp-json\/wp\/v2\/product_tag?post=698"}],"curies":[{"name":"wp","href":"https:\/\/api.w.org\/{rel}","templated":true}]}}