{"id":622,"date":"2026-04-02T00:28:24","date_gmt":"2026-04-02T00:28:24","guid":{"rendered":"https:\/\/shangcai.tongdeceramic.com\/?post_type=product&#038;p=622"},"modified":"2026-04-06T08:22:45","modified_gmt":"2026-04-06T08:22:45","slug":"wholesale-modern-washdown-one-piece-toilets","status":"publish","type":"product","link":"https:\/\/www.southvillabath.com\/fr\/product\/wholesale-modern-washdown-one-piece-toilets\/","title":{"rendered":"Wholesale Modern Washdown One-Piece Toilet - Hotel-Ready Design"},"content":{"rendered":"<div class=\"wp-block-columns is-layout-flex wp-container-core-columns-is-layout-9d6595d7 wp-block-columns-is-layout-flex\">\n<div class=\"wp-block-column is-layout-flow wp-block-column-is-layout-flow\">\n<h3 class=\"wp-block-heading\">Caract\u00e9ristiques des toilettes monoblocs<\/h3>\n\n\n\n<ul class=\"wp-block-list\">\n<li><strong>Construction en c\u00e9ramique durable : <\/strong>Fabriqu\u00e9es en c\u00e9ramique de premi\u00e8re qualit\u00e9, ces toilettes sont d'une solidit\u00e9 et d'une durabilit\u00e9 exceptionnelles. Id\u00e9ales pour les zones commerciales \u00e0 fort trafic et pour un usage r\u00e9sidentiel quotidien.<\/li>\n\n\n\n<li><strong>Conception hygi\u00e9nique sans rebord : <\/strong>Con\u00e7ues sans rebord traditionnel, ces toilettes \u00e9liminent les coins cach\u00e9s o\u00f9 s'accumulent g\u00e9n\u00e9ralement les bact\u00e9ries et la salet\u00e9.<\/li>\n\n\n\n<li><strong>Syst\u00e8me de double chasse : <\/strong>Dot\u00e9es d'un m\u00e9canisme avanc\u00e9 de double chasse, ces toilettes offrent 3,0 litres pour les d\u00e9chets liquides et 4,5 litres pour les d\u00e9chets solides, ce qui permet d'\u00e9conomiser efficacement l'eau sans compromettre les performances.<\/li>\n\n\n\n<li><strong>Rin\u00e7age puissant : <\/strong>Equip\u00e9es d'un syst\u00e8me de drainage P-Trap et d'une chasse d'eau \u00e0 double bouton sur le dessus, ces toilettes assurent une \u00e9vacuation des d\u00e9chets efficace et fiable \u00e0 chaque fois. Le d\u00e9bit d'eau optimis\u00e9 permet d'\u00e9vacuer efficacement les d\u00e9chets en une seule chasse, \u00e9vitant ainsi les bouchons et respectant les normes sanitaires.<\/li>\n\n\n\n<li><strong>Installation polyvalente : <\/strong>Ces toilettes encastr\u00e9es dans le sol sont con\u00e7ues pour une installation flexible dans divers espaces, notamment les maisons, les h\u00f4tels, les bureaux et les toilettes publiques. Sa conception adaptable \u00e0 diverses configurations de plomberie en fait un choix fiable pour les nouvelles constructions et les projets de r\u00e9novation.<\/li>\n<\/ul>\n<\/div>\n\n\n\n<div class=\"wp-block-column is-layout-flow wp-block-column-is-layout-flow\">\n<figure class=\"wp-block-image size-full\"><img decoding=\"async\" width=\"1127\" height=\"1392\" src=\"https:\/\/www.southvillabath.com\/wp-content\/uploads\/2026\/03\/wholesale-modern-washdown-one-piece-toilet-6688-dimension.webp\" alt=\"wholesale modern washdown one-piece toilet 6688 dimension\" class=\"wp-image-1242\" srcset=\"https:\/\/www.southvillabath.com\/wp-content\/uploads\/2026\/03\/wholesale-modern-washdown-one-piece-toilet-6688-dimension.webp 1127w, https:\/\/www.southvillabath.com\/wp-content\/uploads\/2026\/03\/wholesale-modern-washdown-one-piece-toilet-6688-dimension-243x300.webp 243w, https:\/\/www.southvillabath.com\/wp-content\/uploads\/2026\/03\/wholesale-modern-washdown-one-piece-toilet-6688-dimension-768x949.webp 768w, https:\/\/www.southvillabath.com\/wp-content\/uploads\/2026\/03\/wholesale-modern-washdown-one-piece-toilet-6688-dimension-10x12.webp 10w, https:\/\/www.southvillabath.com\/wp-content\/uploads\/2026\/03\/wholesale-modern-washdown-one-piece-toilet-6688-dimension-600x741.webp 600w\" sizes=\"(max-width: 1127px) 100vw, 1127px\" \/><\/figure>\n<\/div>\n<\/div>","protected":false},"excerpt":{"rendered":"<p>Faites l'exp\u00e9rience d'une performance sup\u00e9rieure et d'une \u00e9l\u00e9gance moderne avec nos toilettes en c\u00e9ramique de qualit\u00e9 sup\u00e9rieure. Fabriqu\u00e9es en c\u00e9ramique durable de haute qualit\u00e9, elles garantissent une utilisation durable tout en conservant un aspect impeccable. Equip\u00e9es d'un puissant siphon P et d'une chasse d'eau \u00e0 double bouton, l'\u00e9vacuation des d\u00e9chets est fiable \u00e0 chaque fois.<\/p>\n<p>En tant que professionnel <a href=\"https:\/\/www.southvillabath.com\/fr\/\" target=\"_blank\" rel=\"noopener\"><strong>fabricant de toilettes<\/strong><\/a>, Nous offrons une assurance qualit\u00e9 et un support technique en ligne, offrant une commodit\u00e9, une performance et une tranquillit\u00e9 d'esprit in\u00e9gal\u00e9es pour votre ligne de produits.<\/p>\n<h2><strong><b>Toilette monobloc <\/b><\/strong><strong><b>Sp\u00e9cifications<\/b><\/strong><\/h2>\n<table>\n<tbody>\n<tr>\n<td><strong><b>Sp\u00e9cifications<\/b><\/strong><\/td>\n<td><strong><b>D\u00e9tails<\/b><\/strong><\/td>\n<\/tr>\n<tr>\n<td>Mod\u00e8le<\/td>\n<td>SH-6688<\/td>\n<\/tr>\n<tr>\n<td>Type de toilettes<\/td>\n<td>Toilette monobloc<\/td>\n<\/tr>\n<tr>\n<td>Volume de rin\u00e7age<\/td>\n<td>3-4.5 L<\/td>\n<\/tr>\n<tr>\n<td>Syst\u00e8me de rin\u00e7age<\/td>\n<td>Lavage \u00e0 l'eau sans rebord<\/td>\n<\/tr>\n<tr>\n<td>Caract\u00e9ristiques du si\u00e8ge<\/td>\n<td>Si\u00e8ge \u00e0 fermeture souple<\/td>\n<\/tr>\n<tr>\n<td>Service OEM et ODM<\/td>\n<td>Possibilit\u00e9 de personnaliser le logo, les couleurs, l'emballage, la forme du produit et les caract\u00e9ristiques.<\/td>\n<\/tr>\n<tr>\n<td>Type de drainage<\/td>\n<td>Siphon P : 180 mm \/ Siphon S : 250 mm<\/td>\n<\/tr>\n<tr>\n<td>MOQ<\/td>\n<td>50 pi\u00e8ces, flexible pour une discussion ult\u00e9rieure<\/td>\n<\/tr>\n<\/tbody>\n<\/table>\n<p>&nbsp;<\/p>\n<\/p><\/p>","protected":false},"featured_media":1243,"comment_status":"closed","ping_status":"closed","template":"","meta":{"_acf_changed":false},"product_brand":[],"product_cat":[17,36],"product_tag":[],"class_list":{"0":"post-622","1":"product","2":"type-product","3":"status-publish","4":"has-post-thumbnail","6":"product_cat-wholesale-one-piece-toilets","7":"product_cat-wholesale-washdown-one-piece-toilets","9":"first","10":"instock","11":"shipping-taxable","12":"product-type-simple"},"acf":[],"_links":{"self":[{"href":"https:\/\/www.southvillabath.com\/fr\/wp-json\/wp\/v2\/product\/622","targetHints":{"allow":["GET"]}}],"collection":[{"href":"https:\/\/www.southvillabath.com\/fr\/wp-json\/wp\/v2\/product"}],"about":[{"href":"https:\/\/www.southvillabath.com\/fr\/wp-json\/wp\/v2\/types\/product"}],"replies":[{"embeddable":true,"href":"https:\/\/www.southvillabath.com\/fr\/wp-json\/wp\/v2\/comments?post=622"}],"wp:featuredmedia":[{"embeddable":true,"href":"https:\/\/www.southvillabath.com\/fr\/wp-json\/wp\/v2\/media\/1243"}],"wp:attachment":[{"href":"https:\/\/www.southvillabath.com\/fr\/wp-json\/wp\/v2\/media?parent=622"}],"wp:term":[{"taxonomy":"product_brand","embeddable":true,"href":"https:\/\/www.southvillabath.com\/fr\/wp-json\/wp\/v2\/product_brand?post=622"},{"taxonomy":"product_cat","embeddable":true,"href":"https:\/\/www.southvillabath.com\/fr\/wp-json\/wp\/v2\/product_cat?post=622"},{"taxonomy":"product_tag","embeddable":true,"href":"https:\/\/www.southvillabath.com\/fr\/wp-json\/wp\/v2\/product_tag?post=622"}],"curies":[{"name":"wp","href":"https:\/\/api.w.org\/{rel}","templated":true}]}}