{"id":613,"date":"2026-04-13T10:28:52","date_gmt":"2026-04-13T10:28:52","guid":{"rendered":"https:\/\/shangcai.tongdeceramic.com\/?post_type=product&#038;p=613"},"modified":"2026-04-22T06:32:29","modified_gmt":"2026-04-22T06:32:29","slug":"factory-supplied-bulk-one-piece-toilets","status":"publish","type":"product","link":"https:\/\/www.southvillabath.com\/fr\/product\/factory-supplied-bulk-one-piece-toilets\/","title":{"rendered":"Toilettes monobloc en vrac fournies par l'usine - Expert en fabrication de toilettes pour salles de bains"},"content":{"rendered":"<div class=\"wp-block-columns is-layout-flex wp-container-core-columns-is-layout-9d6595d7 wp-block-columns-is-layout-flex\">\n<div class=\"wp-block-column is-layout-flow wp-block-column-is-layout-flow\">\n<h3 class=\"wp-block-heading\">Caract\u00e9ristiques des toilettes monoblocs<\/h3>\n\n\n\n<ul class=\"wp-block-list\">\n<li><strong>Design moderne :<\/strong> Style \u00e9pur\u00e9 et contemporain adapt\u00e9 aux h\u00f4tels et aux espaces haut de gamme.<\/li>\n\n\n\n<li><strong>Fonctionnalit\u00e9s avanc\u00e9es : <\/strong>Couvercle de si\u00e8ge \u00e0 fermeture souple pour \u00e9viter les claquements et am\u00e9liorer l'exp\u00e9rience de l'utilisateur.<\/li>\n\n\n\n<li><strong>Siphon en P Sortie des d\u00e9chets : <\/strong>Drainage au sol standard pour une installation fiable.<\/li>\n\n\n\n<li><strong>Structure hygi\u00e9nique facile \u00e0 nettoyer : <\/strong>Les contours lisses et la conception facile \u00e0 nettoyer r\u00e9duisent l'accumulation de salet\u00e9s et simplifient l'entretien quotidien.<\/li>\n\n\n\n<li><strong>Contr\u00f4le strict de la qualit\u00e9 : <\/strong>Avant d'\u00eatre exp\u00e9di\u00e9es, toutes les toilettes sont soumises \u00e0 de multiples inspections, notamment l'inspection de l'\u00e9mail, l'essai de chasse d'eau, l'essai de fuite d'eau et des contr\u00f4les de qualit\u00e9 structurels.<\/li>\n<\/ul>\n<\/div>\n\n\n\n<div class=\"wp-block-column is-layout-flow wp-block-column-is-layout-flow\">\n<figure class=\"wp-block-image size-full\"><img decoding=\"async\" width=\"724\" height=\"931\" src=\"https:\/\/www.southvillabath.com\/wp-content\/uploads\/2026\/03\/factory-supplied-bulk-one-piece-toilet-8869-dimension.webp\" alt=\"factory-supplied bulk one-piece toilet 8869 dimension\" class=\"wp-image-1255\" srcset=\"https:\/\/www.southvillabath.com\/wp-content\/uploads\/2026\/03\/factory-supplied-bulk-one-piece-toilet-8869-dimension.webp 724w, https:\/\/www.southvillabath.com\/wp-content\/uploads\/2026\/03\/factory-supplied-bulk-one-piece-toilet-8869-dimension-233x300.webp 233w, https:\/\/www.southvillabath.com\/wp-content\/uploads\/2026\/03\/factory-supplied-bulk-one-piece-toilet-8869-dimension-9x12.webp 9w, https:\/\/www.southvillabath.com\/wp-content\/uploads\/2026\/03\/factory-supplied-bulk-one-piece-toilet-8869-dimension-600x772.webp 600w\" sizes=\"(max-width: 724px) 100vw, 724px\" \/><\/figure>\n<\/div>\n<\/div>","protected":false},"excerpt":{"rendered":"<p>Ces toilettes monoblocs modernes allient un design \u00e9l\u00e9gant \u00e0 des performances fiables, avec une cuvette allong\u00e9e en c\u00e9ramique, un syst\u00e8me de double chasse (3,0-4,5 litres) pour une utilisation efficace de l'eau, et une structure \u201cSea King\u201d sans rebord pour un nettoyage facile. Il est id\u00e9al pour les h\u00f4tels et les espaces haut de gamme.<\/p>\n<p>En tant que <a href=\"https:\/\/www.southvillabath.com\/fr\/\" target=\"_blank\" rel=\"noopener\"><strong>fabricant de toilettes<\/strong><\/a>, Nous proposons des devis d'usine et un soutien OEM et ODM. Contactez-nous d\u00e8s maintenant.<\/p>\n<h2><strong><b>Toilettes en une pi\u00e8ce <\/b><\/strong><strong><b>Sp\u00e9cifications<\/b><\/strong><\/h2>\n<table>\n<tbody>\n<tr>\n<td><strong><b>Sp\u00e9cifications<\/b><\/strong><\/td>\n<td><strong><b>D\u00e9tails<\/b><\/strong><\/td>\n<\/tr>\n<tr>\n<td>Mod\u00e8le<\/td>\n<td>SH-6689<\/td>\n<\/tr>\n<tr>\n<td>Type de toilettes<\/td>\n<td>Toilette monobloc<\/td>\n<\/tr>\n<tr>\n<td>Volume de rin\u00e7age<\/td>\n<td>3.0-4.5L<\/td>\n<\/tr>\n<tr>\n<td>Syst\u00e8me de rin\u00e7age<\/td>\n<td>Lavage<\/td>\n<\/tr>\n<tr>\n<td>Caract\u00e9ristiques du si\u00e8ge<\/td>\n<td>Si\u00e8ge \u00e0 fermeture souple<\/td>\n<\/tr>\n<tr>\n<td>Service OEM et ODM<\/td>\n<td>Possibilit\u00e9 de personnaliser le logo, les couleurs, l'emballage, la forme du produit et les caract\u00e9ristiques.<\/td>\n<\/tr>\n<tr>\n<td>Type de drainage<\/td>\n<td>Siphon P : 180mm \/ Siphon S : 250mm<\/td>\n<\/tr>\n<tr>\n<td>MOQ<\/td>\n<td>50 pi\u00e8ces, flexible pour une discussion ult\u00e9rieure<\/td>\n<\/tr>\n<\/tbody>\n<\/table>\n<p>&nbsp;<\/p>\n<p><script src=\"chrome-extension:\/\/fpelahbljekknahkcaegamhcndkfpfnc\/iFrame.js\" type=\"text\/javascript\"><\/script><\/p>\n<p>\n<script src=\"chrome-extension:\/\/fpelahbljekknahkcaegamhcndkfpfnc\/iFrame.js\" type=\"text\/javascript\"><\/script><\/p>","protected":false},"featured_media":1257,"comment_status":"closed","ping_status":"closed","template":"","meta":{"_acf_changed":false},"product_brand":[],"product_cat":[17,36],"product_tag":[],"class_list":{"0":"post-613","1":"product","2":"type-product","3":"status-publish","4":"has-post-thumbnail","6":"product_cat-wholesale-one-piece-toilets","7":"product_cat-wholesale-washdown-one-piece-toilets","9":"first","10":"instock","11":"shipping-taxable","12":"product-type-simple"},"acf":[],"_links":{"self":[{"href":"https:\/\/www.southvillabath.com\/fr\/wp-json\/wp\/v2\/product\/613","targetHints":{"allow":["GET"]}}],"collection":[{"href":"https:\/\/www.southvillabath.com\/fr\/wp-json\/wp\/v2\/product"}],"about":[{"href":"https:\/\/www.southvillabath.com\/fr\/wp-json\/wp\/v2\/types\/product"}],"replies":[{"embeddable":true,"href":"https:\/\/www.southvillabath.com\/fr\/wp-json\/wp\/v2\/comments?post=613"}],"wp:featuredmedia":[{"embeddable":true,"href":"https:\/\/www.southvillabath.com\/fr\/wp-json\/wp\/v2\/media\/1257"}],"wp:attachment":[{"href":"https:\/\/www.southvillabath.com\/fr\/wp-json\/wp\/v2\/media?parent=613"}],"wp:term":[{"taxonomy":"product_brand","embeddable":true,"href":"https:\/\/www.southvillabath.com\/fr\/wp-json\/wp\/v2\/product_brand?post=613"},{"taxonomy":"product_cat","embeddable":true,"href":"https:\/\/www.southvillabath.com\/fr\/wp-json\/wp\/v2\/product_cat?post=613"},{"taxonomy":"product_tag","embeddable":true,"href":"https:\/\/www.southvillabath.com\/fr\/wp-json\/wp\/v2\/product_tag?post=613"}],"curies":[{"name":"wp","href":"https:\/\/api.w.org\/{rel}","templated":true}]}}