{"id":606,"date":"2026-04-15T04:30:33","date_gmt":"2026-04-15T04:30:33","guid":{"rendered":"https:\/\/shangcai.tongdeceramic.com\/?post_type=product&#038;p=606"},"modified":"2026-04-22T06:24:19","modified_gmt":"2026-04-22T06:24:19","slug":"factory-direct-wholesale-washdown-one-piece-toilets","status":"publish","type":"product","link":"https:\/\/www.southvillabath.com\/fr\/product\/factory-direct-wholesale-washdown-one-piece-toilets\/","title":{"rendered":"Factory-Direct Wholesale Washdown One-Piece Toilet - China One Piece Toilet Manufacturer"},"content":{"rendered":"<div class=\"wp-block-columns is-layout-flex wp-container-core-columns-is-layout-9d6595d7 wp-block-columns-is-layout-flex\">\n<div class=\"wp-block-column is-layout-flow wp-block-column-is-layout-flow\">\n<h3 class=\"wp-block-heading\">Caract\u00e9ristiques des toilettes monoblocs<\/h3>\n\n\n\n<ul class=\"wp-block-list\">\n<li><strong>Surface enti\u00e8rement vitr\u00e9e \u00e0 360\u00b0 :<\/strong> Toute la surface int\u00e9rieure et ext\u00e9rieure est enti\u00e8rement \u00e9maill\u00e9e, ce qui lui conf\u00e8re une grande plan\u00e9it\u00e9, une texture lisse et une finition d'un blanc pur qui r\u00e9siste aux taches et facilite le nettoyage.<\/li>\n\n\n\n<li><strong>Syst\u00e8me de rin\u00e7age puissant : <\/strong>\u00c9quip\u00e9 d'un syst\u00e8me de rin\u00e7age efficace qui fournit un d\u00e9bit d'eau puissant et direct pour une \u00e9limination efficace des d\u00e9chets tout en conservant un fonctionnement silencieux.<\/li>\n\n\n\n<li><strong>Corps en c\u00e9ramique de haute qualit\u00e9 : <\/strong>Fabriqu\u00e9 en c\u00e9ramique de premi\u00e8re qualit\u00e9, avec une int\u00e9grit\u00e9 structurelle et une durabilit\u00e9 \u00e9lev\u00e9es, il convient \u00e0 une utilisation quotidienne \u00e0 long terme.<\/li>\n\n\n\n<li><strong>Housse de si\u00e8ge \u00e0 fermeture souple : <\/strong>\u00c9quip\u00e9 d'un couvercle de si\u00e8ge \u00e0 fermeture lente pour \u00e9viter les claquements, r\u00e9duire le bruit et prolonger la dur\u00e9e de vie du si\u00e8ge des toilettes.<\/li>\n\n\n\n<li><strong>Fabrication directe en usine : <\/strong>En tant qu'usine de toilettes professionnelles, nous proposons des prix d'usine, une capacit\u00e9 de production stable et un approvisionnement en vrac fiable aux acheteurs du monde entier.<\/li>\n<\/ul>\n<\/div>\n\n\n\n<div class=\"wp-block-column is-layout-flow wp-block-column-is-layout-flow\">\n<figure class=\"wp-block-image size-full\"><img decoding=\"async\" width=\"1760\" height=\"2680\" src=\"https:\/\/www.southvillabath.com\/wp-content\/uploads\/2026\/03\/factory-direct-wholesale-washdown-one-piece-toilet-6628-dimension.webp\" alt=\"factory direct wholesale washdown one-piece toilet 6628 dimension\" class=\"wp-image-1239\" srcset=\"https:\/\/www.southvillabath.com\/wp-content\/uploads\/2026\/03\/factory-direct-wholesale-washdown-one-piece-toilet-6628-dimension.webp 1760w, https:\/\/www.southvillabath.com\/wp-content\/uploads\/2026\/03\/factory-direct-wholesale-washdown-one-piece-toilet-6628-dimension-197x300.webp 197w, https:\/\/www.southvillabath.com\/wp-content\/uploads\/2026\/03\/factory-direct-wholesale-washdown-one-piece-toilet-6628-dimension-768x1169.webp 768w, https:\/\/www.southvillabath.com\/wp-content\/uploads\/2026\/03\/factory-direct-wholesale-washdown-one-piece-toilet-6628-dimension-8x12.webp 8w, https:\/\/www.southvillabath.com\/wp-content\/uploads\/2026\/03\/factory-direct-wholesale-washdown-one-piece-toilet-6628-dimension-1200x1827.webp 1200w, https:\/\/www.southvillabath.com\/wp-content\/uploads\/2026\/03\/factory-direct-wholesale-washdown-one-piece-toilet-6628-dimension-600x914.webp 600w\" sizes=\"(max-width: 1760px) 100vw, 1760px\" \/><\/figure>\n<\/div>\n<\/div>","protected":false},"excerpt":{"rendered":"<p data-pm-slice=\"0 0 []\">Nos toilettes monobloc \u00e0 lavage en gros allient un design moderne \u00e0 des performances \u00e9lev\u00e9es. Fabriqu\u00e9es en c\u00e9ramique durable \u00e0 faible absorption, avec une surface lisse et enti\u00e8rement \u00e9maill\u00e9e, elles garantissent une utilisation durable et un nettoyage facile.<\/p>\n<p>La personnalisation OEM et ODM est possible pour le logo, la couleur, l'emballage et les caract\u00e9ristiques, ce qui en fait un produit id\u00e9al pour les grossistes et les distributeurs du monde entier.<\/p>\n<h2><strong><b>Toilettes en une pi\u00e8ce <\/b><\/strong><strong><b>Sp\u00e9cifications<\/b><\/strong><\/h2>\n<table>\n<tbody>\n<tr>\n<td><strong><b>Sp\u00e9cifications<\/b><\/strong><\/td>\n<td><strong><b>D\u00e9tails<\/b><\/strong><\/td>\n<\/tr>\n<tr>\n<td>Mod\u00e8le<\/td>\n<td>SH-6628<\/td>\n<\/tr>\n<tr>\n<td>Type de toilettes<\/td>\n<td>Toilette monobloc<\/td>\n<\/tr>\n<tr>\n<td>Volume de rin\u00e7age<\/td>\n<td>3.0-4.5L<\/td>\n<\/tr>\n<tr>\n<td>Syst\u00e8me de rin\u00e7age<\/td>\n<td>\u00a0Tornade de lavage<\/td>\n<\/tr>\n<tr>\n<td>Caract\u00e9ristiques du si\u00e8ge<\/td>\n<td>Si\u00e8ge \u00e0 fermeture souple<\/td>\n<\/tr>\n<tr>\n<td>Service OEM et ODM<\/td>\n<td>Possibilit\u00e9 de personnaliser le logo, les couleurs, l'emballage, la forme du produit et les caract\u00e9ristiques.<\/td>\n<\/tr>\n<tr>\n<td>Type de drainage<\/td>\n<td>Siphon P : 180 mm \/ Siphon S : 250 mm<\/td>\n<\/tr>\n<tr>\n<td>MOQ<\/td>\n<td>50 pi\u00e8ces, flexible pour une discussion ult\u00e9rieure<\/td>\n<\/tr>\n<\/tbody>\n<\/table>\n<p>&nbsp;<\/p>\n<p>&nbsp;<\/p>\n<p>&nbsp;<\/p>\n<p>&nbsp;<\/p>\n<p><script src=\"chrome-extension:\/\/fpelahbljekknahkcaegamhcndkfpfnc\/iFrame.js\" type=\"text\/javascript\"><\/script><\/p>","protected":false},"featured_media":1234,"comment_status":"closed","ping_status":"closed","template":"","meta":{"_acf_changed":false},"product_brand":[],"product_cat":[17,36],"product_tag":[],"class_list":{"0":"post-606","1":"product","2":"type-product","3":"status-publish","4":"has-post-thumbnail","6":"product_cat-wholesale-one-piece-toilets","7":"product_cat-wholesale-washdown-one-piece-toilets","9":"first","10":"instock","11":"shipping-taxable","12":"product-type-simple"},"acf":[],"_links":{"self":[{"href":"https:\/\/www.southvillabath.com\/fr\/wp-json\/wp\/v2\/product\/606","targetHints":{"allow":["GET"]}}],"collection":[{"href":"https:\/\/www.southvillabath.com\/fr\/wp-json\/wp\/v2\/product"}],"about":[{"href":"https:\/\/www.southvillabath.com\/fr\/wp-json\/wp\/v2\/types\/product"}],"replies":[{"embeddable":true,"href":"https:\/\/www.southvillabath.com\/fr\/wp-json\/wp\/v2\/comments?post=606"}],"wp:featuredmedia":[{"embeddable":true,"href":"https:\/\/www.southvillabath.com\/fr\/wp-json\/wp\/v2\/media\/1234"}],"wp:attachment":[{"href":"https:\/\/www.southvillabath.com\/fr\/wp-json\/wp\/v2\/media?parent=606"}],"wp:term":[{"taxonomy":"product_brand","embeddable":true,"href":"https:\/\/www.southvillabath.com\/fr\/wp-json\/wp\/v2\/product_brand?post=606"},{"taxonomy":"product_cat","embeddable":true,"href":"https:\/\/www.southvillabath.com\/fr\/wp-json\/wp\/v2\/product_cat?post=606"},{"taxonomy":"product_tag","embeddable":true,"href":"https:\/\/www.southvillabath.com\/fr\/wp-json\/wp\/v2\/product_tag?post=606"}],"curies":[{"name":"wp","href":"https:\/\/api.w.org\/{rel}","templated":true}]}}