{"id":597,"date":"2026-04-14T01:00:44","date_gmt":"2026-04-14T01:00:44","guid":{"rendered":"https:\/\/shangcai.tongdeceramic.com\/?post_type=product&#038;p=597"},"modified":"2026-04-22T06:25:08","modified_gmt":"2026-04-22T06:25:08","slug":"wholesale-high-quality-one-piece-toilets","status":"publish","type":"product","link":"https:\/\/www.southvillabath.com\/fr\/product\/wholesale-high-quality-one-piece-toilets\/","title":{"rendered":"Toilettes monoblocs en gros - Singapour STL Water Efficiency Certified"},"content":{"rendered":"<div class=\"wp-block-columns is-layout-flex wp-container-core-columns-is-layout-9d6595d7 wp-block-columns-is-layout-flex\">\n<div class=\"wp-block-column is-layout-flow wp-block-column-is-layout-flow\">\n<h3 class=\"wp-block-heading\">Caract\u00e9ristiques des toilettes monoblocs<\/h3>\n\n\n\n<ul class=\"wp-block-list\">\n<li><strong>Performance en mati\u00e8re d'\u00e9conomie d'eau : <\/strong>N'utilise que 4,5 litres par chasse d'eau, ce qui contribue \u00e0 r\u00e9duire la consommation d'eau. Ces toilettes ont pass\u00e9 avec succ\u00e8s le test d'efficacit\u00e9 de l'eau STL de Singapour, r\u00e9pondant ainsi \u00e0 des normes strictes en mati\u00e8re d'\u00e9conomie d'eau.<\/li>\n\n\n\n<li><strong>Un ramassage efficace des d\u00e9chets :<\/strong>&nbsp;Ces toilettes sont con\u00e7ues avec des capacit\u00e9s de chasse d'eau puissantes, qui permettent d'\u00e9vacuer efficacement les serviettes, 100 boules de PP ou m\u00eame 12 rouleaux de papier toilette.<\/li>\n\n\n\n<li><strong>Conception hygi\u00e9nique sans rebord :<\/strong>&nbsp;Pas de coins cach\u00e9s, ce qui r\u00e9duit l'accumulation de bact\u00e9ries et facilite le nettoyage.<\/li>\n\n\n\n<li><strong>Si\u00e8ge \u00e0 fermeture douce et silencieuse :<\/strong>&nbsp;Le si\u00e8ge se referme lentement et silencieusement, sans perturber le repos de votre famille.<\/li>\n\n\n\n<li><strong>Services OEM et ODM personnalis\u00e9s :<\/strong>&nbsp;En tant que fabricant de toilettes, nous prenons en charge la personnalisation des logos, des couleurs, de l'emballage, de la conception des produits, des modifications du syst\u00e8me de chasse d'eau, etc., afin d'aider les marques et les projets des clients \u00e0 se diff\u00e9rencier sur le march\u00e9.<\/li>\n<\/ul>\n<\/div>\n\n\n\n<div class=\"wp-block-column is-layout-flow wp-block-column-is-layout-flow\">\n<figure class=\"wp-block-image size-full\"><img decoding=\"async\" width=\"1671\" height=\"2134\" src=\"https:\/\/www.southvillabath.com\/wp-content\/uploads\/2026\/03\/wholesale-one-piece-toilet-6630-dimension.webp\" alt=\"Toilettes en gros \u00e0 une pi\u00e8ce 6630 dimension\" class=\"wp-image-1233\" srcset=\"https:\/\/www.southvillabath.com\/wp-content\/uploads\/2026\/03\/wholesale-one-piece-toilet-6630-dimension.webp 1671w, https:\/\/www.southvillabath.com\/wp-content\/uploads\/2026\/03\/wholesale-one-piece-toilet-6630-dimension-235x300.webp 235w, https:\/\/www.southvillabath.com\/wp-content\/uploads\/2026\/03\/wholesale-one-piece-toilet-6630-dimension-768x981.webp 768w, https:\/\/www.southvillabath.com\/wp-content\/uploads\/2026\/03\/wholesale-one-piece-toilet-6630-dimension-9x12.webp 9w, https:\/\/www.southvillabath.com\/wp-content\/uploads\/2026\/03\/wholesale-one-piece-toilet-6630-dimension-1200x1532.webp 1200w, https:\/\/www.southvillabath.com\/wp-content\/uploads\/2026\/03\/wholesale-one-piece-toilet-6630-dimension-600x766.webp 600w\" sizes=\"(max-width: 1671px) 100vw, 1671px\" \/><\/figure>\n<\/div>\n<\/div>","protected":false},"excerpt":{"rendered":"<p>Le pr\u00e9sent <strong>Toilettes en gros d'une seule pi\u00e8ce<\/strong>\u00a0combine un design moderne, une chasse d'eau puissante et une technologie permettant d'\u00e9conomiser l'eau. En utilisant seulement <strong>4,5 litres par chasse d'eau<\/strong>, Il permet de r\u00e9duire la consommation d'eau sans compromettre l'efficacit\u00e9. Les toilettes ont \u00e9galement <strong>a pass\u00e9 avec succ\u00e8s le test d'efficacit\u00e9 de l'eau de la STL de Singapour<\/strong>, Il r\u00e9pond ainsi aux normes strictes en mati\u00e8re d'\u00e9conomie d'eau, ce qui en fait un produit id\u00e9al pour les march\u00e9s ayant des exigences environnementales \u00e9lev\u00e9es.<\/p>\n<h2><strong><b>Toilettes en une pi\u00e8ce <\/b><\/strong><strong><b>Sp\u00e9cifications<\/b><\/strong><\/h2>\n<table>\n<tbody>\n<tr>\n<td><strong><b>Sp\u00e9cifications<\/b><\/strong><\/td>\n<td><strong><b>D\u00e9tails<\/b><\/strong><\/td>\n<\/tr>\n<tr>\n<td>Mod\u00e8le<\/td>\n<td>SH-6630<\/td>\n<\/tr>\n<tr>\n<td>Type de toilettes<\/td>\n<td>Toilette monobloc<\/td>\n<\/tr>\n<tr>\n<td>Volume de rin\u00e7age<\/td>\n<td>4.5 L<\/td>\n<\/tr>\n<tr>\n<td>Syst\u00e8me de rin\u00e7age<\/td>\n<td>Tornade de lavage<\/td>\n<\/tr>\n<tr>\n<td>Caract\u00e9ristiques du si\u00e8ge<\/td>\n<td>Si\u00e8ge \u00e0 fermeture souple<\/td>\n<\/tr>\n<tr>\n<td>Service OEM et ODM<\/td>\n<td>Possibilit\u00e9 de personnaliser le logo, les couleurs, l'emballage, la forme du produit et les caract\u00e9ristiques.<\/td>\n<\/tr>\n<tr>\n<td>Type de drainage<\/td>\n<td>Siphon P : 180 mm \/ Siphon S : 250 mm<\/td>\n<\/tr>\n<tr>\n<td>MOQ<\/td>\n<td>50 pi\u00e8ces, flexible pour une discussion ult\u00e9rieure<\/td>\n<\/tr>\n<\/tbody>\n<\/table>\n<p>&nbsp;<\/p>","protected":false},"featured_media":1241,"comment_status":"closed","ping_status":"closed","template":"","meta":{"_acf_changed":true},"product_brand":[],"product_cat":[17,36],"product_tag":[],"class_list":{"0":"post-597","1":"product","2":"type-product","3":"status-publish","4":"has-post-thumbnail","6":"product_cat-wholesale-one-piece-toilets","7":"product_cat-wholesale-washdown-one-piece-toilets","9":"first","10":"instock","11":"shipping-taxable","12":"product-type-simple"},"acf":[],"_links":{"self":[{"href":"https:\/\/www.southvillabath.com\/fr\/wp-json\/wp\/v2\/product\/597","targetHints":{"allow":["GET"]}}],"collection":[{"href":"https:\/\/www.southvillabath.com\/fr\/wp-json\/wp\/v2\/product"}],"about":[{"href":"https:\/\/www.southvillabath.com\/fr\/wp-json\/wp\/v2\/types\/product"}],"replies":[{"embeddable":true,"href":"https:\/\/www.southvillabath.com\/fr\/wp-json\/wp\/v2\/comments?post=597"}],"wp:featuredmedia":[{"embeddable":true,"href":"https:\/\/www.southvillabath.com\/fr\/wp-json\/wp\/v2\/media\/1241"}],"wp:attachment":[{"href":"https:\/\/www.southvillabath.com\/fr\/wp-json\/wp\/v2\/media?parent=597"}],"wp:term":[{"taxonomy":"product_brand","embeddable":true,"href":"https:\/\/www.southvillabath.com\/fr\/wp-json\/wp\/v2\/product_brand?post=597"},{"taxonomy":"product_cat","embeddable":true,"href":"https:\/\/www.southvillabath.com\/fr\/wp-json\/wp\/v2\/product_cat?post=597"},{"taxonomy":"product_tag","embeddable":true,"href":"https:\/\/www.southvillabath.com\/fr\/wp-json\/wp\/v2\/product_tag?post=597"}],"curies":[{"name":"wp","href":"https:\/\/api.w.org\/{rel}","templated":true}]}}