{"id":1959,"date":"2026-05-13T07:33:34","date_gmt":"2026-05-13T07:33:34","guid":{"rendered":"https:\/\/www.southvillabath.com\/?post_type=product&#038;p=1959"},"modified":"2026-05-13T07:33:35","modified_gmt":"2026-05-13T07:33:35","slug":"chinese-smart-toilet-wholesale-supply","status":"publish","type":"product","link":"https:\/\/www.southvillabath.com\/fr\/product\/chinese-smart-toilet-wholesale-supply\/","title":{"rendered":"Chinese Smart Toilet SH-901 Wholesale Supply \u2013 Washdown Smart Toilet Factory-Direct"},"content":{"rendered":"<div class=\"wp-block-columns is-layout-flex wp-container-core-columns-is-layout-9d6595d7 wp-block-columns-is-layout-flex\">\n<div class=\"wp-block-column is-layout-flow wp-block-column-is-layout-flow\">\n<h3 class=\"wp-block-heading\"> Caract\u00e9ristiques des toilettes intelligentes&nbsp; &nbsp;<\/h3>\n\n\n\n<ul class=\"wp-block-list\">\n<li><strong>Syst\u00e8me de lavage intelligent multimode : <\/strong>Les toilettes offrent plusieurs modes de lavage, notamment le lavage arri\u00e8re, le lavage f\u00e9minin, etc. Ces fonctions de nettoyage r\u00e9glables offrent une hygi\u00e8ne personnalis\u00e9e et une exp\u00e9rience de lavage confortable pour les diff\u00e9rents besoins de l'utilisateur.<\/li>\n<\/ul>\n\n\n\n<ul class=\"wp-block-list\">\n<li><strong>S\u00e9chage instantan\u00e9 \u00e0 l'eau chaude et \u00e0 l'air chaud : <\/strong>Un syst\u00e8me de chauffage instantan\u00e9 fournit de l'eau chaude en continu pendant le lavage, sans qu'il soit n\u00e9cessaire d'utiliser un r\u00e9servoir de stockage. Apr\u00e8s le nettoyage, une fonction de s\u00e9chage doux \u00e0 l'air chaud r\u00e9duit le besoin de papier hygi\u00e9nique et am\u00e9liore le confort g\u00e9n\u00e9ral.<\/li>\n<\/ul>\n\n\n\n<ul class=\"wp-block-list\">\n<li><strong>Buse hygi\u00e9nique autonettoyante : <\/strong>La buse de pulv\u00e9risation se nettoie automatiquement avant et apr\u00e8s chaque utilisation pour maintenir des conditions hygi\u00e9niques. Ainsi, chaque cycle de lavage reste hygi\u00e9nique et s\u00fbr pour les utilisateurs.<\/li>\n<\/ul>\n<\/div>\n\n\n\n<div class=\"wp-block-column is-layout-flow wp-block-column-is-layout-flow\">\n<figure class=\"wp-block-image size-full\"><img decoding=\"async\" width=\"1127\" height=\"1392\" src=\"https:\/\/www.southvillabath.com\/wp-content\/uploads\/2026\/05\/Wholesale-smart-toilet-SH-901D.jpg\" alt=\"\" class=\"wp-image-1961\" srcset=\"https:\/\/www.southvillabath.com\/wp-content\/uploads\/2026\/05\/Wholesale-smart-toilet-SH-901D.jpg 1127w, https:\/\/www.southvillabath.com\/wp-content\/uploads\/2026\/05\/Wholesale-smart-toilet-SH-901D-243x300.jpg 243w, https:\/\/www.southvillabath.com\/wp-content\/uploads\/2026\/05\/Wholesale-smart-toilet-SH-901D-768x949.jpg 768w, https:\/\/www.southvillabath.com\/wp-content\/uploads\/2026\/05\/Wholesale-smart-toilet-SH-901D-10x12.jpg 10w, https:\/\/www.southvillabath.com\/wp-content\/uploads\/2026\/05\/Wholesale-smart-toilet-SH-901D-600x741.jpg 600w\" sizes=\"(max-width: 1127px) 100vw, 1127px\" \/><\/figure>\n<\/div>\n<\/div>","protected":false},"excerpt":{"rendered":"<p data-pm-slice=\"0 0 []\">Wholesale smart toilets. The SH-901 is a premium smart toilet designed for modern bathrooms, combining convenience, hygiene, and elegance. Crafted with a sleek, contemporary design, this intelligent toilet features a built-in water tank and supports both manual (B version) and automatic (D version) seat lid flipping. Its compact dimensions of 705\u00d7445\u00d7480mm make it suitable for residential, commercial, and hospitality installations.<\/p>\n<h2><strong><b>Toilettes intelligentes <\/b><\/strong><strong><b>Sp\u00e9cifications<\/b><\/strong><\/h2>\n<table>\n<tbody>\n<tr>\n<td><strong><b>Sp\u00e9cifications<\/b><\/strong><\/td>\n<td><strong><b>D\u00e9tails<\/b><\/strong><\/td>\n<\/tr>\n<tr>\n<td>Mod\u00e8le<\/td>\n<td>SH-901<\/td>\n<\/tr>\n<tr>\n<td>Type de toilettes<\/td>\n<td>Toilettes intelligentes<\/td>\n<\/tr>\n<tr>\n<td>Taille<\/td>\n<td>705mm x 445mm x 480mm<\/td>\n<\/tr>\n<tr>\n<td>Volume de rin\u00e7age<\/td>\n<td>3.0-4.5L<\/td>\n<\/tr>\n<tr>\n<td>Syst\u00e8me de rin\u00e7age<\/td>\n<td>Lavage<\/td>\n<\/tr>\n<tr>\n<td>Caract\u00e9ristiques du si\u00e8ge<\/td>\n<td>Rond, si\u00e8ge \u00e0 fermeture douce<\/td>\n<\/tr>\n<tr>\n<td>Service OEM et ODM<\/td>\n<td>Possibilit\u00e9 de personnaliser le logo, les couleurs, l'emballage, la forme du produit et les caract\u00e9ristiques.<\/td>\n<\/tr>\n<tr>\n<td>MOQ<\/td>\n<td>50 pi\u00e8ces, flexible pour une discussion ult\u00e9rieure<\/td>\n<\/tr>\n<\/tbody>\n<\/table>\n<p>&nbsp;<\/p>\n<p>&nbsp;<\/p>\n<p>&nbsp;<\/p>\n<p><script src=\"chrome-extension:\/\/fpelahbljekknahkcaegamhcndkfpfnc\/iFrame.js\" type=\"text\/javascript\"><\/script><\/p>","protected":false},"featured_media":1960,"comment_status":"closed","ping_status":"closed","template":"","meta":{"_acf_changed":false},"product_brand":[],"product_cat":[20],"product_tag":[],"class_list":{"0":"post-1959","1":"product","2":"type-product","3":"status-publish","4":"has-post-thumbnail","6":"product_cat-wholesale-smart-toilets","8":"first","9":"instock","10":"shipping-taxable","11":"product-type-simple"},"acf":[],"_links":{"self":[{"href":"https:\/\/www.southvillabath.com\/fr\/wp-json\/wp\/v2\/product\/1959","targetHints":{"allow":["GET"]}}],"collection":[{"href":"https:\/\/www.southvillabath.com\/fr\/wp-json\/wp\/v2\/product"}],"about":[{"href":"https:\/\/www.southvillabath.com\/fr\/wp-json\/wp\/v2\/types\/product"}],"replies":[{"embeddable":true,"href":"https:\/\/www.southvillabath.com\/fr\/wp-json\/wp\/v2\/comments?post=1959"}],"wp:featuredmedia":[{"embeddable":true,"href":"https:\/\/www.southvillabath.com\/fr\/wp-json\/wp\/v2\/media\/1960"}],"wp:attachment":[{"href":"https:\/\/www.southvillabath.com\/fr\/wp-json\/wp\/v2\/media?parent=1959"}],"wp:term":[{"taxonomy":"product_brand","embeddable":true,"href":"https:\/\/www.southvillabath.com\/fr\/wp-json\/wp\/v2\/product_brand?post=1959"},{"taxonomy":"product_cat","embeddable":true,"href":"https:\/\/www.southvillabath.com\/fr\/wp-json\/wp\/v2\/product_cat?post=1959"},{"taxonomy":"product_tag","embeddable":true,"href":"https:\/\/www.southvillabath.com\/fr\/wp-json\/wp\/v2\/product_tag?post=1959"}],"curies":[{"name":"wp","href":"https:\/\/api.w.org\/{rel}","templated":true}]}}