{"id":1810,"date":"2026-05-06T23:12:19","date_gmt":"2026-05-06T23:12:19","guid":{"rendered":"https:\/\/www.southvillabath.com\/?post_type=product&#038;p=1810"},"modified":"2026-05-06T23:12:20","modified_gmt":"2026-05-06T23:12:20","slug":"factory-direct-wholesale-high-quality-one-piece-toilet","status":"publish","type":"product","link":"https:\/\/www.southvillabath.com\/fr\/product\/factory-direct-wholesale-high-quality-one-piece-toilet\/","title":{"rendered":"Factory Direct Wholesale High Quality One-Piece Toilet SH-295GL - OEM and ODM Support"},"content":{"rendered":"<div class=\"wp-block-columns is-layout-flex wp-container-core-columns-is-layout-9d6595d7 wp-block-columns-is-layout-flex\">\n<div class=\"wp-block-column is-layout-flow wp-block-column-is-layout-flow\">\n<h3 class=\"wp-block-heading\">Caract\u00e9ristiques des toilettes monoblocs<\/h3>\n\n\n\n<ul class=\"wp-block-list\">\n<li><strong>Options de rin\u00e7age :<\/strong> disponibles avec des syst\u00e8mes de lavage ou de siphonnage, offrant des options de performance flexibles pour r\u00e9pondre aux diff\u00e9rentes exigences d'installation et aux pr\u00e9f\u00e9rences du march\u00e9.<\/li>\n\n\n\n<li><strong>Installation polyvalente : <\/strong>Gr\u00e2ce \u00e0 ses multiples options de raccordement (siphon en S : 300\/400 mm ; siphon en P : 180 mm \/ siphon en S : 250 mm), le SH-295GL s'adapte aux syst\u00e8mes de plomberie du monde entier, ce qui simplifie l'approvisionnement pour les distributeurs internationaux.<\/li>\n\n\n\n<li><strong>Autonettoyant + Antibact\u00e9rien Vitrage : <\/strong>La surface lisse et r\u00e9sistante aux taches + les tuyaux int\u00e9rieurs antibact\u00e9riens minimisent les efforts de nettoyage, am\u00e9liorent l'hygi\u00e8ne et prolongent la dur\u00e9e de vie du produit, r\u00e9duisant ainsi les co\u00fbts apr\u00e8s-vente.<\/li>\n\n\n\n<li><strong>Support OEM\/ODM direct de l'usine :<\/strong> Personnalisez les logos, les couleurs ou les dessins pour cr\u00e9er votre marque. Une production modulable, un contr\u00f4le de qualit\u00e9 rigoureux et une livraison rapide font de nous un partenaire fiable pour les commandes en gros.<\/li>\n<\/ul>\n<\/div>\n\n\n\n<div class=\"wp-block-column is-layout-flow wp-block-column-is-layout-flow\">\n<figure class=\"wp-block-image size-full\"><img decoding=\"async\" width=\"1127\" height=\"1392\" src=\"https:\/\/www.southvillabath.com\/wp-content\/uploads\/2026\/04\/Wholesale-one-Piece-Toilet-SH-295GL-1.jpg\" alt=\"\" class=\"wp-image-1812\" srcset=\"https:\/\/www.southvillabath.com\/wp-content\/uploads\/2026\/04\/Wholesale-one-Piece-Toilet-SH-295GL-1.jpg 1127w, https:\/\/www.southvillabath.com\/wp-content\/uploads\/2026\/04\/Wholesale-one-Piece-Toilet-SH-295GL-1-243x300.jpg 243w, https:\/\/www.southvillabath.com\/wp-content\/uploads\/2026\/04\/Wholesale-one-Piece-Toilet-SH-295GL-1-768x949.jpg 768w, https:\/\/www.southvillabath.com\/wp-content\/uploads\/2026\/04\/Wholesale-one-Piece-Toilet-SH-295GL-1-10x12.jpg 10w, https:\/\/www.southvillabath.com\/wp-content\/uploads\/2026\/04\/Wholesale-one-Piece-Toilet-SH-295GL-1-600x741.jpg 600w\" sizes=\"(max-width: 1127px) 100vw, 1127px\" \/><\/figure>\n<\/div>\n<\/div>","protected":false},"excerpt":{"rendered":"<p>Am\u00e9liorez votre gamme de produits de salle de bains avec la toilette monobloc SH-295GL, con\u00e7ue pour les salles de bains modernes et fabriqu\u00e9e pour une performance durable. En tant que <a href=\"https:\/\/www.southvillabath.com\/fr\/wholesale-toilets\/\" target=\"_blank\" rel=\"noopener\"><strong>fabricant de toilettes en usine<\/strong><\/a>, En tant que membre de l'Union europ\u00e9enne, nous permettons aux grossistes, aux d\u00e9taillants, aux importateurs et aux distributeurs de disposer de produits de qualit\u00e9 sup\u00e9rieure \u00e0 des prix comp\u00e9titifs.<\/p>\n<h2><strong><b>Toilettes en une pi\u00e8ce <\/b><\/strong><strong><b>Sp\u00e9cifications<\/b><\/strong><\/h2>\n<table>\n<tbody>\n<tr>\n<td><strong><b>Sp\u00e9cifications<\/b><\/strong><\/td>\n<td><strong><b>D\u00e9tails<\/b><\/strong><\/td>\n<\/tr>\n<tr>\n<td>Mod\u00e8le<\/td>\n<td>SH-295GL<\/td>\n<\/tr>\n<tr>\n<td>Type de toilettes<\/td>\n<td>Toilettes en une pi\u00e8ce<\/td>\n<\/tr>\n<tr>\n<td>Taille<\/td>\n<td>685mm \u00d7 355mm \u00d7 775mm<\/td>\n<\/tr>\n<tr>\n<td>Syst\u00e8me de rin\u00e7age<\/td>\n<td>Jet de lavage<\/td>\n<\/tr>\n<tr>\n<td>Caract\u00e9ristiques du si\u00e8ge<\/td>\n<td>Si\u00e8ge \u00e0 fermeture souple<\/td>\n<\/tr>\n<tr>\n<td>Service OEM et ODM<\/td>\n<td>Possibilit\u00e9 de personnaliser le logo, les couleurs, l'emballage, la forme du produit et les caract\u00e9ristiques.<\/td>\n<\/tr>\n<tr>\n<td>Type de drainage<\/td>\n<td>Siphonic\/S-trap : 300\/400mm Washdown\/P-trap : 180mm Washdown\/S-trap : 250mm<\/td>\n<\/tr>\n<tr>\n<td>MOQ<\/td>\n<td>50 pi\u00e8ces, flexible pour une discussion ult\u00e9rieure<\/td>\n<\/tr>\n<\/tbody>\n<\/table>\n<p>&nbsp;<\/p>\n<p>\n<script src=\"chrome-extension:\/\/fpelahbljekknahkcaegamhcndkfpfnc\/iFrame.js\" type=\"text\/javascript\"><\/script><\/p>","protected":false},"featured_media":1811,"comment_status":"closed","ping_status":"closed","template":"","meta":{"_acf_changed":false},"product_brand":[],"product_cat":[17,36],"product_tag":[],"class_list":{"0":"post-1810","1":"product","2":"type-product","3":"status-publish","4":"has-post-thumbnail","6":"product_cat-wholesale-one-piece-toilets","7":"product_cat-wholesale-washdown-one-piece-toilets","9":"first","10":"instock","11":"shipping-taxable","12":"product-type-simple"},"acf":[],"_links":{"self":[{"href":"https:\/\/www.southvillabath.com\/fr\/wp-json\/wp\/v2\/product\/1810","targetHints":{"allow":["GET"]}}],"collection":[{"href":"https:\/\/www.southvillabath.com\/fr\/wp-json\/wp\/v2\/product"}],"about":[{"href":"https:\/\/www.southvillabath.com\/fr\/wp-json\/wp\/v2\/types\/product"}],"replies":[{"embeddable":true,"href":"https:\/\/www.southvillabath.com\/fr\/wp-json\/wp\/v2\/comments?post=1810"}],"wp:featuredmedia":[{"embeddable":true,"href":"https:\/\/www.southvillabath.com\/fr\/wp-json\/wp\/v2\/media\/1811"}],"wp:attachment":[{"href":"https:\/\/www.southvillabath.com\/fr\/wp-json\/wp\/v2\/media?parent=1810"}],"wp:term":[{"taxonomy":"product_brand","embeddable":true,"href":"https:\/\/www.southvillabath.com\/fr\/wp-json\/wp\/v2\/product_brand?post=1810"},{"taxonomy":"product_cat","embeddable":true,"href":"https:\/\/www.southvillabath.com\/fr\/wp-json\/wp\/v2\/product_cat?post=1810"},{"taxonomy":"product_tag","embeddable":true,"href":"https:\/\/www.southvillabath.com\/fr\/wp-json\/wp\/v2\/product_tag?post=1810"}],"curies":[{"name":"wp","href":"https:\/\/api.w.org\/{rel}","templated":true}]}}