{"id":1764,"date":"2026-05-07T01:40:14","date_gmt":"2026-05-07T01:40:14","guid":{"rendered":"https:\/\/www.southvillabath.com\/?post_type=product&#038;p=1764"},"modified":"2026-05-07T01:40:16","modified_gmt":"2026-05-07T01:40:16","slug":"wholesale-two-piece-tornado-toilet","status":"publish","type":"product","link":"https:\/\/www.southvillabath.com\/fr\/product\/wholesale-two-piece-tornado-toilet\/","title":{"rendered":"Wholesale SH-5202 Two-Piece Tornado Toilet - Fabricant de toilettes en Chine"},"content":{"rendered":"<div class=\"wp-block-columns is-layout-flex wp-container-core-columns-is-layout-9d6595d7 wp-block-columns-is-layout-flex\">\n<div class=\"wp-block-column is-layout-flow wp-block-column-is-layout-flow\">\n<h3 class=\"wp-block-heading\">Caract\u00e9ristiques des toilettes deux pi\u00e8ces<\/h3>\n\n\n\n<ul class=\"wp-block-list\">\n<li><strong>Technologie de rin\u00e7age Tornado 2.0 :<\/strong> Elle fournit une chasse d'eau puissante et efficace pour minimiser les obstructions et maximiser l'hygi\u00e8ne, ce qui est id\u00e9al pour les environnements \u00e0 forte utilisation tels que les h\u00f4tels ou les complexes d'appartements.<\/li>\n\n\n\n<li><strong>Autonettoyant + Antibact\u00e9rien Vitrage : <\/strong>La surface en c\u00e9ramique et les tuyaux internes sont dot\u00e9s d'un \u00e9maillage avanc\u00e9 qui repousse les taches, r\u00e9duit l'accumulation de bact\u00e9ries et diminue les co\u00fbts d'entretien \u00e0 long terme.<\/li>\n\n\n\n<li><strong>Qualit\u00e9 certifi\u00e9e : <\/strong>Les certifications CE et Wdiark garantissent la conformit\u00e9 aux normes internationales de s\u00e9curit\u00e9 et de performance, ce qui renforce la confiance des acheteurs internationaux.<\/li>\n\n\n\n<li><strong>Support OEM\/ODM direct de l'usine : <\/strong>Personnalisez la marque, l'emballage ou les d\u00e9tails de la conception pour r\u00e9pondre aux besoins de votre entreprise, en b\u00e9n\u00e9ficiant de notre expertise en mati\u00e8re de fabrication et de prix de gros.<\/li>\n<\/ul>\n<\/div>\n\n\n\n<div class=\"wp-block-column is-layout-flow wp-block-column-is-layout-flow\">\n<figure class=\"wp-block-image size-full\"><img decoding=\"async\" width=\"1825\" height=\"2296\" src=\"https:\/\/www.southvillabath.com\/wp-content\/uploads\/2026\/04\/Wholesale-Two-piece-toilet-SH-5202-1-1.jpg\" alt=\"\" class=\"wp-image-1766\" srcset=\"https:\/\/www.southvillabath.com\/wp-content\/uploads\/2026\/04\/Wholesale-Two-piece-toilet-SH-5202-1-1.jpg 1825w, https:\/\/www.southvillabath.com\/wp-content\/uploads\/2026\/04\/Wholesale-Two-piece-toilet-SH-5202-1-1-238x300.jpg 238w, https:\/\/www.southvillabath.com\/wp-content\/uploads\/2026\/04\/Wholesale-Two-piece-toilet-SH-5202-1-1-768x966.jpg 768w, https:\/\/www.southvillabath.com\/wp-content\/uploads\/2026\/04\/Wholesale-Two-piece-toilet-SH-5202-1-1-10x12.jpg 10w, https:\/\/www.southvillabath.com\/wp-content\/uploads\/2026\/04\/Wholesale-Two-piece-toilet-SH-5202-1-1-1200x1510.jpg 1200w, https:\/\/www.southvillabath.com\/wp-content\/uploads\/2026\/04\/Wholesale-Two-piece-toilet-SH-5202-1-1-600x755.jpg 600w\" sizes=\"(max-width: 1825px) 100vw, 1825px\" \/><\/figure>\n<\/div>\n<\/div>","protected":false},"excerpt":{"rendered":"<p>Toilettes deux pi\u00e8ces en gros. Le SH-5202 pr\u00e9sente une silhouette \u00e9l\u00e9gante et moderne avec une taille compacte, ce qui le rend adapt\u00e9 \u00e0 divers espaces de salle de bains. Le syst\u00e8me de chasse d'eau Tornado 2.0 offre un d\u00e9bit d'eau puissant et efficace, r\u00e9duisant les obstructions et am\u00e9liorant l'hygi\u00e8ne. Contactez-nous pour conna\u00eetre les prix pratiqu\u00e9s en usine.<\/p>\n<h2><strong><b>Toilettes en deux parties <\/b><\/strong><strong><b>Sp\u00e9cifications<\/b><\/strong><\/h2>\n<table>\n<tbody>\n<tr>\n<td><strong><b>Sp\u00e9cifications<\/b><\/strong><\/td>\n<td><strong><b>D\u00e9tails<\/b><\/strong><\/td>\n<\/tr>\n<tr>\n<td>Mod\u00e8le<\/td>\n<td>SH-5202<\/td>\n<\/tr>\n<tr>\n<td>Type de toilettes<\/td>\n<td>Toilettes en deux parties<\/td>\n<\/tr>\n<tr>\n<td>Taille<\/td>\n<td>620mm \u00d7 365mm \u00d7 820mm<\/td>\n<\/tr>\n<tr>\n<td>Syst\u00e8me de rin\u00e7age<\/td>\n<td>Tornade de lavage<\/td>\n<\/tr>\n<tr>\n<td>Caract\u00e9ristiques du si\u00e8ge<\/td>\n<td>Si\u00e8ge \u00e0 fermeture souple<\/td>\n<\/tr>\n<tr>\n<td>Service OEM et ODM<\/td>\n<td>Possibilit\u00e9 de personnaliser le logo, les couleurs, l'emballage, la forme du produit et les caract\u00e9ristiques.<\/td>\n<\/tr>\n<tr>\n<td>Type de drainage<\/td>\n<td>Siphon P : 180 mm \/ Siphon S : 250 mm<\/td>\n<\/tr>\n<tr>\n<td>MOQ<\/td>\n<td>50 pi\u00e8ces, flexible pour une discussion ult\u00e9rieure<\/td>\n<\/tr>\n<\/tbody>\n<\/table>\n<p>&nbsp;<\/p>\n<p>\n<script src=\"chrome-extension:\/\/fpelahbljekknahkcaegamhcndkfpfnc\/iFrame.js\" type=\"text\/javascript\"><\/script><\/p>","protected":false},"featured_media":1759,"comment_status":"closed","ping_status":"closed","template":"","meta":{"_acf_changed":false},"product_brand":[],"product_cat":[18],"product_tag":[],"class_list":{"0":"post-1764","1":"product","2":"type-product","3":"status-publish","4":"has-post-thumbnail","6":"product_cat-wholesale-two-piece-toilets","8":"first","9":"instock","10":"shipping-taxable","11":"product-type-simple"},"acf":[],"_links":{"self":[{"href":"https:\/\/www.southvillabath.com\/fr\/wp-json\/wp\/v2\/product\/1764","targetHints":{"allow":["GET"]}}],"collection":[{"href":"https:\/\/www.southvillabath.com\/fr\/wp-json\/wp\/v2\/product"}],"about":[{"href":"https:\/\/www.southvillabath.com\/fr\/wp-json\/wp\/v2\/types\/product"}],"replies":[{"embeddable":true,"href":"https:\/\/www.southvillabath.com\/fr\/wp-json\/wp\/v2\/comments?post=1764"}],"wp:featuredmedia":[{"embeddable":true,"href":"https:\/\/www.southvillabath.com\/fr\/wp-json\/wp\/v2\/media\/1759"}],"wp:attachment":[{"href":"https:\/\/www.southvillabath.com\/fr\/wp-json\/wp\/v2\/media?parent=1764"}],"wp:term":[{"taxonomy":"product_brand","embeddable":true,"href":"https:\/\/www.southvillabath.com\/fr\/wp-json\/wp\/v2\/product_brand?post=1764"},{"taxonomy":"product_cat","embeddable":true,"href":"https:\/\/www.southvillabath.com\/fr\/wp-json\/wp\/v2\/product_cat?post=1764"},{"taxonomy":"product_tag","embeddable":true,"href":"https:\/\/www.southvillabath.com\/fr\/wp-json\/wp\/v2\/product_tag?post=1764"}],"curies":[{"name":"wp","href":"https:\/\/api.w.org\/{rel}","templated":true}]}}