{"id":1682,"date":"2026-04-28T06:39:02","date_gmt":"2026-04-28T06:39:02","guid":{"rendered":"https:\/\/www.southvillabath.com\/?post_type=product&#038;p=1682"},"modified":"2026-04-28T06:39:45","modified_gmt":"2026-04-28T06:39:45","slug":"wholesale-marble-patterned-wall-hung-toilets","status":"publish","type":"product","link":"https:\/\/www.southvillabath.com\/fr\/product\/wholesale-marble-patterned-wall-hung-toilets\/","title":{"rendered":"Toilettes suspendues \u00e0 motif de marbre SH-H088TP, diff\u00e9rentes textures au choix et possibilit\u00e9 de personnaliser l'apparence"},"content":{"rendered":"<div class=\"wp-block-columns is-layout-flex wp-container-core-columns-is-layout-9d6595d7 wp-block-columns-is-layout-flex\">\n<div class=\"wp-block-column is-layout-flow wp-block-column-is-layout-flow\">\n<h3 class=\"wp-block-heading\">Toilettes suspendues Caract\u00e9ristiques<\/h3>\n\n\n\n<ul class=\"wp-block-list\">\n<li><strong>Motif marbr\u00e9 de premi\u00e8re qualit\u00e9 : <\/strong>La finition inspir\u00e9e du marbre offre une esth\u00e9tique luxueuse et moderne, id\u00e9ale pour les projets de salles de bains r\u00e9sidentielles et commerciales haut de gamme \u00e0 la recherche d'une diff\u00e9renciation visuelle.<\/li>\n\n\n\n<li><strong>Plusieurs options de textures disponibles : <\/strong>Une gamme de textures de marbre peut \u00eatre s\u00e9lectionn\u00e9e pour s'adapter \u00e0 diff\u00e9rents styles d'int\u00e9rieur, ce qui permet aux distributeurs de r\u00e9pondre aux pr\u00e9f\u00e9rences vari\u00e9es des clients sur tous les march\u00e9s.<\/li>\n\n\n\n<li><strong>Structure murale \u00e0 faible encombrement : <\/strong>La conception murale maximise l'espace au sol et simplifie le nettoyage, ce qui la rend particuli\u00e8rement adapt\u00e9e aux salles de bains compactes et aux am\u00e9nagements architecturaux modernes.<\/li>\n\n\n\n<li><strong>Surface durable et facile \u00e0 entretenir : <\/strong>La surface soigneusement finie est con\u00e7ue pour un aspect durable et un nettoyage facile, ce qui permet d'obtenir des performances constantes dans l'utilisation quotidienne.<\/li>\n<\/ul>\n<\/div>\n\n\n\n<div class=\"wp-block-column is-layout-flow wp-block-column-is-layout-flow\">\n<figure class=\"wp-block-image size-full\"><img decoding=\"async\" width=\"1127\" height=\"1392\" src=\"https:\/\/www.southvillabath.com\/wp-content\/uploads\/2026\/04\/Wholesale-Ceramic-Wall-hung-Toilet-SH-H088TP.jpg\" alt=\"\" class=\"wp-image-1684\" srcset=\"https:\/\/www.southvillabath.com\/wp-content\/uploads\/2026\/04\/Wholesale-Ceramic-Wall-hung-Toilet-SH-H088TP.jpg 1127w, https:\/\/www.southvillabath.com\/wp-content\/uploads\/2026\/04\/Wholesale-Ceramic-Wall-hung-Toilet-SH-H088TP-243x300.jpg 243w, https:\/\/www.southvillabath.com\/wp-content\/uploads\/2026\/04\/Wholesale-Ceramic-Wall-hung-Toilet-SH-H088TP-768x949.jpg 768w, https:\/\/www.southvillabath.com\/wp-content\/uploads\/2026\/04\/Wholesale-Ceramic-Wall-hung-Toilet-SH-H088TP-10x12.jpg 10w, https:\/\/www.southvillabath.com\/wp-content\/uploads\/2026\/04\/Wholesale-Ceramic-Wall-hung-Toilet-SH-H088TP-600x741.jpg 600w\" sizes=\"(max-width: 1127px) 100vw, 1127px\" \/><\/figure>\n<\/div>\n<\/div>","protected":false},"excerpt":{"rendered":"<p data-pm-slice=\"0 0 []\">Vente en gros de toilettes suspendues en marbre avec des textures et des aspects personnalisables. Id\u00e9al pour les distributeurs \u00e0 la recherche de solutions de salle de bains haut de gamme. En tant que fabricant de toilettes, nous proposons une large gamme de textures et d'aspects de marbre personnalisables ; veuillez nous contacter.<\/p>\n<h2><strong><b>Toilettes suspendues <\/b><\/strong><strong><b>Sp\u00e9cifications<\/b><\/strong><\/h2>\n<table>\n<tbody>\n<tr>\n<td><strong><b>Sp\u00e9cifications<\/b><\/strong><\/td>\n<td><strong><b>D\u00e9tails<\/b><\/strong><\/td>\n<\/tr>\n<tr>\n<td>Mod\u00e8le<\/td>\n<td>SH-H088TP<\/td>\n<\/tr>\n<tr>\n<td>Type de toilettes<\/td>\n<td>Toilettes suspendues<\/td>\n<\/tr>\n<tr>\n<td>Taille<\/td>\n<td>520mm x 360mm x 330mm<\/td>\n<\/tr>\n<tr>\n<td>Syst\u00e8me de rin\u00e7age<\/td>\n<td>Lavage \u00e0 l'eau sans rebord<\/td>\n<\/tr>\n<tr>\n<td>Caract\u00e9ristiques du si\u00e8ge<\/td>\n<td>Si\u00e8ge \u00e0 fermeture souple<\/td>\n<\/tr>\n<tr>\n<td>Service OEM et ODM<\/td>\n<td>Possibilit\u00e9 de personnaliser le logo, les couleurs, l'emballage, la forme du produit et les caract\u00e9ristiques.<\/td>\n<\/tr>\n<tr>\n<td>Type de drainage<\/td>\n<td>Siphon en P : 180 mm<\/td>\n<\/tr>\n<tr>\n<td>MOQ<\/td>\n<td>50 pi\u00e8ces, flexible pour une discussion ult\u00e9rieure<\/td>\n<\/tr>\n<\/tbody>\n<\/table>\n<p>&nbsp;<\/p>\n<p>\n<script src=\"chrome-extension:\/\/fpelahbljekknahkcaegamhcndkfpfnc\/iFrame.js\" type=\"text\/javascript\"><\/script><\/p>","protected":false},"featured_media":1683,"comment_status":"closed","ping_status":"closed","template":"","meta":{"_acf_changed":false},"product_brand":[],"product_cat":[19],"product_tag":[],"class_list":{"0":"post-1682","1":"product","2":"type-product","3":"status-publish","4":"has-post-thumbnail","6":"product_cat-wholesale-wall-hung-toilets","8":"first","9":"instock","10":"shipping-taxable","11":"product-type-simple"},"acf":[],"_links":{"self":[{"href":"https:\/\/www.southvillabath.com\/fr\/wp-json\/wp\/v2\/product\/1682","targetHints":{"allow":["GET"]}}],"collection":[{"href":"https:\/\/www.southvillabath.com\/fr\/wp-json\/wp\/v2\/product"}],"about":[{"href":"https:\/\/www.southvillabath.com\/fr\/wp-json\/wp\/v2\/types\/product"}],"replies":[{"embeddable":true,"href":"https:\/\/www.southvillabath.com\/fr\/wp-json\/wp\/v2\/comments?post=1682"}],"wp:featuredmedia":[{"embeddable":true,"href":"https:\/\/www.southvillabath.com\/fr\/wp-json\/wp\/v2\/media\/1683"}],"wp:attachment":[{"href":"https:\/\/www.southvillabath.com\/fr\/wp-json\/wp\/v2\/media?parent=1682"}],"wp:term":[{"taxonomy":"product_brand","embeddable":true,"href":"https:\/\/www.southvillabath.com\/fr\/wp-json\/wp\/v2\/product_brand?post=1682"},{"taxonomy":"product_cat","embeddable":true,"href":"https:\/\/www.southvillabath.com\/fr\/wp-json\/wp\/v2\/product_cat?post=1682"},{"taxonomy":"product_tag","embeddable":true,"href":"https:\/\/www.southvillabath.com\/fr\/wp-json\/wp\/v2\/product_tag?post=1682"}],"curies":[{"name":"wp","href":"https:\/\/api.w.org\/{rel}","templated":true}]}}