{"id":1678,"date":"2026-04-28T06:26:44","date_gmt":"2026-04-28T06:26:44","guid":{"rendered":"https:\/\/www.southvillabath.com\/?post_type=product&#038;p=1678"},"modified":"2026-04-28T06:26:45","modified_gmt":"2026-04-28T06:26:45","slug":"wholesale-luxury-gold-wall-hung-toilets-with-concealed-tank","status":"publish","type":"product","link":"https:\/\/www.southvillabath.com\/fr\/product\/wholesale-luxury-gold-wall-hung-toilets-with-concealed-tank\/","title":{"rendered":"Wholesale Luxury Gold Wall-Hung Toilets with Concealed Tank - Convient pour les projets de salle de bains haut de gamme"},"content":{"rendered":"<div class=\"wp-block-columns is-layout-flex wp-container-core-columns-is-layout-9d6595d7 wp-block-columns-is-layout-flex\">\n<div class=\"wp-block-column is-layout-flow wp-block-column-is-layout-flow\">\n<h3 class=\"wp-block-heading\">Toilettes suspendues Caract\u00e9ristiques<\/h3>\n\n\n\n<ul class=\"wp-block-list\">\n<li><strong>Luxury Gold Impact visuel : <\/strong>La finition dor\u00e9e frappante cr\u00e9e une premi\u00e8re impression forte, am\u00e9liorant l'ambiance g\u00e9n\u00e9rale et positionnant l'espace comme \u00e9tant haut de gamme et exclusif.<\/li>\n\n\n\n<li><strong>Une valeur per\u00e7ue plus \u00e9lev\u00e9e pour de meilleures marges : <\/strong>L'esth\u00e9tique haut de gamme permet aux acheteurs de cibler des clients haut de gamme et de renforcer leur pouvoir de fixation des prix sur les march\u00e9s concurrentiels.<\/li>\n\n\n\n<li><strong>R\u00e9servoir dissimul\u00e9 pour une pr\u00e9sentation propre : <\/strong>L'installation cach\u00e9e renforce la simplicit\u00e9 visuelle, ce qui la rend tr\u00e8s attrayante pour les int\u00e9rieurs de luxe et les projets architecturaux.<\/li>\n\n\n\n<li><strong>Parfait pour les applications commerciales :<\/strong> Largement applicable aux h\u00f4tels, \u00e0 l'immobilier haut de gamme, aux salles d'exposition et aux environnements de vente au d\u00e9tail \u00e0 la recherche de diff\u00e9renciation.<\/li>\n<\/ul>\n<\/div>\n\n\n\n<div class=\"wp-block-column is-layout-flow wp-block-column-is-layout-flow\">\n<figure class=\"wp-block-image size-full\"><img decoding=\"async\" width=\"1127\" height=\"1392\" src=\"https:\/\/www.southvillabath.com\/wp-content\/uploads\/2026\/04\/Wholesale-Wall-hung-Toilet-SH-088GC-1.jpg\" alt=\"\" class=\"wp-image-1680\" srcset=\"https:\/\/www.southvillabath.com\/wp-content\/uploads\/2026\/04\/Wholesale-Wall-hung-Toilet-SH-088GC-1.jpg 1127w, https:\/\/www.southvillabath.com\/wp-content\/uploads\/2026\/04\/Wholesale-Wall-hung-Toilet-SH-088GC-1-243x300.jpg 243w, https:\/\/www.southvillabath.com\/wp-content\/uploads\/2026\/04\/Wholesale-Wall-hung-Toilet-SH-088GC-1-768x949.jpg 768w, https:\/\/www.southvillabath.com\/wp-content\/uploads\/2026\/04\/Wholesale-Wall-hung-Toilet-SH-088GC-1-10x12.jpg 10w, https:\/\/www.southvillabath.com\/wp-content\/uploads\/2026\/04\/Wholesale-Wall-hung-Toilet-SH-088GC-1-600x741.jpg 600w\" sizes=\"(max-width: 1127px) 100vw, 1127px\" \/><\/figure>\n<\/div>\n<\/div>","protected":false},"excerpt":{"rendered":"<p data-pm-slice=\"0 0 []\">Toilette murale de luxe en or, con\u00e7ue m\u00e9ticuleusement pour attirer l'attention du march\u00e9 des salles de bains haut de gamme. Elles conviennent parfaitement aux h\u00f4tels de luxe, aux centres de vill\u00e9giature et aux appartements haut de gamme. La finition dor\u00e9e cr\u00e9e une aura de sophistication et de luxe moderne, aidant les grossistes et les marques \u00e0 se d\u00e9marquer.<\/p>\n<h2><strong><b>Toilettes de luxe suspendues en or <\/b><\/strong><strong><b>Sp\u00e9cifications<\/b><\/strong><\/h2>\n<table>\n<tbody>\n<tr>\n<td><strong><b>Sp\u00e9cifications<\/b><\/strong><\/td>\n<td><strong><b>D\u00e9tails<\/b><\/strong><\/td>\n<\/tr>\n<tr>\n<td>Mod\u00e8le<\/td>\n<td>SH-088GD<\/td>\n<\/tr>\n<tr>\n<td>Type de toilettes<\/td>\n<td>Toilettes suspendues<\/td>\n<\/tr>\n<tr>\n<td>Taille<\/td>\n<td>520mm x 360mm x 330mm<\/td>\n<\/tr>\n<tr>\n<td>Syst\u00e8me de rin\u00e7age<\/td>\n<td>Lavage \u00e0 l'eau sans rebord<\/td>\n<\/tr>\n<tr>\n<td>Caract\u00e9ristiques du si\u00e8ge<\/td>\n<td>Si\u00e8ge \u00e0 fermeture souple<\/td>\n<\/tr>\n<tr>\n<td>Service OEM et ODM<\/td>\n<td>Possibilit\u00e9 de personnaliser le logo, les couleurs, l'emballage, la forme du produit et les caract\u00e9ristiques.<\/td>\n<\/tr>\n<tr>\n<td>Type de drainage<\/td>\n<td>Siphon en P : 180 mm<\/td>\n<\/tr>\n<tr>\n<td>MOQ<\/td>\n<td>50 pi\u00e8ces, flexible pour une discussion ult\u00e9rieure<\/td>\n<\/tr>\n<\/tbody>\n<\/table>\n<p>&nbsp;<\/p>\n<p><script src=\"chrome-extension:\/\/fpelahbljekknahkcaegamhcndkfpfnc\/iFrame.js\" type=\"text\/javascript\"><\/script><\/p>","protected":false},"featured_media":1679,"comment_status":"closed","ping_status":"closed","template":"","meta":{"_acf_changed":false},"product_brand":[],"product_cat":[19],"product_tag":[],"class_list":{"0":"post-1678","1":"product","2":"type-product","3":"status-publish","4":"has-post-thumbnail","6":"product_cat-wholesale-wall-hung-toilets","8":"first","9":"instock","10":"shipping-taxable","11":"product-type-simple"},"acf":[],"_links":{"self":[{"href":"https:\/\/www.southvillabath.com\/fr\/wp-json\/wp\/v2\/product\/1678","targetHints":{"allow":["GET"]}}],"collection":[{"href":"https:\/\/www.southvillabath.com\/fr\/wp-json\/wp\/v2\/product"}],"about":[{"href":"https:\/\/www.southvillabath.com\/fr\/wp-json\/wp\/v2\/types\/product"}],"replies":[{"embeddable":true,"href":"https:\/\/www.southvillabath.com\/fr\/wp-json\/wp\/v2\/comments?post=1678"}],"wp:featuredmedia":[{"embeddable":true,"href":"https:\/\/www.southvillabath.com\/fr\/wp-json\/wp\/v2\/media\/1679"}],"wp:attachment":[{"href":"https:\/\/www.southvillabath.com\/fr\/wp-json\/wp\/v2\/media?parent=1678"}],"wp:term":[{"taxonomy":"product_brand","embeddable":true,"href":"https:\/\/www.southvillabath.com\/fr\/wp-json\/wp\/v2\/product_brand?post=1678"},{"taxonomy":"product_cat","embeddable":true,"href":"https:\/\/www.southvillabath.com\/fr\/wp-json\/wp\/v2\/product_cat?post=1678"},{"taxonomy":"product_tag","embeddable":true,"href":"https:\/\/www.southvillabath.com\/fr\/wp-json\/wp\/v2\/product_tag?post=1678"}],"curies":[{"name":"wp","href":"https:\/\/api.w.org\/{rel}","templated":true}]}}