{"id":1628,"date":"2026-04-28T07:05:20","date_gmt":"2026-04-28T07:05:20","guid":{"rendered":"https:\/\/www.southvillabath.com\/?post_type=product&#038;p=1628"},"modified":"2026-04-28T07:07:42","modified_gmt":"2026-04-28T07:07:42","slug":"bulk-matte-black-wall-hung-toilets","status":"publish","type":"product","link":"https:\/\/www.southvillabath.com\/fr\/product\/bulk-matte-black-wall-hung-toilets\/","title":{"rendered":"Wholesale Matte Black Wall-Hung Toilet SH-088MB - Disponible dans une vari\u00e9t\u00e9 d'options de couleurs personnalis\u00e9es"},"content":{"rendered":"<div class=\"wp-block-columns is-layout-flex wp-container-core-columns-is-layout-9d6595d7 wp-block-columns-is-layout-flex\">\n<div class=\"wp-block-column is-layout-flow wp-block-column-is-layout-flow\">\n<h3 class=\"wp-block-heading\">Toilettes suspendues Caract\u00e9ristiques<\/h3>\n\n\n\n<ul class=\"wp-block-list\">\n<li><strong>Flexibilit\u00e9 de la conception :<\/strong> Finition standard noir mat avec de multiples options de couleurs personnalis\u00e9es, permettant une adaptation flexible aux diff\u00e9rents styles de conception des projets et aux pr\u00e9f\u00e9rences du march\u00e9.<\/li>\n\n\n\n<li><strong>Conception murale permettant de gagner de la place : <\/strong>La structure murale permet d'\u00e9conomiser de l'espace au sol, ce qui donne aux salles de bains un aspect plus propre, plus moderne et plus facile \u00e0 entretenir.<\/li>\n\n\n\n<li><strong>Support de personnalisation OEM\/ODM : <\/strong>De solides capacit\u00e9s OEM\/ODM, y compris la personnalisation des couleurs, le marquage et les solutions d'emballage adapt\u00e9es aux acheteurs en gros et en masse.<\/li>\n<\/ul>\n<\/div>\n\n\n\n<div class=\"wp-block-column is-layout-flow wp-block-column-is-layout-flow\">\n<figure class=\"wp-block-image size-full\"><img decoding=\"async\" width=\"778\" height=\"503\" src=\"https:\/\/www.southvillabath.com\/wp-content\/uploads\/2026\/04\/Wholesale-Wall-Hung-Toilet-SH-088MB-1.webp\" alt=\"\" class=\"wp-image-1631\" srcset=\"https:\/\/www.southvillabath.com\/wp-content\/uploads\/2026\/04\/Wholesale-Wall-Hung-Toilet-SH-088MB-1.webp 778w, https:\/\/www.southvillabath.com\/wp-content\/uploads\/2026\/04\/Wholesale-Wall-Hung-Toilet-SH-088MB-1-300x194.webp 300w, https:\/\/www.southvillabath.com\/wp-content\/uploads\/2026\/04\/Wholesale-Wall-Hung-Toilet-SH-088MB-1-768x497.webp 768w, https:\/\/www.southvillabath.com\/wp-content\/uploads\/2026\/04\/Wholesale-Wall-Hung-Toilet-SH-088MB-1-18x12.webp 18w, https:\/\/www.southvillabath.com\/wp-content\/uploads\/2026\/04\/Wholesale-Wall-Hung-Toilet-SH-088MB-1-600x388.webp 600w\" sizes=\"(max-width: 778px) 100vw, 778px\" \/><\/figure>\n<\/div>\n<\/div>","protected":false},"excerpt":{"rendered":"<p data-pm-slice=\"0 0 []\">Toilettes suspendues de grande qualit\u00e9. Ce mod\u00e8le est livr\u00e9 en standard avec une finition noire mate et lisse, et supporte une vari\u00e9t\u00e9 de couleurs personnalis\u00e9es pour s'adapter aux diff\u00e9rents concepts d'am\u00e9nagement int\u00e9rieur.  Contactez-nous pour conna\u00eetre les prix pratiqu\u00e9s en usine.<\/p>\n<h2><strong><b>Toilettes suspendues <\/b><\/strong><strong><b>Sp\u00e9cifications<\/b><\/strong><\/h2>\n<table>\n<tbody>\n<tr>\n<td><strong><b>Sp\u00e9cifications<\/b><\/strong><\/td>\n<td><strong><b>D\u00e9tails<\/b><\/strong><\/td>\n<\/tr>\n<tr>\n<td>Mod\u00e8le<\/td>\n<td>SH-088MB<\/td>\n<\/tr>\n<tr>\n<td>Type de toilettes<\/td>\n<td>Toilettes suspendues<\/td>\n<\/tr>\n<tr>\n<td>Taille<\/td>\n<td>520mm x 360mm x 330mm<\/td>\n<\/tr>\n<tr>\n<td>Syst\u00e8me de rin\u00e7age<\/td>\n<td>Lavage \u00e0 l'eau sans rebord<\/td>\n<\/tr>\n<tr>\n<td>Caract\u00e9ristiques du si\u00e8ge<\/td>\n<td>Si\u00e8ge \u00e0 fermeture souple<\/td>\n<\/tr>\n<tr>\n<td>Service OEM et ODM<\/td>\n<td>Possibilit\u00e9 de personnaliser le logo, les couleurs, l'emballage, la forme du produit et les caract\u00e9ristiques.<\/td>\n<\/tr>\n<tr>\n<td>Type de drainage<\/td>\n<td>Siphon en P : 180 mm<\/td>\n<\/tr>\n<tr>\n<td>MOQ<\/td>\n<td>50 pi\u00e8ces, flexible pour une discussion ult\u00e9rieure<\/td>\n<\/tr>\n<\/tbody>\n<\/table>\n<p>&nbsp;<\/p>\n<p>\n<script src=\"chrome-extension:\/\/fpelahbljekknahkcaegamhcndkfpfnc\/iFrame.js\" type=\"text\/javascript\"><\/script><\/p>","protected":false},"featured_media":1622,"comment_status":"closed","ping_status":"closed","template":"","meta":{"_acf_changed":true},"product_brand":[],"product_cat":[19],"product_tag":[],"class_list":{"0":"post-1628","1":"product","2":"type-product","3":"status-publish","4":"has-post-thumbnail","6":"product_cat-wholesale-wall-hung-toilets","8":"first","9":"instock","10":"shipping-taxable","11":"product-type-simple"},"acf":[],"_links":{"self":[{"href":"https:\/\/www.southvillabath.com\/fr\/wp-json\/wp\/v2\/product\/1628","targetHints":{"allow":["GET"]}}],"collection":[{"href":"https:\/\/www.southvillabath.com\/fr\/wp-json\/wp\/v2\/product"}],"about":[{"href":"https:\/\/www.southvillabath.com\/fr\/wp-json\/wp\/v2\/types\/product"}],"replies":[{"embeddable":true,"href":"https:\/\/www.southvillabath.com\/fr\/wp-json\/wp\/v2\/comments?post=1628"}],"wp:featuredmedia":[{"embeddable":true,"href":"https:\/\/www.southvillabath.com\/fr\/wp-json\/wp\/v2\/media\/1622"}],"wp:attachment":[{"href":"https:\/\/www.southvillabath.com\/fr\/wp-json\/wp\/v2\/media?parent=1628"}],"wp:term":[{"taxonomy":"product_brand","embeddable":true,"href":"https:\/\/www.southvillabath.com\/fr\/wp-json\/wp\/v2\/product_brand?post=1628"},{"taxonomy":"product_cat","embeddable":true,"href":"https:\/\/www.southvillabath.com\/fr\/wp-json\/wp\/v2\/product_cat?post=1628"},{"taxonomy":"product_tag","embeddable":true,"href":"https:\/\/www.southvillabath.com\/fr\/wp-json\/wp\/v2\/product_tag?post=1628"}],"curies":[{"name":"wp","href":"https:\/\/api.w.org\/{rel}","templated":true}]}}