{"id":1565,"date":"2026-04-16T06:34:21","date_gmt":"2026-04-16T06:34:21","guid":{"rendered":"https:\/\/www.southvillabath.com\/?post_type=product&#038;p=1565"},"modified":"2026-04-16T07:05:52","modified_gmt":"2026-04-16T07:05:52","slug":"wholesale-2-piece-bathroom-set","status":"publish","type":"product","link":"https:\/\/www.southvillabath.com\/fr\/product\/wholesale-2-piece-bathroom-set\/","title":{"rendered":"Wholesale Bathroom Set \u2013 Toilets and Basin SH-271\/SH-P117 Hot-selling Sanitary Ware"},"content":{"rendered":"<div class=\"wp-block-columns is-layout-flex wp-container-core-columns-is-layout-9d6595d7 wp-block-columns-is-layout-flex\">\n<div class=\"wp-block-column is-layout-flow wp-block-column-is-layout-flow\">\n<h3 class=\"wp-block-heading\">Caract\u00e9ristiques de l'ensemble de salle de bains<\/h3>\n\n\n\n<ul class=\"wp-block-list\">\n<li><strong>Syst\u00e8me de rin\u00e7age efficace et puissant : <\/strong>Les toilettes sont \u00e9quip\u00e9es d'une structure de chasse d'eau optimis\u00e9e qui assure une \u00e9vacuation puissante et fiable des d\u00e9chets tout en maintenant une faible consommation d'eau, ce qui permet d'\u00e9quilibrer les performances et l'utilisation rationnelle de l'eau.<\/li>\n\n\n\n<li><strong>Une qualit\u00e9 fiable pour les grands projets : <\/strong>Chaque produit est soumis \u00e0 des contr\u00f4les de qualit\u00e9 rigoureux afin de garantir des performances stables et une qualit\u00e9 constante. Cet ensemble est donc id\u00e9al pour les h\u00f4tels, les appartements, les projets immobiliers et les achats \u00e0 grande \u00e9chelle.<\/li>\n\n\n\n<li><strong>Contr\u00f4le strict de la qualit\u00e9 :<\/strong> Avant d'\u00eatre exp\u00e9di\u00e9es, toutes les toilettes sont soumises \u00e0 de multiples inspections, notamment l'inspection de l'\u00e9mail, l'essai de chasse d'eau, l'essai de fuite d'eau et des contr\u00f4les de qualit\u00e9 structurels.<\/li>\n<\/ul>\n<\/div>\n\n\n\n<div class=\"wp-block-column is-layout-flow wp-block-column-is-layout-flow\">\n<figure class=\"wp-block-image size-full\"><img decoding=\"async\" width=\"704\" height=\"770\" src=\"https:\/\/www.southvillabath.com\/wp-content\/uploads\/2026\/04\/Wholesale-Bathroom-Set-SH-271-1.png\" alt=\"\" class=\"wp-image-1567\" srcset=\"https:\/\/www.southvillabath.com\/wp-content\/uploads\/2026\/04\/Wholesale-Bathroom-Set-SH-271-1.png 704w, https:\/\/www.southvillabath.com\/wp-content\/uploads\/2026\/04\/Wholesale-Bathroom-Set-SH-271-1-274x300.png 274w, https:\/\/www.southvillabath.com\/wp-content\/uploads\/2026\/04\/Wholesale-Bathroom-Set-SH-271-1-11x12.png 11w, https:\/\/www.southvillabath.com\/wp-content\/uploads\/2026\/04\/Wholesale-Bathroom-Set-SH-271-1-600x656.png 600w\" sizes=\"(max-width: 704px) 100vw, 704px\" \/><\/figure>\n<\/div>\n<\/div>","protected":false},"excerpt":{"rendered":"<p>This wholesale bathroom set includes a matching toilet and basin. All products are made of high-quality ceramic with a smooth surface, offering superior durability, stain resistance, and a long-lasting white finish.<\/p>\n<p>As a manufacturer, we offer a variety of styles and sizes of toilets and basins\u00a0to choose from, allowing for flexible combinations to suit different bathroom layouts.<\/p>\n<h2><strong><b>Ensemble de salle de bains <\/b><\/strong><strong><b>Sp\u00e9cifications<\/b><\/strong><\/h2>\n<table>\n<tbody>\n<tr>\n<td><strong><b>Sp\u00e9cifications<\/b><\/strong><\/td>\n<td><strong><b>D\u00e9tails<\/b><\/strong><\/td>\n<\/tr>\n<tr>\n<td>Mod\u00e8le<\/td>\n<td>Toilet: SH-271\u00a0 \u00a0Basin:SH-P117\u00a0<\/td>\n<\/tr>\n<tr>\n<td>Type de toilettes<\/td>\n<td>Ensemble de salle de bains<\/td>\n<\/tr>\n<tr>\n<td>Volume de rin\u00e7age<\/td>\n<td>3.0-4.5L<\/td>\n<\/tr>\n<tr>\n<td>Syst\u00e8me de rin\u00e7age<\/td>\n<td>Lavage \u00e0 l'eau sans rebord<\/td>\n<\/tr>\n<tr>\n<td>Caract\u00e9ristiques du si\u00e8ge<\/td>\n<td>Si\u00e8ge \u00e0 fermeture souple<\/td>\n<\/tr>\n<tr>\n<td>Service OEM et ODM<\/td>\n<td>Possibilit\u00e9 de personnaliser le logo, les couleurs, l'emballage, la forme du produit et les caract\u00e9ristiques.<\/td>\n<\/tr>\n<tr>\n<td>Type de drainage<\/td>\n<td>Siphon P : 180 mm \/ Siphon S : 250 mm<\/td>\n<\/tr>\n<tr>\n<td>MOQ<\/td>\n<td>50 pi\u00e8ces, flexible pour une discussion ult\u00e9rieure<\/td>\n<\/tr>\n<\/tbody>\n<\/table>\n<p>&nbsp;<\/p>\n<p><script src=\"chrome-extension:\/\/fpelahbljekknahkcaegamhcndkfpfnc\/iFrame.js\" type=\"text\/javascript\"><\/script><\/p>\n<p><script src=\"chrome-extension:\/\/fpelahbljekknahkcaegamhcndkfpfnc\/iFrame.js\" type=\"text\/javascript\"><\/script><\/p>","protected":false},"featured_media":1566,"comment_status":"closed","ping_status":"closed","template":"","meta":{"_acf_changed":true},"product_brand":[],"product_cat":[22],"product_tag":[],"class_list":{"0":"post-1565","1":"product","2":"type-product","3":"status-publish","4":"has-post-thumbnail","6":"product_cat-wholesale-bathroom-sets","8":"first","9":"instock","10":"shipping-taxable","11":"product-type-simple"},"acf":[],"_links":{"self":[{"href":"https:\/\/www.southvillabath.com\/fr\/wp-json\/wp\/v2\/product\/1565","targetHints":{"allow":["GET"]}}],"collection":[{"href":"https:\/\/www.southvillabath.com\/fr\/wp-json\/wp\/v2\/product"}],"about":[{"href":"https:\/\/www.southvillabath.com\/fr\/wp-json\/wp\/v2\/types\/product"}],"replies":[{"embeddable":true,"href":"https:\/\/www.southvillabath.com\/fr\/wp-json\/wp\/v2\/comments?post=1565"}],"wp:featuredmedia":[{"embeddable":true,"href":"https:\/\/www.southvillabath.com\/fr\/wp-json\/wp\/v2\/media\/1566"}],"wp:attachment":[{"href":"https:\/\/www.southvillabath.com\/fr\/wp-json\/wp\/v2\/media?parent=1565"}],"wp:term":[{"taxonomy":"product_brand","embeddable":true,"href":"https:\/\/www.southvillabath.com\/fr\/wp-json\/wp\/v2\/product_brand?post=1565"},{"taxonomy":"product_cat","embeddable":true,"href":"https:\/\/www.southvillabath.com\/fr\/wp-json\/wp\/v2\/product_cat?post=1565"},{"taxonomy":"product_tag","embeddable":true,"href":"https:\/\/www.southvillabath.com\/fr\/wp-json\/wp\/v2\/product_tag?post=1565"}],"curies":[{"name":"wp","href":"https:\/\/api.w.org\/{rel}","templated":true}]}}