{"id":1335,"date":"2026-04-13T09:45:41","date_gmt":"2026-04-13T09:45:41","guid":{"rendered":"https:\/\/www.southvillabath.com\/?post_type=product&#038;p=1335"},"modified":"2026-04-14T01:13:00","modified_gmt":"2026-04-14T01:13:00","slug":"wall-hung-toilet-wholesale-supplier","status":"publish","type":"product","link":"https:\/\/www.southvillabath.com\/fr\/product\/wall-hung-toilet-wholesale-supplier\/","title":{"rendered":"Wholesale Wall-Hung Toilet in Bulk SH-038 \u2013 Professional Wall-Hung Toilet Supplier"},"content":{"rendered":"<div class=\"wp-block-columns is-layout-flex wp-container-core-columns-is-layout-9d6595d7 wp-block-columns-is-layout-flex\">\n<div class=\"wp-block-column is-layout-flow wp-block-column-is-layout-flow\">\n<h3 class=\"wp-block-heading\">Toilettes suspendues Caract\u00e9ristiques<\/h3>\n\n\n\n<ul class=\"wp-block-list\">\n<li><strong>Gain de place et design contemporain : <\/strong>Les toilettes \u00e9tant suspendues, elles sont dot\u00e9es d'un syst\u00e8me de r\u00e9servoir dissimul\u00e9 (int\u00e9gr\u00e9 dans le mur). Cela cr\u00e9e un effet de flottement qui donne aux petites salles de bains l'impression d'\u00eatre beaucoup plus grandes et plus ouvertes.<\/li>\n\n\n\n<li><strong>Hygi\u00e8ne renforc\u00e9e et entretien facile : <\/strong>L'installation sur\u00e9lev\u00e9e permet un acc\u00e8s complet au sol sous les toilettes, ce qui simplifie le nettoyage quotidien et \u00e9limine les zones de poussi\u00e8re cach\u00e9es.<\/li>\n\n\n\n<li><strong>Chasse d'eau \u00e0 haut rendement Rimess :<\/strong> \u00c9quip\u00e9 d'un syst\u00e8me avanc\u00e9 de lavage sans rebord, il \u00e9limine efficacement les d\u00e9chets avec un risque de colmatage r\u00e9duit, tout en maintenant un cycle de rin\u00e7age plus court et plus silencieux.<\/li>\n\n\n\n<li><strong>Ing\u00e9nierie fiable et normalis\u00e9e :<\/strong>Le produit est certifi\u00e9 CE, ce qui garantit la conformit\u00e9 avec les normes europ\u00e9ennes de s\u00e9curit\u00e9 et de qualit\u00e9. Sa configuration de purgeur en P de 180 mm est largement compatible avec les principaux syst\u00e8mes de support encastr\u00e9s, ce qui facilite l'int\u00e9gration et l'installation.<\/li>\n\n\n\n<li><strong>Capacit\u00e9s de personnalisation OEM et ODM : <\/strong>Nous proposons des services OEM et ODM complets, permettant de personnaliser les designs, les logos, les emballages, les dimensions, les syst\u00e8mes de rin\u00e7age et les finitions des vitrages.<\/li>\n<\/ul>\n<\/div>\n\n\n\n<div class=\"wp-block-column is-layout-flow wp-block-column-is-layout-flow\">\n<figure class=\"wp-block-image size-full\"><img decoding=\"async\" width=\"728\" height=\"924\" src=\"https:\/\/www.southvillabath.com\/wp-content\/uploads\/2026\/04\/Wholesale-Wall-hung-Toilet-SH-0381.jpg\" alt=\"\" class=\"wp-image-1324\" srcset=\"https:\/\/www.southvillabath.com\/wp-content\/uploads\/2026\/04\/Wholesale-Wall-hung-Toilet-SH-0381.jpg 728w, https:\/\/www.southvillabath.com\/wp-content\/uploads\/2026\/04\/Wholesale-Wall-hung-Toilet-SH-0381-236x300.jpg 236w, https:\/\/www.southvillabath.com\/wp-content\/uploads\/2026\/04\/Wholesale-Wall-hung-Toilet-SH-0381-9x12.jpg 9w, https:\/\/www.southvillabath.com\/wp-content\/uploads\/2026\/04\/Wholesale-Wall-hung-Toilet-SH-0381-600x762.jpg 600w\" sizes=\"(max-width: 728px) 100vw, 728px\" \/><\/figure>\n<\/div>\n<\/div>","protected":false},"excerpt":{"rendered":"<p data-pm-slice=\"0 0 []\">The <strong data-start=\"339\" data-end=\"366\">SH-038 wall-hung toilet<\/strong> is engineered for modern bathrooms that demand both performance and space efficiency. Designed with a high-efficiency tornado flushing system, this model delivers powerful water flow for thorough cleaning while maintaining a sleek and minimal appearance. It is an excellent solution for wholesalers, distributors, and importers looking to supply high-demand sanitary ware products.<\/p>\n<h2><strong><b>Toilettes suspendues <\/b><\/strong><strong><b>Sp\u00e9cifications<\/b><\/strong><\/h2>\n<table>\n<tbody>\n<tr>\n<td><strong><b>Sp\u00e9cifications<\/b><\/strong><\/td>\n<td><strong><b>D\u00e9tails<\/b><\/strong><\/td>\n<\/tr>\n<tr>\n<td>Mod\u00e8le<\/td>\n<td>SH-038<\/td>\n<\/tr>\n<tr>\n<td>Type de toilettes<\/td>\n<td>Toilettes suspendues<\/td>\n<\/tr>\n<tr>\n<td>Taille<\/td>\n<td>535mm x 360mm x 360mm<\/td>\n<\/tr>\n<tr>\n<td>Syst\u00e8me de rin\u00e7age<\/td>\n<td>Tornade de lavage<\/td>\n<\/tr>\n<tr>\n<td>Caract\u00e9ristiques du si\u00e8ge<\/td>\n<td>Si\u00e8ge \u00e0 fermeture souple<\/td>\n<\/tr>\n<tr>\n<td>Service OEM et ODM<\/td>\n<td>Possibilit\u00e9 de personnaliser le logo, les couleurs, l'emballage, la forme du produit et les caract\u00e9ristiques.<\/td>\n<\/tr>\n<tr>\n<td>Type de drainage<\/td>\n<td>Siphon en P : 180 mm<\/td>\n<\/tr>\n<tr>\n<td>MOQ<\/td>\n<td>50 pi\u00e8ces, flexible pour une discussion ult\u00e9rieure<\/td>\n<\/tr>\n<\/tbody>\n<\/table>\n<p>&nbsp;<\/p>\n<p>&nbsp;<\/p>\n<p>&nbsp;<\/p>\n<p>&nbsp;<\/p>\n<p>&nbsp;<\/p>\n<p>\n<script src=\"chrome-extension:\/\/fpelahbljekknahkcaegamhcndkfpfnc\/iFrame.js\" type=\"text\/javascript\"><\/script><\/p>","protected":false},"featured_media":1323,"comment_status":"closed","ping_status":"closed","template":"","meta":{"_acf_changed":false},"product_brand":[],"product_cat":[19],"product_tag":[],"class_list":{"0":"post-1335","1":"product","2":"type-product","3":"status-publish","4":"has-post-thumbnail","6":"product_cat-wholesale-wall-hung-toilets","8":"first","9":"instock","10":"shipping-taxable","11":"product-type-simple"},"acf":[],"_links":{"self":[{"href":"https:\/\/www.southvillabath.com\/fr\/wp-json\/wp\/v2\/product\/1335","targetHints":{"allow":["GET"]}}],"collection":[{"href":"https:\/\/www.southvillabath.com\/fr\/wp-json\/wp\/v2\/product"}],"about":[{"href":"https:\/\/www.southvillabath.com\/fr\/wp-json\/wp\/v2\/types\/product"}],"replies":[{"embeddable":true,"href":"https:\/\/www.southvillabath.com\/fr\/wp-json\/wp\/v2\/comments?post=1335"}],"wp:featuredmedia":[{"embeddable":true,"href":"https:\/\/www.southvillabath.com\/fr\/wp-json\/wp\/v2\/media\/1323"}],"wp:attachment":[{"href":"https:\/\/www.southvillabath.com\/fr\/wp-json\/wp\/v2\/media?parent=1335"}],"wp:term":[{"taxonomy":"product_brand","embeddable":true,"href":"https:\/\/www.southvillabath.com\/fr\/wp-json\/wp\/v2\/product_brand?post=1335"},{"taxonomy":"product_cat","embeddable":true,"href":"https:\/\/www.southvillabath.com\/fr\/wp-json\/wp\/v2\/product_cat?post=1335"},{"taxonomy":"product_tag","embeddable":true,"href":"https:\/\/www.southvillabath.com\/fr\/wp-json\/wp\/v2\/product_tag?post=1335"}],"curies":[{"name":"wp","href":"https:\/\/api.w.org\/{rel}","templated":true}]}}